{"id":1515,"date":"2025-05-05T08:55:26","date_gmt":"2025-05-05T06:55:26","guid":{"rendered":"http:\/\/localhost\/sabatiesarl\/?post_type=product&#038;p=1515"},"modified":"2025-06-11T01:31:22","modified_gmt":"2025-06-10T23:31:22","slug":"0962-turbo-mop-pro-double-centrifugeuse","status":"publish","type":"product","link":"https:\/\/sabatie-produits-entretien.fr\/fr\/produit\/0962-turbo-mop-pro-double-centrifugeuse\/","title":{"rendered":"0962 Turbo Mop Pro double centrifugeuse"},"content":{"rendered":"<h2>Turbo Mop Pro double centrifugeuse<\/h2>\n<p>&nbsp;<\/p>\n<p>Turbo Mop Pro Nouvelle G\u00e9n\u00e9ration va vous changer la vie ! D\u00e9couvrez le balai serpilli\u00e8re qui essore sans effort.<\/p>\n<p><em>Turbo Mop Pro est \u00e9quip\u00e9e d\u2019une double centrifugeuse :<\/em><\/p>\n<p><em> Une pour essorer\u00a0 +\u00a0 Une pour rincer. \u00a0 Fournie avec un balai \u00e0 franges en microfibres rotatif \u00e0 360\u00b0.<\/em><\/p>\n<p>L\u2019innovation du produit Turbo Mop Pro r\u00e9side dans sa double centrifugeuse incorpor\u00e9e au seau qui rince et essore sans effort votre balai \u00e0 franges. Avec une simple pression du pied, vous lancez la centrifugeuse \u00e0 2600 tours minute. Il ne vous reste plus qu\u2019\u00e0 contempler le travail\u00a0 :\u00a0 plus besoin de se baisser ou de se salir les mains pour essorer le balai serpilli\u00e8re.<\/p>\n<p>Le poids tr\u00e8s l\u00e9ger du balai serpilli\u00e8re Turbo Mop Pro et son manche rotatif \u00e0 360\u00b0 lui donne une grande maniabilit\u00e9 et une grande efficacit\u00e9 pour traquer la crasse dans les recoins les plus sombres et les plus inaccessibles. Alors que les balais classiques passent et \u00e9parpillent la salet\u00e9, la t\u00eate du balai avec des franges en microfibres extr\u00eamement absorbantes ne lui laisse aucune chance et la retient.<\/p>\n<p>Ce balai serpilli\u00e8re Turbo Mop Pro convient tr\u00e8s bien \u00e0 tous vos sols en carrelages, bois dur, et marbre mais \u00e9galement \u00e0 vos vitres, vos meubles, etc&#8230;<\/p>\n<p><em>&#8211; Le Turbo Mop Pro contient un seau avec un syst\u00e8me rotatif de double centrifugeuse, un manche ainsi que deux t\u00eates de balai.<\/p>\n<p>&#8211; La t\u00eate du balai \u00e0 franges se change tr\u00e8s simplement gr\u00e2ce \u00e0 un syst\u00e8me de clips et vous \u00e9vite de la saisir avec vos mains.<\/p>\n<p>&#8211; Vous pouvez humidifier le balai serpilli\u00e8re pour nettoyer les t\u00e2ches ou l\u2019utiliser sec pour nettoyer la poussi\u00e8re. <\/em><\/p>\n<p>&nbsp;<\/p>\n<p>Le Turbo Mop Pro\u00a0 comprend\u00a0 :<\/p>\n<ul>\n<li>Seau a p\u00e9dale avec double centrifugeuse, une pour essorer et une pour rincer.<\/li>\n<li>Manche a balai en aluminium Longueur 140 cm.<\/li>\n<li>deux disques \u00e0 frange\u00a0 en microfibres \u00f8 36 cm (d\u00e9pli\u00e9e).<\/li>\n<li>Un seau compact\u00a0de 5,4 Litres.<\/li>\n<\/ul>\n<p>&nbsp;<\/p>\n<ul>\n<li><a href=\"http:\/\/sabatie-produits-entretien.fr\/fr\/wp-content\/uploads\/2017\/06\/FT_0962-TURBO_MOP_PRO.pdf\" target=\"_blank\" rel=\"noopener noreferrer\">FICHE TECHNIQUE<\/a><\/li>\n<\/ul>\n","protected":false},"excerpt":{"rendered":"<p>Turbo Mop Pro double centrifugeuse &nbsp; Turbo Mop Pro Nouvelle G\u00e9n\u00e9ration va vous changer la vie ! D\u00e9couvrez le balai [&hellip;]<\/p>\n","protected":false},"featured_media":1538,"comment_status":"closed","ping_status":"closed","template":"","meta":{"_acf_changed":false,"site-sidebar-layout":"default","site-content-layout":"","ast-site-content-layout":"default","site-content-style":"default","site-sidebar-style":"default","ast-global-header-display":"","ast-banner-title-visibility":"","ast-main-header-display":"","ast-hfb-above-header-display":"","ast-hfb-below-header-display":"","ast-hfb-mobile-header-display":"","site-post-title":"","ast-breadcrumbs-content":"","ast-featured-img":"","footer-sml-layout":"","ast-disable-related-posts":"","theme-transparent-header-meta":"","adv-header-id-meta":"","stick-header-meta":"","header-above-stick-meta":"","header-main-stick-meta":"","header-below-stick-meta":"","astra-migrate-meta-layouts":"default","ast-page-background-enabled":"default","ast-page-background-meta":{"desktop":{"background-color":"var(--ast-global-color-5)","background-image":"","background-repeat":"repeat","background-position":"center center","background-size":"auto","background-attachment":"scroll","background-type":"","background-media":"","overlay-type":"","overlay-color":"","overlay-opacity":"","overlay-gradient":""},"tablet":{"background-color":"","background-image":"","background-repeat":"repeat","background-position":"center center","background-size":"auto","background-attachment":"scroll","background-type":"","background-media":"","overlay-type":"","overlay-color":"","overlay-opacity":"","overlay-gradient":""},"mobile":{"background-color":"","background-image":"","background-repeat":"repeat","background-position":"center center","background-size":"auto","background-attachment":"scroll","background-type":"","background-media":"","overlay-type":"","overlay-color":"","overlay-opacity":"","overlay-gradient":""}},"ast-content-background-meta":{"desktop":{"background-color":"var(--ast-global-color-4)","background-image":"","background-repeat":"repeat","background-position":"center center","background-size":"auto","background-attachment":"scroll","background-type":"","background-media":"","overlay-type":"","overlay-color":"","overlay-opacity":"","overlay-gradient":""},"tablet":{"background-color":"var(--ast-global-color-4)","background-image":"","background-repeat":"repeat","background-position":"center center","background-size":"auto","background-attachment":"scroll","background-type":"","background-media":"","overlay-type":"","overlay-color":"","overlay-opacity":"","overlay-gradient":""},"mobile":{"background-color":"var(--ast-global-color-4)","background-image":"","background-repeat":"repeat","background-position":"center center","background-size":"auto","background-attachment":"scroll","background-type":"","background-media":"","overlay-type":"","overlay-color":"","overlay-opacity":"","overlay-gradient":""}}},"product_brand":[],"product_cat":[16,658],"product_tag":[447],"class_list":{"0":"post-1515","1":"product","2":"type-product","3":"status-publish","4":"has-post-thumbnail","6":"product_cat-tout","7":"product_cat-chariot-et-seau","8":"product_tag-turbo-mop-pro","9":"desktop-align-left","10":"tablet-align-left","11":"mobile-align-left","13":"first","14":"instock","15":"virtual","16":"product-type-simple"},"acf":[],"_links":{"self":[{"href":"https:\/\/sabatie-produits-entretien.fr\/fr\/wp-json\/wp\/v2\/product\/1515","targetHints":{"allow":["GET"]}}],"collection":[{"href":"https:\/\/sabatie-produits-entretien.fr\/fr\/wp-json\/wp\/v2\/product"}],"about":[{"href":"https:\/\/sabatie-produits-entretien.fr\/fr\/wp-json\/wp\/v2\/types\/product"}],"replies":[{"embeddable":true,"href":"https:\/\/sabatie-produits-entretien.fr\/fr\/wp-json\/wp\/v2\/comments?post=1515"}],"wp:featuredmedia":[{"embeddable":true,"href":"https:\/\/sabatie-produits-entretien.fr\/fr\/wp-json\/wp\/v2\/media\/1538"}],"wp:attachment":[{"href":"https:\/\/sabatie-produits-entretien.fr\/fr\/wp-json\/wp\/v2\/media?parent=1515"}],"wp:term":[{"taxonomy":"product_brand","embeddable":true,"href":"https:\/\/sabatie-produits-entretien.fr\/fr\/wp-json\/wp\/v2\/product_brand?post=1515"},{"taxonomy":"product_cat","embeddable":true,"href":"https:\/\/sabatie-produits-entretien.fr\/fr\/wp-json\/wp\/v2\/product_cat?post=1515"},{"taxonomy":"product_tag","embeddable":true,"href":"https:\/\/sabatie-produits-entretien.fr\/fr\/wp-json\/wp\/v2\/product_tag?post=1515"}],"curies":[{"name":"wp","href":"https:\/\/api.w.org\/{rel}","templated":true}]}}