{"id":1516,"date":"2025-05-05T08:55:26","date_gmt":"2025-05-05T06:55:26","guid":{"rendered":"http:\/\/localhost\/sabatiesarl\/?post_type=product&#038;p=1516"},"modified":"2025-06-11T10:48:17","modified_gmt":"2025-06-11T08:48:17","slug":"3515-bobine-non-tissee-blanche-1-pli-colis-de-2","status":"publish","type":"product","link":"https:\/\/sabatie-produits-entretien.fr\/fr\/produit\/3515-bobine-non-tissee-blanche-1-pli-colis-de-2\/","title":{"rendered":"3515 BOBINE NON TISS\u00c9E BLANCHE 1 PLI colis de 2"},"content":{"rendered":"<h3>BOBINE NON TISS\u00c9E BLANCHE\u00a0 Goma-Camps\u00a0 1 PLI 23x35x371F<\/h3>\n<h3>colis de 2 bobines<\/h3>\n<p>DIMENSIONS DE LA BOBINE<\/p>\n<ul>\n<li>longueur\u00a0 :\u00a0 130 m<\/li>\n<li>diam\u00e8tre\u00a0 :\u00a0 30 cm<\/li>\n<li>diam\u00e8tre du mandrin : 7,6 cm<\/li>\n<li>\u00e9paisseur : 1 pli<\/li>\n<\/ul>\n<p>DIMENSIONS DE LA FEUILLE<\/p>\n<ul>\n<li>longueur\u00a0 :\u00a0 35 cm<\/li>\n<li>largeur\u00a0 :\u00a0 23 cm<\/li>\n<\/ul>\n<p>NOMBRE DE FEUILLES\u00a0 :\u00a0 371<\/p>\n<p>COULEUR\u00a0 :\u00a0 Blanche<\/p>\n<p>MATI\u00c8RE\u00a0 :\u00a0 non tiss\u00e9<\/p>\n<p>CONDITIONNEMENT<\/p>\n<ul>\n<li>colis de 2 bobines<\/li>\n<\/ul>\n<p>&nbsp;<\/p>\n<ul>\n<li><a href=\"http:\/\/sabatie-produits-entretien.fr\/fr\/wp-content\/uploads\/2017\/04\/J284000.pdf\" target=\"_blank\">FICHE TECHNIQUE<\/a><\/li>\n<\/ul>\n<p>&nbsp;<\/p>\n<ul>\n<li>\n<h4><em><strong>Nous vous proposons \u00e9galement les Distributeurs adapt\u00e9s (R\u00e9f\u00e9rences : 10501 et 10502)<\/strong><\/em><\/h4>\n<\/li>\n<\/ul>\n","protected":false},"excerpt":{"rendered":"<h3>BOBINE NON TISS\u00c9E BLANCHE 1 PLI 23x35x371F colis de 2<\/h3>\n","protected":false},"featured_media":1539,"comment_status":"closed","ping_status":"closed","template":"","meta":{"_acf_changed":false,"site-sidebar-layout":"default","site-content-layout":"","ast-site-content-layout":"default","site-content-style":"default","site-sidebar-style":"default","ast-global-header-display":"","ast-banner-title-visibility":"","ast-main-header-display":"","ast-hfb-above-header-display":"","ast-hfb-below-header-display":"","ast-hfb-mobile-header-display":"","site-post-title":"","ast-breadcrumbs-content":"","ast-featured-img":"","footer-sml-layout":"","ast-disable-related-posts":"","theme-transparent-header-meta":"","adv-header-id-meta":"","stick-header-meta":"","header-above-stick-meta":"","header-main-stick-meta":"","header-below-stick-meta":"","astra-migrate-meta-layouts":"default","ast-page-background-enabled":"default","ast-page-background-meta":{"desktop":{"background-color":"var(--ast-global-color-5)","background-image":"","background-repeat":"repeat","background-position":"center center","background-size":"auto","background-attachment":"scroll","background-type":"","background-media":"","overlay-type":"","overlay-color":"","overlay-opacity":"","overlay-gradient":""},"tablet":{"background-color":"","background-image":"","background-repeat":"repeat","background-position":"center center","background-size":"auto","background-attachment":"scroll","background-type":"","background-media":"","overlay-type":"","overlay-color":"","overlay-opacity":"","overlay-gradient":""},"mobile":{"background-color":"","background-image":"","background-repeat":"repeat","background-position":"center center","background-size":"auto","background-attachment":"scroll","background-type":"","background-media":"","overlay-type":"","overlay-color":"","overlay-opacity":"","overlay-gradient":""}},"ast-content-background-meta":{"desktop":{"background-color":"var(--ast-global-color-4)","background-image":"","background-repeat":"repeat","background-position":"center center","background-size":"auto","background-attachment":"scroll","background-type":"","background-media":"","overlay-type":"","overlay-color":"","overlay-opacity":"","overlay-gradient":""},"tablet":{"background-color":"var(--ast-global-color-4)","background-image":"","background-repeat":"repeat","background-position":"center center","background-size":"auto","background-attachment":"scroll","background-type":"","background-media":"","overlay-type":"","overlay-color":"","overlay-opacity":"","overlay-gradient":""},"mobile":{"background-color":"var(--ast-global-color-4)","background-image":"","background-repeat":"repeat","background-position":"center center","background-size":"auto","background-attachment":"scroll","background-type":"","background-media":"","overlay-type":"","overlay-color":"","overlay-opacity":"","overlay-gradient":""}}},"product_brand":[],"product_cat":[16,611],"product_tag":[271,272,280,273,274],"class_list":{"0":"post-1516","1":"product","2":"type-product","3":"status-publish","4":"has-post-thumbnail","6":"product_cat-tout","7":"product_cat-bobine-essuyage-distributeur","8":"product_tag-bobine","9":"product_tag-essuyage","10":"product_tag-goma-camps","11":"product_tag-main","12":"product_tag-papier-essuie-main","13":"desktop-align-left","14":"tablet-align-left","15":"mobile-align-left","17":"first","18":"instock","19":"virtual","20":"product-type-simple"},"acf":[],"_links":{"self":[{"href":"https:\/\/sabatie-produits-entretien.fr\/fr\/wp-json\/wp\/v2\/product\/1516","targetHints":{"allow":["GET"]}}],"collection":[{"href":"https:\/\/sabatie-produits-entretien.fr\/fr\/wp-json\/wp\/v2\/product"}],"about":[{"href":"https:\/\/sabatie-produits-entretien.fr\/fr\/wp-json\/wp\/v2\/types\/product"}],"replies":[{"embeddable":true,"href":"https:\/\/sabatie-produits-entretien.fr\/fr\/wp-json\/wp\/v2\/comments?post=1516"}],"wp:featuredmedia":[{"embeddable":true,"href":"https:\/\/sabatie-produits-entretien.fr\/fr\/wp-json\/wp\/v2\/media\/1539"}],"wp:attachment":[{"href":"https:\/\/sabatie-produits-entretien.fr\/fr\/wp-json\/wp\/v2\/media?parent=1516"}],"wp:term":[{"taxonomy":"product_brand","embeddable":true,"href":"https:\/\/sabatie-produits-entretien.fr\/fr\/wp-json\/wp\/v2\/product_brand?post=1516"},{"taxonomy":"product_cat","embeddable":true,"href":"https:\/\/sabatie-produits-entretien.fr\/fr\/wp-json\/wp\/v2\/product_cat?post=1516"},{"taxonomy":"product_tag","embeddable":true,"href":"https:\/\/sabatie-produits-entretien.fr\/fr\/wp-json\/wp\/v2\/product_tag?post=1516"}],"curies":[{"name":"wp","href":"https:\/\/api.w.org\/{rel}","templated":true}]}}