{"id":1517,"date":"2025-05-05T08:55:26","date_gmt":"2025-05-05T06:55:26","guid":{"rendered":"http:\/\/localhost\/sabatiesarl\/?post_type=product&#038;p=1517"},"modified":"2025-06-11T02:02:59","modified_gmt":"2025-06-11T00:02:59","slug":"35157-essuie-mains-en-feuilles-pliees-blancs-en-v-ecolabel-carton-de-20-paquets","status":"publish","type":"product","link":"https:\/\/sabatie-produits-entretien.fr\/fr\/produit\/35157-essuie-mains-en-feuilles-pliees-blancs-en-v-ecolabel-carton-de-20-paquets\/","title":{"rendered":"35157 ESSUIE MAINS en feuilles pli\u00e9es blancs en V \u00c9COLABEL carton de 20 paquets"},"content":{"rendered":"<h3>ESSUIE MAINS en feuilles pli\u00e9es en V ouate blanche recycl\u00e9es 2 plis\u00a0 Goma-Camps\u00a0 \u00c9COLABEL<\/h3>\n<p>&nbsp;<\/p>\n<p>DIMENSIONS DE L&rsquo;ESSUIE MAINS<\/p>\n<ul>\n<li>longueur\u00a0 :\u00a0 20 m<\/li>\n<li>largeur\u00a0 :\u00a0 23 cm<\/li>\n<\/ul>\n<p>\u00c9PAISSEUR : 2 plis<\/p>\n<p>NOMBRE DE FEUILLES\u00a0 :\u00a0 196<\/p>\n<p>COULEUR\u00a0 :\u00a0 Blanc<\/p>\n<p>MATI\u00c8RE\u00a0 :\u00a0 Ouate recycl\u00e9e<\/p>\n<p>CONDITIONNEMENT<\/p>\n<ul>\n<li>carton de 20 paquets<\/li>\n<\/ul>\n<p>&nbsp;<\/p>\n<ul>\n<li><a href=\"http:\/\/sabatie-produits-entretien.fr\/fr\/wp-content\/uploads\/2017\/04\/35157-essuie-mns-pli\u00e9-v.pdf\" target=\"_blank\">FICHE TECHNIQUE<\/a><\/li>\n<\/ul>\n<p>&nbsp;<\/p>\n<ul>\n<li>\n<h4><em><strong>Nous vous proposons \u00e9galement le Distributeur adapt\u00e9 (R\u00e9f\u00e9rence : 4062)<\/strong><\/em><\/h4>\n<\/li>\n<\/ul>\n","protected":false},"excerpt":{"rendered":"<h3>ESSUIE MAINS en feuilles pli\u00e9es en V ouate blanche recycl\u00e9es 2 plis \u00c9COLABEL<\/h3>\n<h3>carton de 20 paquets de 196 feuilles<\/h3>\n<p><img decoding=\"async\" class=\"alignnone size-thumbnail wp-image-941\" src=\"http:\/\/sabatie-produits-entretien.fr\/fr\/wp-content\/uploads\/2017\/03\/Logo-ecolabel-SABATIE-200x200.png\" alt=\"\" width=\"200\" height=\"200\" \/><\/p>\n","protected":false},"featured_media":1540,"comment_status":"closed","ping_status":"closed","template":"","meta":{"_acf_changed":false,"site-sidebar-layout":"default","site-content-layout":"","ast-site-content-layout":"default","site-content-style":"default","site-sidebar-style":"default","ast-global-header-display":"","ast-banner-title-visibility":"","ast-main-header-display":"","ast-hfb-above-header-display":"","ast-hfb-below-header-display":"","ast-hfb-mobile-header-display":"","site-post-title":"","ast-breadcrumbs-content":"","ast-featured-img":"","footer-sml-layout":"","ast-disable-related-posts":"","theme-transparent-header-meta":"","adv-header-id-meta":"","stick-header-meta":"","header-above-stick-meta":"","header-main-stick-meta":"","header-below-stick-meta":"","astra-migrate-meta-layouts":"default","ast-page-background-enabled":"default","ast-page-background-meta":{"desktop":{"background-color":"var(--ast-global-color-5)","background-image":"","background-repeat":"repeat","background-position":"center center","background-size":"auto","background-attachment":"scroll","background-type":"","background-media":"","overlay-type":"","overlay-color":"","overlay-opacity":"","overlay-gradient":""},"tablet":{"background-color":"","background-image":"","background-repeat":"repeat","background-position":"center center","background-size":"auto","background-attachment":"scroll","background-type":"","background-media":"","overlay-type":"","overlay-color":"","overlay-opacity":"","overlay-gradient":""},"mobile":{"background-color":"","background-image":"","background-repeat":"repeat","background-position":"center center","background-size":"auto","background-attachment":"scroll","background-type":"","background-media":"","overlay-type":"","overlay-color":"","overlay-opacity":"","overlay-gradient":""}},"ast-content-background-meta":{"desktop":{"background-color":"var(--ast-global-color-4)","background-image":"","background-repeat":"repeat","background-position":"center center","background-size":"auto","background-attachment":"scroll","background-type":"","background-media":"","overlay-type":"","overlay-color":"","overlay-opacity":"","overlay-gradient":""},"tablet":{"background-color":"var(--ast-global-color-4)","background-image":"","background-repeat":"repeat","background-position":"center center","background-size":"auto","background-attachment":"scroll","background-type":"","background-media":"","overlay-type":"","overlay-color":"","overlay-opacity":"","overlay-gradient":""},"mobile":{"background-color":"var(--ast-global-color-4)","background-image":"","background-repeat":"repeat","background-position":"center center","background-size":"auto","background-attachment":"scroll","background-type":"","background-media":"","overlay-type":"","overlay-color":"","overlay-opacity":"","overlay-gradient":""}}},"product_brand":[],"product_cat":[16,612,679],"product_tag":[272,280,273,274],"class_list":{"0":"post-1517","1":"product","2":"type-product","3":"status-publish","4":"has-post-thumbnail","6":"product_cat-tout","7":"product_cat-essuie-mains-plies-distributeurs","8":"product_cat-produit-ecolabel-essuyage-papier","9":"product_tag-essuyage","10":"product_tag-goma-camps","11":"product_tag-main","12":"product_tag-papier-essuie-main","13":"desktop-align-left","14":"tablet-align-left","15":"mobile-align-left","17":"first","18":"instock","19":"virtual","20":"product-type-simple"},"acf":[],"_links":{"self":[{"href":"https:\/\/sabatie-produits-entretien.fr\/fr\/wp-json\/wp\/v2\/product\/1517","targetHints":{"allow":["GET"]}}],"collection":[{"href":"https:\/\/sabatie-produits-entretien.fr\/fr\/wp-json\/wp\/v2\/product"}],"about":[{"href":"https:\/\/sabatie-produits-entretien.fr\/fr\/wp-json\/wp\/v2\/types\/product"}],"replies":[{"embeddable":true,"href":"https:\/\/sabatie-produits-entretien.fr\/fr\/wp-json\/wp\/v2\/comments?post=1517"}],"wp:featuredmedia":[{"embeddable":true,"href":"https:\/\/sabatie-produits-entretien.fr\/fr\/wp-json\/wp\/v2\/media\/1540"}],"wp:attachment":[{"href":"https:\/\/sabatie-produits-entretien.fr\/fr\/wp-json\/wp\/v2\/media?parent=1517"}],"wp:term":[{"taxonomy":"product_brand","embeddable":true,"href":"https:\/\/sabatie-produits-entretien.fr\/fr\/wp-json\/wp\/v2\/product_brand?post=1517"},{"taxonomy":"product_cat","embeddable":true,"href":"https:\/\/sabatie-produits-entretien.fr\/fr\/wp-json\/wp\/v2\/product_cat?post=1517"},{"taxonomy":"product_tag","embeddable":true,"href":"https:\/\/sabatie-produits-entretien.fr\/fr\/wp-json\/wp\/v2\/product_tag?post=1517"}],"curies":[{"name":"wp","href":"https:\/\/api.w.org\/{rel}","templated":true}]}}