{"id":1520,"date":"2025-05-05T08:55:27","date_gmt":"2025-05-05T06:55:27","guid":{"rendered":"http:\/\/localhost\/sabatiesarl\/?post_type=product&#038;p=1520"},"modified":"2025-06-11T10:46:40","modified_gmt":"2025-06-11T08:46:40","slug":"1005-papier-toilette-blanc-maxi-jumbo-1-pli-colis-de-6-rouleaux","status":"publish","type":"product","link":"https:\/\/sabatie-produits-entretien.fr\/fr\/produit\/1005-papier-toilette-blanc-maxi-jumbo-1-pli-colis-de-6-rouleaux\/","title":{"rendered":"1005 PAPIER TOILETTE BLANC MAXI JUMBO 1 pli colis de 6 rouleaux"},"content":{"rendered":"<h3>PAPIER TOILETTE BLANC MAXI JUMBO\u00a0 Evadis 1 pli colis de 6 rouleaux<\/h3>\n<p>&nbsp;<\/p>\n<ul>\n<li>CAT\u00c9GORIE\u00a0 :\u00a0 Papier toilette en rouleau Maxi Jumbo<\/li>\n<li>COMPOSITION\u00a0 :\u00a0 Ouate de cellulose<\/li>\n<li>COULEUR\u00a0 :\u00a0 Blanc<\/li>\n<li>GRAMMAGE PAR PLI\u00a0 :\u00a0 22,00g\/m\u00b2<\/li>\n<li>NOMBRE DE PLIS\u00a0 :\u00a0 1 pli<\/li>\n<li>GAUFRAGE\u00a0 :\u00a0 lisse<\/li>\n<li>LONGUEUR :\u00a0 600,00 m<\/li>\n<li>LAIZE\u00a0 :\u00a0 8,80 cm<\/li>\n<li>DIAM\u00c8TRE MANDRIN\u00a0 :\u00a0 61,30 mm<\/li>\n<li>MANDRIN D\u00c9CHIRABLE\u00a0 :\u00a0 Non<\/li>\n<li>DIAM\u00c8TRE EXT\u00c9RIEUR\u00a0 :\u00a0 25,50 cm<\/li>\n<li>ORIGINE\u00a0 :\u00a0 France<\/li>\n<\/ul>\n<p>&nbsp;<\/p>\n<ul>\n<li>CONDITIONNEMENT\u00a0 :\u00a0 colis de 6 rouleaux<\/li>\n<\/ul>\n<p>&nbsp;<\/p>\n<ul>\n<li><a href=\"http:\/\/sabatie-produits-entretien.fr\/fr\/wp-content\/uploads\/2017\/04\/01HL650.pdf\" target=\"_blank\">FICHE TECHNIQUE<\/a><\/li>\n<\/ul>\n<p>&nbsp;<\/p>\n<ul>\n<li><em><strong>Nous vous proposons \u00e9galement les Distributeurs adapt\u00e9s pratiques et robustes ( R\u00e9f\u00e9rences : 1046 et 4065 )<\/strong><\/em><\/li>\n<\/ul>\n","protected":false},"excerpt":{"rendered":"<h3>PAPIER TOILETTE BLANC MAXI JUMBO 1 pli colis de 6 rouleaux<\/h3>\n","protected":false},"featured_media":1542,"comment_status":"closed","ping_status":"closed","template":"","meta":{"_acf_changed":false,"site-sidebar-layout":"default","site-content-layout":"","ast-site-content-layout":"default","site-content-style":"default","site-sidebar-style":"default","ast-global-header-display":"","ast-banner-title-visibility":"","ast-main-header-display":"","ast-hfb-above-header-display":"","ast-hfb-below-header-display":"","ast-hfb-mobile-header-display":"","site-post-title":"","ast-breadcrumbs-content":"","ast-featured-img":"","footer-sml-layout":"","ast-disable-related-posts":"","theme-transparent-header-meta":"","adv-header-id-meta":"","stick-header-meta":"","header-above-stick-meta":"","header-main-stick-meta":"","header-below-stick-meta":"","astra-migrate-meta-layouts":"default","ast-page-background-enabled":"default","ast-page-background-meta":{"desktop":{"background-color":"var(--ast-global-color-5)","background-image":"","background-repeat":"repeat","background-position":"center center","background-size":"auto","background-attachment":"scroll","background-type":"","background-media":"","overlay-type":"","overlay-color":"","overlay-opacity":"","overlay-gradient":""},"tablet":{"background-color":"","background-image":"","background-repeat":"repeat","background-position":"center center","background-size":"auto","background-attachment":"scroll","background-type":"","background-media":"","overlay-type":"","overlay-color":"","overlay-opacity":"","overlay-gradient":""},"mobile":{"background-color":"","background-image":"","background-repeat":"repeat","background-position":"center center","background-size":"auto","background-attachment":"scroll","background-type":"","background-media":"","overlay-type":"","overlay-color":"","overlay-opacity":"","overlay-gradient":""}},"ast-content-background-meta":{"desktop":{"background-color":"var(--ast-global-color-4)","background-image":"","background-repeat":"repeat","background-position":"center center","background-size":"auto","background-attachment":"scroll","background-type":"","background-media":"","overlay-type":"","overlay-color":"","overlay-opacity":"","overlay-gradient":""},"tablet":{"background-color":"var(--ast-global-color-4)","background-image":"","background-repeat":"repeat","background-position":"center center","background-size":"auto","background-attachment":"scroll","background-type":"","background-media":"","overlay-type":"","overlay-color":"","overlay-opacity":"","overlay-gradient":""},"mobile":{"background-color":"var(--ast-global-color-4)","background-image":"","background-repeat":"repeat","background-position":"center center","background-size":"auto","background-attachment":"scroll","background-type":"","background-media":"","overlay-type":"","overlay-color":"","overlay-opacity":"","overlay-gradient":""}}},"product_brand":[],"product_cat":[16,607],"product_tag":[24,263,25,26,27,28,29,448],"class_list":{"0":"post-1520","1":"product","2":"type-product","3":"status-publish","4":"has-post-thumbnail","6":"product_cat-tout","7":"product_cat-papier-hygienique-distributeur","8":"product_tag-distributeur","9":"product_tag-evadis","10":"product_tag-hygiene","11":"product_tag-papier","12":"product_tag-papier-hygienique","13":"product_tag-papier-toilette","14":"product_tag-papier-wc","15":"product_tag-toilette","16":"desktop-align-left","17":"tablet-align-left","18":"mobile-align-left","20":"first","21":"instock","22":"virtual","23":"product-type-simple"},"acf":[],"_links":{"self":[{"href":"https:\/\/sabatie-produits-entretien.fr\/fr\/wp-json\/wp\/v2\/product\/1520","targetHints":{"allow":["GET"]}}],"collection":[{"href":"https:\/\/sabatie-produits-entretien.fr\/fr\/wp-json\/wp\/v2\/product"}],"about":[{"href":"https:\/\/sabatie-produits-entretien.fr\/fr\/wp-json\/wp\/v2\/types\/product"}],"replies":[{"embeddable":true,"href":"https:\/\/sabatie-produits-entretien.fr\/fr\/wp-json\/wp\/v2\/comments?post=1520"}],"wp:featuredmedia":[{"embeddable":true,"href":"https:\/\/sabatie-produits-entretien.fr\/fr\/wp-json\/wp\/v2\/media\/1542"}],"wp:attachment":[{"href":"https:\/\/sabatie-produits-entretien.fr\/fr\/wp-json\/wp\/v2\/media?parent=1520"}],"wp:term":[{"taxonomy":"product_brand","embeddable":true,"href":"https:\/\/sabatie-produits-entretien.fr\/fr\/wp-json\/wp\/v2\/product_brand?post=1520"},{"taxonomy":"product_cat","embeddable":true,"href":"https:\/\/sabatie-produits-entretien.fr\/fr\/wp-json\/wp\/v2\/product_cat?post=1520"},{"taxonomy":"product_tag","embeddable":true,"href":"https:\/\/sabatie-produits-entretien.fr\/fr\/wp-json\/wp\/v2\/product_tag?post=1520"}],"curies":[{"name":"wp","href":"https:\/\/api.w.org\/{rel}","templated":true}]}}