{"id":1522,"date":"2025-05-05T08:55:27","date_gmt":"2025-05-05T06:55:27","guid":{"rendered":"http:\/\/localhost\/sabatiesarl\/?post_type=product&#038;p=1522"},"modified":"2025-06-11T10:46:57","modified_gmt":"2025-06-11T08:46:57","slug":"0219-faral-optimum-403-nettoyant-renovant-inox-et-chromes-500-ml","status":"publish","type":"product","link":"https:\/\/sabatie-produits-entretien.fr\/fr\/produit\/0219-faral-optimum-403-nettoyant-renovant-inox-et-chromes-500-ml\/","title":{"rendered":"0219 FARAL OPTIMUM 403 nettoyant r\u00e9novant inox et chromes 500 ml"},"content":{"rendered":"<h2>FARAL OPTIMUM 403<\/h2>\n<h2>nettoyant r\u00e9novant inox et chromes<\/h2>\n<p>&nbsp;<\/p>\n<h4>UTILISATION<\/h4>\n<ul>\n<li>FARAL OPTIMUM 403 est une formulation concentr\u00e9e, sp\u00e9cialement \u00e9tudi\u00e9e et \u00e9labor\u00e9e pour le nettoyage des surfaces en inox et chromes.<\/li>\n<li>\u00e9limine instantan\u00e9ment les traces d&rsquo;oxydation et laisse un film protecteur, sans traces, qui laisse la surface nette et brillante.<\/li>\n<li>supprime le risque de corrosion et l&rsquo;alt\u00e9ration des surfaces.<\/li>\n<li>s&rsquo;utilise manuellement, par pulv\u00e9risation, pour le nettoyage et la protection des surfaces suivantes :<\/li>\n<li>Ext\u00e9rieur d&rsquo;appareils de cuisson<\/li>\n<li>Ext\u00e9rieur d&rsquo;armoires chauffantes<\/li>\n<li>Ext\u00e9rieur d&rsquo;armoires r\u00e9frig\u00e9rantes<\/li>\n<li>Ext\u00e9rieur de lave-vaisselles<\/li>\n<li>Ext\u00e9rieur de pr\u00e9sentoirs<\/li>\n<li>Ext\u00e9rieur de vitrines<\/li>\n<li>Surfaces chrom\u00e9es brillantes ou satin\u00e9es<\/li>\n<li>Surfaces en Inox<\/li>\n<\/ul>\n<p>&nbsp;<\/p>\n<h4>PROPRI\u00c9T\u00c9S<\/h4>\n<ul>\n<li>aspect\u00a0 :\u00a0 liquide huileux<\/li>\n<li>couleur\u00a0 :\u00a0 incolore<\/li>\n<li>odeur\u00a0 :\u00a0 faible<\/li>\n<\/ul>\n<p>&nbsp;<\/p>\n<h4>CONDITIONNEMENT<\/h4>\n<ul>\n<li>pulv\u00e9risateur de 500 ml<\/li>\n<li>carton de 12 x 500 ml<\/li>\n<\/ul>\n<p>&nbsp;<\/p>\n<ul>\n<li><a href=\"https:\/\/sabatie-produits-entretien.fr\/fr\/wp-content\/uploads\/2025\/03\/FT-0219-FARAL-OPTIMUM-403-FT-09.02.2023.pdf\" target=\"_blank\" rel=\"noopener\">FICHE TECHNIQUE<\/a><\/li>\n<li><a href=\"https:\/\/sabatie-produits-entretien.fr\/fr\/wp-content\/uploads\/2025\/03\/FDS-0219-FARAL-OPTIMUM-403.pdf\" target=\"_blank\" rel=\"noopener\">FICHE DE SECURITE<\/a><\/li>\n<\/ul>\n","protected":false},"excerpt":{"rendered":"<h3>FARAL OPTIMUM 403<\/h3>\n<h3>nettoyant r\u00e9novant inox et chromes<\/h3>\n<h3>pulv\u00e9risateur 500 ml<\/h3>\n","protected":false},"featured_media":1566,"comment_status":"closed","ping_status":"closed","template":"","meta":{"_acf_changed":false,"site-sidebar-layout":"default","site-content-layout":"","ast-site-content-layout":"default","site-content-style":"default","site-sidebar-style":"default","ast-global-header-display":"","ast-banner-title-visibility":"","ast-main-header-display":"","ast-hfb-above-header-display":"","ast-hfb-below-header-display":"","ast-hfb-mobile-header-display":"","site-post-title":"","ast-breadcrumbs-content":"","ast-featured-img":"","footer-sml-layout":"","ast-disable-related-posts":"","theme-transparent-header-meta":"","adv-header-id-meta":"","stick-header-meta":"","header-above-stick-meta":"","header-main-stick-meta":"","header-below-stick-meta":"","astra-migrate-meta-layouts":"default","ast-page-background-enabled":"default","ast-page-background-meta":{"desktop":{"background-color":"var(--ast-global-color-5)","background-image":"","background-repeat":"repeat","background-position":"center center","background-size":"auto","background-attachment":"scroll","background-type":"","background-media":"","overlay-type":"","overlay-color":"","overlay-opacity":"","overlay-gradient":""},"tablet":{"background-color":"","background-image":"","background-repeat":"repeat","background-position":"center center","background-size":"auto","background-attachment":"scroll","background-type":"","background-media":"","overlay-type":"","overlay-color":"","overlay-opacity":"","overlay-gradient":""},"mobile":{"background-color":"","background-image":"","background-repeat":"repeat","background-position":"center center","background-size":"auto","background-attachment":"scroll","background-type":"","background-media":"","overlay-type":"","overlay-color":"","overlay-opacity":"","overlay-gradient":""}},"ast-content-background-meta":{"desktop":{"background-color":"var(--ast-global-color-4)","background-image":"","background-repeat":"repeat","background-position":"center center","background-size":"auto","background-attachment":"scroll","background-type":"","background-media":"","overlay-type":"","overlay-color":"","overlay-opacity":"","overlay-gradient":""},"tablet":{"background-color":"var(--ast-global-color-4)","background-image":"","background-repeat":"repeat","background-position":"center center","background-size":"auto","background-attachment":"scroll","background-type":"","background-media":"","overlay-type":"","overlay-color":"","overlay-opacity":"","overlay-gradient":""},"mobile":{"background-color":"var(--ast-global-color-4)","background-image":"","background-repeat":"repeat","background-position":"center center","background-size":"auto","background-attachment":"scroll","background-type":"","background-media":"","overlay-type":"","overlay-color":"","overlay-opacity":"","overlay-gradient":""}}},"product_brand":[],"product_cat":[16,628],"product_tag":[451,452],"class_list":{"0":"post-1522","1":"product","2":"type-product","3":"status-publish","4":"has-post-thumbnail","6":"product_cat-tout","7":"product_cat-renovant-inox","8":"product_tag-faral-optimum-403","9":"product_tag-nettoyant-renovant-inox","10":"desktop-align-left","11":"tablet-align-left","12":"mobile-align-left","14":"first","15":"instock","16":"virtual","17":"product-type-simple"},"acf":[],"_links":{"self":[{"href":"https:\/\/sabatie-produits-entretien.fr\/fr\/wp-json\/wp\/v2\/product\/1522","targetHints":{"allow":["GET"]}}],"collection":[{"href":"https:\/\/sabatie-produits-entretien.fr\/fr\/wp-json\/wp\/v2\/product"}],"about":[{"href":"https:\/\/sabatie-produits-entretien.fr\/fr\/wp-json\/wp\/v2\/types\/product"}],"replies":[{"embeddable":true,"href":"https:\/\/sabatie-produits-entretien.fr\/fr\/wp-json\/wp\/v2\/comments?post=1522"}],"wp:featuredmedia":[{"embeddable":true,"href":"https:\/\/sabatie-produits-entretien.fr\/fr\/wp-json\/wp\/v2\/media\/1566"}],"wp:attachment":[{"href":"https:\/\/sabatie-produits-entretien.fr\/fr\/wp-json\/wp\/v2\/media?parent=1522"}],"wp:term":[{"taxonomy":"product_brand","embeddable":true,"href":"https:\/\/sabatie-produits-entretien.fr\/fr\/wp-json\/wp\/v2\/product_brand?post=1522"},{"taxonomy":"product_cat","embeddable":true,"href":"https:\/\/sabatie-produits-entretien.fr\/fr\/wp-json\/wp\/v2\/product_cat?post=1522"},{"taxonomy":"product_tag","embeddable":true,"href":"https:\/\/sabatie-produits-entretien.fr\/fr\/wp-json\/wp\/v2\/product_tag?post=1522"}],"curies":[{"name":"wp","href":"https:\/\/api.w.org\/{rel}","templated":true}]}}