{"id":1523,"date":"2025-05-05T08:55:27","date_gmt":"2025-05-05T06:55:27","guid":{"rendered":"http:\/\/localhost\/sabatiesarl\/?post_type=product&#038;p=1523"},"modified":"2025-06-11T10:47:05","modified_gmt":"2025-06-11T08:47:05","slug":"02661-faral-optimum-301-detartrant-lave-vaisselle-bidon-5-l","status":"publish","type":"product","link":"https:\/\/sabatie-produits-entretien.fr\/fr\/produit\/02661-faral-optimum-301-detartrant-lave-vaisselle-bidon-5-l\/","title":{"rendered":"02661 FARAL OPTIMUM 301 d\u00e9tartrant lave vaisselle bidon 5 L"},"content":{"rendered":"<h2>FARAL OPTIMUM 301<\/h2>\n<h2>D\u00c9TARTRANT POUR LAVE VAISSELLE PROFESSIONNEL<\/h2>\n<p>&nbsp;<\/p>\n<h4>UTILISATION<\/h4>\n<ul>\n<li>\n<h4>FARAL OPTUMUM 301 est une formulation acide concentr\u00e9e pour d\u00e9tartrer et \u00e9liminer les d\u00e9p\u00f4ts calcaires les plus r\u00e9sistants des lave-vaisselle professionnels.<\/h4>\n<\/li>\n<li>\n<h4>dissout instantan\u00e9ment les souillures min\u00e9rales pour redonner l&rsquo;\u00e9clat d&rsquo;origine.<\/h4>\n<\/li>\n<li>\n<h4>garantit une efficacit\u00e9 maximale du lave-vaisselle, par une utilisation r\u00e9guli\u00e8re.<\/h4>\n<\/li>\n<\/ul>\n<p>&nbsp;<\/p>\n<ul>\n<li><strong><em>Agr\u00e9er Contact Alimentaire<\/em><\/strong><\/li>\n<\/ul>\n<p>&nbsp;<\/p>\n<h4>PROPRI\u00c9T\u00c9S<\/h4>\n<ul>\n<li>aspect\u00a0 :\u00a0 liquide fuide<\/li>\n<li>couleur\u00a0 :\u00a0 incolore<\/li>\n<li>odeur\u00a0 :\u00a0 piquante<\/li>\n<li>pH \u00e0 l&rsquo;\u00e9tat pur\u00a0 :\u00a0 &lt;1<\/li>\n<\/ul>\n<p>&nbsp;<\/p>\n<h4>CONDITIONNEMENT<\/h4>\n<ul>\n<li>bidon de 5 litres<\/li>\n<li>carton de 2 x 5 litres<\/li>\n<\/ul>\n<p>&nbsp;<\/p>\n<ul>\n<li><a href=\"http:\/\/sabatie-produits-entretien.fr\/fr\/wp-content\/uploads\/2017\/04\/FARAL-OPTIMUM-301-FT-rev5-27-05-2015-CLP.pdf\" target=\"_blank\" rel=\"noopener noreferrer\">FICHE TECHNIQUE<\/a><\/li>\n<li><a href=\"http:\/\/sabatie-produits-entretien.fr\/fr\/wp-content\/uploads\/2017\/04\/FARAL-OPTIMUM-301_FR.pdf\" target=\"_blank\" rel=\"noopener noreferrer\">FICHE DE SECURITE<\/a><\/li>\n<\/ul>\n","protected":false},"excerpt":{"rendered":"<p>FARAL OPTIMUM 301 D\u00c9TARTRANT POUR LAVE VAISSELLE PROFESSIONNEL &nbsp; UTILISATION FARAL OPTUMUM 301 est une formulation acide concentr\u00e9e pour d\u00e9tartrer [&hellip;]<\/p>\n","protected":false},"featured_media":1567,"comment_status":"closed","ping_status":"closed","template":"","meta":{"_acf_changed":false,"site-sidebar-layout":"default","site-content-layout":"","ast-site-content-layout":"default","site-content-style":"default","site-sidebar-style":"default","ast-global-header-display":"","ast-banner-title-visibility":"","ast-main-header-display":"","ast-hfb-above-header-display":"","ast-hfb-below-header-display":"","ast-hfb-mobile-header-display":"","site-post-title":"","ast-breadcrumbs-content":"","ast-featured-img":"","footer-sml-layout":"","ast-disable-related-posts":"","theme-transparent-header-meta":"","adv-header-id-meta":"","stick-header-meta":"","header-above-stick-meta":"","header-main-stick-meta":"","header-below-stick-meta":"","astra-migrate-meta-layouts":"default","ast-page-background-enabled":"default","ast-page-background-meta":{"desktop":{"background-color":"var(--ast-global-color-5)","background-image":"","background-repeat":"repeat","background-position":"center center","background-size":"auto","background-attachment":"scroll","background-type":"","background-media":"","overlay-type":"","overlay-color":"","overlay-opacity":"","overlay-gradient":""},"tablet":{"background-color":"","background-image":"","background-repeat":"repeat","background-position":"center center","background-size":"auto","background-attachment":"scroll","background-type":"","background-media":"","overlay-type":"","overlay-color":"","overlay-opacity":"","overlay-gradient":""},"mobile":{"background-color":"","background-image":"","background-repeat":"repeat","background-position":"center center","background-size":"auto","background-attachment":"scroll","background-type":"","background-media":"","overlay-type":"","overlay-color":"","overlay-opacity":"","overlay-gradient":""}},"ast-content-background-meta":{"desktop":{"background-color":"var(--ast-global-color-4)","background-image":"","background-repeat":"repeat","background-position":"center center","background-size":"auto","background-attachment":"scroll","background-type":"","background-media":"","overlay-type":"","overlay-color":"","overlay-opacity":"","overlay-gradient":""},"tablet":{"background-color":"var(--ast-global-color-4)","background-image":"","background-repeat":"repeat","background-position":"center center","background-size":"auto","background-attachment":"scroll","background-type":"","background-media":"","overlay-type":"","overlay-color":"","overlay-opacity":"","overlay-gradient":""},"mobile":{"background-color":"var(--ast-global-color-4)","background-image":"","background-repeat":"repeat","background-position":"center center","background-size":"auto","background-attachment":"scroll","background-type":"","background-media":"","overlay-type":"","overlay-color":"","overlay-opacity":"","overlay-gradient":""}}},"product_brand":[],"product_cat":[16,621],"product_tag":[],"class_list":{"0":"post-1523","1":"product","2":"type-product","3":"status-publish","4":"has-post-thumbnail","6":"product_cat-tout","7":"product_cat-detartrant-machine-vaisselle","8":"desktop-align-left","9":"tablet-align-left","10":"mobile-align-left","12":"first","13":"instock","14":"virtual","15":"product-type-simple"},"acf":[],"_links":{"self":[{"href":"https:\/\/sabatie-produits-entretien.fr\/fr\/wp-json\/wp\/v2\/product\/1523","targetHints":{"allow":["GET"]}}],"collection":[{"href":"https:\/\/sabatie-produits-entretien.fr\/fr\/wp-json\/wp\/v2\/product"}],"about":[{"href":"https:\/\/sabatie-produits-entretien.fr\/fr\/wp-json\/wp\/v2\/types\/product"}],"replies":[{"embeddable":true,"href":"https:\/\/sabatie-produits-entretien.fr\/fr\/wp-json\/wp\/v2\/comments?post=1523"}],"wp:featuredmedia":[{"embeddable":true,"href":"https:\/\/sabatie-produits-entretien.fr\/fr\/wp-json\/wp\/v2\/media\/1567"}],"wp:attachment":[{"href":"https:\/\/sabatie-produits-entretien.fr\/fr\/wp-json\/wp\/v2\/media?parent=1523"}],"wp:term":[{"taxonomy":"product_brand","embeddable":true,"href":"https:\/\/sabatie-produits-entretien.fr\/fr\/wp-json\/wp\/v2\/product_brand?post=1523"},{"taxonomy":"product_cat","embeddable":true,"href":"https:\/\/sabatie-produits-entretien.fr\/fr\/wp-json\/wp\/v2\/product_cat?post=1523"},{"taxonomy":"product_tag","embeddable":true,"href":"https:\/\/sabatie-produits-entretien.fr\/fr\/wp-json\/wp\/v2\/product_tag?post=1523"}],"curies":[{"name":"wp","href":"https:\/\/api.w.org\/{rel}","templated":true}]}}