{"id":1527,"date":"2025-05-05T08:55:27","date_gmt":"2025-05-05T06:55:27","guid":{"rendered":"http:\/\/localhost\/sabatiesarl\/?post_type=product&#038;p=1527"},"modified":"2025-11-14T16:55:29","modified_gmt":"2025-11-14T15:55:29","slug":"3239-decapant-a-sec-bidon-5-l","status":"publish","type":"product","link":"https:\/\/sabatie-produits-entretien.fr\/fr\/produit\/3239-decapant-a-sec-bidon-5-l\/","title":{"rendered":"18A43 D\u00c9CAPANT SR   bidon 5 L"},"content":{"rendered":"<h2>D\u00c9CAPANT SANS RIN\u00c7AGE<\/h2>\n<p>Ref: 18A43<\/p>\n<p>&nbsp;<\/p>\n<ul>\n<li><strong>Sans rin\u00e7age<\/strong><\/li>\n<li><strong>Fort pouvoir mouillant<\/strong><\/li>\n<li><strong>Compatible tous sols lavables \u00e0 l&rsquo;eau<\/strong><\/li>\n<li><strong>Non moussant<\/strong><\/li>\n<\/ul>\n<p>&nbsp;<\/p>\n<p>D\u00e9capant concentr\u00e9 con\u00e7u pour \u00e9liminer sans rin\u00e7age les anciennes couches d&rsquo;\u00e9mulsion. Il permet la remise en \u00e9tat des sols avant l&rsquo;application d&rsquo;une \u00e9mulsion .<\/p>\n<p>Peut s&rsquo;utiliser sur tous les types de rev\u00eatements de sols lavables \u00e0 l&rsquo;eau: thermoplastiques, PVC, pierres naturelles, marbres, b\u00e9ton, terre cuite, tomettes,etc..<\/p>\n<p>Fort pouvoir \u00e9mulsionnant et d\u00e9graissant. Il est miscible \u00e0 l&rsquo;eau en toutes proportions et non moussant.<\/p>\n<p>&nbsp;<\/p>\n<p>&nbsp;<\/p>\n<h4>PROPRI\u00c9T\u00c9S<\/h4>\n<ul>\n<li>Aspect \u00a0 \u00a0 :\u00a0 liquide limpide<\/li>\n<li>Couleur : incolore<\/li>\n<li>pH (pur)\u00a0 :\u00a0 14<\/li>\n<\/ul>\n<p>&nbsp;<\/p>\n<h4>CONDITIONNEMENT<\/h4>\n<ul>\n<li>bidon de 5 L<\/li>\n<li>carton de 2 x 5 L<\/li>\n<\/ul>\n<p>&nbsp;<\/p>\n<ul>\n<li><a href=\"https:\/\/sabatie-produits-entretien.fr\/fr\/wp-content\/uploads\/2025\/11\/FT-18A43-_DECAPANT_SR.pdf\" target=\"_blank\" rel=\"noopener\">FICHE TECHNIQUE<\/a><\/li>\n<li><a href=\"https:\/\/sabatie-produits-entretien.fr\/fr\/wp-content\/uploads\/2025\/11\/FDS-18A43-DECAPANT_SR.pdf\" target=\"_blank\" rel=\"noopener\">FICHE DE SECURITE<\/a><\/li>\n<\/ul>\n<p>&nbsp;<\/p>\n","protected":false},"excerpt":{"rendered":"<h3><\/h3>\n","protected":false},"featured_media":4508,"comment_status":"closed","ping_status":"closed","template":"","meta":{"_acf_changed":false,"site-sidebar-layout":"default","site-content-layout":"","ast-site-content-layout":"default","site-content-style":"default","site-sidebar-style":"default","ast-global-header-display":"","ast-banner-title-visibility":"","ast-main-header-display":"","ast-hfb-above-header-display":"","ast-hfb-below-header-display":"","ast-hfb-mobile-header-display":"","site-post-title":"","ast-breadcrumbs-content":"","ast-featured-img":"","footer-sml-layout":"","ast-disable-related-posts":"","theme-transparent-header-meta":"default","adv-header-id-meta":"","stick-header-meta":"","header-above-stick-meta":"","header-main-stick-meta":"","header-below-stick-meta":"","astra-migrate-meta-layouts":"set","ast-page-background-enabled":"default","ast-page-background-meta":{"desktop":{"background-color":"var(--ast-global-color-5)","background-image":"","background-repeat":"repeat","background-position":"center center","background-size":"auto","background-attachment":"scroll","background-type":"","background-media":"","overlay-type":"","overlay-color":"","overlay-opacity":"","overlay-gradient":""},"tablet":{"background-color":"","background-image":"","background-repeat":"repeat","background-position":"center center","background-size":"auto","background-attachment":"scroll","background-type":"","background-media":"","overlay-type":"","overlay-color":"","overlay-opacity":"","overlay-gradient":""},"mobile":{"background-color":"","background-image":"","background-repeat":"repeat","background-position":"center center","background-size":"auto","background-attachment":"scroll","background-type":"","background-media":"","overlay-type":"","overlay-color":"","overlay-opacity":"","overlay-gradient":""}},"ast-content-background-meta":{"desktop":{"background-color":"var(--ast-global-color-4)","background-image":"","background-repeat":"repeat","background-position":"center center","background-size":"auto","background-attachment":"scroll","background-type":"","background-media":"","overlay-type":"","overlay-color":"","overlay-opacity":"","overlay-gradient":""},"tablet":{"background-color":"var(--ast-global-color-4)","background-image":"","background-repeat":"repeat","background-position":"center center","background-size":"auto","background-attachment":"scroll","background-type":"","background-media":"","overlay-type":"","overlay-color":"","overlay-opacity":"","overlay-gradient":""},"mobile":{"background-color":"var(--ast-global-color-4)","background-image":"","background-repeat":"repeat","background-position":"center center","background-size":"auto","background-attachment":"scroll","background-type":"","background-media":"","overlay-type":"","overlay-color":"","overlay-opacity":"","overlay-gradient":""}}},"product_brand":[],"product_cat":[16,672,676],"product_tag":[698,700,183,694,699],"class_list":{"0":"post-1527","1":"product","2":"type-product","3":"status-publish","4":"has-post-thumbnail","6":"product_cat-tout","7":"product_cat-nettoyants-sols","8":"product_cat-traitement-des-sols","9":"product_tag-decapant-sans-rincage","10":"product_tag-decapant-sr","11":"product_tag-hygiene-et-nature","12":"product_tag-non-moussant","13":"product_tag-sols","14":"desktop-align-left","15":"tablet-align-left","16":"mobile-align-left","18":"first","19":"instock","20":"virtual","21":"purchasable","22":"product-type-simple"},"acf":[],"_links":{"self":[{"href":"https:\/\/sabatie-produits-entretien.fr\/fr\/wp-json\/wp\/v2\/product\/1527","targetHints":{"allow":["GET"]}}],"collection":[{"href":"https:\/\/sabatie-produits-entretien.fr\/fr\/wp-json\/wp\/v2\/product"}],"about":[{"href":"https:\/\/sabatie-produits-entretien.fr\/fr\/wp-json\/wp\/v2\/types\/product"}],"replies":[{"embeddable":true,"href":"https:\/\/sabatie-produits-entretien.fr\/fr\/wp-json\/wp\/v2\/comments?post=1527"}],"wp:featuredmedia":[{"embeddable":true,"href":"https:\/\/sabatie-produits-entretien.fr\/fr\/wp-json\/wp\/v2\/media\/4508"}],"wp:attachment":[{"href":"https:\/\/sabatie-produits-entretien.fr\/fr\/wp-json\/wp\/v2\/media?parent=1527"}],"wp:term":[{"taxonomy":"product_brand","embeddable":true,"href":"https:\/\/sabatie-produits-entretien.fr\/fr\/wp-json\/wp\/v2\/product_brand?post=1527"},{"taxonomy":"product_cat","embeddable":true,"href":"https:\/\/sabatie-produits-entretien.fr\/fr\/wp-json\/wp\/v2\/product_cat?post=1527"},{"taxonomy":"product_tag","embeddable":true,"href":"https:\/\/sabatie-produits-entretien.fr\/fr\/wp-json\/wp\/v2\/product_tag?post=1527"}],"curies":[{"name":"wp","href":"https:\/\/api.w.org\/{rel}","templated":true}]}}