{"id":1547,"date":"2025-05-05T08:55:48","date_gmt":"2025-05-05T06:55:48","guid":{"rendered":"http:\/\/localhost\/sabatiesarl\/?post_type=product&#038;p=1547"},"modified":"2025-06-11T01:29:12","modified_gmt":"2025-06-10T23:29:12","slug":"09521-frange-microfibre-bleu-a-velcro-60-cm","status":"publish","type":"product","link":"https:\/\/sabatie-produits-entretien.fr\/fr\/produit\/09521-frange-microfibre-bleu-a-velcro-60-cm\/","title":{"rendered":"09521 FRANGE MICROFIBRE BLEU \u00e0 velcro 60 cm"},"content":{"rendered":"<h2>FRANGE MICROFIBRE BLEU \u00e0 velcro 60 cm<\/h2>\n<h3>MOP en microfibres<\/h3>\n<p>&nbsp;<\/p>\n<h3>Pour utilisation mouill\u00e9e ou humide<\/h3>\n<h3>Pour utilisation \u00e0 sec pour un d\u00e9poussi\u00e9rage \u00e9cologique et \u00e9conomique<\/h3>\n<h4><\/h4>\n<p>&nbsp;<\/p>\n<h4>Avec 6 \u00e9tiquettes couleurs d\u00e9coupables pour la distinction des zones de lavage.<\/h4>\n<h4>Fonctionnement par velcro.<\/h4>\n<div class=\"desctxt leftmargin\">\n<div class=\"desctxt\">\n<h4 class=\"desctxt\">Frange velcro 60 cm en microfibre pour support de lavage velcro,<\/p>\n<p>Ergonomique et facile \u00e0 placer: gr\u00e2ce \u00e0 son syst\u00e8me velcro.<\/p>\n<p>R\u00e9sistance aux lavages: possibilit\u00e9 de laver la frange en machine, 250 lavages garantis.<\/h4>\n<h4 class=\"desctxt\">Sur murs et plafonds de toute nature<\/h4>\n<h4 class=\"desctxt\">La microfibre permet de nettoyer le sol en quelques minutes.<\/h4>\n<h4 class=\"desctxt\">La mop microfibre n\u00e9cessite si peu d\u2019eau que votre sol s\u00e8che beaucoup plus vite.<\/h4>\n<h4 class=\"desctxt\">Pour le d\u00e9poussi\u00e9rage, le lavage, la m\u00e9thode d&rsquo;impr\u00e9gnation et la d\u00e9sinfection, sp\u00e9cialement indiqu\u00e9e sur les sols antid\u00e9rapants, thermoplastique, etc\u2026<\/h4>\n<h4 class=\"desctxt\">R\u00e9sultat parfait sur sols lisses.<\/h4>\n<\/div>\n<\/div>\n<p>&nbsp;<\/p>\n<p>&nbsp;<\/p>\n<ul>\n<li>\n<h4>Dimensions\u00a0 :\u00a0 60 cm x 13 cm<\/h4>\n<\/li>\n<\/ul>\n<h4><\/h4>\n<p>&nbsp;<\/p>\n<ul>\n<li>\n<h4>Conditionnement\u00a0 :\u00a0 l&rsquo;unit\u00e9<\/h4>\n<\/li>\n<\/ul>\n<h4><\/h4>\n<p>&nbsp;<\/p>\n<h4><strong><em>S&rsquo;adapte sur les :<\/em><\/strong><\/h4>\n<ul>\n<li>\n<h4><em><strong>Balai trap\u00e8ze alu 55 cm (r\u00e9f. 09640)<\/strong><\/em><\/h4>\n<\/li>\n<\/ul>\n<p>&nbsp;<\/p>\n","protected":false},"excerpt":{"rendered":"<p>FRANGE MICROFIBRE BLEU \u00e0 velcro 60 cm MOP en microfibres &nbsp; Pour utilisation mouill\u00e9e ou humide Pour utilisation \u00e0 sec [&hellip;]<\/p>\n","protected":false},"featured_media":1394,"comment_status":"closed","ping_status":"closed","template":"","meta":{"_acf_changed":false,"site-sidebar-layout":"default","site-content-layout":"","ast-site-content-layout":"default","site-content-style":"default","site-sidebar-style":"default","ast-global-header-display":"","ast-banner-title-visibility":"","ast-main-header-display":"","ast-hfb-above-header-display":"","ast-hfb-below-header-display":"","ast-hfb-mobile-header-display":"","site-post-title":"","ast-breadcrumbs-content":"","ast-featured-img":"","footer-sml-layout":"","ast-disable-related-posts":"","theme-transparent-header-meta":"","adv-header-id-meta":"","stick-header-meta":"","header-above-stick-meta":"","header-main-stick-meta":"","header-below-stick-meta":"","astra-migrate-meta-layouts":"default","ast-page-background-enabled":"default","ast-page-background-meta":{"desktop":{"background-color":"var(--ast-global-color-5)","background-image":"","background-repeat":"repeat","background-position":"center center","background-size":"auto","background-attachment":"scroll","background-type":"","background-media":"","overlay-type":"","overlay-color":"","overlay-opacity":"","overlay-gradient":""},"tablet":{"background-color":"","background-image":"","background-repeat":"repeat","background-position":"center center","background-size":"auto","background-attachment":"scroll","background-type":"","background-media":"","overlay-type":"","overlay-color":"","overlay-opacity":"","overlay-gradient":""},"mobile":{"background-color":"","background-image":"","background-repeat":"repeat","background-position":"center center","background-size":"auto","background-attachment":"scroll","background-type":"","background-media":"","overlay-type":"","overlay-color":"","overlay-opacity":"","overlay-gradient":""}},"ast-content-background-meta":{"desktop":{"background-color":"var(--ast-global-color-4)","background-image":"","background-repeat":"repeat","background-position":"center center","background-size":"auto","background-attachment":"scroll","background-type":"","background-media":"","overlay-type":"","overlay-color":"","overlay-opacity":"","overlay-gradient":""},"tablet":{"background-color":"var(--ast-global-color-4)","background-image":"","background-repeat":"repeat","background-position":"center center","background-size":"auto","background-attachment":"scroll","background-type":"","background-media":"","overlay-type":"","overlay-color":"","overlay-opacity":"","overlay-gradient":""},"mobile":{"background-color":"var(--ast-global-color-4)","background-image":"","background-repeat":"repeat","background-position":"center center","background-size":"auto","background-attachment":"scroll","background-type":"","background-media":"","overlay-type":"","overlay-color":"","overlay-opacity":"","overlay-gradient":""}}},"product_brand":[],"product_cat":[16,656],"product_tag":[468,377],"class_list":{"0":"post-1547","1":"product","2":"type-product","3":"status-publish","4":"has-post-thumbnail","6":"product_cat-tout","7":"product_cat-lavage-a-plat","8":"product_tag-frange-microfibre-bleu-a-velcro-60-cm","9":"product_tag-mop-en-microfibre","10":"desktop-align-left","11":"tablet-align-left","12":"mobile-align-left","14":"first","15":"instock","16":"virtual","17":"product-type-simple"},"acf":[],"_links":{"self":[{"href":"https:\/\/sabatie-produits-entretien.fr\/fr\/wp-json\/wp\/v2\/product\/1547","targetHints":{"allow":["GET"]}}],"collection":[{"href":"https:\/\/sabatie-produits-entretien.fr\/fr\/wp-json\/wp\/v2\/product"}],"about":[{"href":"https:\/\/sabatie-produits-entretien.fr\/fr\/wp-json\/wp\/v2\/types\/product"}],"replies":[{"embeddable":true,"href":"https:\/\/sabatie-produits-entretien.fr\/fr\/wp-json\/wp\/v2\/comments?post=1547"}],"wp:featuredmedia":[{"embeddable":true,"href":"https:\/\/sabatie-produits-entretien.fr\/fr\/wp-json\/wp\/v2\/media\/1394"}],"wp:attachment":[{"href":"https:\/\/sabatie-produits-entretien.fr\/fr\/wp-json\/wp\/v2\/media?parent=1547"}],"wp:term":[{"taxonomy":"product_brand","embeddable":true,"href":"https:\/\/sabatie-produits-entretien.fr\/fr\/wp-json\/wp\/v2\/product_brand?post=1547"},{"taxonomy":"product_cat","embeddable":true,"href":"https:\/\/sabatie-produits-entretien.fr\/fr\/wp-json\/wp\/v2\/product_cat?post=1547"},{"taxonomy":"product_tag","embeddable":true,"href":"https:\/\/sabatie-produits-entretien.fr\/fr\/wp-json\/wp\/v2\/product_tag?post=1547"}],"curies":[{"name":"wp","href":"https:\/\/api.w.org\/{rel}","templated":true}]}}