{"id":1548,"date":"2025-05-05T08:55:48","date_gmt":"2025-05-05T06:55:48","guid":{"rendered":"http:\/\/localhost\/sabatiesarl\/?post_type=product&#038;p=1548"},"modified":"2025-06-11T01:08:12","modified_gmt":"2025-06-10T23:08:12","slug":"10490-distributeur-savon-mains-pour-cartouche-900-ml","status":"publish","type":"product","link":"https:\/\/sabatie-produits-entretien.fr\/fr\/produit\/10490-distributeur-savon-mains-pour-cartouche-900-ml\/","title":{"rendered":"10490 DISTRIBUTEUR SAVON MAINS POUR CARTOUCHE 900 ml"},"content":{"rendered":"<h2>DISTRIBUTEUR SAVON MAINS POUR CARTOUCHE 900 ml<\/h2>\n<p>&nbsp;<\/p>\n<h3><span id=\"ctl00_cphProduits_lblIntroContentFamille\">Un distributeur de savon a comme fonction premi\u00e8re de garantir une hygi\u00e8ne des mains et de ce fait doit lui m\u00eame proposer un produit exempt de toute contamination.<\/span><\/h3>\n<h3><span id=\"ctl00_cphProduits_lblIntroContentFamille\"><\/p>\n<p>L\u2019int\u00e9r\u00eat de ce type de distributeur est que l&rsquo;appareil ne sert que de \u00ab\u00a0r\u00e9ceptacle\u00a0\u00bb \u00e0 une cartouche de savon qui est herm\u00e9tiquement ferm\u00e9e. De ce fait la cartouche et donc le savon ne peut subir aucune contamination ni pollution externe. Chaque cartouche \u00e9tant jet\u00e9 une fois vide, l&rsquo;hygi\u00e8ne est donc garantie.<\/span><\/h3>\n<h3><span class=\"a-list-item\">Distributeur hygi\u00e9nique facile \u00e0 nettoyer, \u00e0 recharge rapide, fen\u00eatre pour surveiller le niveau de remplissage.<\/span><\/h3>\n<p>&nbsp;<\/p>\n<h3>Couleur\u00a0 :\u00a0 blanc<\/h3>\n<h3><\/h3>\n<p>&nbsp;<\/p>\n<h3>Conditionnement\u00a0 :\u00a0 l&rsquo;unit\u00e9<\/h3>\n<p>&nbsp;<\/p>\n<h4><em><strong>Nous vous proposons \u00e9galement la cartouche de savon adapt\u00e9\u00a0 :<\/strong><\/em><\/h4>\n<ul>\n<li>\n<h4><em><strong>\u00a0 Savon mains liquide cartouche 900 ml (R\u00e9f : 10524)<\/strong><\/em><\/h4>\n<\/li>\n<\/ul>\n<p>&nbsp;<\/p>\n<ul>\n<li><a href=\"http:\/\/sabatie-produits-entretien.fr\/fr\/wp-content\/uploads\/2017\/06\/03DS0800_01.pdf\" target=\"_blank\" rel=\"noopener noreferrer\">FICHE TECHNIQUE<\/a><\/li>\n<\/ul>\n","protected":false},"excerpt":{"rendered":"<p>DISTRIBUTEUR SAVON MAINS POUR CARTOUCHE 900 ml &nbsp; Un distributeur de savon a comme fonction premi\u00e8re de garantir une hygi\u00e8ne [&hellip;]<\/p>\n","protected":false},"featured_media":1577,"comment_status":"closed","ping_status":"closed","template":"","meta":{"_acf_changed":false,"site-sidebar-layout":"default","site-content-layout":"","ast-site-content-layout":"default","site-content-style":"default","site-sidebar-style":"default","ast-global-header-display":"","ast-banner-title-visibility":"","ast-main-header-display":"","ast-hfb-above-header-display":"","ast-hfb-below-header-display":"","ast-hfb-mobile-header-display":"","site-post-title":"","ast-breadcrumbs-content":"","ast-featured-img":"","footer-sml-layout":"","ast-disable-related-posts":"","theme-transparent-header-meta":"","adv-header-id-meta":"","stick-header-meta":"","header-above-stick-meta":"","header-main-stick-meta":"","header-below-stick-meta":"","astra-migrate-meta-layouts":"default","ast-page-background-enabled":"default","ast-page-background-meta":{"desktop":{"background-color":"var(--ast-global-color-5)","background-image":"","background-repeat":"repeat","background-position":"center center","background-size":"auto","background-attachment":"scroll","background-type":"","background-media":"","overlay-type":"","overlay-color":"","overlay-opacity":"","overlay-gradient":""},"tablet":{"background-color":"","background-image":"","background-repeat":"repeat","background-position":"center center","background-size":"auto","background-attachment":"scroll","background-type":"","background-media":"","overlay-type":"","overlay-color":"","overlay-opacity":"","overlay-gradient":""},"mobile":{"background-color":"","background-image":"","background-repeat":"repeat","background-position":"center center","background-size":"auto","background-attachment":"scroll","background-type":"","background-media":"","overlay-type":"","overlay-color":"","overlay-opacity":"","overlay-gradient":""}},"ast-content-background-meta":{"desktop":{"background-color":"var(--ast-global-color-4)","background-image":"","background-repeat":"repeat","background-position":"center center","background-size":"auto","background-attachment":"scroll","background-type":"","background-media":"","overlay-type":"","overlay-color":"","overlay-opacity":"","overlay-gradient":""},"tablet":{"background-color":"var(--ast-global-color-4)","background-image":"","background-repeat":"repeat","background-position":"center center","background-size":"auto","background-attachment":"scroll","background-type":"","background-media":"","overlay-type":"","overlay-color":"","overlay-opacity":"","overlay-gradient":""},"mobile":{"background-color":"var(--ast-global-color-4)","background-image":"","background-repeat":"repeat","background-position":"center center","background-size":"auto","background-attachment":"scroll","background-type":"","background-media":"","overlay-type":"","overlay-color":"","overlay-opacity":"","overlay-gradient":""}}},"product_brand":[],"product_cat":[16,644],"product_tag":[469,470],"class_list":{"0":"post-1548","1":"product","2":"type-product","3":"status-publish","4":"has-post-thumbnail","6":"product_cat-tout","7":"product_cat-savons-mains","8":"product_tag-distributeur-savon-mains-pour-cartouche","9":"product_tag-distributeur-savon-mains-pour-cartouche-900-ml","10":"desktop-align-left","11":"tablet-align-left","12":"mobile-align-left","14":"first","15":"instock","16":"virtual","17":"product-type-simple"},"acf":[],"_links":{"self":[{"href":"https:\/\/sabatie-produits-entretien.fr\/fr\/wp-json\/wp\/v2\/product\/1548","targetHints":{"allow":["GET"]}}],"collection":[{"href":"https:\/\/sabatie-produits-entretien.fr\/fr\/wp-json\/wp\/v2\/product"}],"about":[{"href":"https:\/\/sabatie-produits-entretien.fr\/fr\/wp-json\/wp\/v2\/types\/product"}],"replies":[{"embeddable":true,"href":"https:\/\/sabatie-produits-entretien.fr\/fr\/wp-json\/wp\/v2\/comments?post=1548"}],"wp:featuredmedia":[{"embeddable":true,"href":"https:\/\/sabatie-produits-entretien.fr\/fr\/wp-json\/wp\/v2\/media\/1577"}],"wp:attachment":[{"href":"https:\/\/sabatie-produits-entretien.fr\/fr\/wp-json\/wp\/v2\/media?parent=1548"}],"wp:term":[{"taxonomy":"product_brand","embeddable":true,"href":"https:\/\/sabatie-produits-entretien.fr\/fr\/wp-json\/wp\/v2\/product_brand?post=1548"},{"taxonomy":"product_cat","embeddable":true,"href":"https:\/\/sabatie-produits-entretien.fr\/fr\/wp-json\/wp\/v2\/product_cat?post=1548"},{"taxonomy":"product_tag","embeddable":true,"href":"https:\/\/sabatie-produits-entretien.fr\/fr\/wp-json\/wp\/v2\/product_tag?post=1548"}],"curies":[{"name":"wp","href":"https:\/\/api.w.org\/{rel}","templated":true}]}}