{"id":1549,"date":"2025-05-05T08:55:48","date_gmt":"2025-05-05T06:55:48","guid":{"rendered":"http:\/\/localhost\/sabatiesarl\/?post_type=product&#038;p=1549"},"modified":"2025-06-11T01:13:45","modified_gmt":"2025-06-10T23:13:45","slug":"0935-supports-manches-avec-3-attaches","status":"publish","type":"product","link":"https:\/\/sabatie-produits-entretien.fr\/fr\/produit\/0935-supports-manches-avec-3-attaches\/","title":{"rendered":"0935 SUPPORTS MANCHES avec 3 Attaches"},"content":{"rendered":"<h2>SUPPORTS MANCHES avec 3 Attaches<\/h2>\n<p>&nbsp;<\/p>\n<h4>Pour accrocher les manches facilement afin d\u2019\u00e9viter que les balais ne posent sur le sol et se d\u00e9forment.<\/h4>\n<p>&nbsp;<\/p>\n<h4>Id\u00e9al en industrie et agro-alimentaire pour une meilleure hygi\u00e8ne.<\/h4>\n<p>&nbsp;<\/p>\n<h4>Tient des manches de diam\u00e8tres diff\u00e9rents (\u00d8 de 9 \u00e0 35 mm).<\/h4>\n<p>&nbsp;<\/p>\n<h4>Poids \u00a0 :\u00a0 460 grs<\/h4>\n<p>&nbsp;<\/p>\n<h4>Dimensions\u00a0 :\u00a0 Longueur totale : 50 cm<\/h4>\n<h4><\/h4>\n<p>&nbsp;<\/p>\n<h4>Conditionnement\u00a0 :\u00a0 l&rsquo;unit\u00e9<\/h4>\n<p>&nbsp;<\/p>\n<ul>\n<li><a href=\"http:\/\/sabatie-produits-entretien.fr\/fr\/wp-content\/uploads\/2017\/06\/FT-0935-support-manche.pdf\" target=\"_blank\" rel=\"noopener noreferrer\">FICHE TECHNIQUE<\/a><\/li>\n<\/ul>\n","protected":false},"excerpt":{"rendered":"<p>SUPPORTS MANCHES avec 3 Attaches &nbsp; Pour accrocher les manches facilement afin d\u2019\u00e9viter que les balais ne posent sur le [&hellip;]<\/p>\n","protected":false},"featured_media":1578,"comment_status":"closed","ping_status":"closed","template":"","meta":{"_acf_changed":false,"site-sidebar-layout":"default","site-content-layout":"","ast-site-content-layout":"default","site-content-style":"default","site-sidebar-style":"default","ast-global-header-display":"","ast-banner-title-visibility":"","ast-main-header-display":"","ast-hfb-above-header-display":"","ast-hfb-below-header-display":"","ast-hfb-mobile-header-display":"","site-post-title":"","ast-breadcrumbs-content":"","ast-featured-img":"","footer-sml-layout":"","ast-disable-related-posts":"","theme-transparent-header-meta":"","adv-header-id-meta":"","stick-header-meta":"","header-above-stick-meta":"","header-main-stick-meta":"","header-below-stick-meta":"","astra-migrate-meta-layouts":"default","ast-page-background-enabled":"default","ast-page-background-meta":{"desktop":{"background-color":"var(--ast-global-color-5)","background-image":"","background-repeat":"repeat","background-position":"center center","background-size":"auto","background-attachment":"scroll","background-type":"","background-media":"","overlay-type":"","overlay-color":"","overlay-opacity":"","overlay-gradient":""},"tablet":{"background-color":"","background-image":"","background-repeat":"repeat","background-position":"center center","background-size":"auto","background-attachment":"scroll","background-type":"","background-media":"","overlay-type":"","overlay-color":"","overlay-opacity":"","overlay-gradient":""},"mobile":{"background-color":"","background-image":"","background-repeat":"repeat","background-position":"center center","background-size":"auto","background-attachment":"scroll","background-type":"","background-media":"","overlay-type":"","overlay-color":"","overlay-opacity":"","overlay-gradient":""}},"ast-content-background-meta":{"desktop":{"background-color":"var(--ast-global-color-4)","background-image":"","background-repeat":"repeat","background-position":"center center","background-size":"auto","background-attachment":"scroll","background-type":"","background-media":"","overlay-type":"","overlay-color":"","overlay-opacity":"","overlay-gradient":""},"tablet":{"background-color":"var(--ast-global-color-4)","background-image":"","background-repeat":"repeat","background-position":"center center","background-size":"auto","background-attachment":"scroll","background-type":"","background-media":"","overlay-type":"","overlay-color":"","overlay-opacity":"","overlay-gradient":""},"mobile":{"background-color":"var(--ast-global-color-4)","background-image":"","background-repeat":"repeat","background-position":"center center","background-size":"auto","background-attachment":"scroll","background-type":"","background-media":"","overlay-type":"","overlay-color":"","overlay-opacity":"","overlay-gradient":""}}},"product_brand":[],"product_cat":[16,630,649],"product_tag":[],"class_list":{"0":"post-1549","1":"product","2":"type-product","3":"status-publish","4":"has-post-thumbnail","6":"product_cat-tout","7":"product_cat-brosserie-raclette-alimentaire","8":"product_cat-brosserie-raclette-alimentaire-materiel-de-nettoyage-et-brosserie","9":"desktop-align-left","10":"tablet-align-left","11":"mobile-align-left","13":"first","14":"instock","15":"virtual","16":"product-type-simple"},"acf":[],"_links":{"self":[{"href":"https:\/\/sabatie-produits-entretien.fr\/fr\/wp-json\/wp\/v2\/product\/1549","targetHints":{"allow":["GET"]}}],"collection":[{"href":"https:\/\/sabatie-produits-entretien.fr\/fr\/wp-json\/wp\/v2\/product"}],"about":[{"href":"https:\/\/sabatie-produits-entretien.fr\/fr\/wp-json\/wp\/v2\/types\/product"}],"replies":[{"embeddable":true,"href":"https:\/\/sabatie-produits-entretien.fr\/fr\/wp-json\/wp\/v2\/comments?post=1549"}],"wp:featuredmedia":[{"embeddable":true,"href":"https:\/\/sabatie-produits-entretien.fr\/fr\/wp-json\/wp\/v2\/media\/1578"}],"wp:attachment":[{"href":"https:\/\/sabatie-produits-entretien.fr\/fr\/wp-json\/wp\/v2\/media?parent=1549"}],"wp:term":[{"taxonomy":"product_brand","embeddable":true,"href":"https:\/\/sabatie-produits-entretien.fr\/fr\/wp-json\/wp\/v2\/product_brand?post=1549"},{"taxonomy":"product_cat","embeddable":true,"href":"https:\/\/sabatie-produits-entretien.fr\/fr\/wp-json\/wp\/v2\/product_cat?post=1549"},{"taxonomy":"product_tag","embeddable":true,"href":"https:\/\/sabatie-produits-entretien.fr\/fr\/wp-json\/wp\/v2\/product_tag?post=1549"}],"curies":[{"name":"wp","href":"https:\/\/api.w.org\/{rel}","templated":true}]}}