{"id":1554,"date":"2025-05-05T08:55:48","date_gmt":"2025-05-05T06:55:48","guid":{"rendered":"http:\/\/localhost\/sabatiesarl\/?post_type=product&#038;p=1554"},"modified":"2025-06-11T10:45:33","modified_gmt":"2025-06-11T08:45:33","slug":"09023-pulverisateur-electrique-30-l-sur-chariot-1-batterie-samourai","status":"publish","type":"product","link":"https:\/\/sabatie-produits-entretien.fr\/fr\/produit\/09023-pulverisateur-electrique-30-l-sur-chariot-1-batterie-samourai\/","title":{"rendered":"09023 Pulv\u00e9risateur \u00c9lectrique 30 L sur chariot 1 batterie SAMOURA\u00cf"},"content":{"rendered":"<h2>Pulv\u00e9risateur \u00c9lectrique 30 L sur chariot 1 batterie SAMOURA\u00cf<\/h2>\n<p>&nbsp;<\/p>\n<h4>Le Samoura\u00ef est un pulv\u00e9risateur \u00e9lectrique tr\u00e8s puissant. Il fonctionne sur batterie rechargeable. Cela permet \u00e0 l\u2019utilisateur de travailler en continu pendant 2 heures.<\/p>\n<p>Equip\u00e9 d\u2019un r\u00e9servoir avec une capacit\u00e9 de 30 litres sur roulettes et d\u2019une pompe \u00e0 membrane int\u00e9gr\u00e9e. Avec la buse \u00e0 jet droit rouge le Samoura\u00ef peut produire un jet avec une port\u00e9e de 13 m et de 10 m de hauteur.<\/h4>\n<p>&nbsp;<\/p>\n<h4>\u2022 Fonctionne avec 1 batterie<\/p>\n<p>\u2022 Multi-usages<\/p>\n<p>\u2022 Mobilit\u00e9 : pulv\u00e9rise en toute libert\u00e9: chariot avec r\u00e9servoir.<\/p>\n<p>\u2022 Autonome : pas besoin de raccordement en eau, \u00e9lectricit\u00e9 ou air comprim\u00e9.<\/p>\n<p>\u2022 Utilisation non-stop jusqu\u2019\u00e0 2 heures en continu<\/p>\n<p>\u2022 Fonction de contr\u00f4le de vitesse<\/h4>\n<p>&nbsp;<\/p>\n<ul>\n<li>\n<h4>Espaces habit\u00e9s\u00a0 :\u00a0 toits, fa\u00e7ades, terrasses, anti-mousse<\/h4>\n<\/li>\n<li>\n<h4>Monde hygi\u00e8ne et industrie agro-alimentaire\u00a0 :\u00a0 cuisines, sols, sanitaire, \u2026<\/h4>\n<\/li>\n<li>\n<h4>Jardinerie\u00a0 :\u00a0 parterres de fleurs, haies, insecticides, \u2026<\/h4>\n<\/li>\n<li>\n<h4>Industrie automobile\u00a0 :\u00a0 carrosserie, vitres, \u2026<\/h4>\n<\/li>\n<\/ul>\n<p>&nbsp;<\/p>\n<ul>\n<li><a href=\"http:\/\/sabatie-produits-entretien.fr\/fr\/wp-content\/uploads\/2017\/07\/FT-09022-et-09023-PULVE-30-L.pdf\" target=\"_blank\" rel=\"noopener noreferrer\">FICHE TECHNIQUE<\/a><\/li>\n<\/ul>\n","protected":false},"excerpt":{"rendered":"<p>Pulv\u00e9risateur \u00c9lectrique 30 L sur chariot 1 batterie SAMOURA\u00cf &nbsp; Le Samoura\u00ef est un pulv\u00e9risateur \u00e9lectrique tr\u00e8s puissant. Il fonctionne [&hellip;]<\/p>\n","protected":false},"featured_media":1597,"comment_status":"closed","ping_status":"closed","template":"","meta":{"_acf_changed":false,"site-sidebar-layout":"default","site-content-layout":"","ast-site-content-layout":"default","site-content-style":"default","site-sidebar-style":"default","ast-global-header-display":"","ast-banner-title-visibility":"","ast-main-header-display":"","ast-hfb-above-header-display":"","ast-hfb-below-header-display":"","ast-hfb-mobile-header-display":"","site-post-title":"","ast-breadcrumbs-content":"","ast-featured-img":"","footer-sml-layout":"","ast-disable-related-posts":"","theme-transparent-header-meta":"","adv-header-id-meta":"","stick-header-meta":"","header-above-stick-meta":"","header-main-stick-meta":"","header-below-stick-meta":"","astra-migrate-meta-layouts":"default","ast-page-background-enabled":"default","ast-page-background-meta":{"desktop":{"background-color":"var(--ast-global-color-5)","background-image":"","background-repeat":"repeat","background-position":"center center","background-size":"auto","background-attachment":"scroll","background-type":"","background-media":"","overlay-type":"","overlay-color":"","overlay-opacity":"","overlay-gradient":""},"tablet":{"background-color":"","background-image":"","background-repeat":"repeat","background-position":"center center","background-size":"auto","background-attachment":"scroll","background-type":"","background-media":"","overlay-type":"","overlay-color":"","overlay-opacity":"","overlay-gradient":""},"mobile":{"background-color":"","background-image":"","background-repeat":"repeat","background-position":"center center","background-size":"auto","background-attachment":"scroll","background-type":"","background-media":"","overlay-type":"","overlay-color":"","overlay-opacity":"","overlay-gradient":""}},"ast-content-background-meta":{"desktop":{"background-color":"var(--ast-global-color-4)","background-image":"","background-repeat":"repeat","background-position":"center center","background-size":"auto","background-attachment":"scroll","background-type":"","background-media":"","overlay-type":"","overlay-color":"","overlay-opacity":"","overlay-gradient":""},"tablet":{"background-color":"var(--ast-global-color-4)","background-image":"","background-repeat":"repeat","background-position":"center center","background-size":"auto","background-attachment":"scroll","background-type":"","background-media":"","overlay-type":"","overlay-color":"","overlay-opacity":"","overlay-gradient":""},"mobile":{"background-color":"var(--ast-global-color-4)","background-image":"","background-repeat":"repeat","background-position":"center center","background-size":"auto","background-attachment":"scroll","background-type":"","background-media":"","overlay-type":"","overlay-color":"","overlay-opacity":"","overlay-gradient":""}}},"product_brand":[],"product_cat":[16,634],"product_tag":[],"class_list":{"0":"post-1554","1":"product","2":"type-product","3":"status-publish","4":"has-post-thumbnail","6":"product_cat-tout","7":"product_cat-pompe-et-pulverisateur","8":"desktop-align-left","9":"tablet-align-left","10":"mobile-align-left","12":"first","13":"instock","14":"virtual","15":"product-type-simple"},"acf":[],"_links":{"self":[{"href":"https:\/\/sabatie-produits-entretien.fr\/fr\/wp-json\/wp\/v2\/product\/1554","targetHints":{"allow":["GET"]}}],"collection":[{"href":"https:\/\/sabatie-produits-entretien.fr\/fr\/wp-json\/wp\/v2\/product"}],"about":[{"href":"https:\/\/sabatie-produits-entretien.fr\/fr\/wp-json\/wp\/v2\/types\/product"}],"replies":[{"embeddable":true,"href":"https:\/\/sabatie-produits-entretien.fr\/fr\/wp-json\/wp\/v2\/comments?post=1554"}],"wp:featuredmedia":[{"embeddable":true,"href":"https:\/\/sabatie-produits-entretien.fr\/fr\/wp-json\/wp\/v2\/media\/1597"}],"wp:attachment":[{"href":"https:\/\/sabatie-produits-entretien.fr\/fr\/wp-json\/wp\/v2\/media?parent=1554"}],"wp:term":[{"taxonomy":"product_brand","embeddable":true,"href":"https:\/\/sabatie-produits-entretien.fr\/fr\/wp-json\/wp\/v2\/product_brand?post=1554"},{"taxonomy":"product_cat","embeddable":true,"href":"https:\/\/sabatie-produits-entretien.fr\/fr\/wp-json\/wp\/v2\/product_cat?post=1554"},{"taxonomy":"product_tag","embeddable":true,"href":"https:\/\/sabatie-produits-entretien.fr\/fr\/wp-json\/wp\/v2\/product_tag?post=1554"}],"curies":[{"name":"wp","href":"https:\/\/api.w.org\/{rel}","templated":true}]}}