{"id":1557,"date":"2025-05-05T08:55:49","date_gmt":"2025-05-05T06:55:49","guid":{"rendered":"http:\/\/localhost\/sabatiesarl\/?post_type=product&#038;p=1557"},"modified":"2025-06-11T10:42:54","modified_gmt":"2025-06-11T08:42:54","slug":"0919-brosse-quadro-pro-bleu-25-cm","status":"publish","type":"product","link":"https:\/\/sabatie-produits-entretien.fr\/fr\/produit\/0919-brosse-quadro-pro-bleu-25-cm\/","title":{"rendered":"0919  BROSSE QUADRO PRO BLEU 25 cm"},"content":{"rendered":"<h2>BROSSE QUADRO PRO BLEU 25 cm<\/h2>\n<p>&nbsp;<\/p>\n<h4>Bloc en polypropyl\u00e8ne<\/p>\n<p>Fibres fleur\u00e9es<\/h4>\n<p>&nbsp;<\/p>\n<h4>Dimensions\u00a0 :\u00a0 Longueur des poils sur le c\u00f4t\u00e9\u00a0 :\u00a0 3 cm<\/p>\n<p>Longueur des poils sur les autres c\u00f4t\u00e9s\u00a0 :\u00a0 5 cm<\/h4>\n<p>&nbsp;<\/p>\n<h4>ATTENTION\u00a0 :\u00a0 Temp\u00e9rature maximale de l\u2019eau\u00a0 :\u00a0 40\u00b0<\/h4>\n<p>&nbsp;<\/p>\n<h4>Composition\u00a0 :\u00a0 Chaque brosse se compose de plus de 50 000 fibres, pour une tr\u00e8s grande long\u00e9vit\u00e9.<\/h4>\n<p>&nbsp;<\/p>\n<h4>Avantages\u00a0 :\u00a0 Les c\u00f4t\u00e9s fibr\u00e9s de la brosse QUADRO offrent une surface tr\u00e8s douce et tr\u00e8s dense pour un nettoyage efficace, qui ne griffera m\u00eame pas la carrosserie la plus fragile.<\/p>\n<p>Les fibres sont fleur\u00e9es pour plus de douceur.<\/p>\n<p>Bonne r\u00e9sistance aux produits chimiques.<\/h4>\n<h4><\/h4>\n<p>&nbsp;<\/p>\n<ul>\n<li>\n<h4><strong>S\u2019adapte sur les\u00a0 Manches\u00a0 : r\u00e9f\u00e9rences\u00a0 09185, 0930, 0932, 09205, 0920, 0922<\/p>\n<p><\/strong><\/h4>\n<\/li>\n<\/ul>\n<p>&nbsp;<\/p>\n<ul>\n<li><a href=\"http:\/\/sabatie-produits-entretien.fr\/fr\/wp-content\/uploads\/2017\/07\/0919-Fiche-technique-quadro-600.000.009.pdf\" target=\"_blank\" rel=\"noopener noreferrer\">FICHE TECHNIQUE<\/a><\/li>\n<\/ul>\n","protected":false},"excerpt":{"rendered":"<p>BROSSE QUADRO PRO BLEU 25 cm &nbsp; Bloc en polypropyl\u00e8ne Fibres fleur\u00e9es &nbsp; Dimensions\u00a0 :\u00a0 Longueur des poils sur le [&hellip;]<\/p>\n","protected":false},"featured_media":1601,"comment_status":"closed","ping_status":"closed","template":"","meta":{"_acf_changed":false,"site-sidebar-layout":"default","site-content-layout":"","ast-site-content-layout":"default","site-content-style":"default","site-sidebar-style":"default","ast-global-header-display":"","ast-banner-title-visibility":"","ast-main-header-display":"","ast-hfb-above-header-display":"","ast-hfb-below-header-display":"","ast-hfb-mobile-header-display":"","site-post-title":"","ast-breadcrumbs-content":"","ast-featured-img":"","footer-sml-layout":"","ast-disable-related-posts":"","theme-transparent-header-meta":"","adv-header-id-meta":"","stick-header-meta":"","header-above-stick-meta":"","header-main-stick-meta":"","header-below-stick-meta":"","astra-migrate-meta-layouts":"default","ast-page-background-enabled":"default","ast-page-background-meta":{"desktop":{"background-color":"var(--ast-global-color-5)","background-image":"","background-repeat":"repeat","background-position":"center center","background-size":"auto","background-attachment":"scroll","background-type":"","background-media":"","overlay-type":"","overlay-color":"","overlay-opacity":"","overlay-gradient":""},"tablet":{"background-color":"","background-image":"","background-repeat":"repeat","background-position":"center center","background-size":"auto","background-attachment":"scroll","background-type":"","background-media":"","overlay-type":"","overlay-color":"","overlay-opacity":"","overlay-gradient":""},"mobile":{"background-color":"","background-image":"","background-repeat":"repeat","background-position":"center center","background-size":"auto","background-attachment":"scroll","background-type":"","background-media":"","overlay-type":"","overlay-color":"","overlay-opacity":"","overlay-gradient":""}},"ast-content-background-meta":{"desktop":{"background-color":"var(--ast-global-color-4)","background-image":"","background-repeat":"repeat","background-position":"center center","background-size":"auto","background-attachment":"scroll","background-type":"","background-media":"","overlay-type":"","overlay-color":"","overlay-opacity":"","overlay-gradient":""},"tablet":{"background-color":"var(--ast-global-color-4)","background-image":"","background-repeat":"repeat","background-position":"center center","background-size":"auto","background-attachment":"scroll","background-type":"","background-media":"","overlay-type":"","overlay-color":"","overlay-opacity":"","overlay-gradient":""},"mobile":{"background-color":"var(--ast-global-color-4)","background-image":"","background-repeat":"repeat","background-position":"center center","background-size":"auto","background-attachment":"scroll","background-type":"","background-media":"","overlay-type":"","overlay-color":"","overlay-opacity":"","overlay-gradient":""}}},"product_brand":[],"product_cat":[636,16],"product_tag":[],"class_list":{"0":"post-1557","1":"product","2":"type-product","3":"status-publish","4":"has-post-thumbnail","6":"product_cat-automobile","7":"product_cat-tout","8":"desktop-align-left","9":"tablet-align-left","10":"mobile-align-left","12":"first","13":"instock","14":"virtual","15":"product-type-simple"},"acf":[],"_links":{"self":[{"href":"https:\/\/sabatie-produits-entretien.fr\/fr\/wp-json\/wp\/v2\/product\/1557","targetHints":{"allow":["GET"]}}],"collection":[{"href":"https:\/\/sabatie-produits-entretien.fr\/fr\/wp-json\/wp\/v2\/product"}],"about":[{"href":"https:\/\/sabatie-produits-entretien.fr\/fr\/wp-json\/wp\/v2\/types\/product"}],"replies":[{"embeddable":true,"href":"https:\/\/sabatie-produits-entretien.fr\/fr\/wp-json\/wp\/v2\/comments?post=1557"}],"wp:featuredmedia":[{"embeddable":true,"href":"https:\/\/sabatie-produits-entretien.fr\/fr\/wp-json\/wp\/v2\/media\/1601"}],"wp:attachment":[{"href":"https:\/\/sabatie-produits-entretien.fr\/fr\/wp-json\/wp\/v2\/media?parent=1557"}],"wp:term":[{"taxonomy":"product_brand","embeddable":true,"href":"https:\/\/sabatie-produits-entretien.fr\/fr\/wp-json\/wp\/v2\/product_brand?post=1557"},{"taxonomy":"product_cat","embeddable":true,"href":"https:\/\/sabatie-produits-entretien.fr\/fr\/wp-json\/wp\/v2\/product_cat?post=1557"},{"taxonomy":"product_tag","embeddable":true,"href":"https:\/\/sabatie-produits-entretien.fr\/fr\/wp-json\/wp\/v2\/product_tag?post=1557"}],"curies":[{"name":"wp","href":"https:\/\/api.w.org\/{rel}","templated":true}]}}