{"id":1580,"date":"2025-05-05T08:56:11","date_gmt":"2025-05-05T06:56:11","guid":{"rendered":"http:\/\/localhost\/sabatiesarl\/?post_type=product&#038;p=1580"},"modified":"2025-06-11T01:45:06","modified_gmt":"2025-06-10T23:45:06","slug":"09165-eponge-anti-suie","status":"publish","type":"product","link":"https:\/\/sabatie-produits-entretien.fr\/fr\/produit\/09165-eponge-anti-suie\/","title":{"rendered":"09165 \u00c9PONGE ANTI-SUIE"},"content":{"rendered":"<h2>\u00c9PONGE ANTI-SUIE<\/h2>\n<p>&nbsp;<\/p>\n<ul>\n<li>\n<h3>Sp\u00e9cialement con\u00e7ue pour le nettoyage apr\u00e8s incendie<\/h3>\n<\/li>\n<li>\n<h3>Enl\u00e8ve \u00e0 sec la poussi\u00e8re et les particules de suie<\/h3>\n<\/li>\n<\/ul>\n<h4><\/h4>\n<p>&nbsp;<\/p>\n<h4>Domaines d&rsquo;utilisation :<\/h4>\n<ul>\n<li>\n<h4>Papiers peints, murs, rev\u00eatements textiles, stores v\u00e9nitiens, chapeaux d\u2019abat-jour, v\u00eatements textiles, mobilier, archives,<\/h4>\n<h4>doubles rideaux, plafonds, dalles faux plafonds, bouches de ventilation, \u00e9crans de t\u00e9l\u00e9visions et d\u2019ordinateurs, \u2026<\/h4>\n<h4>\u00c9galement id\u00e9al pour enlever les poils d\u2019animaux.<\/h4>\n<\/li>\n<\/ul>\n<h4><\/h4>\n<p>&nbsp;<\/p>\n<h4>Utilisation :<\/h4>\n<ul>\n<li>\n<h4>S\u2019utilise comme une gomme<\/h4>\n<\/li>\n<li>\n<h4>Toujours utiliser \u00e0 sec<\/h4>\n<\/li>\n<li>\n<h4>\u00c9viter les pressions excessives<\/h4>\n<\/li>\n<li>\n<h4>Possibilit\u00e9 de la couper, afin de se procurer de nouvelles surfaces de nettoyage<\/h4>\n<\/li>\n<\/ul>\n<h4><\/h4>\n<p>&nbsp;<\/p>\n<ul>\n<li>\n<h4>Composition\u00a0 :\u00a0 caoutchouc naturel<\/h4>\n<\/li>\n<\/ul>\n<h4><\/h4>\n<ul>\n<li>\n<h4>Poids\u00a0 :\u00a0 145 grammes<\/h4>\n<\/li>\n<\/ul>\n<h4><\/h4>\n<ul>\n<li>\n<h4>Dimensions\u00a0 :\u00a0 15 x 7,5 x 4,5 cm<\/h4>\n<\/li>\n<\/ul>\n<h4><\/h4>\n<p>&nbsp;<\/p>\n<ul>\n<li>\n<h4>Conditionnement\u00a0 :\u00a0 l&rsquo;unit\u00e9 sous film plastique<\/h4>\n<\/li>\n<\/ul>\n<p>&nbsp;<\/p>\n<ul>\n<li><a href=\"http:\/\/sabatie-produits-entretien.fr\/fr\/wp-content\/uploads\/2017\/07\/09165-FT-EPONGE-ANTI-SUIE.pdf\" target=\"_blank\" rel=\"noopener noreferrer\">FICHE TECHNIQUE<\/a><\/li>\n<\/ul>\n<p>&nbsp;<\/p>\n","protected":false},"excerpt":{"rendered":"<h3>De Witte<\/h3>\n","protected":false},"featured_media":1622,"comment_status":"closed","ping_status":"closed","template":"","meta":{"_acf_changed":false,"site-sidebar-layout":"default","site-content-layout":"","ast-site-content-layout":"default","site-content-style":"default","site-sidebar-style":"default","ast-global-header-display":"","ast-banner-title-visibility":"","ast-main-header-display":"","ast-hfb-above-header-display":"","ast-hfb-below-header-display":"","ast-hfb-mobile-header-display":"","site-post-title":"","ast-breadcrumbs-content":"","ast-featured-img":"","footer-sml-layout":"","ast-disable-related-posts":"","theme-transparent-header-meta":"","adv-header-id-meta":"","stick-header-meta":"","header-above-stick-meta":"","header-main-stick-meta":"","header-below-stick-meta":"","astra-migrate-meta-layouts":"default","ast-page-background-enabled":"default","ast-page-background-meta":{"desktop":{"background-color":"var(--ast-global-color-5)","background-image":"","background-repeat":"repeat","background-position":"center center","background-size":"auto","background-attachment":"scroll","background-type":"","background-media":"","overlay-type":"","overlay-color":"","overlay-opacity":"","overlay-gradient":""},"tablet":{"background-color":"","background-image":"","background-repeat":"repeat","background-position":"center center","background-size":"auto","background-attachment":"scroll","background-type":"","background-media":"","overlay-type":"","overlay-color":"","overlay-opacity":"","overlay-gradient":""},"mobile":{"background-color":"","background-image":"","background-repeat":"repeat","background-position":"center center","background-size":"auto","background-attachment":"scroll","background-type":"","background-media":"","overlay-type":"","overlay-color":"","overlay-opacity":"","overlay-gradient":""}},"ast-content-background-meta":{"desktop":{"background-color":"var(--ast-global-color-4)","background-image":"","background-repeat":"repeat","background-position":"center center","background-size":"auto","background-attachment":"scroll","background-type":"","background-media":"","overlay-type":"","overlay-color":"","overlay-opacity":"","overlay-gradient":""},"tablet":{"background-color":"var(--ast-global-color-4)","background-image":"","background-repeat":"repeat","background-position":"center center","background-size":"auto","background-attachment":"scroll","background-type":"","background-media":"","overlay-type":"","overlay-color":"","overlay-opacity":"","overlay-gradient":""},"mobile":{"background-color":"var(--ast-global-color-4)","background-image":"","background-repeat":"repeat","background-position":"center center","background-size":"auto","background-attachment":"scroll","background-type":"","background-media":"","overlay-type":"","overlay-color":"","overlay-opacity":"","overlay-gradient":""}}},"product_brand":[],"product_cat":[16,667],"product_tag":[483],"class_list":{"0":"post-1580","1":"product","2":"type-product","3":"status-publish","4":"has-post-thumbnail","6":"product_cat-tout","7":"product_cat-eponges","8":"product_tag-eponge-anti-suie-de-witte","9":"desktop-align-left","10":"tablet-align-left","11":"mobile-align-left","13":"first","14":"instock","15":"virtual","16":"product-type-simple"},"acf":[],"_links":{"self":[{"href":"https:\/\/sabatie-produits-entretien.fr\/fr\/wp-json\/wp\/v2\/product\/1580","targetHints":{"allow":["GET"]}}],"collection":[{"href":"https:\/\/sabatie-produits-entretien.fr\/fr\/wp-json\/wp\/v2\/product"}],"about":[{"href":"https:\/\/sabatie-produits-entretien.fr\/fr\/wp-json\/wp\/v2\/types\/product"}],"replies":[{"embeddable":true,"href":"https:\/\/sabatie-produits-entretien.fr\/fr\/wp-json\/wp\/v2\/comments?post=1580"}],"wp:featuredmedia":[{"embeddable":true,"href":"https:\/\/sabatie-produits-entretien.fr\/fr\/wp-json\/wp\/v2\/media\/1622"}],"wp:attachment":[{"href":"https:\/\/sabatie-produits-entretien.fr\/fr\/wp-json\/wp\/v2\/media?parent=1580"}],"wp:term":[{"taxonomy":"product_brand","embeddable":true,"href":"https:\/\/sabatie-produits-entretien.fr\/fr\/wp-json\/wp\/v2\/product_brand?post=1580"},{"taxonomy":"product_cat","embeddable":true,"href":"https:\/\/sabatie-produits-entretien.fr\/fr\/wp-json\/wp\/v2\/product_cat?post=1580"},{"taxonomy":"product_tag","embeddable":true,"href":"https:\/\/sabatie-produits-entretien.fr\/fr\/wp-json\/wp\/v2\/product_tag?post=1580"}],"curies":[{"name":"wp","href":"https:\/\/api.w.org\/{rel}","templated":true}]}}