{"id":1582,"date":"2025-05-05T08:56:11","date_gmt":"2025-05-05T06:56:11","guid":{"rendered":"http:\/\/localhost\/sabatiesarl\/?post_type=product&#038;p=1582"},"modified":"2025-06-11T10:41:38","modified_gmt":"2025-06-11T08:41:38","slug":"35829-distributeur-papier-toilette-devidage-central-polaris","status":"publish","type":"product","link":"https:\/\/sabatie-produits-entretien.fr\/fr\/produit\/35829-distributeur-papier-toilette-devidage-central-polaris\/","title":{"rendered":"35829 DISTRIBUTEUR PAPIER TOILETTE D\u00e9vidage Central POLARIS"},"content":{"rendered":"<h2><\/h2>\n<h2>DISTRIBUTEUR Papier Toilette D\u00e9vidage Central POLARIS<\/h2>\n<h3>Couleur\u00a0 :\u00a0 bleu<\/h3>\n<p>&nbsp;<\/p>\n<ul>\n<li>\n<h4><span id=\"ctl00_cphProduits_lblDescription\">Le papier toilette \u00e0 d\u00e9vidage central feuille \u00e0 feuille permet de ne prendre que la quantit\u00e9 suffisante de papier toilette, r\u00e9duisant ainsi la consommation, le gaspillage et la maintenance.<\/span><\/h4>\n<\/li>\n<li>\n<h4><span id=\"ctl00_cphProduits_lblDescription\">Id\u00e9al pour les sanitaires \u00e0 fort trafic dans diff\u00e9rents secteurs comme les transports, les parcs de loisir, les \u00e9coles, les h\u00f4pitaux et les brasseries.<\/span><\/h4>\n<\/li>\n<li>\n<h4><span id=\"ctl00_cphProduits_lblDescription\">Rouleau enti\u00e8rement prot\u00e9g\u00e9, l\u2019utilisateur ne touche que la feuille qu\u2019il utilise, ce qui \u00e9vite les risques de contamination crois\u00e9e.<\/p>\n<p><\/span><\/h4>\n<\/li>\n<li>\n<h4><span id=\"ctl00_cphProduits_lblDescription\">Distributeur compl\u00e8tement ferm\u00e9 qui \u00e9vite l\u2019insertion d\u2019objets<\/span>.<\/h4>\n<\/li>\n<\/ul>\n<p>&nbsp;<\/p>\n<ul>\n<li>\n<h4><em><strong>Nous vous proposons \u00e9galement le Papier mini toilette adapt\u00e9s (R\u00e9f\u00e9rences : 35011)<\/strong><\/em><\/h4>\n<\/li>\n<\/ul>\n<p>&nbsp;<\/p>\n<p>&nbsp;<\/p>\n","protected":false},"excerpt":{"rendered":"<p>DISTRIBUTEUR Papier Toilette D\u00e9vidage Central POLARIS Couleur\u00a0 :\u00a0 bleu &nbsp; Le papier toilette \u00e0 d\u00e9vidage central feuille \u00e0 feuille permet [&hellip;]<\/p>\n","protected":false},"featured_media":1624,"comment_status":"closed","ping_status":"closed","template":"","meta":{"_acf_changed":false,"site-sidebar-layout":"default","site-content-layout":"","ast-site-content-layout":"default","site-content-style":"default","site-sidebar-style":"default","ast-global-header-display":"","ast-banner-title-visibility":"","ast-main-header-display":"","ast-hfb-above-header-display":"","ast-hfb-below-header-display":"","ast-hfb-mobile-header-display":"","site-post-title":"","ast-breadcrumbs-content":"","ast-featured-img":"","footer-sml-layout":"","ast-disable-related-posts":"","theme-transparent-header-meta":"","adv-header-id-meta":"","stick-header-meta":"","header-above-stick-meta":"","header-main-stick-meta":"","header-below-stick-meta":"","astra-migrate-meta-layouts":"default","ast-page-background-enabled":"default","ast-page-background-meta":{"desktop":{"background-color":"var(--ast-global-color-5)","background-image":"","background-repeat":"repeat","background-position":"center center","background-size":"auto","background-attachment":"scroll","background-type":"","background-media":"","overlay-type":"","overlay-color":"","overlay-opacity":"","overlay-gradient":""},"tablet":{"background-color":"","background-image":"","background-repeat":"repeat","background-position":"center center","background-size":"auto","background-attachment":"scroll","background-type":"","background-media":"","overlay-type":"","overlay-color":"","overlay-opacity":"","overlay-gradient":""},"mobile":{"background-color":"","background-image":"","background-repeat":"repeat","background-position":"center center","background-size":"auto","background-attachment":"scroll","background-type":"","background-media":"","overlay-type":"","overlay-color":"","overlay-opacity":"","overlay-gradient":""}},"ast-content-background-meta":{"desktop":{"background-color":"var(--ast-global-color-4)","background-image":"","background-repeat":"repeat","background-position":"center center","background-size":"auto","background-attachment":"scroll","background-type":"","background-media":"","overlay-type":"","overlay-color":"","overlay-opacity":"","overlay-gradient":""},"tablet":{"background-color":"var(--ast-global-color-4)","background-image":"","background-repeat":"repeat","background-position":"center center","background-size":"auto","background-attachment":"scroll","background-type":"","background-media":"","overlay-type":"","overlay-color":"","overlay-opacity":"","overlay-gradient":""},"mobile":{"background-color":"var(--ast-global-color-4)","background-image":"","background-repeat":"repeat","background-position":"center center","background-size":"auto","background-attachment":"scroll","background-type":"","background-media":"","overlay-type":"","overlay-color":"","overlay-opacity":"","overlay-gradient":""}}},"product_brand":[],"product_cat":[607,16],"product_tag":[],"class_list":{"0":"post-1582","1":"product","2":"type-product","3":"status-publish","4":"has-post-thumbnail","6":"product_cat-papier-hygienique-distributeur","7":"product_cat-tout","8":"desktop-align-left","9":"tablet-align-left","10":"mobile-align-left","12":"first","13":"instock","14":"virtual","15":"product-type-simple"},"acf":[],"_links":{"self":[{"href":"https:\/\/sabatie-produits-entretien.fr\/fr\/wp-json\/wp\/v2\/product\/1582","targetHints":{"allow":["GET"]}}],"collection":[{"href":"https:\/\/sabatie-produits-entretien.fr\/fr\/wp-json\/wp\/v2\/product"}],"about":[{"href":"https:\/\/sabatie-produits-entretien.fr\/fr\/wp-json\/wp\/v2\/types\/product"}],"replies":[{"embeddable":true,"href":"https:\/\/sabatie-produits-entretien.fr\/fr\/wp-json\/wp\/v2\/comments?post=1582"}],"wp:featuredmedia":[{"embeddable":true,"href":"https:\/\/sabatie-produits-entretien.fr\/fr\/wp-json\/wp\/v2\/media\/1624"}],"wp:attachment":[{"href":"https:\/\/sabatie-produits-entretien.fr\/fr\/wp-json\/wp\/v2\/media?parent=1582"}],"wp:term":[{"taxonomy":"product_brand","embeddable":true,"href":"https:\/\/sabatie-produits-entretien.fr\/fr\/wp-json\/wp\/v2\/product_brand?post=1582"},{"taxonomy":"product_cat","embeddable":true,"href":"https:\/\/sabatie-produits-entretien.fr\/fr\/wp-json\/wp\/v2\/product_cat?post=1582"},{"taxonomy":"product_tag","embeddable":true,"href":"https:\/\/sabatie-produits-entretien.fr\/fr\/wp-json\/wp\/v2\/product_tag?post=1582"}],"curies":[{"name":"wp","href":"https:\/\/api.w.org\/{rel}","templated":true}]}}