{"id":1587,"date":"2025-05-05T08:56:11","date_gmt":"2025-05-05T06:56:11","guid":{"rendered":"http:\/\/localhost\/sabatiesarl\/?post_type=product&#038;p=1587"},"modified":"2025-11-05T10:30:32","modified_gmt":"2025-11-05T09:30:32","slug":"25002-film-etirable-alimentaire-45cmx300m-boite-distributrice-zipcup","status":"publish","type":"product","link":"https:\/\/sabatie-produits-entretien.fr\/fr\/produit\/25002-film-etirable-alimentaire-45cmx300m-boite-distributrice-zipcup\/","title":{"rendered":"25002 Film \u00c9tirable Alimentaire 45cmx300m Boite Distributrice ZipCup"},"content":{"rendered":"<h2>Film \u00c9tirable Alimentaire 45cmx300m avec Boite Distributrice ZipCup<\/h2>\n<p>&nbsp;<\/p>\n<h4><span class=\"a-list-item\">Le Film \u00c9tirable pr\u00e9serve la fra\u00eecheur, prot\u00e8ge les aliments, conserve les saveurs et am\u00e9liore leur pr\u00e9sentation.<\/span><\/h4>\n<h4><span class=\"a-list-item\"> Utilisable en micro-ondes et en conservation au r\u00e9frig\u00e9rateur, cong\u00e9lateur. <\/span><\/h4>\n<h4><span class=\"a-list-item\">Hygi\u00e9nique, prot\u00e8ge les aliments contre la contamination.<\/span><\/h4>\n<h4>Auto-adh\u00e9rence et bonne soudabilit\u00e9 pour des emballages \u00e9tanches.<\/h4>\n<h4>Bo\u00eete distributrice avec ZipCut : pour une d\u00e9coupe facile et r\u00e9guli\u00e8re sans gaspillage du film.<\/h4>\n<h4 id=\"short_description_content\" class=\"rte align_justify\">Dimensions\u00a0 :\u00a0 45 cm x 300 m<\/h4>\n<p>&nbsp;<\/p>\n<h4>Conditionnement<\/h4>\n<ul>\n<li>\n<h4>la boite de film<\/h4>\n<\/li>\n<li>\n<h4>carton de 6 boites de film<\/h4>\n<\/li>\n<\/ul>\n<p>&nbsp;<\/p>\n<ul>\n<li><a href=\"http:\/\/sabatie-produits-entretien.fr\/fr\/wp-content\/uploads\/2017\/07\/ALUPLAST-FT-25002-FILM-45.pdf\" target=\"_blank\" rel=\"noopener noreferrer\">FICHE TECHNIQUE<\/a><\/li>\n<\/ul>\n","protected":false},"excerpt":{"rendered":"<p>Film \u00c9tirable Alimentaire 45cmx300m avec Boite Distributrice ZipCup &nbsp; Le Film \u00c9tirable pr\u00e9serve la fra\u00eecheur, prot\u00e8ge les aliments, conserve les [&hellip;]<\/p>\n","protected":false},"featured_media":1641,"comment_status":"open","ping_status":"closed","template":"","meta":{"_acf_changed":false,"site-sidebar-layout":"default","site-content-layout":"","ast-site-content-layout":"default","site-content-style":"default","site-sidebar-style":"default","ast-global-header-display":"","ast-banner-title-visibility":"","ast-main-header-display":"","ast-hfb-above-header-display":"","ast-hfb-below-header-display":"","ast-hfb-mobile-header-display":"","site-post-title":"","ast-breadcrumbs-content":"","ast-featured-img":"","footer-sml-layout":"","ast-disable-related-posts":"","theme-transparent-header-meta":"","adv-header-id-meta":"","stick-header-meta":"","header-above-stick-meta":"","header-main-stick-meta":"","header-below-stick-meta":"","astra-migrate-meta-layouts":"default","ast-page-background-enabled":"default","ast-page-background-meta":{"desktop":{"background-color":"var(--ast-global-color-5)","background-image":"","background-repeat":"repeat","background-position":"center center","background-size":"auto","background-attachment":"scroll","background-type":"","background-media":"","overlay-type":"","overlay-color":"","overlay-opacity":"","overlay-gradient":""},"tablet":{"background-color":"","background-image":"","background-repeat":"repeat","background-position":"center center","background-size":"auto","background-attachment":"scroll","background-type":"","background-media":"","overlay-type":"","overlay-color":"","overlay-opacity":"","overlay-gradient":""},"mobile":{"background-color":"","background-image":"","background-repeat":"repeat","background-position":"center center","background-size":"auto","background-attachment":"scroll","background-type":"","background-media":"","overlay-type":"","overlay-color":"","overlay-opacity":"","overlay-gradient":""}},"ast-content-background-meta":{"desktop":{"background-color":"var(--ast-global-color-4)","background-image":"","background-repeat":"repeat","background-position":"center center","background-size":"auto","background-attachment":"scroll","background-type":"","background-media":"","overlay-type":"","overlay-color":"","overlay-opacity":"","overlay-gradient":""},"tablet":{"background-color":"var(--ast-global-color-4)","background-image":"","background-repeat":"repeat","background-position":"center center","background-size":"auto","background-attachment":"scroll","background-type":"","background-media":"","overlay-type":"","overlay-color":"","overlay-opacity":"","overlay-gradient":""},"mobile":{"background-color":"var(--ast-global-color-4)","background-image":"","background-repeat":"repeat","background-position":"center center","background-size":"auto","background-attachment":"scroll","background-type":"","background-media":"","overlay-type":"","overlay-color":"","overlay-opacity":"","overlay-gradient":""}}},"product_brand":[],"product_cat":[619,682,16],"product_tag":[],"class_list":{"0":"post-1587","1":"product","2":"type-product","3":"status-publish","4":"has-post-thumbnail","6":"product_cat-produits-cuisine","7":"product_cat-rouleau-alu-film-papier-cuisson-sac-congelation","8":"product_cat-tout","9":"desktop-align-left","10":"tablet-align-left","11":"mobile-align-left","13":"first","14":"instock","15":"virtual","16":"product-type-simple"},"acf":[],"_links":{"self":[{"href":"https:\/\/sabatie-produits-entretien.fr\/fr\/wp-json\/wp\/v2\/product\/1587","targetHints":{"allow":["GET"]}}],"collection":[{"href":"https:\/\/sabatie-produits-entretien.fr\/fr\/wp-json\/wp\/v2\/product"}],"about":[{"href":"https:\/\/sabatie-produits-entretien.fr\/fr\/wp-json\/wp\/v2\/types\/product"}],"replies":[{"embeddable":true,"href":"https:\/\/sabatie-produits-entretien.fr\/fr\/wp-json\/wp\/v2\/comments?post=1587"}],"wp:featuredmedia":[{"embeddable":true,"href":"https:\/\/sabatie-produits-entretien.fr\/fr\/wp-json\/wp\/v2\/media\/1641"}],"wp:attachment":[{"href":"https:\/\/sabatie-produits-entretien.fr\/fr\/wp-json\/wp\/v2\/media?parent=1587"}],"wp:term":[{"taxonomy":"product_brand","embeddable":true,"href":"https:\/\/sabatie-produits-entretien.fr\/fr\/wp-json\/wp\/v2\/product_brand?post=1587"},{"taxonomy":"product_cat","embeddable":true,"href":"https:\/\/sabatie-produits-entretien.fr\/fr\/wp-json\/wp\/v2\/product_cat?post=1587"},{"taxonomy":"product_tag","embeddable":true,"href":"https:\/\/sabatie-produits-entretien.fr\/fr\/wp-json\/wp\/v2\/product_tag?post=1587"}],"curies":[{"name":"wp","href":"https:\/\/api.w.org\/{rel}","templated":true}]}}