{"id":1589,"date":"2025-05-05T08:56:11","date_gmt":"2025-05-05T06:56:11","guid":{"rendered":"http:\/\/localhost\/sabatiesarl\/?post_type=product&#038;p=1589"},"modified":"2025-11-05T10:31:02","modified_gmt":"2025-11-05T09:31:02","slug":"25004-papier-aluminium-alimentaire-45cmx200m-boite-distributrice","status":"publish","type":"product","link":"https:\/\/sabatie-produits-entretien.fr\/fr\/produit\/25004-papier-aluminium-alimentaire-45cmx200m-boite-distributrice\/","title":{"rendered":"25004 Papier Aluminium Alimentaire 45cmx200m Boite Distributrice"},"content":{"rendered":"<h1 class=\"clear-init\">Papier Aluminium Alimentaire 45 cm x 200 m avec Bo\u00eete Distributrice<\/h1>\n<p>&nbsp;<\/p>\n<h4><span class=\"a-list-item\">Il est id\u00e9al pour emballer les aliments, afin de les prot\u00e9ger pendant ou apr\u00e8s la cuisson, pour la conservation, la protection et la cuisson des aliments. <\/span><\/h4>\n<h4><span class=\"a-list-item\">R\u00e9siste au froid et \u00e0 la chaleur.<\/span><\/h4>\n<h4>L&rsquo;aluminium prot\u00e8ge les produits de la lumi\u00e8re gr\u00e2ce \u00e0 sa couleur opaque, il \u00e9vite une coloration excessive de vos pr\u00e9parations au four, en fin de cuisson et il prot\u00e8ge la grille de votre barbecue ou de votre four.<\/h4>\n<h4>Conditionn\u00e9 en bo\u00eete distributrice, ce rouleau d&rsquo;aluminium est id\u00e9al pour emballer les produits sensibles \u00e0 l&rsquo;air et \u00e0 l&rsquo;humidit\u00e9, qui n&rsquo;ont pas forc\u00e9ment besoin d&rsquo;\u00eatre plac\u00e9s au r\u00e9frig\u00e9rateur (g\u00e2teaux secs&#8230;).<\/h4>\n<h4>Pratique : D\u00e9coupez facilement gr\u00e2ce \u00e0 la scie de d\u00e9coupe, qui se trouve dans le tube du rouleau.<\/h4>\n<h4 id=\"short_description_content\" class=\"rte align_justify\">Dimensions\u00a0 :\u00a0 45 cm x 300 m<\/h4>\n<p>&nbsp;<\/p>\n<h4>Conditionnement\u00a0 :<\/h4>\n<ul>\n<li>\n<h4>la boite de Papier Aluminium<\/h4>\n<\/li>\n<li>\n<h4>carton de 6 boites de Papier Aluminium<\/h4>\n<\/li>\n<\/ul>\n<p>&nbsp;<\/p>\n<ul>\n<li><a href=\"http:\/\/sabatie-produits-entretien.fr\/fr\/wp-content\/uploads\/2017\/07\/ALUPLAST-FT-25004-ALU-45.pdf\" target=\"_blank\" rel=\"noopener noreferrer\">FICHE TECHNIQUE<\/a><\/li>\n<\/ul>\n","protected":false},"excerpt":{"rendered":"<p>Papier Aluminium Alimentaire 45 cm x 200 m avec Bo\u00eete Distributrice &nbsp; Il est id\u00e9al pour emballer les aliments, afin [&hellip;]<\/p>\n","protected":false},"featured_media":1643,"comment_status":"open","ping_status":"closed","template":"","meta":{"_acf_changed":false,"site-sidebar-layout":"default","site-content-layout":"","ast-site-content-layout":"default","site-content-style":"default","site-sidebar-style":"default","ast-global-header-display":"","ast-banner-title-visibility":"","ast-main-header-display":"","ast-hfb-above-header-display":"","ast-hfb-below-header-display":"","ast-hfb-mobile-header-display":"","site-post-title":"","ast-breadcrumbs-content":"","ast-featured-img":"","footer-sml-layout":"","ast-disable-related-posts":"","theme-transparent-header-meta":"","adv-header-id-meta":"","stick-header-meta":"","header-above-stick-meta":"","header-main-stick-meta":"","header-below-stick-meta":"","astra-migrate-meta-layouts":"default","ast-page-background-enabled":"default","ast-page-background-meta":{"desktop":{"background-color":"var(--ast-global-color-5)","background-image":"","background-repeat":"repeat","background-position":"center center","background-size":"auto","background-attachment":"scroll","background-type":"","background-media":"","overlay-type":"","overlay-color":"","overlay-opacity":"","overlay-gradient":""},"tablet":{"background-color":"","background-image":"","background-repeat":"repeat","background-position":"center center","background-size":"auto","background-attachment":"scroll","background-type":"","background-media":"","overlay-type":"","overlay-color":"","overlay-opacity":"","overlay-gradient":""},"mobile":{"background-color":"","background-image":"","background-repeat":"repeat","background-position":"center center","background-size":"auto","background-attachment":"scroll","background-type":"","background-media":"","overlay-type":"","overlay-color":"","overlay-opacity":"","overlay-gradient":""}},"ast-content-background-meta":{"desktop":{"background-color":"var(--ast-global-color-4)","background-image":"","background-repeat":"repeat","background-position":"center center","background-size":"auto","background-attachment":"scroll","background-type":"","background-media":"","overlay-type":"","overlay-color":"","overlay-opacity":"","overlay-gradient":""},"tablet":{"background-color":"var(--ast-global-color-4)","background-image":"","background-repeat":"repeat","background-position":"center center","background-size":"auto","background-attachment":"scroll","background-type":"","background-media":"","overlay-type":"","overlay-color":"","overlay-opacity":"","overlay-gradient":""},"mobile":{"background-color":"var(--ast-global-color-4)","background-image":"","background-repeat":"repeat","background-position":"center center","background-size":"auto","background-attachment":"scroll","background-type":"","background-media":"","overlay-type":"","overlay-color":"","overlay-opacity":"","overlay-gradient":""}}},"product_brand":[],"product_cat":[16,619,682],"product_tag":[487,489],"class_list":{"0":"post-1589","1":"product","2":"type-product","3":"status-publish","4":"has-post-thumbnail","6":"product_cat-tout","7":"product_cat-produits-cuisine","8":"product_cat-rouleau-alu-film-papier-cuisson-sac-congelation","9":"product_tag-aluplast","10":"product_tag-papier-aluminium-alimentaire-45x200-boite-distributrice","11":"desktop-align-left","12":"tablet-align-left","13":"mobile-align-left","15":"first","16":"instock","17":"virtual","18":"product-type-simple"},"acf":[],"_links":{"self":[{"href":"https:\/\/sabatie-produits-entretien.fr\/fr\/wp-json\/wp\/v2\/product\/1589","targetHints":{"allow":["GET"]}}],"collection":[{"href":"https:\/\/sabatie-produits-entretien.fr\/fr\/wp-json\/wp\/v2\/product"}],"about":[{"href":"https:\/\/sabatie-produits-entretien.fr\/fr\/wp-json\/wp\/v2\/types\/product"}],"replies":[{"embeddable":true,"href":"https:\/\/sabatie-produits-entretien.fr\/fr\/wp-json\/wp\/v2\/comments?post=1589"}],"wp:featuredmedia":[{"embeddable":true,"href":"https:\/\/sabatie-produits-entretien.fr\/fr\/wp-json\/wp\/v2\/media\/1643"}],"wp:attachment":[{"href":"https:\/\/sabatie-produits-entretien.fr\/fr\/wp-json\/wp\/v2\/media?parent=1589"}],"wp:term":[{"taxonomy":"product_brand","embeddable":true,"href":"https:\/\/sabatie-produits-entretien.fr\/fr\/wp-json\/wp\/v2\/product_brand?post=1589"},{"taxonomy":"product_cat","embeddable":true,"href":"https:\/\/sabatie-produits-entretien.fr\/fr\/wp-json\/wp\/v2\/product_cat?post=1589"},{"taxonomy":"product_tag","embeddable":true,"href":"https:\/\/sabatie-produits-entretien.fr\/fr\/wp-json\/wp\/v2\/product_tag?post=1589"}],"curies":[{"name":"wp","href":"https:\/\/api.w.org\/{rel}","templated":true}]}}