{"id":1609,"date":"2025-05-05T08:56:36","date_gmt":"2025-05-05T06:56:36","guid":{"rendered":"http:\/\/localhost\/sabatiesarl\/?post_type=product&#038;p=1609"},"modified":"2025-05-05T08:57:13","modified_gmt":"2025-05-05T06:57:13","slug":"1527-aerosol-nettoyant-ecran-king-400-ml","status":"publish","type":"product","link":"https:\/\/sabatie-produits-entretien.fr\/fr\/produit\/1527-aerosol-nettoyant-ecran-king-400-ml\/","title":{"rendered":"1527 A\u00c9ROSOL NETTOYANT \u00c9CRAN KING  400 ml"},"content":{"rendered":"<h2>A\u00c9ROSOL NETTOYANT \u00c9CRAN KING 400 ml<\/h2>\n<p>&nbsp;<\/p>\n<ul>\n<li>\n<h3>Produit sp\u00e9cialement con\u00e7u pour l&rsquo;entretien r\u00e9gulier des \u00e9crans (cathodique, LCD, plasma), claviers, tours d&rsquo;ordinateurs, surfaces plastifi\u00e9es, t\u00e9l\u00e9phones, appareils photos, etc.<\/h3>\n<\/li>\n<li>\n<h3>Agr\u00e9ablement parfum\u00e9 \u00e0 pomme verte.<\/h3>\n<\/li>\n<li>\n<h3>Ses propri\u00e9t\u00e9s anti-statiques emp\u00eachent la red\u00e9position trop rapide de la poussi\u00e8re.<\/h3>\n<\/li>\n<\/ul>\n<p>&nbsp;<\/p>\n<h4>CONDITIONNEMENT<\/h4>\n<ul>\n<li>\n<h4>a\u00e9rosol 400 ml<\/h4>\n<\/li>\n<li>\n<h4>carton 12 x 400 ml<\/h4>\n<\/li>\n<\/ul>\n<p>&nbsp;<\/p>\n<ul>\n<li><a href=\"http:\/\/sabatie-produits-entretien.fr\/fr\/wp-content\/uploads\/2017\/10\/A02169_FR.pdf\">FICHE TECHNIQUE<\/a><\/li>\n<\/ul>\n","protected":false},"excerpt":{"rendered":"<p>A\u00c9ROSOL NETTOYANT \u00c9CRAN KING 400 ml &nbsp; Produit sp\u00e9cialement con\u00e7u pour l&rsquo;entretien r\u00e9gulier des \u00e9crans (cathodique, LCD, plasma), claviers, tours [&hellip;]<\/p>\n","protected":false},"featured_media":1650,"comment_status":"open","ping_status":"closed","template":"","meta":{"_acf_changed":false,"site-sidebar-layout":"default","site-content-layout":"","ast-site-content-layout":"default","site-content-style":"default","site-sidebar-style":"default","ast-global-header-display":"","ast-banner-title-visibility":"","ast-main-header-display":"","ast-hfb-above-header-display":"","ast-hfb-below-header-display":"","ast-hfb-mobile-header-display":"","site-post-title":"","ast-breadcrumbs-content":"","ast-featured-img":"","footer-sml-layout":"","ast-disable-related-posts":"","theme-transparent-header-meta":"","adv-header-id-meta":"","stick-header-meta":"","header-above-stick-meta":"","header-main-stick-meta":"","header-below-stick-meta":"","astra-migrate-meta-layouts":"default","ast-page-background-enabled":"default","ast-page-background-meta":{"desktop":{"background-color":"var(--ast-global-color-5)","background-image":"","background-repeat":"repeat","background-position":"center center","background-size":"auto","background-attachment":"scroll","background-type":"","background-media":"","overlay-type":"","overlay-color":"","overlay-opacity":"","overlay-gradient":""},"tablet":{"background-color":"","background-image":"","background-repeat":"repeat","background-position":"center center","background-size":"auto","background-attachment":"scroll","background-type":"","background-media":"","overlay-type":"","overlay-color":"","overlay-opacity":"","overlay-gradient":""},"mobile":{"background-color":"","background-image":"","background-repeat":"repeat","background-position":"center center","background-size":"auto","background-attachment":"scroll","background-type":"","background-media":"","overlay-type":"","overlay-color":"","overlay-opacity":"","overlay-gradient":""}},"ast-content-background-meta":{"desktop":{"background-color":"var(--ast-global-color-4)","background-image":"","background-repeat":"repeat","background-position":"center center","background-size":"auto","background-attachment":"scroll","background-type":"","background-media":"","overlay-type":"","overlay-color":"","overlay-opacity":"","overlay-gradient":""},"tablet":{"background-color":"var(--ast-global-color-4)","background-image":"","background-repeat":"repeat","background-position":"center center","background-size":"auto","background-attachment":"scroll","background-type":"","background-media":"","overlay-type":"","overlay-color":"","overlay-opacity":"","overlay-gradient":""},"mobile":{"background-color":"var(--ast-global-color-4)","background-image":"","background-repeat":"repeat","background-position":"center center","background-size":"auto","background-attachment":"scroll","background-type":"","background-media":"","overlay-type":"","overlay-color":"","overlay-opacity":"","overlay-gradient":""}}},"product_brand":[],"product_cat":[16],"product_tag":[497],"class_list":{"0":"post-1609","1":"product","2":"type-product","3":"status-publish","4":"has-post-thumbnail","6":"product_cat-tout","7":"product_tag-aerosol-nettoyant-ecran-king","8":"desktop-align-left","9":"tablet-align-left","10":"mobile-align-left","12":"first","13":"instock","14":"virtual","15":"product-type-simple"},"acf":[],"_links":{"self":[{"href":"https:\/\/sabatie-produits-entretien.fr\/fr\/wp-json\/wp\/v2\/product\/1609","targetHints":{"allow":["GET"]}}],"collection":[{"href":"https:\/\/sabatie-produits-entretien.fr\/fr\/wp-json\/wp\/v2\/product"}],"about":[{"href":"https:\/\/sabatie-produits-entretien.fr\/fr\/wp-json\/wp\/v2\/types\/product"}],"replies":[{"embeddable":true,"href":"https:\/\/sabatie-produits-entretien.fr\/fr\/wp-json\/wp\/v2\/comments?post=1609"}],"wp:featuredmedia":[{"embeddable":true,"href":"https:\/\/sabatie-produits-entretien.fr\/fr\/wp-json\/wp\/v2\/media\/1650"}],"wp:attachment":[{"href":"https:\/\/sabatie-produits-entretien.fr\/fr\/wp-json\/wp\/v2\/media?parent=1609"}],"wp:term":[{"taxonomy":"product_brand","embeddable":true,"href":"https:\/\/sabatie-produits-entretien.fr\/fr\/wp-json\/wp\/v2\/product_brand?post=1609"},{"taxonomy":"product_cat","embeddable":true,"href":"https:\/\/sabatie-produits-entretien.fr\/fr\/wp-json\/wp\/v2\/product_cat?post=1609"},{"taxonomy":"product_tag","embeddable":true,"href":"https:\/\/sabatie-produits-entretien.fr\/fr\/wp-json\/wp\/v2\/product_tag?post=1609"}],"curies":[{"name":"wp","href":"https:\/\/api.w.org\/{rel}","templated":true}]}}