{"id":1610,"date":"2025-05-05T08:56:36","date_gmt":"2025-05-05T06:56:36","guid":{"rendered":"http:\/\/localhost\/sabatiesarl\/?post_type=product&#038;p=1610"},"modified":"2025-11-05T10:49:10","modified_gmt":"2025-11-05T09:49:10","slug":"3902-pastille-linge-concentree-ecolabel-seau-150-u","status":"publish","type":"product","link":"https:\/\/sabatie-produits-entretien.fr\/fr\/produit\/3902-pastille-linge-concentree-ecolabel-seau-150-u\/","title":{"rendered":"3902 PASTILLE LINGE Concentr\u00e9e \u00c9colabel seau 150 u"},"content":{"rendered":"<h2>PASTILLE LAVE LINGE CONCENTR\u00c9E Ecolabel<\/h2>\n<h2>Sachet Hydrosoluble<\/h2>\n<p>&nbsp;<\/p>\n<h4>PASTILLE LAVE LINGE\u00a0 est adapt\u00e9e pour tous textiles et toutes les fibres.<\/h4>\n<h4>Efficace sur tous types de t\u00e2ches<\/h4>\n<h4>Efficace \u00e0 basse temp\u00e9rature<\/h4>\n<h4>\u00c9vite le grisaillement<\/h4>\n<h4>Action enzymatique<\/h4>\n<h4>Pas de d\u00e9chet et manipulation simplifi\u00e9e par le film hydrosoluble.<\/h4>\n<h4>Dosage facile<\/h4>\n<p>&nbsp;<\/p>\n<h4>PROPRI\u00c9T\u00c9S<\/h4>\n<ul>\n<li>Aspect \u00a0\u00a0 :\u00a0 Pastille de 22 grs sous film hydrosoluble individuel<\/li>\n<li>Couleur\u00a0 :\u00a0 Blanche<\/li>\n<li>Parfum\u00a0\u00a0 :\u00a0 Floral<\/li>\n<li>pH\u00a0\u00a0\u00a0\u00a0\u00a0\u00a0\u00a0\u00a0\u00a0 :\u00a0 9,5 &#8211; 10,5<\/li>\n<li>Efficace \u00e0 basses temp\u00e9ratures.<\/li>\n<li>Evite le grisaillement<\/li>\n<\/ul>\n<p>&nbsp;<\/p>\n<h4>CONDITIONNEMENT<\/h4>\n<ul>\n<li>seau de 150 pastilles de 22 grs sous film hydrosoluble<\/li>\n<li>Poids du seau : 3,30 kg<\/li>\n<\/ul>\n<p>&nbsp;<\/p>\n<ul>\n<li><a href=\"https:\/\/sabatie-produits-entretien.fr\/fr\/wp-content\/uploads\/2025\/01\/FT-3902-PASTILLE-LINGE-SEAU-150u.pdf\" target=\"_blank\" rel=\"noopener noreferrer\">FICHE TECHNIQUE<\/a><\/li>\n<li><a href=\"https:\/\/sabatie-produits-entretien.fr\/fr\/wp-content\/uploads\/2025\/01\/FDS-3902-PASTILLE-LINGE-SEAU-150u.pdf\" target=\"_blank\" rel=\"noopener noreferrer\">FICHE DE SECURITE<\/a><\/li>\n<\/ul>\n<p>&nbsp;<\/p>\n","protected":false},"excerpt":{"rendered":"<h3><img decoding=\"async\" class=\"alignnone size-thumbnail wp-image-941\" src=\"http:\/\/sabatie-produits-entretien.fr\/fr\/wp-content\/uploads\/2017\/03\/Logo-ecolabel-SABATIE-200x200.png\" alt=\"\" width=\"200\" height=\"200\" \/><\/h3>\n","protected":false},"featured_media":1651,"comment_status":"closed","ping_status":"closed","template":"","meta":{"_acf_changed":false,"site-sidebar-layout":"default","site-content-layout":"","ast-site-content-layout":"default","site-content-style":"default","site-sidebar-style":"default","ast-global-header-display":"","ast-banner-title-visibility":"","ast-main-header-display":"","ast-hfb-above-header-display":"","ast-hfb-below-header-display":"","ast-hfb-mobile-header-display":"","site-post-title":"","ast-breadcrumbs-content":"","ast-featured-img":"","footer-sml-layout":"","ast-disable-related-posts":"","theme-transparent-header-meta":"","adv-header-id-meta":"","stick-header-meta":"","header-above-stick-meta":"","header-main-stick-meta":"","header-below-stick-meta":"","astra-migrate-meta-layouts":"default","ast-page-background-enabled":"default","ast-page-background-meta":{"desktop":{"background-color":"var(--ast-global-color-5)","background-image":"","background-repeat":"repeat","background-position":"center center","background-size":"auto","background-attachment":"scroll","background-type":"","background-media":"","overlay-type":"","overlay-color":"","overlay-opacity":"","overlay-gradient":""},"tablet":{"background-color":"","background-image":"","background-repeat":"repeat","background-position":"center center","background-size":"auto","background-attachment":"scroll","background-type":"","background-media":"","overlay-type":"","overlay-color":"","overlay-opacity":"","overlay-gradient":""},"mobile":{"background-color":"","background-image":"","background-repeat":"repeat","background-position":"center center","background-size":"auto","background-attachment":"scroll","background-type":"","background-media":"","overlay-type":"","overlay-color":"","overlay-opacity":"","overlay-gradient":""}},"ast-content-background-meta":{"desktop":{"background-color":"var(--ast-global-color-4)","background-image":"","background-repeat":"repeat","background-position":"center center","background-size":"auto","background-attachment":"scroll","background-type":"","background-media":"","overlay-type":"","overlay-color":"","overlay-opacity":"","overlay-gradient":""},"tablet":{"background-color":"var(--ast-global-color-4)","background-image":"","background-repeat":"repeat","background-position":"center center","background-size":"auto","background-attachment":"scroll","background-type":"","background-media":"","overlay-type":"","overlay-color":"","overlay-opacity":"","overlay-gradient":""},"mobile":{"background-color":"var(--ast-global-color-4)","background-image":"","background-repeat":"repeat","background-position":"center center","background-size":"auto","background-attachment":"scroll","background-type":"","background-media":"","overlay-type":"","overlay-color":"","overlay-opacity":"","overlay-gradient":""}}},"product_brand":[],"product_cat":[16,614,615,680],"product_tag":[498,499,213],"class_list":{"0":"post-1610","1":"product","2":"type-product","3":"status-publish","4":"has-post-thumbnail","6":"product_cat-tout","7":"product_cat-entretien-du-linge","8":"product_cat-lessive-en-poudre-et-pastille-linge","9":"product_cat-produits-ecolabel","10":"product_tag-pastille-lave-linge-concentree-ecolabel","11":"product_tag-pastlinecolefr","12":"product_tag-prodifa","13":"desktop-align-left","14":"tablet-align-left","15":"mobile-align-left","17":"first","18":"instock","19":"virtual","20":"product-type-simple"},"acf":[],"_links":{"self":[{"href":"https:\/\/sabatie-produits-entretien.fr\/fr\/wp-json\/wp\/v2\/product\/1610","targetHints":{"allow":["GET"]}}],"collection":[{"href":"https:\/\/sabatie-produits-entretien.fr\/fr\/wp-json\/wp\/v2\/product"}],"about":[{"href":"https:\/\/sabatie-produits-entretien.fr\/fr\/wp-json\/wp\/v2\/types\/product"}],"replies":[{"embeddable":true,"href":"https:\/\/sabatie-produits-entretien.fr\/fr\/wp-json\/wp\/v2\/comments?post=1610"}],"wp:featuredmedia":[{"embeddable":true,"href":"https:\/\/sabatie-produits-entretien.fr\/fr\/wp-json\/wp\/v2\/media\/1651"}],"wp:attachment":[{"href":"https:\/\/sabatie-produits-entretien.fr\/fr\/wp-json\/wp\/v2\/media?parent=1610"}],"wp:term":[{"taxonomy":"product_brand","embeddable":true,"href":"https:\/\/sabatie-produits-entretien.fr\/fr\/wp-json\/wp\/v2\/product_brand?post=1610"},{"taxonomy":"product_cat","embeddable":true,"href":"https:\/\/sabatie-produits-entretien.fr\/fr\/wp-json\/wp\/v2\/product_cat?post=1610"},{"taxonomy":"product_tag","embeddable":true,"href":"https:\/\/sabatie-produits-entretien.fr\/fr\/wp-json\/wp\/v2\/product_tag?post=1610"}],"curies":[{"name":"wp","href":"https:\/\/api.w.org\/{rel}","templated":true}]}}