{"id":1612,"date":"2025-05-05T08:56:36","date_gmt":"2025-05-05T06:56:36","guid":{"rendered":"http:\/\/localhost\/sabatiesarl\/?post_type=product&#038;p=1612"},"modified":"2025-06-11T02:08:44","modified_gmt":"2025-06-11T00:08:44","slug":"18a70-alcool-menager-citron-ecocert-flacon-1-l","status":"publish","type":"product","link":"https:\/\/sabatie-produits-entretien.fr\/fr\/produit\/18a70-alcool-menager-citron-ecocert-flacon-1-l\/","title":{"rendered":"18A70 ALCOOL M\u00c9NAGER CITRON ECOCERT flacon 1 L"},"content":{"rendered":"<h2>ALCOOL M\u00c9NAGER CITRON ECOCERT<\/h2>\n<p>&nbsp;<\/p>\n<ul>\n<li>\n<h4>Fort pouvoir d\u00e9graissant<\/h4>\n<\/li>\n<li>\n<h4>Multi-surfaces<\/h4>\n<\/li>\n<li>\n<h4>99,5% du total des ingr\u00e9dients sont d\u2019origine naturelle<\/h4>\n<\/li>\n<\/ul>\n<h4><\/h4>\n<p>&nbsp;<\/p>\n<h4><strong>APPLICATIONS<\/strong><\/h4>\n<h4>Nettoyant bureautique multi-surfaces sans rin\u00e7age dot\u00e9 d\u2019un excellent pouvoir d\u00e9graissant, il s\u00e8che rapidement, ne laisse pas de traces et est agr\u00e9ablement parfum\u00e9. Il \u00e9limine facilement les traces d\u2019encre, de doigts, de graisses&#8230;<\/p>\n<p>Id\u00e9al pour les bureaux : t\u00e9l\u00e9phones, informatiques, vitres, c\u00e9ramiques, inox, miroirs, stratifi\u00e9s surfaces brillantes\u2026<\/p>\n<p>99,5% des ingr\u00e9dients sont d\u2019origine naturelle.<\/h4>\n<p>&nbsp;<\/p>\n<h4>Conforme aux arr\u00eat\u00e9s minist\u00e9riels du 08 septembre 1999 et du 19 d\u00e9cembre 2013 relatifs aux produits de nettoyage du mat\u00e9riel pouvant se trouver au contact des denr\u00e9es alimentaires.<\/h4>\n<p>&nbsp;<\/p>\n<p><strong>CARACTERISTIQUES<\/strong><\/p>\n<ul>\n<li>Aspect \u00a0 : liquide limpide<\/li>\n<li>Couleur : incolore<\/li>\n<li>Parfum\u00a0 : Citron<\/li>\n<li>pH \u00e0 20\u00b0C : 8+-0,5<\/li>\n<\/ul>\n<p>&nbsp;<\/p>\n<p><strong>CONDITIONNEMENT<\/strong><\/p>\n<ul>\n<li>Flacon 1 L<\/li>\n<li>carton de 12 x 1 L<\/li>\n<\/ul>\n<p>&nbsp;<\/p>\n<ul>\n<li><a href=\"https:\/\/sabatie-produits-entretien.fr\/fr\/wp-content\/uploads\/2021\/06\/FT-18A70-Alcool-M\u00e9nager-Citron-1L.pdf\" target=\"_blank\" rel=\"noopener noreferrer\">FICHE TECHNIQUE<\/a><\/li>\n<li><a href=\"https:\/\/sabatie-produits-entretien.fr\/fr\/wp-content\/uploads\/2021\/06\/FDS-18A70-Alcool-M\u00e9nager-Citron-1L.pdf\" target=\"_blank\" rel=\"noopener noreferrer\">FICHE DE SECURITE<\/a><\/li>\n<\/ul>\n<p>&nbsp;<\/p>\n","protected":false},"excerpt":{"rendered":"<p><img decoding=\"async\" class=\"alignnone wp-image-1535\" src=\"https:\/\/sabatie-produits-entretien.fr\/fr\/wp-content\/uploads\/2017\/04\/ECOCERT_LOGO2-200x200.png\" alt=\"\" width=\"129\" height=\"129\" \/><\/p>\n","protected":false},"featured_media":1652,"comment_status":"closed","ping_status":"closed","template":"","meta":{"_acf_changed":false,"site-sidebar-layout":"default","site-content-layout":"","ast-site-content-layout":"default","site-content-style":"default","site-sidebar-style":"default","ast-global-header-display":"","ast-banner-title-visibility":"","ast-main-header-display":"","ast-hfb-above-header-display":"","ast-hfb-below-header-display":"","ast-hfb-mobile-header-display":"","site-post-title":"","ast-breadcrumbs-content":"","ast-featured-img":"","footer-sml-layout":"","ast-disable-related-posts":"","theme-transparent-header-meta":"","adv-header-id-meta":"","stick-header-meta":"","header-above-stick-meta":"","header-main-stick-meta":"","header-below-stick-meta":"","astra-migrate-meta-layouts":"default","ast-page-background-enabled":"default","ast-page-background-meta":{"desktop":{"background-color":"var(--ast-global-color-5)","background-image":"","background-repeat":"repeat","background-position":"center center","background-size":"auto","background-attachment":"scroll","background-type":"","background-media":"","overlay-type":"","overlay-color":"","overlay-opacity":"","overlay-gradient":""},"tablet":{"background-color":"","background-image":"","background-repeat":"repeat","background-position":"center center","background-size":"auto","background-attachment":"scroll","background-type":"","background-media":"","overlay-type":"","overlay-color":"","overlay-opacity":"","overlay-gradient":""},"mobile":{"background-color":"","background-image":"","background-repeat":"repeat","background-position":"center center","background-size":"auto","background-attachment":"scroll","background-type":"","background-media":"","overlay-type":"","overlay-color":"","overlay-opacity":"","overlay-gradient":""}},"ast-content-background-meta":{"desktop":{"background-color":"var(--ast-global-color-4)","background-image":"","background-repeat":"repeat","background-position":"center center","background-size":"auto","background-attachment":"scroll","background-type":"","background-media":"","overlay-type":"","overlay-color":"","overlay-opacity":"","overlay-gradient":""},"tablet":{"background-color":"var(--ast-global-color-4)","background-image":"","background-repeat":"repeat","background-position":"center center","background-size":"auto","background-attachment":"scroll","background-type":"","background-media":"","overlay-type":"","overlay-color":"","overlay-opacity":"","overlay-gradient":""},"mobile":{"background-color":"var(--ast-global-color-4)","background-image":"","background-repeat":"repeat","background-position":"center center","background-size":"auto","background-attachment":"scroll","background-type":"","background-media":"","overlay-type":"","overlay-color":"","overlay-opacity":"","overlay-gradient":""}}},"product_brand":[],"product_cat":[16,681],"product_tag":[500,183],"class_list":{"0":"post-1612","1":"product","2":"type-product","3":"status-publish","4":"has-post-thumbnail","6":"product_cat-tout","7":"product_cat-produits-ecocert-issu-de-lagriculture-biologique","8":"product_tag-alcool-menager-citron-ecocert","9":"product_tag-hygiene-et-nature","10":"desktop-align-left","11":"tablet-align-left","12":"mobile-align-left","14":"first","15":"instock","16":"virtual","17":"product-type-simple"},"acf":[],"_links":{"self":[{"href":"https:\/\/sabatie-produits-entretien.fr\/fr\/wp-json\/wp\/v2\/product\/1612","targetHints":{"allow":["GET"]}}],"collection":[{"href":"https:\/\/sabatie-produits-entretien.fr\/fr\/wp-json\/wp\/v2\/product"}],"about":[{"href":"https:\/\/sabatie-produits-entretien.fr\/fr\/wp-json\/wp\/v2\/types\/product"}],"replies":[{"embeddable":true,"href":"https:\/\/sabatie-produits-entretien.fr\/fr\/wp-json\/wp\/v2\/comments?post=1612"}],"wp:featuredmedia":[{"embeddable":true,"href":"https:\/\/sabatie-produits-entretien.fr\/fr\/wp-json\/wp\/v2\/media\/1652"}],"wp:attachment":[{"href":"https:\/\/sabatie-produits-entretien.fr\/fr\/wp-json\/wp\/v2\/media?parent=1612"}],"wp:term":[{"taxonomy":"product_brand","embeddable":true,"href":"https:\/\/sabatie-produits-entretien.fr\/fr\/wp-json\/wp\/v2\/product_brand?post=1612"},{"taxonomy":"product_cat","embeddable":true,"href":"https:\/\/sabatie-produits-entretien.fr\/fr\/wp-json\/wp\/v2\/product_cat?post=1612"},{"taxonomy":"product_tag","embeddable":true,"href":"https:\/\/sabatie-produits-entretien.fr\/fr\/wp-json\/wp\/v2\/product_tag?post=1612"}],"curies":[{"name":"wp","href":"https:\/\/api.w.org\/{rel}","templated":true}]}}