{"id":1613,"date":"2025-05-05T08:56:36","date_gmt":"2025-05-05T06:56:36","guid":{"rendered":"http:\/\/localhost\/sabatiesarl\/?post_type=product&#038;p=1613"},"modified":"2025-11-13T11:51:50","modified_gmt":"2025-11-13T10:51:50","slug":"082550-rouleau-papier-cuisson-double-face-40cmx50m","status":"publish","type":"product","link":"https:\/\/sabatie-produits-entretien.fr\/fr\/produit\/082550-rouleau-papier-cuisson-double-face-40cmx50m\/","title":{"rendered":"082550 ROULEAU PAPIER CUISSON DOUBLE FACE 40cmx50m"},"content":{"rendered":"<h2>ROULEAU DE PAPIER CUISSON DOUBLE FACE ANTI ADH\u00c9RENTE 40cmx50m<\/h2>\n<p>&nbsp;<\/p>\n<h4>Papier cuisson silicon\u00e9 SAGA Qualit\u00e9 Sup\u00e9rieure<\/h4>\n<h4><\/h4>\n<h4>Id\u00e9al pour :<\/h4>\n<h4>&#8211; cuire en papillote, au four ou \u00e0 la vapeur.<\/h4>\n<h4>&#8211; congeler ou diviser vos portions avant cong\u00e9lation.<\/h4>\n<h4>&#8211; prot\u00e9ger vos fonds de plats (tarte, gratin\u2026).<\/h4>\n<h4>&#8211; l\u2019utiliser comme douille ou cornet.<\/h4>\n<h4>Il a une anti-adh\u00e9rence exceptionnelle (id\u00e9ale pour la cuisson des macarons, cookies, &#8230;) et il est tr\u00e8s \u00e9conomique (3-4 passages au four). Gr\u00e2ce au format en rouleau, vous choisissez la longueur de papier dont vous avez besoin.<\/h4>\n<h4>Avec 50 m\u00e8tres de papier pour cuisiner, vous pouvez rev\u00eatir 100 plateaux de cuisson ou pr\u00e9parer jusqu&rsquo;\u00e0 150 aum\u00f4ni\u00e8res. La largeur du rouleau est parfaitement adapt\u00e9e \u00e0 la plupart des plaques de cuisson des fours du commerce.<\/h4>\n<h4><\/h4>\n<h4>Dimensions :<\/h4>\n<ul>\n<li>\n<h4>Largeur \u00a0 \u00a0 \u00a0 \u00a0 \u00a0 \u00a0 \u00a0\u00a0 \u00a0 \u00a0\u00a0 \u00a0 :\u00a0 40 cm<\/h4>\n<\/li>\n<li>\n<h4>Longueur du rouleau\u00a0 :\u00a0 50 m<\/h4>\n<\/li>\n<\/ul>\n<h4><\/h4>\n<h4>Mati\u00e8re \u00a0 \u00a0 \u00a0 \u00a0 \u00a0 \u00a0 \u00a0 \u00a0 \u00a0\u00a0 \u00a0 \u00a0 \u00a0 \u00a0 \u00a0\u00a0 :\u00a0 Papier<\/h4>\n<h4>Fabriqu\u00e9 \u00e0 base de fibres longues, une solution \u00e9cologique. Biod\u00e9gradable et compostable.<\/h4>\n<h4>\u00a0T\u00b0 maxi 220\u00b0C<\/h4>\n<p>&nbsp;<\/p>\n<h4>Conditionnement\u00a0 :<\/h4>\n<ul>\n<li>\n<h4>boite en carton avec lame<\/h4>\n<\/li>\n<\/ul>\n<p>&nbsp;<\/p>\n<ul>\n<li><a href=\"http:\/\/sabatie-produits-entretien.fr\/fr\/wp-content\/uploads\/2017\/11\/3JPRO-082550-Papier-Cuisson-FT.pdf\" target=\"_blank\" rel=\"noopener\">FICHE TECHNIQUE<\/a><\/li>\n<\/ul>\n","protected":false},"excerpt":{"rendered":"<p>ROULEAU DE PAPIER CUISSON DOUBLE FACE ANTI ADH\u00c9RENTE 40cmx50m &nbsp; Papier cuisson silicon\u00e9 SAGA Qualit\u00e9 Sup\u00e9rieure Id\u00e9al pour : &#8211; [&hellip;]<\/p>\n","protected":false},"featured_media":1653,"comment_status":"open","ping_status":"closed","template":"","meta":{"_acf_changed":false,"site-sidebar-layout":"default","site-content-layout":"","ast-site-content-layout":"default","site-content-style":"default","site-sidebar-style":"default","ast-global-header-display":"","ast-banner-title-visibility":"","ast-main-header-display":"","ast-hfb-above-header-display":"","ast-hfb-below-header-display":"","ast-hfb-mobile-header-display":"","site-post-title":"","ast-breadcrumbs-content":"","ast-featured-img":"","footer-sml-layout":"","ast-disable-related-posts":"","theme-transparent-header-meta":"default","adv-header-id-meta":"","stick-header-meta":"","header-above-stick-meta":"","header-main-stick-meta":"","header-below-stick-meta":"","astra-migrate-meta-layouts":"set","ast-page-background-enabled":"default","ast-page-background-meta":{"desktop":{"background-color":"var(--ast-global-color-5)","background-image":"","background-repeat":"repeat","background-position":"center center","background-size":"auto","background-attachment":"scroll","background-type":"","background-media":"","overlay-type":"","overlay-color":"","overlay-opacity":"","overlay-gradient":""},"tablet":{"background-color":"","background-image":"","background-repeat":"repeat","background-position":"center center","background-size":"auto","background-attachment":"scroll","background-type":"","background-media":"","overlay-type":"","overlay-color":"","overlay-opacity":"","overlay-gradient":""},"mobile":{"background-color":"","background-image":"","background-repeat":"repeat","background-position":"center center","background-size":"auto","background-attachment":"scroll","background-type":"","background-media":"","overlay-type":"","overlay-color":"","overlay-opacity":"","overlay-gradient":""}},"ast-content-background-meta":{"desktop":{"background-color":"var(--ast-global-color-4)","background-image":"","background-repeat":"repeat","background-position":"center center","background-size":"auto","background-attachment":"scroll","background-type":"","background-media":"","overlay-type":"","overlay-color":"","overlay-opacity":"","overlay-gradient":""},"tablet":{"background-color":"var(--ast-global-color-4)","background-image":"","background-repeat":"repeat","background-position":"center center","background-size":"auto","background-attachment":"scroll","background-type":"","background-media":"","overlay-type":"","overlay-color":"","overlay-opacity":"","overlay-gradient":""},"mobile":{"background-color":"var(--ast-global-color-4)","background-image":"","background-repeat":"repeat","background-position":"center center","background-size":"auto","background-attachment":"scroll","background-type":"","background-media":"","overlay-type":"","overlay-color":"","overlay-opacity":"","overlay-gradient":""}}},"product_brand":[],"product_cat":[619,682,16],"product_tag":[501,502],"class_list":{"0":"post-1613","1":"product","2":"type-product","3":"status-publish","4":"has-post-thumbnail","6":"product_cat-produits-cuisine","7":"product_cat-rouleau-alu-film-papier-cuisson-sac-congelation","8":"product_cat-tout","9":"product_tag-papier-cuisson-silicone-saga","10":"product_tag-rouleau-de-papier-cuisson-double-face-40cmx50m","11":"desktop-align-left","12":"tablet-align-left","13":"mobile-align-left","15":"first","16":"instock","17":"virtual","18":"product-type-simple"},"acf":[],"_links":{"self":[{"href":"https:\/\/sabatie-produits-entretien.fr\/fr\/wp-json\/wp\/v2\/product\/1613","targetHints":{"allow":["GET"]}}],"collection":[{"href":"https:\/\/sabatie-produits-entretien.fr\/fr\/wp-json\/wp\/v2\/product"}],"about":[{"href":"https:\/\/sabatie-produits-entretien.fr\/fr\/wp-json\/wp\/v2\/types\/product"}],"replies":[{"embeddable":true,"href":"https:\/\/sabatie-produits-entretien.fr\/fr\/wp-json\/wp\/v2\/comments?post=1613"}],"wp:featuredmedia":[{"embeddable":true,"href":"https:\/\/sabatie-produits-entretien.fr\/fr\/wp-json\/wp\/v2\/media\/1653"}],"wp:attachment":[{"href":"https:\/\/sabatie-produits-entretien.fr\/fr\/wp-json\/wp\/v2\/media?parent=1613"}],"wp:term":[{"taxonomy":"product_brand","embeddable":true,"href":"https:\/\/sabatie-produits-entretien.fr\/fr\/wp-json\/wp\/v2\/product_brand?post=1613"},{"taxonomy":"product_cat","embeddable":true,"href":"https:\/\/sabatie-produits-entretien.fr\/fr\/wp-json\/wp\/v2\/product_cat?post=1613"},{"taxonomy":"product_tag","embeddable":true,"href":"https:\/\/sabatie-produits-entretien.fr\/fr\/wp-json\/wp\/v2\/product_tag?post=1613"}],"curies":[{"name":"wp","href":"https:\/\/api.w.org\/{rel}","templated":true}]}}