{"id":1616,"date":"2025-05-05T08:56:37","date_gmt":"2025-05-05T06:56:37","guid":{"rendered":"http:\/\/localhost\/sabatiesarl\/?post_type=product&#038;p=1616"},"modified":"2025-06-11T10:40:11","modified_gmt":"2025-06-11T08:40:11","slug":"36165-baso-dw-eau-dure-lavage-machine-vaisselle-bidon-24-kg","status":"publish","type":"product","link":"https:\/\/sabatie-produits-entretien.fr\/fr\/produit\/36165-baso-dw-eau-dure-lavage-machine-vaisselle-bidon-24-kg\/","title":{"rendered":"36165 BASO DW EAU DURE Lavage Machine Vaisselle bidon 24 kg"},"content":{"rendered":"<h2>BASO DW EAU DURE<\/h2>\n<h2>Lavage Machine Vaisselle<\/h2>\n<h4>BASO DW EAU DURE est un d\u00e9tergent alcalin non moussant tr\u00e8s s\u00e9questrant, tr\u00e8s d\u00e9graissant, \u00e9mulsifiant, saponifiant et dispersant pour le nettoyage de la vaisselle en machine professionnelle, lave batterie et tunnel de lavage. Supprime les souillures tenaces sur tout type d&rsquo;ustensiles.<\/h4>\n<h4>BASO DW EAU DURE est particuli\u00e8rement recommand\u00e9 en pr\u00e9sence d&rsquo;eau dure. Formule ne contenant pas d&rsquo;EDTA ni phosphate.<\/p>\n<p>Ce produit est compatible avec les inox, PVC, Poly\u00e9thyl\u00e8ne, Polypropyl\u00e8ne, verre, caoutchouc.<\/h4>\n<p>Conforme au cahier des charges du 5 janvier 2010 modifi\u00e9 et compl\u00e9tant les dispositions des R\u00e8glements CE n\u00b0 834\/2007 et n\u00b0 889\/2008 pour le nettoyage et la d\u00e9sinfection en industrie agroalimentaire et transformation biologique.<\/p>\n<p>&nbsp;<\/p>\n<ul>\n<li><strong><em>Agr\u00e9er Contact Alimentaire<\/em><\/strong><\/li>\n<\/ul>\n<p>&nbsp;<\/p>\n<h4>CONDITIONNEMENT<\/h4>\n<ul>\n<li>bidon de 24 kg<\/li>\n<\/ul>\n<p>&nbsp;<\/p>\n<ul>\n<li><a href=\"https:\/\/sabatie-produits-entretien.fr\/fr\/wp-content\/uploads\/2025\/03\/FT_-36164-36165-STOCKMEIER-FRANCE_BASO_DW_EAU_DURE_HD94750_FR_VERSION_7.pdf\" target=\"_blank\" rel=\"noopener\">FICHE TECHNIQUE<\/a><\/li>\n<li><a href=\"https:\/\/sabatie-produits-entretien.fr\/fr\/wp-content\/uploads\/2025\/03\/FDS_-36164-36165-STOCKMEIER-FRANCE_BASO_DW_EAU_DURE_HD94750_FR_-VERSION-7.pdf\" target=\"_blank\" rel=\"noopener\">FICHE DE SECURITE<\/a><\/li>\n<\/ul>\n<p>&nbsp;<\/p>\n","protected":false},"excerpt":{"rendered":"<p>BASO DW EAU DURE Lavage Machine Vaisselle BASO DW EAU DURE est un d\u00e9tergent alcalin non moussant tr\u00e8s s\u00e9questrant, tr\u00e8s [&hellip;]<\/p>\n","protected":false},"featured_media":1655,"comment_status":"closed","ping_status":"closed","template":"","meta":{"_acf_changed":false,"site-sidebar-layout":"default","site-content-layout":"","ast-site-content-layout":"default","site-content-style":"default","site-sidebar-style":"default","ast-global-header-display":"","ast-banner-title-visibility":"","ast-main-header-display":"","ast-hfb-above-header-display":"","ast-hfb-below-header-display":"","ast-hfb-mobile-header-display":"","site-post-title":"","ast-breadcrumbs-content":"","ast-featured-img":"","footer-sml-layout":"","ast-disable-related-posts":"","theme-transparent-header-meta":"","adv-header-id-meta":"","stick-header-meta":"","header-above-stick-meta":"","header-main-stick-meta":"","header-below-stick-meta":"","astra-migrate-meta-layouts":"default","ast-page-background-enabled":"default","ast-page-background-meta":{"desktop":{"background-color":"var(--ast-global-color-5)","background-image":"","background-repeat":"repeat","background-position":"center center","background-size":"auto","background-attachment":"scroll","background-type":"","background-media":"","overlay-type":"","overlay-color":"","overlay-opacity":"","overlay-gradient":""},"tablet":{"background-color":"","background-image":"","background-repeat":"repeat","background-position":"center center","background-size":"auto","background-attachment":"scroll","background-type":"","background-media":"","overlay-type":"","overlay-color":"","overlay-opacity":"","overlay-gradient":""},"mobile":{"background-color":"","background-image":"","background-repeat":"repeat","background-position":"center center","background-size":"auto","background-attachment":"scroll","background-type":"","background-media":"","overlay-type":"","overlay-color":"","overlay-opacity":"","overlay-gradient":""}},"ast-content-background-meta":{"desktop":{"background-color":"var(--ast-global-color-4)","background-image":"","background-repeat":"repeat","background-position":"center center","background-size":"auto","background-attachment":"scroll","background-type":"","background-media":"","overlay-type":"","overlay-color":"","overlay-opacity":"","overlay-gradient":""},"tablet":{"background-color":"var(--ast-global-color-4)","background-image":"","background-repeat":"repeat","background-position":"center center","background-size":"auto","background-attachment":"scroll","background-type":"","background-media":"","overlay-type":"","overlay-color":"","overlay-opacity":"","overlay-gradient":""},"mobile":{"background-color":"var(--ast-global-color-4)","background-image":"","background-repeat":"repeat","background-position":"center center","background-size":"auto","background-attachment":"scroll","background-type":"","background-media":"","overlay-type":"","overlay-color":"","overlay-opacity":"","overlay-gradient":""}}},"product_brand":[],"product_cat":[16,620],"product_tag":[380,504,43,44],"class_list":{"0":"post-1616","1":"product","2":"type-product","3":"status-publish","4":"has-post-thumbnail","6":"product_cat-tout","7":"product_cat-lavage-rincage-automatique","8":"product_tag-baso-dw-eau-dure","9":"product_tag-lavage-machine-vaisselle-professionnel","10":"product_tag-quaron","11":"product_tag-stockmeier","12":"desktop-align-left","13":"tablet-align-left","14":"mobile-align-left","16":"first","17":"instock","18":"virtual","19":"product-type-simple"},"acf":[],"_links":{"self":[{"href":"https:\/\/sabatie-produits-entretien.fr\/fr\/wp-json\/wp\/v2\/product\/1616","targetHints":{"allow":["GET"]}}],"collection":[{"href":"https:\/\/sabatie-produits-entretien.fr\/fr\/wp-json\/wp\/v2\/product"}],"about":[{"href":"https:\/\/sabatie-produits-entretien.fr\/fr\/wp-json\/wp\/v2\/types\/product"}],"replies":[{"embeddable":true,"href":"https:\/\/sabatie-produits-entretien.fr\/fr\/wp-json\/wp\/v2\/comments?post=1616"}],"wp:featuredmedia":[{"embeddable":true,"href":"https:\/\/sabatie-produits-entretien.fr\/fr\/wp-json\/wp\/v2\/media\/1655"}],"wp:attachment":[{"href":"https:\/\/sabatie-produits-entretien.fr\/fr\/wp-json\/wp\/v2\/media?parent=1616"}],"wp:term":[{"taxonomy":"product_brand","embeddable":true,"href":"https:\/\/sabatie-produits-entretien.fr\/fr\/wp-json\/wp\/v2\/product_brand?post=1616"},{"taxonomy":"product_cat","embeddable":true,"href":"https:\/\/sabatie-produits-entretien.fr\/fr\/wp-json\/wp\/v2\/product_cat?post=1616"},{"taxonomy":"product_tag","embeddable":true,"href":"https:\/\/sabatie-produits-entretien.fr\/fr\/wp-json\/wp\/v2\/product_tag?post=1616"}],"curies":[{"name":"wp","href":"https:\/\/api.w.org\/{rel}","templated":true}]}}