{"id":1617,"date":"2025-05-05T08:56:37","date_gmt":"2025-05-05T06:56:37","guid":{"rendered":"http:\/\/localhost\/sabatiesarl\/?post_type=product&#038;p=1617"},"modified":"2025-06-11T01:51:24","modified_gmt":"2025-06-10T23:51:24","slug":"18a31-nettoyor-3d-concentre-pamplemousse-bidon-5-l","status":"publish","type":"product","link":"https:\/\/sabatie-produits-entretien.fr\/fr\/produit\/18a31-nettoyor-3d-concentre-pamplemousse-bidon-5-l\/","title":{"rendered":"18A31 NETTOYOR 3D CONCENTR\u00c9 PAMPLEMOUSSE  bidon 5 L"},"content":{"rendered":"<h2>NETTOYOR 3D CONCENTR\u00c9 PAMPLEMOUSSE<\/h2>\n<p>&nbsp;<\/p>\n<h3>D\u00e9tergent D\u00e9sinfectant Surodorant pour sols et surfaces<\/h3>\n<h3>Bact\u00e9ricide, Levuricide, Virucide (spectre limit\u00e9)<\/h3>\n<p>&nbsp;<\/p>\n<h4>UTILISATION<\/h4>\n<h4>Entretien et d\u00e9sinfection r\u00e9guliers des locaux en laissant un parfum agr\u00e9able et durable.<\/h4>\n<p>&nbsp;<\/p>\n<h4>APPLICATION<\/h4>\n<p>Nettoie, d\u00e9sinfecte et parfume durablement les sols sans n\u00e9cessit\u00e9 de rin\u00e7age. Utilisable sur toutes surfaces lavables : thermoplastiques, carrelages, marbres, c\u00e9ramiques,\u2026<\/p>\n<p>R\u00e9manence de 6 \u00e0 8 heures selon les surfaces.<\/p>\n<p>A pH Neutre et sans rin\u00e7age.<\/p>\n<p>Conforme aux normes EN 1276 EN 1650 EN 13697 EN 14476<\/p>\n<p>&nbsp;<\/p>\n<ul>\n<li><em><strong>Agr\u00e9e Contact Alimentaire<\/strong><\/em><\/li>\n<\/ul>\n<p>&nbsp;<\/p>\n<h4>PROPRI\u00c9T\u00c9S<\/h4>\n<ul>\n<li>Aspect : liquide limpide<\/li>\n<li>Couleur : rose<\/li>\n<li>Odeur : pamplemousse<\/li>\n<li>pH \u00e0 l&rsquo;\u00e9tat pur : 7<\/li>\n<\/ul>\n<p>&nbsp;<\/p>\n<h4>CONDITIONNEMENT<\/h4>\n<ul>\n<li>bidon de 5 L avec bouchon doseur<\/li>\n<li>carton de 2 x 5 L<\/li>\n<\/ul>\n<p>&nbsp;<\/p>\n<ul>\n<li><a href=\"https:\/\/sabatie-produits-entretien.fr\/fr\/wp-content\/uploads\/2021\/05\/FT-18A31-Nettoyor_3D_Conc-5L-Pampl-Nouveau.pdf\" target=\"_blank\" rel=\"noopener noreferrer\">FICHE TECHNIQUE<\/a><\/li>\n<li><a href=\"https:\/\/sabatie-produits-entretien.fr\/fr\/wp-content\/uploads\/2021\/05\/FDS-18A31-Nettoyor_3D_Conc-5L_Pampl-Nouveau.pdf\" target=\"_blank\" rel=\"noopener noreferrer\">FICHE DE SECURITE<\/a><\/li>\n<\/ul>\n","protected":false},"excerpt":{"rendered":"<p>NETTOYOR 3D CONCENTR\u00c9 PAMPLEMOUSSE &nbsp; D\u00e9tergent D\u00e9sinfectant Surodorant pour sols et surfaces Bact\u00e9ricide, Levuricide, Virucide (spectre limit\u00e9) &nbsp; UTILISATION Entretien [&hellip;]<\/p>\n","protected":false},"featured_media":1656,"comment_status":"closed","ping_status":"closed","template":"","meta":{"_acf_changed":false,"site-sidebar-layout":"default","site-content-layout":"","ast-site-content-layout":"default","site-content-style":"default","site-sidebar-style":"default","ast-global-header-display":"","ast-banner-title-visibility":"","ast-main-header-display":"","ast-hfb-above-header-display":"","ast-hfb-below-header-display":"","ast-hfb-mobile-header-display":"","site-post-title":"","ast-breadcrumbs-content":"","ast-featured-img":"","footer-sml-layout":"","ast-disable-related-posts":"","theme-transparent-header-meta":"","adv-header-id-meta":"","stick-header-meta":"","header-above-stick-meta":"","header-main-stick-meta":"","header-below-stick-meta":"","astra-migrate-meta-layouts":"default","ast-page-background-enabled":"default","ast-page-background-meta":{"desktop":{"background-color":"var(--ast-global-color-5)","background-image":"","background-repeat":"repeat","background-position":"center center","background-size":"auto","background-attachment":"scroll","background-type":"","background-media":"","overlay-type":"","overlay-color":"","overlay-opacity":"","overlay-gradient":""},"tablet":{"background-color":"","background-image":"","background-repeat":"repeat","background-position":"center center","background-size":"auto","background-attachment":"scroll","background-type":"","background-media":"","overlay-type":"","overlay-color":"","overlay-opacity":"","overlay-gradient":""},"mobile":{"background-color":"","background-image":"","background-repeat":"repeat","background-position":"center center","background-size":"auto","background-attachment":"scroll","background-type":"","background-media":"","overlay-type":"","overlay-color":"","overlay-opacity":"","overlay-gradient":""}},"ast-content-background-meta":{"desktop":{"background-color":"var(--ast-global-color-4)","background-image":"","background-repeat":"repeat","background-position":"center center","background-size":"auto","background-attachment":"scroll","background-type":"","background-media":"","overlay-type":"","overlay-color":"","overlay-opacity":"","overlay-gradient":""},"tablet":{"background-color":"var(--ast-global-color-4)","background-image":"","background-repeat":"repeat","background-position":"center center","background-size":"auto","background-attachment":"scroll","background-type":"","background-media":"","overlay-type":"","overlay-color":"","overlay-opacity":"","overlay-gradient":""},"mobile":{"background-color":"var(--ast-global-color-4)","background-image":"","background-repeat":"repeat","background-position":"center center","background-size":"auto","background-attachment":"scroll","background-type":"","background-media":"","overlay-type":"","overlay-color":"","overlay-opacity":"","overlay-gradient":""}}},"product_brand":[],"product_cat":[16,673],"product_tag":[505,506],"class_list":{"0":"post-1617","1":"product","2":"type-product","3":"status-publish","4":"has-post-thumbnail","6":"product_cat-tout","7":"product_cat-nettoyants-sols-desinfectants","8":"product_tag-netflore","9":"product_tag-nettoyor-3d-concentre-pamplemousse-5l","10":"desktop-align-left","11":"tablet-align-left","12":"mobile-align-left","14":"first","15":"instock","16":"virtual","17":"product-type-simple"},"acf":[],"_links":{"self":[{"href":"https:\/\/sabatie-produits-entretien.fr\/fr\/wp-json\/wp\/v2\/product\/1617","targetHints":{"allow":["GET"]}}],"collection":[{"href":"https:\/\/sabatie-produits-entretien.fr\/fr\/wp-json\/wp\/v2\/product"}],"about":[{"href":"https:\/\/sabatie-produits-entretien.fr\/fr\/wp-json\/wp\/v2\/types\/product"}],"replies":[{"embeddable":true,"href":"https:\/\/sabatie-produits-entretien.fr\/fr\/wp-json\/wp\/v2\/comments?post=1617"}],"wp:featuredmedia":[{"embeddable":true,"href":"https:\/\/sabatie-produits-entretien.fr\/fr\/wp-json\/wp\/v2\/media\/1656"}],"wp:attachment":[{"href":"https:\/\/sabatie-produits-entretien.fr\/fr\/wp-json\/wp\/v2\/media?parent=1617"}],"wp:term":[{"taxonomy":"product_brand","embeddable":true,"href":"https:\/\/sabatie-produits-entretien.fr\/fr\/wp-json\/wp\/v2\/product_brand?post=1617"},{"taxonomy":"product_cat","embeddable":true,"href":"https:\/\/sabatie-produits-entretien.fr\/fr\/wp-json\/wp\/v2\/product_cat?post=1617"},{"taxonomy":"product_tag","embeddable":true,"href":"https:\/\/sabatie-produits-entretien.fr\/fr\/wp-json\/wp\/v2\/product_tag?post=1617"}],"curies":[{"name":"wp","href":"https:\/\/api.w.org\/{rel}","templated":true}]}}