{"id":1633,"date":"2025-05-05T08:56:58","date_gmt":"2025-05-05T06:56:58","guid":{"rendered":"http:\/\/localhost\/sabatiesarl\/?post_type=product&#038;p=1633"},"modified":"2025-06-11T02:08:22","modified_gmt":"2025-06-11T00:08:22","slug":"18a90-sanimaxi-v-detartrant-desinfectant-surface-sanitaire-ecocert-bidon-5-l","status":"publish","type":"product","link":"https:\/\/sabatie-produits-entretien.fr\/fr\/produit\/18a90-sanimaxi-v-detartrant-desinfectant-surface-sanitaire-ecocert-bidon-5-l\/","title":{"rendered":"18A90 SANIMAXI V D\u00e9tartrant D\u00e9sinfectant Surface Sanitaire Ecocert bidon 5 L"},"content":{"rendered":"<h2>SANIMAXI V<\/h2>\n<h2>D\u00c9TARTRANT D\u00c9SINFECTANT R\u00c9NOVANT SURFACES SANITAIRES<\/h2>\n<h3>Supprime le calcaire\u00a0\u00a0 &#8211;\u00a0\u00a0 Pr\u00eat \u00e0 l&#8217;emploi<\/h3>\n<h3><span id=\"page3R_mcid13\" class=\"markedContent\"><span dir=\"ltr\">Ce pr<\/span><span dir=\"ltr\">oduit est <\/span><span dir=\"ltr\">compos\u00e9 de <\/span><span dir=\"ltr\">99.6% <\/span><span dir=\"ltr\">d\u2019ingr\u00e9dients d\u2019origine <\/span><span dir=\"ltr\">v\u00e9g\u00e9tale ou min\u00e9rale <\/span><span dir=\"ltr\">et a<\/span><span dir=\"ltr\">vec <\/span><span dir=\"ltr\">un <\/span><span dir=\"ltr\">parfum naturel. <\/span><\/span><\/h3>\n<h3><span id=\"page3R_mcid13\" class=\"markedContent\"><span dir=\"ltr\">Il est s<\/span><span dir=\"ltr\">ans colorant, sans conservateur, sans <\/span><span dir=\"ltr\">allerg\u00e8ne<\/span><span dir=\"ltr\">, sans phosphore.<\/span><\/span><\/h3>\n<p>&nbsp;<\/p>\n<h4><strong>UTILISATION<\/strong><\/h4>\n<h4>Solution pr\u00eate \u00e0 l\u2019emploi moussante destin\u00e9e au nettoyage quotidien, au d\u00e9tartrage et \u00e0 la d\u00e9sinfection sur les surfaces sanitaires : douche, baignoire, \u00e9vier, robinetterie, surfaces carrel\u00e9es, \u00e9mail, toilettes, surfaces verticale\u2026 Redonne brillance et \u00e9clat ; parfume durablement. Dans le cas de surfaces sensibles, r\u00e9aliser un test pr\u00e9liminaire sur une petite surface.<\/h4>\n<p>&nbsp;<\/p>\n<h4><strong>PROPRI\u00c9T\u00c9S<\/strong><\/h4>\n<ul>\n<li>Aspect\u00a0\u00a0\u00a0\u00a0 \u00a0 \u00a0\u00a0 \u00a0 :\u00a0 liquide<\/li>\n<li>Parfum\u00a0 \u00a0 \u00a0 \u00a0\u00a0 \u00a0 :\u00a0 Citron<\/li>\n<li>pH pur \u00a0 \u00a0 \u00a0 \u00a0\u00a0 \u00a0 :\u00a0 2,5 \u00b1 0,5<\/li>\n<li>Composition\u00a0 :\u00a0 moins de 5 % d\u2019agents de surface anioniques et d\u2019agents de surface non ioniques.<\/li>\n<\/ul>\n<p>Contient \u00e9galement : eau, d\u00e9sinfectant : acide lactique (CAS 79-33-4, 2,4% m\/m), parfum, limon\u00e8ne, citral.<\/p>\n<p><strong><em> 99,6% du total des ingr\u00e9dients sont d\u2019origine naturelle.<\/em><\/strong><\/p>\n<p>Bact\u00e9ricide selon la norme EN 1276 en 5 minutes et levuricide selon les norme EN 1650 et EN 13697 sur candida Albicans en 15 minutes (pur, 20\u00b0C, conditions de salet\u00e9)<\/p>\n<ul>\n<li><strong><em>Agr\u00e9er Contact Alimentaire<\/em><\/strong><\/li>\n<\/ul>\n<p>&nbsp;<\/p>\n<h4><strong>CONDITIONNEMENT<\/strong><\/h4>\n<ul>\n<li>Bidon de 5 litres<\/li>\n<li>carton de 4 x 5 L<\/li>\n<\/ul>\n<p>&nbsp;<\/p>\n<ul>\n<li><a href=\"http:\/\/sabatie-produits-entretien.fr\/fr\/wp-content\/uploads\/2018\/09\/FT-18A90-DETART-DESINF-SANIT-5L.pdf\" target=\"_blank\" rel=\"noopener noreferrer\">FICHE TECHNIQUE<\/a><\/li>\n<li><a href=\"https:\/\/sabatie-produits-entretien.fr\/fr\/wp-content\/uploads\/2021\/06\/FDS-18A90-SANIMAXI-V-5L.pdf\" target=\"_blank\" rel=\"noopener noreferrer\">FICHE DE SECURITE<\/a><\/li>\n<\/ul>\n","protected":false},"excerpt":{"rendered":"<h3>Supprime le calcaire<\/h3>\n<h3>Produit pr\u00eat \u00e0 l&#8217;emploi<\/h3>\n<p><img decoding=\"async\" class=\"alignnone size-thumbnail wp-image-1535\" src=\"http:\/\/sabatie-produits-entretien.fr\/fr\/wp-content\/uploads\/2017\/04\/ECOCERT_LOGO2-200x200.png\" alt=\"\" width=\"200\" height=\"200\" \/><\/p>\n","protected":false},"featured_media":1681,"comment_status":"closed","ping_status":"closed","template":"","meta":{"_acf_changed":false,"site-sidebar-layout":"default","site-content-layout":"","ast-site-content-layout":"default","site-content-style":"default","site-sidebar-style":"default","ast-global-header-display":"","ast-banner-title-visibility":"","ast-main-header-display":"","ast-hfb-above-header-display":"","ast-hfb-below-header-display":"","ast-hfb-mobile-header-display":"","site-post-title":"","ast-breadcrumbs-content":"","ast-featured-img":"","footer-sml-layout":"","ast-disable-related-posts":"","theme-transparent-header-meta":"","adv-header-id-meta":"","stick-header-meta":"","header-above-stick-meta":"","header-main-stick-meta":"","header-below-stick-meta":"","astra-migrate-meta-layouts":"default","ast-page-background-enabled":"default","ast-page-background-meta":{"desktop":{"background-color":"var(--ast-global-color-5)","background-image":"","background-repeat":"repeat","background-position":"center center","background-size":"auto","background-attachment":"scroll","background-type":"","background-media":"","overlay-type":"","overlay-color":"","overlay-opacity":"","overlay-gradient":""},"tablet":{"background-color":"","background-image":"","background-repeat":"repeat","background-position":"center center","background-size":"auto","background-attachment":"scroll","background-type":"","background-media":"","overlay-type":"","overlay-color":"","overlay-opacity":"","overlay-gradient":""},"mobile":{"background-color":"","background-image":"","background-repeat":"repeat","background-position":"center center","background-size":"auto","background-attachment":"scroll","background-type":"","background-media":"","overlay-type":"","overlay-color":"","overlay-opacity":"","overlay-gradient":""}},"ast-content-background-meta":{"desktop":{"background-color":"var(--ast-global-color-4)","background-image":"","background-repeat":"repeat","background-position":"center center","background-size":"auto","background-attachment":"scroll","background-type":"","background-media":"","overlay-type":"","overlay-color":"","overlay-opacity":"","overlay-gradient":""},"tablet":{"background-color":"var(--ast-global-color-4)","background-image":"","background-repeat":"repeat","background-position":"center center","background-size":"auto","background-attachment":"scroll","background-type":"","background-media":"","overlay-type":"","overlay-color":"","overlay-opacity":"","overlay-gradient":""},"mobile":{"background-color":"var(--ast-global-color-4)","background-image":"","background-repeat":"repeat","background-position":"center center","background-size":"auto","background-attachment":"scroll","background-type":"","background-media":"","overlay-type":"","overlay-color":"","overlay-opacity":"","overlay-gradient":""}}},"product_brand":[],"product_cat":[16,661,681],"product_tag":[515,215,516],"class_list":{"0":"post-1633","1":"product","2":"type-product","3":"status-publish","4":"has-post-thumbnail","6":"product_cat-tout","7":"product_cat-nettoyant-detartrant-definfectant","8":"product_cat-produits-ecocert-issu-de-lagriculture-biologique","9":"product_tag-detartrant-desinfectant-sanitaires-ecocert","10":"product_tag-hygiene-nature","11":"product_tag-sanimaxi-v","12":"desktop-align-left","13":"tablet-align-left","14":"mobile-align-left","16":"first","17":"instock","18":"virtual","19":"product-type-simple"},"acf":[],"_links":{"self":[{"href":"https:\/\/sabatie-produits-entretien.fr\/fr\/wp-json\/wp\/v2\/product\/1633","targetHints":{"allow":["GET"]}}],"collection":[{"href":"https:\/\/sabatie-produits-entretien.fr\/fr\/wp-json\/wp\/v2\/product"}],"about":[{"href":"https:\/\/sabatie-produits-entretien.fr\/fr\/wp-json\/wp\/v2\/types\/product"}],"replies":[{"embeddable":true,"href":"https:\/\/sabatie-produits-entretien.fr\/fr\/wp-json\/wp\/v2\/comments?post=1633"}],"wp:featuredmedia":[{"embeddable":true,"href":"https:\/\/sabatie-produits-entretien.fr\/fr\/wp-json\/wp\/v2\/media\/1681"}],"wp:attachment":[{"href":"https:\/\/sabatie-produits-entretien.fr\/fr\/wp-json\/wp\/v2\/media?parent=1633"}],"wp:term":[{"taxonomy":"product_brand","embeddable":true,"href":"https:\/\/sabatie-produits-entretien.fr\/fr\/wp-json\/wp\/v2\/product_brand?post=1633"},{"taxonomy":"product_cat","embeddable":true,"href":"https:\/\/sabatie-produits-entretien.fr\/fr\/wp-json\/wp\/v2\/product_cat?post=1633"},{"taxonomy":"product_tag","embeddable":true,"href":"https:\/\/sabatie-produits-entretien.fr\/fr\/wp-json\/wp\/v2\/product_tag?post=1633"}],"curies":[{"name":"wp","href":"https:\/\/api.w.org\/{rel}","templated":true}]}}