{"id":1634,"date":"2025-05-05T08:56:58","date_gmt":"2025-05-05T06:56:58","guid":{"rendered":"http:\/\/localhost\/sabatiesarl\/?post_type=product&#038;p=1634"},"modified":"2025-06-11T01:32:54","modified_gmt":"2025-06-10T23:32:54","slug":"3903-ecran-urinoir-anti-splash-mangue","status":"publish","type":"product","link":"https:\/\/sabatie-produits-entretien.fr\/fr\/produit\/3903-ecran-urinoir-anti-splash-mangue\/","title":{"rendered":"3903 \u00c9cran urinoir anti splash Mangue"},"content":{"rendered":"<h2>\u00c9cran urinoir anti splash Mangue<\/h2>\n<p>&nbsp;<\/p>\n<ul>\n<li>\u00c9vite de boucher la tuyauterie des urinoirs (retient les cigarettes, chewing-gums, etc &#8230;)<\/li>\n<li>Ces \u00e9crans urinoirs contiennent des bact\u00e9ries qui cr\u00e9ent des enzymes. Ces bact\u00e9ries, une fois lib\u00e9r\u00e9es, nettoient l\u2019urinoir et \u00e9liminent les mauvaises odeurs.\n<p>L\u2019innovation constitu\u00e9e par les pics anti-\u00e9claboussures permettent d\u2019\u00e9viter toute projection \u00e0 l\u2019ext\u00e9rieur de l\u2019urinoir.<\/p>\n<p>Les pics amortissent la chute des liquides sur l\u2019\u00e9cran, \u00e9vitant ainsi les \u00e9claboussures.<\/li>\n<li>Pouvoir parfumant surpuissant. Lib\u00e8re des bact\u00e9ries pour nettoyer l&rsquo;urinoir et \u00e9liminer les mauvaises odeurs<\/li>\n<li>Action enzymatique<\/li>\n<li>S&rsquo;adapte \u00e0 tous les urinoirs<\/li>\n<\/ul>\n<p>&nbsp;<\/p>\n<ul>\n<li>Parfum\u00a0 : \u00a0 Mangue<\/li>\n<\/ul>\n<div class=\"col span_6_of_12\">\n<div class=\"desctxt leftmargin\">\n<p class=\"subcattitle\"><strong><\/p>\n<p><\/strong><\/p>\n<\/div>\n<\/div>\n<p>CONDITIONNEMENT<\/p>\n<ul>\n<li>Lot de 2 u<\/li>\n<li>Carton de 5 lots de 2 u<\/li>\n<\/ul>\n<p>&nbsp;<\/p>\n<ul>\n<li><a href=\"http:\/\/sabatie-produits-entretien.fr\/fr\/wp-content\/uploads\/2018\/09\/3903-FT-ECRAN-URINOIR-MANGUE.pdf\" target=\"_blank\" rel=\"noopener\">FICHE TECHNIQUE<\/a><\/li>\n<li><a href=\"http:\/\/sabatie-produits-entretien.fr\/fr\/wp-content\/uploads\/2018\/09\/3903-FDS-ECRAN-URINOIR-MANGUE.pdf\" target=\"_blank\" rel=\"noopener\">FICHE DE SECURITE<\/a><\/li>\n<\/ul>\n","protected":false},"excerpt":{"rendered":"<p>\u00c9cran urinoir anti splash Mangue &nbsp; \u00c9vite de boucher la tuyauterie des urinoirs (retient les cigarettes, chewing-gums, etc &#8230;) Ces [&hellip;]<\/p>\n","protected":false},"featured_media":1682,"comment_status":"closed","ping_status":"closed","template":"","meta":{"_acf_changed":false,"site-sidebar-layout":"default","site-content-layout":"","ast-site-content-layout":"default","site-content-style":"default","site-sidebar-style":"default","ast-global-header-display":"","ast-banner-title-visibility":"","ast-main-header-display":"","ast-hfb-above-header-display":"","ast-hfb-below-header-display":"","ast-hfb-mobile-header-display":"","site-post-title":"","ast-breadcrumbs-content":"","ast-featured-img":"","footer-sml-layout":"","ast-disable-related-posts":"","theme-transparent-header-meta":"","adv-header-id-meta":"","stick-header-meta":"","header-above-stick-meta":"","header-main-stick-meta":"","header-below-stick-meta":"","astra-migrate-meta-layouts":"default","ast-page-background-enabled":"default","ast-page-background-meta":{"desktop":{"background-color":"var(--ast-global-color-5)","background-image":"","background-repeat":"repeat","background-position":"center center","background-size":"auto","background-attachment":"scroll","background-type":"","background-media":"","overlay-type":"","overlay-color":"","overlay-opacity":"","overlay-gradient":""},"tablet":{"background-color":"","background-image":"","background-repeat":"repeat","background-position":"center center","background-size":"auto","background-attachment":"scroll","background-type":"","background-media":"","overlay-type":"","overlay-color":"","overlay-opacity":"","overlay-gradient":""},"mobile":{"background-color":"","background-image":"","background-repeat":"repeat","background-position":"center center","background-size":"auto","background-attachment":"scroll","background-type":"","background-media":"","overlay-type":"","overlay-color":"","overlay-opacity":"","overlay-gradient":""}},"ast-content-background-meta":{"desktop":{"background-color":"var(--ast-global-color-4)","background-image":"","background-repeat":"repeat","background-position":"center center","background-size":"auto","background-attachment":"scroll","background-type":"","background-media":"","overlay-type":"","overlay-color":"","overlay-opacity":"","overlay-gradient":""},"tablet":{"background-color":"var(--ast-global-color-4)","background-image":"","background-repeat":"repeat","background-position":"center center","background-size":"auto","background-attachment":"scroll","background-type":"","background-media":"","overlay-type":"","overlay-color":"","overlay-opacity":"","overlay-gradient":""},"mobile":{"background-color":"var(--ast-global-color-4)","background-image":"","background-repeat":"repeat","background-position":"center center","background-size":"auto","background-attachment":"scroll","background-type":"","background-media":"","overlay-type":"","overlay-color":"","overlay-opacity":"","overlay-gradient":""}}},"product_brand":[],"product_cat":[16,660],"product_tag":[517],"class_list":{"0":"post-1634","1":"product","2":"type-product","3":"status-publish","4":"has-post-thumbnail","6":"product_cat-tout","7":"product_cat-gel-wc-bloc-urinoir-deboucheur","8":"product_tag-ecran-urinoir-anti-splash-anti-eclaboussures-mangue","9":"desktop-align-left","10":"tablet-align-left","11":"mobile-align-left","13":"first","14":"instock","15":"virtual","16":"product-type-simple"},"acf":[],"_links":{"self":[{"href":"https:\/\/sabatie-produits-entretien.fr\/fr\/wp-json\/wp\/v2\/product\/1634","targetHints":{"allow":["GET"]}}],"collection":[{"href":"https:\/\/sabatie-produits-entretien.fr\/fr\/wp-json\/wp\/v2\/product"}],"about":[{"href":"https:\/\/sabatie-produits-entretien.fr\/fr\/wp-json\/wp\/v2\/types\/product"}],"replies":[{"embeddable":true,"href":"https:\/\/sabatie-produits-entretien.fr\/fr\/wp-json\/wp\/v2\/comments?post=1634"}],"wp:featuredmedia":[{"embeddable":true,"href":"https:\/\/sabatie-produits-entretien.fr\/fr\/wp-json\/wp\/v2\/media\/1682"}],"wp:attachment":[{"href":"https:\/\/sabatie-produits-entretien.fr\/fr\/wp-json\/wp\/v2\/media?parent=1634"}],"wp:term":[{"taxonomy":"product_brand","embeddable":true,"href":"https:\/\/sabatie-produits-entretien.fr\/fr\/wp-json\/wp\/v2\/product_brand?post=1634"},{"taxonomy":"product_cat","embeddable":true,"href":"https:\/\/sabatie-produits-entretien.fr\/fr\/wp-json\/wp\/v2\/product_cat?post=1634"},{"taxonomy":"product_tag","embeddable":true,"href":"https:\/\/sabatie-produits-entretien.fr\/fr\/wp-json\/wp\/v2\/product_tag?post=1634"}],"curies":[{"name":"wp","href":"https:\/\/api.w.org\/{rel}","templated":true}]}}