{"id":1636,"date":"2025-05-05T08:56:59","date_gmt":"2025-05-05T06:56:59","guid":{"rendered":"http:\/\/localhost\/sabatiesarl\/?post_type=product&#038;p=1636"},"modified":"2025-06-11T02:04:08","modified_gmt":"2025-06-11T00:04:08","slug":"18a861-pro-plonge-v-liquide-vaisselle-mains-ecologique-flacon-1-l","status":"publish","type":"product","link":"https:\/\/sabatie-produits-entretien.fr\/fr\/produit\/18a861-pro-plonge-v-liquide-vaisselle-mains-ecologique-flacon-1-l\/","title":{"rendered":"18A861 PRO PLONGE V Liquide Vaisselle Mains \u00c9cologique flacon 1 L"},"content":{"rendered":"<h2>PRO PLONGE V<\/h2>\n<h2>Liquide Vaisselle Mains \u00c9cologique<\/h2>\n<h3>D\u00e9graisse parfaitement la vaisselle tout en respectant l\u2019environnement et en pr\u00e9servant la s\u00e9curit\u00e9 des utilisateurs.<\/h3>\n<h3>Doux pour les mains, il n\u2019agresse pas l\u2019\u00e9piderme.<\/h3>\n<h3><span id=\"page3R_mcid25\" class=\"markedContent\"><span dir=\"ltr\">Il est compos\u00e9 \u00e0 98% d\u2019ingr\u00e9dients d\u2019origine naturelle<\/span><\/span><\/h3>\n<h3><span id=\"page3R_mcid25\" class=\"markedContent\"><span dir=\"ltr\"> Sans parfum\u00a0<\/span><span dir=\"ltr\"> sans colorant, sans allerg\u00e8ne <\/span><\/span><\/h3>\n<p>&nbsp;<\/p>\n<h4>PROPRI\u00c9T\u00c9S<\/h4>\n<ul>\n<li>Aspect \u00a0 \u00a0 \u00a0\u00a0 \u00a0 \u00a0\u00a0 \u00a0 : liquide limpide<\/li>\n<li>Couleur \u00a0 \u00a0 \u00a0\u00a0 \u00a0\u00a0 \u00a0 : incolore<\/li>\n<li>Parfum \u00a0 \u00a0 \u00a0 \u00a0 \u00a0 \u00a0\u00a0 : Sans<\/li>\n<li>pH pur \u00e0 20\u00b0C\u00a0 : 7<\/li>\n<li>Composition\u00a0\u00a0\u00a0\u00a0 : Contient, entre autres : agents de surface anioniques, non ioniques et amphot\u00e8res<\/li>\n<\/ul>\n<p>R\u00c9GLEMENTATION<\/p>\n<p>Produit conforme \u00e0 l\u2019arr\u00eat\u00e9 minist\u00e9riel du 08 septembre 1999 relatif aux produits de nettoyage du mat\u00e9riel pouvant se trouver au contact des denr\u00e9es alimentaires.<\/p>\n<p>Biod\u00e9gradabilit\u00e9 des agents de surface conforme au r\u00e8glement CE N\u00b0648\/2004 modifi\u00e9.<\/p>\n<p>&nbsp;<\/p>\n<h4>CONDITIONNEMENT<\/h4>\n<ul>\n<li>Flacon de 1 litres<\/li>\n<li>carton de 12 x 1 litres<\/li>\n<\/ul>\n<p>&nbsp;<\/p>\n<ul>\n<li><a href=\"http:\/\/sabatie-produits-entretien.fr\/fr\/wp-content\/uploads\/2019\/04\/FT-18A861-1L-PRO-PLONGE-nouv.pdf\" target=\"_blank\" rel=\"noopener noreferrer\">FICHE TECHNIQUE<\/a><\/li>\n<li><a href=\"http:\/\/sabatie-produits-entretien.fr\/fr\/wp-content\/uploads\/2019\/04\/FDS-18A861-1L-PRO-PLONGE-nouv.pdf\">FICHE DE SECURITE<\/a><\/li>\n<\/ul>\n","protected":false},"excerpt":{"rendered":"<p><img decoding=\"async\" class=\"alignnone size-thumbnail wp-image-941\" src=\"http:\/\/sabatie-produits-entretien.fr\/fr\/wp-content\/uploads\/2017\/03\/Logo-ecolabel-SABATIE-200x200.png\" alt=\"\" width=\"200\" height=\"200\" \/><\/p>\n","protected":false},"featured_media":1685,"comment_status":"closed","ping_status":"closed","template":"","meta":{"_acf_changed":false,"site-sidebar-layout":"default","site-content-layout":"","ast-site-content-layout":"default","site-content-style":"default","site-sidebar-style":"default","ast-global-header-display":"","ast-banner-title-visibility":"","ast-main-header-display":"","ast-hfb-above-header-display":"","ast-hfb-below-header-display":"","ast-hfb-mobile-header-display":"","site-post-title":"","ast-breadcrumbs-content":"","ast-featured-img":"","footer-sml-layout":"","ast-disable-related-posts":"","theme-transparent-header-meta":"","adv-header-id-meta":"","stick-header-meta":"","header-above-stick-meta":"","header-main-stick-meta":"","header-below-stick-meta":"","astra-migrate-meta-layouts":"default","ast-page-background-enabled":"default","ast-page-background-meta":{"desktop":{"background-color":"var(--ast-global-color-5)","background-image":"","background-repeat":"repeat","background-position":"center center","background-size":"auto","background-attachment":"scroll","background-type":"","background-media":"","overlay-type":"","overlay-color":"","overlay-opacity":"","overlay-gradient":""},"tablet":{"background-color":"","background-image":"","background-repeat":"repeat","background-position":"center center","background-size":"auto","background-attachment":"scroll","background-type":"","background-media":"","overlay-type":"","overlay-color":"","overlay-opacity":"","overlay-gradient":""},"mobile":{"background-color":"","background-image":"","background-repeat":"repeat","background-position":"center center","background-size":"auto","background-attachment":"scroll","background-type":"","background-media":"","overlay-type":"","overlay-color":"","overlay-opacity":"","overlay-gradient":""}},"ast-content-background-meta":{"desktop":{"background-color":"var(--ast-global-color-4)","background-image":"","background-repeat":"repeat","background-position":"center center","background-size":"auto","background-attachment":"scroll","background-type":"","background-media":"","overlay-type":"","overlay-color":"","overlay-opacity":"","overlay-gradient":""},"tablet":{"background-color":"var(--ast-global-color-4)","background-image":"","background-repeat":"repeat","background-position":"center center","background-size":"auto","background-attachment":"scroll","background-type":"","background-media":"","overlay-type":"","overlay-color":"","overlay-opacity":"","overlay-gradient":""},"mobile":{"background-color":"var(--ast-global-color-4)","background-image":"","background-repeat":"repeat","background-position":"center center","background-size":"auto","background-attachment":"scroll","background-type":"","background-media":"","overlay-type":"","overlay-color":"","overlay-opacity":"","overlay-gradient":""}}},"product_brand":[],"product_cat":[16,629,680],"product_tag":[215,518,519],"class_list":{"0":"post-1636","1":"product","2":"type-product","3":"status-publish","4":"has-post-thumbnail","6":"product_cat-tout","7":"product_cat-lavage-vaisselle-manuel","8":"product_cat-produits-ecolabel","9":"product_tag-hygiene-nature","10":"product_tag-liquide-vaisselle-mains-ecologique","11":"product_tag-pro-plonge-v","12":"desktop-align-left","13":"tablet-align-left","14":"mobile-align-left","16":"first","17":"instock","18":"virtual","19":"product-type-simple"},"acf":[],"_links":{"self":[{"href":"https:\/\/sabatie-produits-entretien.fr\/fr\/wp-json\/wp\/v2\/product\/1636","targetHints":{"allow":["GET"]}}],"collection":[{"href":"https:\/\/sabatie-produits-entretien.fr\/fr\/wp-json\/wp\/v2\/product"}],"about":[{"href":"https:\/\/sabatie-produits-entretien.fr\/fr\/wp-json\/wp\/v2\/types\/product"}],"replies":[{"embeddable":true,"href":"https:\/\/sabatie-produits-entretien.fr\/fr\/wp-json\/wp\/v2\/comments?post=1636"}],"wp:featuredmedia":[{"embeddable":true,"href":"https:\/\/sabatie-produits-entretien.fr\/fr\/wp-json\/wp\/v2\/media\/1685"}],"wp:attachment":[{"href":"https:\/\/sabatie-produits-entretien.fr\/fr\/wp-json\/wp\/v2\/media?parent=1636"}],"wp:term":[{"taxonomy":"product_brand","embeddable":true,"href":"https:\/\/sabatie-produits-entretien.fr\/fr\/wp-json\/wp\/v2\/product_brand?post=1636"},{"taxonomy":"product_cat","embeddable":true,"href":"https:\/\/sabatie-produits-entretien.fr\/fr\/wp-json\/wp\/v2\/product_cat?post=1636"},{"taxonomy":"product_tag","embeddable":true,"href":"https:\/\/sabatie-produits-entretien.fr\/fr\/wp-json\/wp\/v2\/product_tag?post=1636"}],"curies":[{"name":"wp","href":"https:\/\/api.w.org\/{rel}","templated":true}]}}