{"id":1637,"date":"2025-05-05T08:56:59","date_gmt":"2025-05-05T06:56:59","guid":{"rendered":"http:\/\/localhost\/sabatiesarl\/?post_type=product&#038;p=1637"},"modified":"2025-06-11T02:08:07","modified_gmt":"2025-06-11T00:08:07","slug":"18a85-net-vitres-v-ecologique-bidon-5-l","status":"publish","type":"product","link":"https:\/\/sabatie-produits-entretien.fr\/fr\/produit\/18a85-net-vitres-v-ecologique-bidon-5-l\/","title":{"rendered":"18A85 NET&rsquo; VITRES V \u00c9cologique bidon 5 L"},"content":{"rendered":"<h2>NET&rsquo; VITRES V\u00a0 \u00c9cologique<\/h2>\n<h2>Pr\u00eat \u00e0 l&#8217;emploi<\/h2>\n<h4>Ce produit agr\u00e9e contact alimentaire est compos\u00e9 de 99,8 % d&rsquo;ingr\u00e9dients d&rsquo;origine naturelle.<\/h4>\n<h4>Sans colorant, sans conservateur, sans allerg\u00e8ne et avec un parfum naturel.<\/h4>\n<h4>UTILISATION<\/h4>\n<h4>Nettoie et fait briller sans laisser de traces, vitres, miroirs et toutes surfaces vitrifi\u00e9es, stratifi\u00e9es,\u2026 tout en respectant l\u2019environnement et en pr\u00e9servant la s\u00e9curit\u00e9 des utilisateurs. Il \u00e9limine totalement les corps gras et taches diverses. Ne laisse pas de traces, ne d\u00e9colore pas et n\u2019alt\u00e8re pas les peintures.<\/p>\n<p>Pr\u00eat \u00e0 l\u2019emploi, c\u2019est \u00e9galement le produit id\u00e9al pour l\u2019entretien quotidien des objets comme les \u00e9crans de t\u00e9l\u00e9vision, le mat\u00e9riel informatique,\u2026 il laisse une odeur fra\u00eeche et agr\u00e9able apr\u00e8s usage.<\/h4>\n<p>&nbsp;<\/p>\n<h4>PROPRI\u00c9T\u00c9S<\/h4>\n<ul>\n<li>Aspect \u00a0 \u00a0 \u00a0 \u00a0 \u00a0\u00a0 \u00a0 : liquide limpide<\/li>\n<li>Couleur \u00a0 \u00a0 \u00a0 \u00a0 \u00a0\u00a0 : incolore<\/li>\n<li>Parfum \u00a0 \u00a0 \u00a0 \u00a0 \u00a0 \u00a0 : Plante verte<\/li>\n<li>pH pur \u00e0 20\u00b0C : 8<\/li>\n<\/ul>\n<p><strong><em>Conforme \u00e0 l\u2019arr\u00eat\u00e9 minist\u00e9riel du 8 septembre 1999 relatif aux produits de nettoyage du mat\u00e9riel<\/em><\/strong><\/p>\n<p><strong><em> pouvant se trouver au contact des denr\u00e9es alimentaires.<\/em><\/strong><\/p>\n<p>&nbsp;<\/p>\n<h4>CONDITIONNEMENT<\/h4>\n<ul>\n<li>bidon de 5 litres<\/li>\n<li>carton de 4 x 5 litres<\/li>\n<\/ul>\n<p>&nbsp;<\/p>\n<ul>\n<li><a href=\"https:\/\/sabatie-produits-entretien.fr\/fr\/wp-content\/uploads\/2021\/02\/FT-18A85-NET-VITRE-5L-nouveau.pdf\" target=\"_blank\" rel=\"noopener noreferrer\">FICHE TECHNIQUE<\/a><\/li>\n<li><a href=\"https:\/\/sabatie-produits-entretien.fr\/fr\/wp-content\/uploads\/2021\/02\/FDS-18A85-NET-VITRE-5L-nouveau.pdf\" target=\"_blank\" rel=\"noopener noreferrer\">FICHE DE SECURITE<\/a><\/li>\n<\/ul>\n<p>&nbsp;<\/p>\n","protected":false},"excerpt":{"rendered":"<h3>Produit pr\u00eat \u00e0 l&#8217;emploi<\/h3>\n<p><img decoding=\"async\" class=\"alignnone wp-image-1535\" src=\"https:\/\/sabatie-produits-entretien.fr\/fr\/wp-content\/uploads\/2017\/04\/ECOCERT_LOGO2-200x200.png\" alt=\"\" width=\"156\" height=\"156\" \/><\/p>\n","protected":false},"featured_media":1686,"comment_status":"closed","ping_status":"closed","template":"","meta":{"_acf_changed":false,"site-sidebar-layout":"default","site-content-layout":"","ast-site-content-layout":"default","site-content-style":"default","site-sidebar-style":"default","ast-global-header-display":"","ast-banner-title-visibility":"","ast-main-header-display":"","ast-hfb-above-header-display":"","ast-hfb-below-header-display":"","ast-hfb-mobile-header-display":"","site-post-title":"","ast-breadcrumbs-content":"","ast-featured-img":"","footer-sml-layout":"","ast-disable-related-posts":"","theme-transparent-header-meta":"","adv-header-id-meta":"","stick-header-meta":"","header-above-stick-meta":"","header-main-stick-meta":"","header-below-stick-meta":"","astra-migrate-meta-layouts":"default","ast-page-background-enabled":"default","ast-page-background-meta":{"desktop":{"background-color":"var(--ast-global-color-5)","background-image":"","background-repeat":"repeat","background-position":"center center","background-size":"auto","background-attachment":"scroll","background-type":"","background-media":"","overlay-type":"","overlay-color":"","overlay-opacity":"","overlay-gradient":""},"tablet":{"background-color":"","background-image":"","background-repeat":"repeat","background-position":"center center","background-size":"auto","background-attachment":"scroll","background-type":"","background-media":"","overlay-type":"","overlay-color":"","overlay-opacity":"","overlay-gradient":""},"mobile":{"background-color":"","background-image":"","background-repeat":"repeat","background-position":"center center","background-size":"auto","background-attachment":"scroll","background-type":"","background-media":"","overlay-type":"","overlay-color":"","overlay-opacity":"","overlay-gradient":""}},"ast-content-background-meta":{"desktop":{"background-color":"var(--ast-global-color-4)","background-image":"","background-repeat":"repeat","background-position":"center center","background-size":"auto","background-attachment":"scroll","background-type":"","background-media":"","overlay-type":"","overlay-color":"","overlay-opacity":"","overlay-gradient":""},"tablet":{"background-color":"var(--ast-global-color-4)","background-image":"","background-repeat":"repeat","background-position":"center center","background-size":"auto","background-attachment":"scroll","background-type":"","background-media":"","overlay-type":"","overlay-color":"","overlay-opacity":"","overlay-gradient":""},"mobile":{"background-color":"var(--ast-global-color-4)","background-image":"","background-repeat":"repeat","background-position":"center center","background-size":"auto","background-attachment":"scroll","background-type":"","background-media":"","overlay-type":"","overlay-color":"","overlay-opacity":"","overlay-gradient":""}}},"product_brand":[],"product_cat":[16,681],"product_tag":[215,520,521],"class_list":{"0":"post-1637","1":"product","2":"type-product","3":"status-publish","4":"has-post-thumbnail","6":"product_cat-tout","7":"product_cat-produits-ecocert-issu-de-lagriculture-biologique","8":"product_tag-hygiene-nature","9":"product_tag-netvitres-v","10":"product_tag-nettoyant-vitres-ecologique","11":"desktop-align-left","12":"tablet-align-left","13":"mobile-align-left","15":"first","16":"instock","17":"virtual","18":"product-type-simple"},"acf":[],"_links":{"self":[{"href":"https:\/\/sabatie-produits-entretien.fr\/fr\/wp-json\/wp\/v2\/product\/1637","targetHints":{"allow":["GET"]}}],"collection":[{"href":"https:\/\/sabatie-produits-entretien.fr\/fr\/wp-json\/wp\/v2\/product"}],"about":[{"href":"https:\/\/sabatie-produits-entretien.fr\/fr\/wp-json\/wp\/v2\/types\/product"}],"replies":[{"embeddable":true,"href":"https:\/\/sabatie-produits-entretien.fr\/fr\/wp-json\/wp\/v2\/comments?post=1637"}],"wp:featuredmedia":[{"embeddable":true,"href":"https:\/\/sabatie-produits-entretien.fr\/fr\/wp-json\/wp\/v2\/media\/1686"}],"wp:attachment":[{"href":"https:\/\/sabatie-produits-entretien.fr\/fr\/wp-json\/wp\/v2\/media?parent=1637"}],"wp:term":[{"taxonomy":"product_brand","embeddable":true,"href":"https:\/\/sabatie-produits-entretien.fr\/fr\/wp-json\/wp\/v2\/product_brand?post=1637"},{"taxonomy":"product_cat","embeddable":true,"href":"https:\/\/sabatie-produits-entretien.fr\/fr\/wp-json\/wp\/v2\/product_cat?post=1637"},{"taxonomy":"product_tag","embeddable":true,"href":"https:\/\/sabatie-produits-entretien.fr\/fr\/wp-json\/wp\/v2\/product_tag?post=1637"}],"curies":[{"name":"wp","href":"https:\/\/api.w.org\/{rel}","templated":true}]}}