{"id":1639,"date":"2025-05-05T08:56:59","date_gmt":"2025-05-05T06:56:59","guid":{"rendered":"http:\/\/localhost\/sabatiesarl\/?post_type=product&#038;p=1639"},"modified":"2025-06-11T02:07:43","modified_gmt":"2025-06-11T00:07:43","slug":"18a8529-degraisspro-v-ecologique-bidon-5-l","status":"publish","type":"product","link":"https:\/\/sabatie-produits-entretien.fr\/fr\/produit\/18a8529-degraisspro-v-ecologique-bidon-5-l\/","title":{"rendered":"18A8529 D\u00e9graiss&rsquo;pro V \u00c9cologique bidon 5 L"},"content":{"rendered":"<h2>D\u00e9graiss&rsquo;pro V\u00a0 \u00c9cologique<\/h2>\n<h3>Tr\u00e8s d\u00e9graissant<\/p>\n<p>Polyvalent, compatible surfaces alimentaires<\/h3>\n<h3>Ecocert\u00a0 98.9% d\u2019ingr\u00e9dients d\u2019origine naturelle<\/h3>\n<h4>UTILISATION<\/h4>\n<h3>Nettoie, d\u00e9graisse et \u00e9limine de fa\u00e7on optimale tous types de salissures sur le mat\u00e9riel et les surfaces de cuisine (plans de travail, hottes, plaques chauffantes,\u2026) ainsi que sur les sols et surfaces carrel\u00e9s. Il respecte l\u2019environnement et pr\u00e9serve la s\u00e9curit\u00e9 des utilisateurs.<\/p>\n<p>Pr\u00eat \u00e0 l\u2019emploi, il s\u2019utilise sur supports tels que les mat\u00e9riaux thermoplastiques, inoxydables\u2026pour l\u2019\u00e9limination des traces noires, des graisses animales et v\u00e9g\u00e9tales, des salissures min\u00e9rales\u2026.<\/h3>\n<p>&nbsp;<\/p>\n<h4>PROPRI\u00c9T\u00c9S<\/h4>\n<ul>\n<li>Aspect \u00a0 \u00a0 \u00a0 \u00a0 \u00a0 \u00a0 \u00a0\u00a0 : liquide limpide<\/li>\n<li>Couleur \u00a0 \u00a0 \u00a0 \u00a0 \u00a0 \u00a0\u00a0 : incolore<\/li>\n<li>Parfum \u00a0 \u00a0 \u00a0 \u00a0 \u00a0 \u00a0 \u00a0 : Plante verte<\/li>\n<li>pH pur \u00e0 20\u00b0C\u00a0 :\u00a0 11<\/li>\n<li>Composition \u00a0 \u00a0 :\u00a0 agents de surface anioniques, non ioniques et amphot\u00e8res.<\/li>\n<\/ul>\n<p>R\u00c9GLEMENTATION<\/p>\n<p>Biod\u00e9gradabilit\u00e9 des agents de surface conforme au r\u00e8glement CE N\u00b0648\/2004 modifi\u00e9.<\/p>\n<p>Le produit n\u2019est pas destin\u00e9 \u00e0 un nettoyage industriel.<\/p>\n<p><strong><em>Conforme \u00e0 l\u2019arr\u00eat\u00e9 minist\u00e9riel du 8 septembre 1999 relatif aux produits de nettoyage du mat\u00e9riel pouvant se trouver au contact des denr\u00e9es alimentaires.<\/em><\/strong><\/p>\n<p>Fabriqu\u00e9 en France.<\/p>\n<p>&nbsp;<\/p>\n<h4>CONDITIONNEMENT<\/h4>\n<ul>\n<li>bidon de 5 litres<\/li>\n<li>carton de 4 x 5 litres<\/li>\n<\/ul>\n<p>&nbsp;<\/p>\n<ul>\n<li><a href=\"http:\/\/sabatie-produits-entretien.fr\/fr\/wp-content\/uploads\/2019\/04\/FT-18A8529-5L-DEGRAIS-PROV-nouv.pdf\" target=\"_blank\" rel=\"noopener noreferrer\">FICHE TECHNIQUE<\/a><\/li>\n<li><a href=\"http:\/\/sabatie-produits-entretien.fr\/fr\/wp-content\/uploads\/2019\/04\/FDS-18A8529-5L-DEGRAIS-PROV-nouv.pdf\">FICHE DE SECURITE<\/a><\/li>\n<\/ul>\n","protected":false},"excerpt":{"rendered":"<h3>Produit pr\u00eat \u00e0 l&#8217;emploi<\/h3>\n<p><img decoding=\"async\" class=\"alignnone wp-image-1535\" src=\"https:\/\/sabatie-produits-entretien.fr\/fr\/wp-content\/uploads\/2017\/04\/ECOCERT_LOGO2-200x200.png\" alt=\"\" width=\"178\" height=\"178\" \/><\/p>\n","protected":false},"featured_media":1688,"comment_status":"closed","ping_status":"closed","template":"","meta":{"_acf_changed":false,"site-sidebar-layout":"default","site-content-layout":"","ast-site-content-layout":"default","site-content-style":"default","site-sidebar-style":"default","ast-global-header-display":"","ast-banner-title-visibility":"","ast-main-header-display":"","ast-hfb-above-header-display":"","ast-hfb-below-header-display":"","ast-hfb-mobile-header-display":"","site-post-title":"","ast-breadcrumbs-content":"","ast-featured-img":"","footer-sml-layout":"","ast-disable-related-posts":"","theme-transparent-header-meta":"","adv-header-id-meta":"","stick-header-meta":"","header-above-stick-meta":"","header-main-stick-meta":"","header-below-stick-meta":"","astra-migrate-meta-layouts":"default","ast-page-background-enabled":"default","ast-page-background-meta":{"desktop":{"background-color":"var(--ast-global-color-5)","background-image":"","background-repeat":"repeat","background-position":"center center","background-size":"auto","background-attachment":"scroll","background-type":"","background-media":"","overlay-type":"","overlay-color":"","overlay-opacity":"","overlay-gradient":""},"tablet":{"background-color":"","background-image":"","background-repeat":"repeat","background-position":"center center","background-size":"auto","background-attachment":"scroll","background-type":"","background-media":"","overlay-type":"","overlay-color":"","overlay-opacity":"","overlay-gradient":""},"mobile":{"background-color":"","background-image":"","background-repeat":"repeat","background-position":"center center","background-size":"auto","background-attachment":"scroll","background-type":"","background-media":"","overlay-type":"","overlay-color":"","overlay-opacity":"","overlay-gradient":""}},"ast-content-background-meta":{"desktop":{"background-color":"var(--ast-global-color-4)","background-image":"","background-repeat":"repeat","background-position":"center center","background-size":"auto","background-attachment":"scroll","background-type":"","background-media":"","overlay-type":"","overlay-color":"","overlay-opacity":"","overlay-gradient":""},"tablet":{"background-color":"var(--ast-global-color-4)","background-image":"","background-repeat":"repeat","background-position":"center center","background-size":"auto","background-attachment":"scroll","background-type":"","background-media":"","overlay-type":"","overlay-color":"","overlay-opacity":"","overlay-gradient":""},"mobile":{"background-color":"var(--ast-global-color-4)","background-image":"","background-repeat":"repeat","background-position":"center center","background-size":"auto","background-attachment":"scroll","background-type":"","background-media":"","overlay-type":"","overlay-color":"","overlay-opacity":"","overlay-gradient":""}}},"product_brand":[],"product_cat":[16,625,681],"product_tag":[522,523,215,524],"class_list":{"0":"post-1639","1":"product","2":"type-product","3":"status-publish","4":"has-post-thumbnail","6":"product_cat-tout","7":"product_cat-degraissant","8":"product_cat-produits-ecocert-issu-de-lagriculture-biologique","9":"product_tag-degraisspro-v","10":"product_tag-degraissant-cuisine-pae-ecologique","11":"product_tag-hygiene-nature","12":"product_tag-nettoyant-degraissant-ecologique","13":"desktop-align-left","14":"tablet-align-left","15":"mobile-align-left","17":"first","18":"instock","19":"virtual","20":"product-type-simple"},"acf":[],"_links":{"self":[{"href":"https:\/\/sabatie-produits-entretien.fr\/fr\/wp-json\/wp\/v2\/product\/1639","targetHints":{"allow":["GET"]}}],"collection":[{"href":"https:\/\/sabatie-produits-entretien.fr\/fr\/wp-json\/wp\/v2\/product"}],"about":[{"href":"https:\/\/sabatie-produits-entretien.fr\/fr\/wp-json\/wp\/v2\/types\/product"}],"replies":[{"embeddable":true,"href":"https:\/\/sabatie-produits-entretien.fr\/fr\/wp-json\/wp\/v2\/comments?post=1639"}],"wp:featuredmedia":[{"embeddable":true,"href":"https:\/\/sabatie-produits-entretien.fr\/fr\/wp-json\/wp\/v2\/media\/1688"}],"wp:attachment":[{"href":"https:\/\/sabatie-produits-entretien.fr\/fr\/wp-json\/wp\/v2\/media?parent=1639"}],"wp:term":[{"taxonomy":"product_brand","embeddable":true,"href":"https:\/\/sabatie-produits-entretien.fr\/fr\/wp-json\/wp\/v2\/product_brand?post=1639"},{"taxonomy":"product_cat","embeddable":true,"href":"https:\/\/sabatie-produits-entretien.fr\/fr\/wp-json\/wp\/v2\/product_cat?post=1639"},{"taxonomy":"product_tag","embeddable":true,"href":"https:\/\/sabatie-produits-entretien.fr\/fr\/wp-json\/wp\/v2\/product_tag?post=1639"}],"curies":[{"name":"wp","href":"https:\/\/api.w.org\/{rel}","templated":true}]}}