{"id":1658,"date":"2025-05-05T08:57:20","date_gmt":"2025-05-05T06:57:20","guid":{"rendered":"http:\/\/localhost\/sabatiesarl\/?post_type=product&#038;p=1658"},"modified":"2025-06-11T10:38:47","modified_gmt":"2025-06-11T08:38:47","slug":"18a032-pro-four-mousse-pulverisateur-750-ml","status":"publish","type":"product","link":"https:\/\/sabatie-produits-entretien.fr\/fr\/produit\/18a032-pro-four-mousse-pulverisateur-750-ml\/","title":{"rendered":"18A032 PRO FOUR MOUSSE pulv\u00e9risateur 750 ml"},"content":{"rendered":"<h2>PRO FOUR MOUSSE<\/h2>\n<h3>D\u00e9capant mousse pour fours, grilles et r\u00f4tissoires<\/h3>\n<h3>Surpuissant<\/h3>\n<h3>Mousse \u00e0 fort pouvoir adh\u00e9rent<\/h3>\n<h3>Utilisation simple et rapide<\/h3>\n<h3>Produit pr\u00eat \u00e0 l\u2019emploi<\/h3>\n<p>&nbsp;<\/p>\n<h4><strong>UTILISATION<\/strong><\/h4>\n<p>Le Pro Four Mousse poss\u00e8de des propri\u00e9t\u00e9s d\u00e9tersives et \u00e9mulsionnantes exceptionnelles assurant l\u2019\u00e9limination des graisses et des souillures cuites et carbonis\u00e9es.<\/p>\n<p>La mousse form\u00e9e adh\u00e8re aux parois et reste en contact prolong\u00e9 avec les couches de graisses le temps n\u00e9cessaire \u00e0 leur dissolution et permettant ainsi le nettoyage de toutes les surfaces verticales. Le produit se r\u00e9partit bien sur toute la surface pour un nettoyage int\u00e9gral.<\/p>\n<p>Pro Four Mousse se rince facilement, n\u2019attaque pas les m\u00e9taux ferreux, l\u2019\u00e9mail vitrifi\u00e9 ou l\u2019acier inoxydable et ne forme pas de fum\u00e9es d\u00e9sagr\u00e9ables \u00e0 respirer.<\/p>\n<p>&nbsp;<\/p>\n<h4><strong>PROPRI\u00c9T\u00c9S<\/strong><\/h4>\n<ul>\n<li>Aspect \u00a0 \u00a0 \u00a0\u00a0 \u00a0\u00a0 \u00a0\u00a0 : Liquide limpide<\/li>\n<li>Couleur \u00a0 \u00a0\u00a0 \u00a0\u00a0 \u00a0\u00a0 : Incolore<\/li>\n<li>Parfum \u00a0 \u00a0 \u00a0\u00a0 \u00a0 \u00a0\u00a0 : Caract\u00e9ristique<\/li>\n<li>pH pur \u00e0 20\u00b0C : 14<\/li>\n<li>Composition \u00a0\u00a0 :\u00a0 agents de surface amphot\u00e8res, agents alcalins, s\u00e9questrant.<\/li>\n<\/ul>\n<p>&nbsp;<\/p>\n<h4><strong>CONDITIONNEMENT<\/strong><\/h4>\n<ul>\n<li>Pulv\u00e9risateur de 750 ml<\/li>\n<li>carton de 12 x 750 ml<\/li>\n<\/ul>\n<p>&nbsp;<\/p>\n<ul>\n<li><a href=\"http:\/\/sabatie-produits-entretien.fr\/fr\/wp-content\/uploads\/2018\/09\/FT-18A032-PRO_FOUR_MOUSSE-750ML.pdf\" target=\"_blank\" rel=\"noopener\">FICHE TECHNIQUE<\/a><\/li>\n<li><a href=\"http:\/\/sabatie-produits-entretien.fr\/fr\/wp-content\/uploads\/2018\/09\/FDS-18A032-PRO_FOUR_MOUSSE-750ML.pdf\" target=\"_blank\" rel=\"noopener\">FICHE DE SECURITE<\/a><\/li>\n<\/ul>\n","protected":false},"excerpt":{"rendered":"<h3>Produit pr\u00eat \u00e0 l\u2019emploi<\/h3>\n","protected":false},"featured_media":1691,"comment_status":"closed","ping_status":"closed","template":"","meta":{"_acf_changed":false,"site-sidebar-layout":"default","site-content-layout":"","ast-site-content-layout":"default","site-content-style":"default","site-sidebar-style":"default","ast-global-header-display":"","ast-banner-title-visibility":"","ast-main-header-display":"","ast-hfb-above-header-display":"","ast-hfb-below-header-display":"","ast-hfb-mobile-header-display":"","site-post-title":"","ast-breadcrumbs-content":"","ast-featured-img":"","footer-sml-layout":"","ast-disable-related-posts":"","theme-transparent-header-meta":"","adv-header-id-meta":"","stick-header-meta":"","header-above-stick-meta":"","header-main-stick-meta":"","header-below-stick-meta":"","astra-migrate-meta-layouts":"default","ast-page-background-enabled":"default","ast-page-background-meta":{"desktop":{"background-color":"var(--ast-global-color-5)","background-image":"","background-repeat":"repeat","background-position":"center center","background-size":"auto","background-attachment":"scroll","background-type":"","background-media":"","overlay-type":"","overlay-color":"","overlay-opacity":"","overlay-gradient":""},"tablet":{"background-color":"","background-image":"","background-repeat":"repeat","background-position":"center center","background-size":"auto","background-attachment":"scroll","background-type":"","background-media":"","overlay-type":"","overlay-color":"","overlay-opacity":"","overlay-gradient":""},"mobile":{"background-color":"","background-image":"","background-repeat":"repeat","background-position":"center center","background-size":"auto","background-attachment":"scroll","background-type":"","background-media":"","overlay-type":"","overlay-color":"","overlay-opacity":"","overlay-gradient":""}},"ast-content-background-meta":{"desktop":{"background-color":"var(--ast-global-color-4)","background-image":"","background-repeat":"repeat","background-position":"center center","background-size":"auto","background-attachment":"scroll","background-type":"","background-media":"","overlay-type":"","overlay-color":"","overlay-opacity":"","overlay-gradient":""},"tablet":{"background-color":"var(--ast-global-color-4)","background-image":"","background-repeat":"repeat","background-position":"center center","background-size":"auto","background-attachment":"scroll","background-type":"","background-media":"","overlay-type":"","overlay-color":"","overlay-opacity":"","overlay-gradient":""},"mobile":{"background-color":"var(--ast-global-color-4)","background-image":"","background-repeat":"repeat","background-position":"center center","background-size":"auto","background-attachment":"scroll","background-type":"","background-media":"","overlay-type":"","overlay-color":"","overlay-opacity":"","overlay-gradient":""}}},"product_brand":[],"product_cat":[16,626],"product_tag":[525,526],"class_list":{"0":"post-1658","1":"product","2":"type-product","3":"status-publish","4":"has-post-thumbnail","6":"product_cat-tout","7":"product_cat-degraissant-graisse-cuite","8":"product_tag-decapant-pour-four","9":"product_tag-pro-four-mousse","10":"desktop-align-left","11":"tablet-align-left","12":"mobile-align-left","14":"first","15":"instock","16":"virtual","17":"product-type-simple"},"acf":[],"_links":{"self":[{"href":"https:\/\/sabatie-produits-entretien.fr\/fr\/wp-json\/wp\/v2\/product\/1658","targetHints":{"allow":["GET"]}}],"collection":[{"href":"https:\/\/sabatie-produits-entretien.fr\/fr\/wp-json\/wp\/v2\/product"}],"about":[{"href":"https:\/\/sabatie-produits-entretien.fr\/fr\/wp-json\/wp\/v2\/types\/product"}],"replies":[{"embeddable":true,"href":"https:\/\/sabatie-produits-entretien.fr\/fr\/wp-json\/wp\/v2\/comments?post=1658"}],"wp:featuredmedia":[{"embeddable":true,"href":"https:\/\/sabatie-produits-entretien.fr\/fr\/wp-json\/wp\/v2\/media\/1691"}],"wp:attachment":[{"href":"https:\/\/sabatie-produits-entretien.fr\/fr\/wp-json\/wp\/v2\/media?parent=1658"}],"wp:term":[{"taxonomy":"product_brand","embeddable":true,"href":"https:\/\/sabatie-produits-entretien.fr\/fr\/wp-json\/wp\/v2\/product_brand?post=1658"},{"taxonomy":"product_cat","embeddable":true,"href":"https:\/\/sabatie-produits-entretien.fr\/fr\/wp-json\/wp\/v2\/product_cat?post=1658"},{"taxonomy":"product_tag","embeddable":true,"href":"https:\/\/sabatie-produits-entretien.fr\/fr\/wp-json\/wp\/v2\/product_tag?post=1658"}],"curies":[{"name":"wp","href":"https:\/\/api.w.org\/{rel}","templated":true}]}}