{"id":1659,"date":"2025-05-05T08:57:20","date_gmt":"2025-05-05T06:57:20","guid":{"rendered":"http:\/\/localhost\/sabatiesarl\/?post_type=product&#038;p=1659"},"modified":"2025-06-11T10:39:08","modified_gmt":"2025-06-11T08:39:08","slug":"18a08-pro-lustreur-alimentaire-pulverisateur-750-ml","status":"publish","type":"product","link":"https:\/\/sabatie-produits-entretien.fr\/fr\/produit\/18a08-pro-lustreur-alimentaire-pulverisateur-750-ml\/","title":{"rendered":"18A08 PRO LUSTREUR ALIMENTAIRE pulv\u00e9risateur 750 ml"},"content":{"rendered":"<h2>PRO LUSTREUR ALIMENTAIRE<\/h2>\n<h3>Liquide lustrant et protecteur pour inox<\/h3>\n<h3>Sans silicone<\/h3>\n<h3>Prot\u00e8ge et fait briller<\/h3>\n<h3>Pr\u00eat \u00e0 l&#8217;emploi<\/h3>\n<h3><em>Agr\u00e9e contact alimentaire<\/em><\/h3>\n<p>&nbsp;<\/p>\n<h4><strong>UTILISATION<\/strong><\/h4>\n<p>Le Lustreur Alimentaire est id\u00e9al pour toutes les surfaces m\u00e9talliques (acier inoxydable, poli ou bris\u00e9, aluminium, etc.) destin\u00e9es \u00e0 la pr\u00e9paration des denr\u00e9es alimentaires comme les plans de travail, mais aussi les chariots, lave-vaisselle, portes de r\u00e9frig\u00e9rateur\u2026<\/p>\n<p>Il poss\u00e8de un pouvoir hydrophobe qui forme sur les surfaces trait\u00e9es un film protecteur contre l&rsquo;eau, les traces de doigts et les projections diverses. Il fait \u00e9galement briller les surfaces m\u00e9talliques trait\u00e9es et les prot\u00e8ge contre l&rsquo;oxydation.<\/p>\n<p>Il est exempt de silicone.<\/p>\n<p>&nbsp;<\/p>\n<h4><strong>PROPRI\u00c9T\u00c9S<\/strong><\/h4>\n<ul>\n<li>Aspect\u00a0\u00a0\u00a0\u00a0\u00a0\u00a0\u00a0\u00a0\u00a0\u00a0\u00a0 : liquide limpide<\/li>\n<li>Couleur \u00a0 \u00a0 \u00a0 \u00a0\u00a0 : incolore<\/li>\n<li>Composition\u00a0 :\u00a0 huile min\u00e9rale<\/li>\n<\/ul>\n<p>&nbsp;<\/p>\n<h4><strong>CONDITIONNEMENT<\/strong><\/h4>\n<ul>\n<li>Pulv\u00e9risateur de 750 ml<\/li>\n<li>carton de 12 x 750 ml<\/li>\n<\/ul>\n<p>&nbsp;<\/p>\n<ul>\n<li><a href=\"http:\/\/sabatie-produits-entretien.fr\/fr\/wp-content\/uploads\/2018\/09\/FT-18A08-LUSTREUR_ALIM-750ml.pdf\" target=\"_blank\" rel=\"noopener\">FICHE TECHNIQUE<\/a><\/li>\n<li><a href=\"http:\/\/sabatie-produits-entretien.fr\/fr\/wp-content\/uploads\/2018\/09\/FDS-18A08-LUSTREUR_ALIM-750ml.pdf\" target=\"_blank\" rel=\"noopener\">FICHE DE SECURITE<\/a><\/li>\n<\/ul>\n","protected":false},"excerpt":{"rendered":"<h3>Produit pr\u00eat \u00e0 l&#8217;emploi<\/h3>\n","protected":false},"featured_media":1692,"comment_status":"closed","ping_status":"closed","template":"","meta":{"_acf_changed":false,"site-sidebar-layout":"default","site-content-layout":"","ast-site-content-layout":"default","site-content-style":"default","site-sidebar-style":"default","ast-global-header-display":"","ast-banner-title-visibility":"","ast-main-header-display":"","ast-hfb-above-header-display":"","ast-hfb-below-header-display":"","ast-hfb-mobile-header-display":"","site-post-title":"","ast-breadcrumbs-content":"","ast-featured-img":"","footer-sml-layout":"","ast-disable-related-posts":"","theme-transparent-header-meta":"","adv-header-id-meta":"","stick-header-meta":"","header-above-stick-meta":"","header-main-stick-meta":"","header-below-stick-meta":"","astra-migrate-meta-layouts":"default","ast-page-background-enabled":"default","ast-page-background-meta":{"desktop":{"background-color":"var(--ast-global-color-5)","background-image":"","background-repeat":"repeat","background-position":"center center","background-size":"auto","background-attachment":"scroll","background-type":"","background-media":"","overlay-type":"","overlay-color":"","overlay-opacity":"","overlay-gradient":""},"tablet":{"background-color":"","background-image":"","background-repeat":"repeat","background-position":"center center","background-size":"auto","background-attachment":"scroll","background-type":"","background-media":"","overlay-type":"","overlay-color":"","overlay-opacity":"","overlay-gradient":""},"mobile":{"background-color":"","background-image":"","background-repeat":"repeat","background-position":"center center","background-size":"auto","background-attachment":"scroll","background-type":"","background-media":"","overlay-type":"","overlay-color":"","overlay-opacity":"","overlay-gradient":""}},"ast-content-background-meta":{"desktop":{"background-color":"var(--ast-global-color-4)","background-image":"","background-repeat":"repeat","background-position":"center center","background-size":"auto","background-attachment":"scroll","background-type":"","background-media":"","overlay-type":"","overlay-color":"","overlay-opacity":"","overlay-gradient":""},"tablet":{"background-color":"var(--ast-global-color-4)","background-image":"","background-repeat":"repeat","background-position":"center center","background-size":"auto","background-attachment":"scroll","background-type":"","background-media":"","overlay-type":"","overlay-color":"","overlay-opacity":"","overlay-gradient":""},"mobile":{"background-color":"var(--ast-global-color-4)","background-image":"","background-repeat":"repeat","background-position":"center center","background-size":"auto","background-attachment":"scroll","background-type":"","background-media":"","overlay-type":"","overlay-color":"","overlay-opacity":"","overlay-gradient":""}}},"product_brand":[],"product_cat":[16,628],"product_tag":[527,528],"class_list":{"0":"post-1659","1":"product","2":"type-product","3":"status-publish","4":"has-post-thumbnail","6":"product_cat-tout","7":"product_cat-renovant-inox","8":"product_tag-pro-lustreur-alimentaire","9":"product_tag-protecteur-inox-acier-aluminium-metallique","10":"desktop-align-left","11":"tablet-align-left","12":"mobile-align-left","14":"first","15":"instock","16":"virtual","17":"product-type-simple"},"acf":[],"_links":{"self":[{"href":"https:\/\/sabatie-produits-entretien.fr\/fr\/wp-json\/wp\/v2\/product\/1659","targetHints":{"allow":["GET"]}}],"collection":[{"href":"https:\/\/sabatie-produits-entretien.fr\/fr\/wp-json\/wp\/v2\/product"}],"about":[{"href":"https:\/\/sabatie-produits-entretien.fr\/fr\/wp-json\/wp\/v2\/types\/product"}],"replies":[{"embeddable":true,"href":"https:\/\/sabatie-produits-entretien.fr\/fr\/wp-json\/wp\/v2\/comments?post=1659"}],"wp:featuredmedia":[{"embeddable":true,"href":"https:\/\/sabatie-produits-entretien.fr\/fr\/wp-json\/wp\/v2\/media\/1692"}],"wp:attachment":[{"href":"https:\/\/sabatie-produits-entretien.fr\/fr\/wp-json\/wp\/v2\/media?parent=1659"}],"wp:term":[{"taxonomy":"product_brand","embeddable":true,"href":"https:\/\/sabatie-produits-entretien.fr\/fr\/wp-json\/wp\/v2\/product_brand?post=1659"},{"taxonomy":"product_cat","embeddable":true,"href":"https:\/\/sabatie-produits-entretien.fr\/fr\/wp-json\/wp\/v2\/product_cat?post=1659"},{"taxonomy":"product_tag","embeddable":true,"href":"https:\/\/sabatie-produits-entretien.fr\/fr\/wp-json\/wp\/v2\/product_tag?post=1659"}],"curies":[{"name":"wp","href":"https:\/\/api.w.org\/{rel}","templated":true}]}}