{"id":1661,"date":"2025-05-05T08:57:20","date_gmt":"2025-05-05T06:57:20","guid":{"rendered":"http:\/\/localhost\/sabatiesarl\/?post_type=product&#038;p=1661"},"modified":"2025-06-11T01:10:22","modified_gmt":"2025-06-10T23:10:22","slug":"124315-gel-corps-et-cheveux-corine-de-farme-flacon-1-l","status":"publish","type":"product","link":"https:\/\/sabatie-produits-entretien.fr\/fr\/produit\/124315-gel-corps-et-cheveux-corine-de-farme-flacon-1-l\/","title":{"rendered":"124315 GEL CORPS et CHEVEUX Corine de Farme Flacon 1 L"},"content":{"rendered":"<h2>GEL CORPS et CHEVEUX<\/h2>\n<h3>Gel lavant surgras b\u00e9b\u00e9 Corine de Farme<\/h3>\n<h4>Formul\u00e9s \u00e0 partir d\u2019ingr\u00e9dients d\u2019origine naturelle,<\/p>\n<p>rigoureusement s\u00e9l\u00e9ctionn\u00e9s afin d\u2019assurer une tol\u00e9rance optimale et un parfait respect de la peau de b\u00e9b\u00e9.<\/h4>\n<h4>Le gel lavant surgras sans savon, nettoie la peau sensible et les cheveux fins de b\u00e9b\u00e9.<\/p>\n<p>Enrichi en agents surgras, la peau et les cheveux sont doux et d\u00e9licatement parfum\u00e9s.<\/h4>\n<h4>Sans paraben, sans colorant, sans Alcool, sans Phenoxy\u00e9thanol, Parfum sans Phtalates.<\/p>\n<p>Hypoallerg\u00e9nique.<\/h4>\n<h4>Test\u00e9 sous contr\u00f4le dermatologique et ophtalmologique.<\/h4>\n<h4>Ce produit est con\u00e7u, fabriqu\u00e9 et conditionn\u00e9 en France.<\/h4>\n<p>&nbsp;<\/p>\n<h4>Conditionnement<\/h4>\n<ul>\n<li>Flacon 1 litre pompe doseuse Pousse-mousse<\/li>\n<li>Carton de 6 x 1 litre<\/li>\n<\/ul>\n<p>&nbsp;<\/p>\n<ul>\n<li><a href=\"http:\/\/sabatie-produits-entretien.fr\/fr\/wp-content\/uploads\/2018\/09\/St\u00e9ridis-124315-Gel-Corps-1L-FT.pdf\" target=\"_blank\" rel=\"noopener\">FICHE TECHNIQUE<\/a><\/li>\n<\/ul>\n<p>&nbsp;<\/p>\n","protected":false},"excerpt":{"rendered":"<p>GEL CORPS et CHEVEUX Gel lavant surgras b\u00e9b\u00e9 Corine de Farme Formul\u00e9s \u00e0 partir d\u2019ingr\u00e9dients d\u2019origine naturelle, rigoureusement s\u00e9l\u00e9ctionn\u00e9s afin [&hellip;]<\/p>\n","protected":false},"featured_media":1709,"comment_status":"closed","ping_status":"closed","template":"","meta":{"_acf_changed":false,"site-sidebar-layout":"default","site-content-layout":"","ast-site-content-layout":"default","site-content-style":"default","site-sidebar-style":"default","ast-global-header-display":"","ast-banner-title-visibility":"","ast-main-header-display":"","ast-hfb-above-header-display":"","ast-hfb-below-header-display":"","ast-hfb-mobile-header-display":"","site-post-title":"","ast-breadcrumbs-content":"","ast-featured-img":"","footer-sml-layout":"","ast-disable-related-posts":"","theme-transparent-header-meta":"","adv-header-id-meta":"","stick-header-meta":"","header-above-stick-meta":"","header-main-stick-meta":"","header-below-stick-meta":"","astra-migrate-meta-layouts":"default","ast-page-background-enabled":"default","ast-page-background-meta":{"desktop":{"background-color":"var(--ast-global-color-5)","background-image":"","background-repeat":"repeat","background-position":"center center","background-size":"auto","background-attachment":"scroll","background-type":"","background-media":"","overlay-type":"","overlay-color":"","overlay-opacity":"","overlay-gradient":""},"tablet":{"background-color":"","background-image":"","background-repeat":"repeat","background-position":"center center","background-size":"auto","background-attachment":"scroll","background-type":"","background-media":"","overlay-type":"","overlay-color":"","overlay-opacity":"","overlay-gradient":""},"mobile":{"background-color":"","background-image":"","background-repeat":"repeat","background-position":"center center","background-size":"auto","background-attachment":"scroll","background-type":"","background-media":"","overlay-type":"","overlay-color":"","overlay-opacity":"","overlay-gradient":""}},"ast-content-background-meta":{"desktop":{"background-color":"var(--ast-global-color-4)","background-image":"","background-repeat":"repeat","background-position":"center center","background-size":"auto","background-attachment":"scroll","background-type":"","background-media":"","overlay-type":"","overlay-color":"","overlay-opacity":"","overlay-gradient":""},"tablet":{"background-color":"var(--ast-global-color-4)","background-image":"","background-repeat":"repeat","background-position":"center center","background-size":"auto","background-attachment":"scroll","background-type":"","background-media":"","overlay-type":"","overlay-color":"","overlay-opacity":"","overlay-gradient":""},"mobile":{"background-color":"var(--ast-global-color-4)","background-image":"","background-repeat":"repeat","background-position":"center center","background-size":"auto","background-attachment":"scroll","background-type":"","background-media":"","overlay-type":"","overlay-color":"","overlay-opacity":"","overlay-gradient":""}}},"product_brand":[],"product_cat":[16,646],"product_tag":[531,532],"class_list":{"0":"post-1661","1":"product","2":"type-product","3":"status-publish","4":"has-post-thumbnail","6":"product_cat-tout","7":"product_cat-savon-corporel","8":"product_tag-gel-corps-et-cheveux-corine-de-farme","9":"product_tag-gel-lavant-surgras-bebe-peau-sensible-corine-de-farme","10":"desktop-align-left","11":"tablet-align-left","12":"mobile-align-left","14":"first","15":"instock","16":"virtual","17":"product-type-simple"},"acf":[],"_links":{"self":[{"href":"https:\/\/sabatie-produits-entretien.fr\/fr\/wp-json\/wp\/v2\/product\/1661","targetHints":{"allow":["GET"]}}],"collection":[{"href":"https:\/\/sabatie-produits-entretien.fr\/fr\/wp-json\/wp\/v2\/product"}],"about":[{"href":"https:\/\/sabatie-produits-entretien.fr\/fr\/wp-json\/wp\/v2\/types\/product"}],"replies":[{"embeddable":true,"href":"https:\/\/sabatie-produits-entretien.fr\/fr\/wp-json\/wp\/v2\/comments?post=1661"}],"wp:featuredmedia":[{"embeddable":true,"href":"https:\/\/sabatie-produits-entretien.fr\/fr\/wp-json\/wp\/v2\/media\/1709"}],"wp:attachment":[{"href":"https:\/\/sabatie-produits-entretien.fr\/fr\/wp-json\/wp\/v2\/media?parent=1661"}],"wp:term":[{"taxonomy":"product_brand","embeddable":true,"href":"https:\/\/sabatie-produits-entretien.fr\/fr\/wp-json\/wp\/v2\/product_brand?post=1661"},{"taxonomy":"product_cat","embeddable":true,"href":"https:\/\/sabatie-produits-entretien.fr\/fr\/wp-json\/wp\/v2\/product_cat?post=1661"},{"taxonomy":"product_tag","embeddable":true,"href":"https:\/\/sabatie-produits-entretien.fr\/fr\/wp-json\/wp\/v2\/product_tag?post=1661"}],"curies":[{"name":"wp","href":"https:\/\/api.w.org\/{rel}","templated":true}]}}