{"id":1664,"date":"2025-05-05T08:57:20","date_gmt":"2025-05-05T06:57:20","guid":{"rendered":"http:\/\/localhost\/sabatiesarl\/?post_type=product&#038;p=1664"},"modified":"2025-06-11T10:39:46","modified_gmt":"2025-06-11T08:39:46","slug":"18a65-starflore-surodorant-fraise-flacon-1-l","status":"publish","type":"product","link":"https:\/\/sabatie-produits-entretien.fr\/fr\/produit\/18a65-starflore-surodorant-fraise-flacon-1-l\/","title":{"rendered":"18A65 STARFLORE SURODORANT FRAISE Flacon 1 L"},"content":{"rendered":"<h2>STARFLORE SURODORANT Parfum FRAISE<\/h2>\n<h3>Gel parfum\u00e9 \u00e0 forte r\u00e9manence 10 \u00e0 12 heures<\/h3>\n<p>&nbsp;<\/p>\n<h4>Sans CMR, sans formald\u00e9hyde, sans glutaral, sans phtalate, sans EDTA<\/p>\n<p>Pas de pictogramme \u00ab dangereux pour l\u2019environnement \u00bb<\/h4>\n<h4>Starflore Surodorant couvre les mauvaises odeurs et rafraichit l\u2019air pendant de longues heures avec une r\u00e9manence de 10 \u00e0 12 heures.<\/h4>\n<h4>Il est id\u00e9al pour les vide-ordures, poubelles, vestiaires, ascenseurs, parkings, campings, containers, salles de bains, sanitaires, urinoirs, regards d\u2019\u00e9gouts, bondes, saturateurs de radiateurs, etc.<\/h4>\n<p>&nbsp;<\/p>\n<h4>MODE D\u2019EMPLOI<\/h4>\n<ul>\n<li><strong><em>Pur<\/em><\/strong> \u00a0 \u00a0 \u00a0\u00a0 \u00a0 : en jet par une simple pression sur le bidon, quelques gouttes dans un sac d\u2019aspirateur ou dans un support (ex : coupelle, bac)<\/li>\n<li><strong><em>Dilu\u00e9<\/em><\/strong> \u00a0 \u00a0 \u00a0 : dans l\u2019eau de rin\u00e7age des sols, verser 1 \u00e0 2 bouchons dans un seau de 8 litres d\u2019eau.<\/li>\n<li><em><strong>En pulv\u00e9risation<\/strong><\/em> : diluer \u00e0 50% dans l\u2019eau puis vaporiser dans l\u2019atmosph\u00e8re<\/li>\n<\/ul>\n<p>&nbsp;<\/p>\n<h4>PROPRIETES<\/h4>\n<ul>\n<li>Aspect \u00a0 \u00a0 \u00a0\u00a0 : liquide visqueux<\/li>\n<li>Parfum \u00a0 \u00a0 \u00a0 : Fraise<\/li>\n<li>pH \u00e0 20\u00b0C\u00a0 : 7,5<\/li>\n<\/ul>\n<p>&nbsp;<\/p>\n<h4>CONDITIONNEMENT<\/h4>\n<ul>\n<li>Flacon de 1 litre<\/li>\n<li>Carton de 12 x 1 L<\/li>\n<\/ul>\n<p>&nbsp;<\/p>\n<ul>\n<li><a href=\"http:\/\/sabatie-produits-entretien.fr\/fr\/wp-content\/uploads\/2018\/10\/FT_18A65-SURODOR-FRAISE-1L.pdf\" target=\"_blank\" rel=\"noopener noreferrer\">FICHE TECHNIQUE<\/a><\/li>\n<li><a href=\"http:\/\/sabatie-produits-entretien.fr\/fr\/wp-content\/uploads\/2018\/10\/FDS-18A65-SUROD-FRAISE-1L.pdf\" target=\"_blank\" rel=\"noopener noreferrer\">FICHE DE SECURITE<\/a><\/li>\n<\/ul>\n","protected":false},"excerpt":{"rendered":"<h3>Gel parfum\u00e9 \u00e0 forte r\u00e9manence 10 \u00e0 12 heures<\/h3>\n","protected":false},"featured_media":1712,"comment_status":"closed","ping_status":"closed","template":"","meta":{"_acf_changed":false,"site-sidebar-layout":"default","site-content-layout":"","ast-site-content-layout":"default","site-content-style":"default","site-sidebar-style":"default","ast-global-header-display":"","ast-banner-title-visibility":"","ast-main-header-display":"","ast-hfb-above-header-display":"","ast-hfb-below-header-display":"","ast-hfb-mobile-header-display":"","site-post-title":"","ast-breadcrumbs-content":"","ast-featured-img":"","footer-sml-layout":"","ast-disable-related-posts":"","theme-transparent-header-meta":"","adv-header-id-meta":"","stick-header-meta":"","header-above-stick-meta":"","header-main-stick-meta":"","header-below-stick-meta":"","astra-migrate-meta-layouts":"default","ast-page-background-enabled":"default","ast-page-background-meta":{"desktop":{"background-color":"var(--ast-global-color-5)","background-image":"","background-repeat":"repeat","background-position":"center center","background-size":"auto","background-attachment":"scroll","background-type":"","background-media":"","overlay-type":"","overlay-color":"","overlay-opacity":"","overlay-gradient":""},"tablet":{"background-color":"","background-image":"","background-repeat":"repeat","background-position":"center center","background-size":"auto","background-attachment":"scroll","background-type":"","background-media":"","overlay-type":"","overlay-color":"","overlay-opacity":"","overlay-gradient":""},"mobile":{"background-color":"","background-image":"","background-repeat":"repeat","background-position":"center center","background-size":"auto","background-attachment":"scroll","background-type":"","background-media":"","overlay-type":"","overlay-color":"","overlay-opacity":"","overlay-gradient":""}},"ast-content-background-meta":{"desktop":{"background-color":"var(--ast-global-color-4)","background-image":"","background-repeat":"repeat","background-position":"center center","background-size":"auto","background-attachment":"scroll","background-type":"","background-media":"","overlay-type":"","overlay-color":"","overlay-opacity":"","overlay-gradient":""},"tablet":{"background-color":"var(--ast-global-color-4)","background-image":"","background-repeat":"repeat","background-position":"center center","background-size":"auto","background-attachment":"scroll","background-type":"","background-media":"","overlay-type":"","overlay-color":"","overlay-opacity":"","overlay-gradient":""},"mobile":{"background-color":"var(--ast-global-color-4)","background-image":"","background-repeat":"repeat","background-position":"center center","background-size":"auto","background-attachment":"scroll","background-type":"","background-media":"","overlay-type":"","overlay-color":"","overlay-opacity":"","overlay-gradient":""}}},"product_brand":[],"product_cat":[16,632],"product_tag":[535,536],"class_list":{"0":"post-1664","1":"product","2":"type-product","3":"status-publish","4":"has-post-thumbnail","6":"product_cat-tout","7":"product_cat-desodorisant","8":"product_tag-gel-parfume","9":"product_tag-starflore-surodorant-fraise-netflore","10":"desktop-align-left","11":"tablet-align-left","12":"mobile-align-left","14":"first","15":"instock","16":"virtual","17":"product-type-simple"},"acf":[],"_links":{"self":[{"href":"https:\/\/sabatie-produits-entretien.fr\/fr\/wp-json\/wp\/v2\/product\/1664","targetHints":{"allow":["GET"]}}],"collection":[{"href":"https:\/\/sabatie-produits-entretien.fr\/fr\/wp-json\/wp\/v2\/product"}],"about":[{"href":"https:\/\/sabatie-produits-entretien.fr\/fr\/wp-json\/wp\/v2\/types\/product"}],"replies":[{"embeddable":true,"href":"https:\/\/sabatie-produits-entretien.fr\/fr\/wp-json\/wp\/v2\/comments?post=1664"}],"wp:featuredmedia":[{"embeddable":true,"href":"https:\/\/sabatie-produits-entretien.fr\/fr\/wp-json\/wp\/v2\/media\/1712"}],"wp:attachment":[{"href":"https:\/\/sabatie-produits-entretien.fr\/fr\/wp-json\/wp\/v2\/media?parent=1664"}],"wp:term":[{"taxonomy":"product_brand","embeddable":true,"href":"https:\/\/sabatie-produits-entretien.fr\/fr\/wp-json\/wp\/v2\/product_brand?post=1664"},{"taxonomy":"product_cat","embeddable":true,"href":"https:\/\/sabatie-produits-entretien.fr\/fr\/wp-json\/wp\/v2\/product_cat?post=1664"},{"taxonomy":"product_tag","embeddable":true,"href":"https:\/\/sabatie-produits-entretien.fr\/fr\/wp-json\/wp\/v2\/product_tag?post=1664"}],"curies":[{"name":"wp","href":"https:\/\/api.w.org\/{rel}","templated":true}]}}