{"id":1668,"date":"2025-05-05T08:57:21","date_gmt":"2025-05-05T06:57:21","guid":{"rendered":"http:\/\/localhost\/sabatiesarl\/?post_type=product&#038;p=1668"},"modified":"2025-11-05T10:14:00","modified_gmt":"2025-11-05T09:14:00","slug":"02083-idos-dd-sf-detergent-degraissant-desinfectant-concentre-surfaces-et-sols-bidon-5-l","status":"publish","type":"product","link":"https:\/\/sabatie-produits-entretien.fr\/fr\/produit\/02083-idos-dd-sf-detergent-degraissant-desinfectant-concentre-surfaces-et-sols-bidon-5-l\/","title":{"rendered":"02083 IDOS DD SF D\u00e9tergent D\u00e9graissant D\u00e9sinfectant Concentr\u00e9 Surfaces et Sols bidon 5 L"},"content":{"rendered":"<h3>IDOS DD SF est un D\u00e9tergent D\u00e9graissant D\u00e9sinfectant pour Surfaces et Sols<\/h3>\n<ul>\n<li>A raison de 5 ml par litre d&rsquo;eau (soit une dose de 20 ml pour 4 L d&rsquo;eau)<\/li>\n<li>Appliquer la solution, laisser agir pendant 15 minutes (ou 60 min dans le cas d&rsquo;un traitement contre le virus H1N1)<\/li>\n<\/ul>\n<p>Pour uniquement un traitement bact\u00e9ricide rapide, \u00e0 raison de 10 ml par litre d&rsquo;eau. Appliquer la solution, laisser agir pendant 5 minutes.<\/p>\n<p>Rincer \u00e0 l&rsquo;eau potable dans le cas d&rsquo;utilisation pour des r\u00e9cipients ou des surfaces susceptibles d&rsquo;\u00eatre au contact de denr\u00e9es alimentaires.<\/p>\n<p>Nettoyer le mat\u00e9riel d&rsquo;application \u00e0 l&rsquo;eau avant de la ranger.<\/p>\n<ul>\n<li>Norme EN 14476<\/li>\n<li><em>Agr\u00e9e Contact Alimentaire<\/em><\/li>\n<\/ul>\n<p>&nbsp;<\/p>\n<p><strong>PROPRI\u00c9T\u00c9S<\/strong><\/p>\n<ul>\n<li>Bact\u00e9ricides<\/li>\n<li>L\u00e9vuricides<\/li>\n<li>Virucides \u00a0 : \u00a0 H1N1\u00a0 &#8211;\u00a0 Coronavirus<\/li>\n<\/ul>\n<p>&nbsp;<\/p>\n<p><strong>CONDITIONNEMENT<\/strong><\/p>\n<ul>\n<li>bidon de 5 L<\/li>\n<\/ul>\n<p>&nbsp;<\/p>\n<ul>\n<li><a href=\"https:\/\/sabatie-produits-entretien.fr\/fr\/wp-content\/uploads\/2024\/06\/FDS-IDOSF_IDOS-DDSF-NG_FR-02083-1.pdf\" target=\"_blank\" rel=\"noopener noreferrer\">FICHE DE SECURITE<\/a><\/li>\n<li><a href=\"https:\/\/sabatie-produits-entretien.fr\/fr\/wp-content\/uploads\/2024\/06\/FT-IDOS-NG-DD-SF-BD-02083.pdf\" target=\"_blank\" rel=\"noopener noreferrer\">FICHE TECHNIQUE<\/a><\/li>\n<\/ul>\n","protected":false},"excerpt":{"rendered":"<p>IDOS DD SF est un D\u00e9tergent D\u00e9graissant D\u00e9sinfectant pour Surfaces et Sols A raison de 5 ml par litre d&rsquo;eau [&hellip;]<\/p>\n","protected":false},"featured_media":1716,"comment_status":"closed","ping_status":"closed","template":"","meta":{"_acf_changed":false,"site-sidebar-layout":"default","site-content-layout":"","ast-site-content-layout":"default","site-content-style":"default","site-sidebar-style":"default","ast-global-header-display":"","ast-banner-title-visibility":"","ast-main-header-display":"","ast-hfb-above-header-display":"","ast-hfb-below-header-display":"","ast-hfb-mobile-header-display":"","site-post-title":"","ast-breadcrumbs-content":"","ast-featured-img":"","footer-sml-layout":"","ast-disable-related-posts":"","theme-transparent-header-meta":"default","adv-header-id-meta":"","stick-header-meta":"","header-above-stick-meta":"","header-main-stick-meta":"","header-below-stick-meta":"","astra-migrate-meta-layouts":"set","ast-page-background-enabled":"default","ast-page-background-meta":{"desktop":{"background-color":"var(--ast-global-color-5)","background-image":"","background-repeat":"repeat","background-position":"center center","background-size":"auto","background-attachment":"scroll","background-type":"","background-media":"","overlay-type":"","overlay-color":"","overlay-opacity":"","overlay-gradient":""},"tablet":{"background-color":"","background-image":"","background-repeat":"repeat","background-position":"center center","background-size":"auto","background-attachment":"scroll","background-type":"","background-media":"","overlay-type":"","overlay-color":"","overlay-opacity":"","overlay-gradient":""},"mobile":{"background-color":"","background-image":"","background-repeat":"repeat","background-position":"center center","background-size":"auto","background-attachment":"scroll","background-type":"","background-media":"","overlay-type":"","overlay-color":"","overlay-opacity":"","overlay-gradient":""}},"ast-content-background-meta":{"desktop":{"background-color":"var(--ast-global-color-4)","background-image":"","background-repeat":"repeat","background-position":"center center","background-size":"auto","background-attachment":"scroll","background-type":"","background-media":"","overlay-type":"","overlay-color":"","overlay-opacity":"","overlay-gradient":""},"tablet":{"background-color":"var(--ast-global-color-4)","background-image":"","background-repeat":"repeat","background-position":"center center","background-size":"auto","background-attachment":"scroll","background-type":"","background-media":"","overlay-type":"","overlay-color":"","overlay-opacity":"","overlay-gradient":""},"mobile":{"background-color":"var(--ast-global-color-4)","background-image":"","background-repeat":"repeat","background-position":"center center","background-size":"auto","background-attachment":"scroll","background-type":"","background-media":"","overlay-type":"","overlay-color":"","overlay-opacity":"","overlay-gradient":""}}},"product_brand":[],"product_cat":[16,624,619],"product_tag":[295,542],"class_list":{"0":"post-1668","1":"product","2":"type-product","3":"status-publish","4":"has-post-thumbnail","6":"product_cat-tout","7":"product_cat-degraissant-desinfectant","8":"product_cat-produits-cuisine","9":"product_tag-elcopharma","10":"product_tag-idos-dd-sf-detergent-degraissant-desinfectant-surfaces-sols","11":"desktop-align-left","12":"tablet-align-left","13":"mobile-align-left","15":"first","16":"instock","17":"virtual","18":"product-type-simple"},"acf":[],"_links":{"self":[{"href":"https:\/\/sabatie-produits-entretien.fr\/fr\/wp-json\/wp\/v2\/product\/1668","targetHints":{"allow":["GET"]}}],"collection":[{"href":"https:\/\/sabatie-produits-entretien.fr\/fr\/wp-json\/wp\/v2\/product"}],"about":[{"href":"https:\/\/sabatie-produits-entretien.fr\/fr\/wp-json\/wp\/v2\/types\/product"}],"replies":[{"embeddable":true,"href":"https:\/\/sabatie-produits-entretien.fr\/fr\/wp-json\/wp\/v2\/comments?post=1668"}],"wp:featuredmedia":[{"embeddable":true,"href":"https:\/\/sabatie-produits-entretien.fr\/fr\/wp-json\/wp\/v2\/media\/1716"}],"wp:attachment":[{"href":"https:\/\/sabatie-produits-entretien.fr\/fr\/wp-json\/wp\/v2\/media?parent=1668"}],"wp:term":[{"taxonomy":"product_brand","embeddable":true,"href":"https:\/\/sabatie-produits-entretien.fr\/fr\/wp-json\/wp\/v2\/product_brand?post=1668"},{"taxonomy":"product_cat","embeddable":true,"href":"https:\/\/sabatie-produits-entretien.fr\/fr\/wp-json\/wp\/v2\/product_cat?post=1668"},{"taxonomy":"product_tag","embeddable":true,"href":"https:\/\/sabatie-produits-entretien.fr\/fr\/wp-json\/wp\/v2\/product_tag?post=1668"}],"curies":[{"name":"wp","href":"https:\/\/api.w.org\/{rel}","templated":true}]}}