{"id":1669,"date":"2025-05-05T08:57:21","date_gmt":"2025-05-05T06:57:21","guid":{"rendered":"http:\/\/localhost\/sabatiesarl\/?post_type=product&#038;p=1669"},"modified":"2025-06-11T10:35:37","modified_gmt":"2025-06-11T08:35:37","slug":"18a09-pro-plonge-bactericide-vaisselle-mains-bidon-5-l","status":"publish","type":"product","link":"https:\/\/sabatie-produits-entretien.fr\/fr\/produit\/18a09-pro-plonge-bactericide-vaisselle-mains-bidon-5-l\/","title":{"rendered":"18A09 PRO PLONGE BACT\u00c9RICIDE vaisselle mains bidon 5 L"},"content":{"rendered":"<h2>PRO PLONGE BACT\u00c9RICIDE vaisselle mains<\/h2>\n<h3>D\u00e9tergent d\u00e9sinfectant pour le lavage de la vaisselle \u00e0 la main<\/h3>\n<p>&nbsp;<\/p>\n<ul>\n<li>\n<h4>D\u00e9graissant<\/h4>\n<\/li>\n<li>\n<h4>Bact\u00e9ricide EN 1276<\/h4>\n<\/li>\n<li>\n<h4>D\u00e9sodorisant<\/h4>\n<\/li>\n<\/ul>\n<h4><\/h4>\n<p>&nbsp;<\/p>\n<h4>UTILISATION<\/h4>\n<p>D\u00e9tergent puissant de plonge manuelle aux propri\u00e9t\u00e9s d\u00e9sinfectantes et d\u00e9graissantes. Il d\u00e9sodorise la vaisselle gr\u00e2ce \u00e0 son parfum citronn\u00e9 et est miscible \u00e0 l\u2019eau en toutes proportions.<\/p>\n<p>La protection de l\u2019\u00e9piderme est assur\u00e9e gr\u00e2ce \u00e0 la pr\u00e9sence d\u2019un agent surgraissant.<\/p>\n<p>&nbsp;<\/p>\n<h4>PROPRI\u00c9T\u00c9S<\/h4>\n<p>Parfum \u00a0 \u00a0 \u00a0 \u00a0 \u00a0\u00a0 \u00a0\u00a0 :\u00a0 Citron<\/p>\n<p>Aspect \u00a0 \u00a0 \u00a0 \u00a0 \u00a0\u00a0 \u00a0 \u00a0 :\u00a0 Liquide Limpide<\/p>\n<p>pH pur \u00e0 20\u00b0C\u00a0 :\u00a0 11 +-0,5<\/p>\n<h4><\/h4>\n<p>&nbsp;<\/p>\n<h4>CONDITIONNEMENT<\/h4>\n<ul>\n<li>bidon de 5 litres<\/li>\n<li>carton de 4 x 5 L<\/li>\n<\/ul>\n<p>&nbsp;<\/p>\n<ul>\n<li><a href=\"https:\/\/sabatie-produits-entretien.fr\/fr\/wp-content\/uploads\/2021\/06\/FT-18A09-PRO-PLONGE-BACT-5L.pdf\" target=\"_blank\" rel=\"noopener noreferrer\">FICHE TECHNIQUE<\/a><\/li>\n<li><a href=\"https:\/\/sabatie-produits-entretien.fr\/fr\/wp-content\/uploads\/2021\/06\/FDS-18A09-PRO-PLONGE-BACT-5L.pdf\" target=\"_blank\" rel=\"noopener noreferrer\">FICHE DE SECURITE<\/a><\/li>\n<\/ul>\n<p>&nbsp;<\/p>\n","protected":false},"excerpt":{"rendered":"<p>PRO PLONGE BACT\u00c9RICIDE vaisselle mains D\u00e9tergent d\u00e9sinfectant pour le lavage de la vaisselle \u00e0 la main &nbsp; D\u00e9graissant Bact\u00e9ricide EN [&hellip;]<\/p>\n","protected":false},"featured_media":1717,"comment_status":"closed","ping_status":"closed","template":"","meta":{"_acf_changed":false,"site-sidebar-layout":"default","site-content-layout":"","ast-site-content-layout":"default","site-content-style":"default","site-sidebar-style":"default","ast-global-header-display":"","ast-banner-title-visibility":"","ast-main-header-display":"","ast-hfb-above-header-display":"","ast-hfb-below-header-display":"","ast-hfb-mobile-header-display":"","site-post-title":"","ast-breadcrumbs-content":"","ast-featured-img":"","footer-sml-layout":"","ast-disable-related-posts":"","theme-transparent-header-meta":"","adv-header-id-meta":"","stick-header-meta":"","header-above-stick-meta":"","header-main-stick-meta":"","header-below-stick-meta":"","astra-migrate-meta-layouts":"default","ast-page-background-enabled":"default","ast-page-background-meta":{"desktop":{"background-color":"var(--ast-global-color-5)","background-image":"","background-repeat":"repeat","background-position":"center center","background-size":"auto","background-attachment":"scroll","background-type":"","background-media":"","overlay-type":"","overlay-color":"","overlay-opacity":"","overlay-gradient":""},"tablet":{"background-color":"","background-image":"","background-repeat":"repeat","background-position":"center center","background-size":"auto","background-attachment":"scroll","background-type":"","background-media":"","overlay-type":"","overlay-color":"","overlay-opacity":"","overlay-gradient":""},"mobile":{"background-color":"","background-image":"","background-repeat":"repeat","background-position":"center center","background-size":"auto","background-attachment":"scroll","background-type":"","background-media":"","overlay-type":"","overlay-color":"","overlay-opacity":"","overlay-gradient":""}},"ast-content-background-meta":{"desktop":{"background-color":"var(--ast-global-color-4)","background-image":"","background-repeat":"repeat","background-position":"center center","background-size":"auto","background-attachment":"scroll","background-type":"","background-media":"","overlay-type":"","overlay-color":"","overlay-opacity":"","overlay-gradient":""},"tablet":{"background-color":"var(--ast-global-color-4)","background-image":"","background-repeat":"repeat","background-position":"center center","background-size":"auto","background-attachment":"scroll","background-type":"","background-media":"","overlay-type":"","overlay-color":"","overlay-opacity":"","overlay-gradient":""},"mobile":{"background-color":"var(--ast-global-color-4)","background-image":"","background-repeat":"repeat","background-position":"center center","background-size":"auto","background-attachment":"scroll","background-type":"","background-media":"","overlay-type":"","overlay-color":"","overlay-opacity":"","overlay-gradient":""}}},"product_brand":[],"product_cat":[16,629],"product_tag":[183,543,544],"class_list":{"0":"post-1669","1":"product","2":"type-product","3":"status-publish","4":"has-post-thumbnail","6":"product_cat-tout","7":"product_cat-lavage-vaisselle-manuel","8":"product_tag-hygiene-et-nature","9":"product_tag-pro-plonge-bactericide","10":"product_tag-vaisselle-mains-desinfectant","11":"desktop-align-left","12":"tablet-align-left","13":"mobile-align-left","15":"first","16":"instock","17":"virtual","18":"product-type-simple"},"acf":[],"_links":{"self":[{"href":"https:\/\/sabatie-produits-entretien.fr\/fr\/wp-json\/wp\/v2\/product\/1669","targetHints":{"allow":["GET"]}}],"collection":[{"href":"https:\/\/sabatie-produits-entretien.fr\/fr\/wp-json\/wp\/v2\/product"}],"about":[{"href":"https:\/\/sabatie-produits-entretien.fr\/fr\/wp-json\/wp\/v2\/types\/product"}],"replies":[{"embeddable":true,"href":"https:\/\/sabatie-produits-entretien.fr\/fr\/wp-json\/wp\/v2\/comments?post=1669"}],"wp:featuredmedia":[{"embeddable":true,"href":"https:\/\/sabatie-produits-entretien.fr\/fr\/wp-json\/wp\/v2\/media\/1717"}],"wp:attachment":[{"href":"https:\/\/sabatie-produits-entretien.fr\/fr\/wp-json\/wp\/v2\/media?parent=1669"}],"wp:term":[{"taxonomy":"product_brand","embeddable":true,"href":"https:\/\/sabatie-produits-entretien.fr\/fr\/wp-json\/wp\/v2\/product_brand?post=1669"},{"taxonomy":"product_cat","embeddable":true,"href":"https:\/\/sabatie-produits-entretien.fr\/fr\/wp-json\/wp\/v2\/product_cat?post=1669"},{"taxonomy":"product_tag","embeddable":true,"href":"https:\/\/sabatie-produits-entretien.fr\/fr\/wp-json\/wp\/v2\/product_tag?post=1669"}],"curies":[{"name":"wp","href":"https:\/\/api.w.org\/{rel}","templated":true}]}}