{"id":1670,"date":"2025-05-05T08:57:21","date_gmt":"2025-05-05T06:57:21","guid":{"rendered":"http:\/\/localhost\/sabatiesarl\/?post_type=product&#038;p=1670"},"modified":"2025-06-11T02:07:07","modified_gmt":"2025-06-11T00:07:07","slug":"18a859-sols-net-v-degraissant-manuel-auto-laveuse-bidon-5-l","status":"publish","type":"product","link":"https:\/\/sabatie-produits-entretien.fr\/fr\/produit\/18a859-sols-net-v-degraissant-manuel-auto-laveuse-bidon-5-l\/","title":{"rendered":"18A859 SOLS NET V D\u00e9graissant Manuel Auto-Laveuse bidon 5 L"},"content":{"rendered":"<h2>SOLS NET V<\/h2>\n<p>&nbsp;<\/p>\n<h4>Ultra D\u00e9graissant Agr\u00e9\u00e9 Contact Alimentaire<\/h4>\n<p>&nbsp;<\/p>\n<ul>\n<li>\n<h4>Solvant\u00e9<\/h4>\n<\/li>\n<li>\n<h4>Sp\u00e9cial sols industriels<\/h4>\n<\/li>\n<li>\n<h4>99.5% des ingr\u00e9dients sont d\u2019origine naturelle<\/h4>\n<\/li>\n<\/ul>\n<p>&nbsp;<\/p>\n<h4>D\u00e9graissant solvant\u00e9 certifi\u00e9 par ECOCERT recommand\u00e9 pour le nettoyage et l\u2019\u00e9limination des graisses, des huiles, des hydrocarbures et des traces de pneus sur les sols industriels particuli\u00e8rement difficiles \u00e0 traiter. Sols Net V permet \u00e9galement l\u2019\u00e9limination des anciennes couches d\u2019\u00e9mulsions et est efficace sur la plupart des graffitis de type feutre ou peinture a\u00e9rosols. Agr\u00e9\u00e9 contact alimentaire, son pouvoir d\u00e9graissant est remarquable sur les huiles et graisses, qu\u2019elles soient d\u2019origine v\u00e9g\u00e9tale, animale ou min\u00e9rale. Il convient pour le traitement de surface, pour la pr\u00e9paration des pi\u00e8ces avant peinture, pour l\u2019entretien des supports, pour le d\u00e9graissage m\u00e9canique. Il est compos\u00e9 de 99.5% d\u2019ingr\u00e9dients d\u2019origine naturelle. Il est sans colorant, sans conservateur, sans allerg\u00e8ne.<\/h4>\n<h4><em>Conforme aux arr\u00eat\u00e9s minist\u00e9riels du 08 septembre 1999 et du 19 d\u00e9cembre 2013 relatifs aux produits de nettoyage du mat\u00e9riel pouvant se trouver au contact des denr\u00e9es alimentaires.<\/em><\/h4>\n<p>&nbsp;<\/p>\n<h4>PROPRI\u00c9T\u00c9S<\/h4>\n<p>Couleur \u00a0 \u00a0 \u00a0 \u00a0 \u00a0 \u00a0\u00a0 :\u00a0 jaune p\u00e2le<\/p>\n<p>Aspect\u00a0\u00a0\u00a0\u00a0\u00a0\u00a0\u00a0\u00a0\u00a0\u00a0\u00a0\u00a0\u00a0\u00a0\u00a0\u00a0 : liquide limpide<\/p>\n<p>Parfum \u00a0 \u00a0 \u00a0 \u00a0 \u00a0 \u00a0 \u00a0 :\u00a0 sans<\/p>\n<p>pH pur \u00e0 20\u00b0C\u00a0 : 13 0.5<\/p>\n<p>&nbsp;<\/p>\n<h4>CONDITIONNEMENT<\/h4>\n<ul>\n<li>bidon de 5 litres<\/li>\n<li>carton de 2 x 5 L<\/li>\n<\/ul>\n<p>&nbsp;<\/p>\n<ul>\n<li><a href=\"https:\/\/sabatie-produits-entretien.fr\/fr\/wp-content\/uploads\/2021\/06\/FT-18A859-SOLS_NET_V-5L.pdf\" target=\"_blank\" rel=\"noopener noreferrer\">FICHE TECHNIQUE<\/a><\/li>\n<li><a href=\"https:\/\/sabatie-produits-entretien.fr\/fr\/wp-content\/uploads\/2021\/06\/FDS-18A859-SOLS_NET_V-5L.pdf\" target=\"_blank\" rel=\"noopener noreferrer\">FICHE DE SECURITE<\/a><\/li>\n<\/ul>\n<p>&nbsp;<\/p>\n","protected":false},"excerpt":{"rendered":"<p><img decoding=\"async\" class=\"alignnone size-thumbnail wp-image-1535\" src=\"https:\/\/sabatie-produits-entretien.fr\/fr\/wp-content\/uploads\/2017\/04\/ECOCERT_LOGO2-200x200.png\" alt=\"\" width=\"200\" height=\"200\" \/><\/p>\n","protected":false},"featured_media":1718,"comment_status":"closed","ping_status":"closed","template":"","meta":{"_acf_changed":false,"site-sidebar-layout":"default","site-content-layout":"","ast-site-content-layout":"default","site-content-style":"default","site-sidebar-style":"default","ast-global-header-display":"","ast-banner-title-visibility":"","ast-main-header-display":"","ast-hfb-above-header-display":"","ast-hfb-below-header-display":"","ast-hfb-mobile-header-display":"","site-post-title":"","ast-breadcrumbs-content":"","ast-featured-img":"","footer-sml-layout":"","ast-disable-related-posts":"","theme-transparent-header-meta":"","adv-header-id-meta":"","stick-header-meta":"","header-above-stick-meta":"","header-main-stick-meta":"","header-below-stick-meta":"","astra-migrate-meta-layouts":"default","ast-page-background-enabled":"default","ast-page-background-meta":{"desktop":{"background-color":"var(--ast-global-color-5)","background-image":"","background-repeat":"repeat","background-position":"center center","background-size":"auto","background-attachment":"scroll","background-type":"","background-media":"","overlay-type":"","overlay-color":"","overlay-opacity":"","overlay-gradient":""},"tablet":{"background-color":"","background-image":"","background-repeat":"repeat","background-position":"center center","background-size":"auto","background-attachment":"scroll","background-type":"","background-media":"","overlay-type":"","overlay-color":"","overlay-opacity":"","overlay-gradient":""},"mobile":{"background-color":"","background-image":"","background-repeat":"repeat","background-position":"center center","background-size":"auto","background-attachment":"scroll","background-type":"","background-media":"","overlay-type":"","overlay-color":"","overlay-opacity":"","overlay-gradient":""}},"ast-content-background-meta":{"desktop":{"background-color":"var(--ast-global-color-4)","background-image":"","background-repeat":"repeat","background-position":"center center","background-size":"auto","background-attachment":"scroll","background-type":"","background-media":"","overlay-type":"","overlay-color":"","overlay-opacity":"","overlay-gradient":""},"tablet":{"background-color":"var(--ast-global-color-4)","background-image":"","background-repeat":"repeat","background-position":"center center","background-size":"auto","background-attachment":"scroll","background-type":"","background-media":"","overlay-type":"","overlay-color":"","overlay-opacity":"","overlay-gradient":""},"mobile":{"background-color":"var(--ast-global-color-4)","background-image":"","background-repeat":"repeat","background-position":"center center","background-size":"auto","background-attachment":"scroll","background-type":"","background-media":"","overlay-type":"","overlay-color":"","overlay-opacity":"","overlay-gradient":""}}},"product_brand":[],"product_cat":[16,675,681],"product_tag":[545,183,546],"class_list":{"0":"post-1670","1":"product","2":"type-product","3":"status-publish","4":"has-post-thumbnail","6":"product_cat-tout","7":"product_cat-nettoyant-sols-degraissants","8":"product_cat-produits-ecocert-issu-de-lagriculture-biologique","9":"product_tag-degraissant-sols-alimentaire","10":"product_tag-hygiene-et-nature","11":"product_tag-sols-net-v","12":"desktop-align-left","13":"tablet-align-left","14":"mobile-align-left","16":"first","17":"instock","18":"shipping-taxable","19":"product-type-simple"},"acf":[],"_links":{"self":[{"href":"https:\/\/sabatie-produits-entretien.fr\/fr\/wp-json\/wp\/v2\/product\/1670","targetHints":{"allow":["GET"]}}],"collection":[{"href":"https:\/\/sabatie-produits-entretien.fr\/fr\/wp-json\/wp\/v2\/product"}],"about":[{"href":"https:\/\/sabatie-produits-entretien.fr\/fr\/wp-json\/wp\/v2\/types\/product"}],"replies":[{"embeddable":true,"href":"https:\/\/sabatie-produits-entretien.fr\/fr\/wp-json\/wp\/v2\/comments?post=1670"}],"wp:featuredmedia":[{"embeddable":true,"href":"https:\/\/sabatie-produits-entretien.fr\/fr\/wp-json\/wp\/v2\/media\/1718"}],"wp:attachment":[{"href":"https:\/\/sabatie-produits-entretien.fr\/fr\/wp-json\/wp\/v2\/media?parent=1670"}],"wp:term":[{"taxonomy":"product_brand","embeddable":true,"href":"https:\/\/sabatie-produits-entretien.fr\/fr\/wp-json\/wp\/v2\/product_brand?post=1670"},{"taxonomy":"product_cat","embeddable":true,"href":"https:\/\/sabatie-produits-entretien.fr\/fr\/wp-json\/wp\/v2\/product_cat?post=1670"},{"taxonomy":"product_tag","embeddable":true,"href":"https:\/\/sabatie-produits-entretien.fr\/fr\/wp-json\/wp\/v2\/product_tag?post=1670"}],"curies":[{"name":"wp","href":"https:\/\/api.w.org\/{rel}","templated":true}]}}