{"id":1671,"date":"2025-05-05T08:57:21","date_gmt":"2025-05-05T06:57:21","guid":{"rendered":"http:\/\/localhost\/sabatiesarl\/?post_type=product&#038;p=1671"},"modified":"2025-06-11T10:38:32","modified_gmt":"2025-06-11T08:38:32","slug":"18a03-pro-graissor-decapant-fours-friteuses-bidon-5-l","status":"publish","type":"product","link":"https:\/\/sabatie-produits-entretien.fr\/fr\/produit\/18a03-pro-graissor-decapant-fours-friteuses-bidon-5-l\/","title":{"rendered":"18A03 PRO GRAISSOR D\u00e9capant Fours Friteuses bidon 5 L"},"content":{"rendered":"<h2>PRO GRAISSOR<\/h2>\n<p>&nbsp;<\/p>\n<h3>D\u00e9capant Fours et Friteuses<\/h3>\n<p>&nbsp;<\/p>\n<ul>\n<li>\n<h4>D\u00e9cape \u00e0 chaud<\/h4>\n<\/li>\n<li>\n<h4>Elimine les graisses cuites<\/h4>\n<\/li>\n<li>\n<h4>Fort pouvoir mouillant<\/h4>\n<\/li>\n<\/ul>\n<p>&nbsp;<\/p>\n<h4>Liquide pulv\u00e9risable pour le d\u00e9capage et le d\u00e9graissage \u00e0 chaud des fours, fourneaux, friteuses et toutes surfaces en inox, \u00e9maill\u00e9es ou polies, les plaques chauffantes et les dessus de cuisini\u00e8res.<\/p>\n<p>Sa formulation permet d&rsquo;\u00e9liminer toutes sortes de particules grasses, m\u00eame cuites. Son pouvoir mouillant facilite son activit\u00e9 en profondeur.<\/h4>\n<h4><em>Conforme aux arr\u00eat\u00e9s minist\u00e9riels du 08 septembre 1999 et du 19 d\u00e9cembre 2013 relatifs aux produits de nettoyage du mat\u00e9riel pouvant se trouver au contact des denr\u00e9es alimentaires.<\/p>\n<p><\/em><\/h4>\n<p>&nbsp;<\/p>\n<h4>PROPRI\u00c9T\u00c9S<\/h4>\n<p>Couleur \u00a0 \u00a0 \u00a0 \u00a0\u00a0 \u00a0 \u00a0 \u00a0 \u00a0\u00a0 \u00a0 \u00a0\u00a0 :\u00a0 Brun<\/p>\n<p>Aspect \u00a0 \u00a0 \u00a0 \u00a0 \u00a0 \u00a0 \u00a0 \u00a0 \u00a0 \u00a0\u00a0\u00a0 \u00a0 \u00a0 :\u00a0 Liquide Limpide<\/p>\n<p>pH pur \u00e0 20\u00b0C \u00a0 \u00a0 \u00a0 \u00a0 \u00a0 \u00a0\u00a0 :\u00a0 14<\/p>\n<p>pH dilu\u00e9 \u00e0 1% \u00e0 20\u00b0C\u00a0 :\u00a0 12<\/p>\n<p>&nbsp;<\/p>\n<h4>CONDITIONNEMENT<\/h4>\n<ul>\n<li>bidon de 5 litres<\/li>\n<li>carton de 4 x 5 L<\/li>\n<\/ul>\n<p>&nbsp;<\/p>\n<ul>\n<li><a href=\"https:\/\/sabatie-produits-entretien.fr\/fr\/wp-content\/uploads\/2021\/06\/FT-18A03-PRO_GRAISSOR-5L-1.pdf\" target=\"_blank\" rel=\"noopener noreferrer\">FICHE TECHNIQUE<\/a><\/li>\n<li><a href=\"https:\/\/sabatie-produits-entretien.fr\/fr\/wp-content\/uploads\/2021\/06\/FDS-18A03-PRO_GRAISSOR-5L.pdf\" target=\"_blank\" rel=\"noopener noreferrer\">FICHE DE SECURITE<\/a><\/li>\n<\/ul>\n","protected":false},"excerpt":{"rendered":"<p>PRO GRAISSOR &nbsp; D\u00e9capant Fours et Friteuses &nbsp; D\u00e9cape \u00e0 chaud Elimine les graisses cuites Fort pouvoir mouillant &nbsp; Liquide [&hellip;]<\/p>\n","protected":false},"featured_media":1719,"comment_status":"closed","ping_status":"closed","template":"","meta":{"_acf_changed":false,"site-sidebar-layout":"default","site-content-layout":"","ast-site-content-layout":"default","site-content-style":"default","site-sidebar-style":"default","ast-global-header-display":"","ast-banner-title-visibility":"","ast-main-header-display":"","ast-hfb-above-header-display":"","ast-hfb-below-header-display":"","ast-hfb-mobile-header-display":"","site-post-title":"","ast-breadcrumbs-content":"","ast-featured-img":"","footer-sml-layout":"","ast-disable-related-posts":"","theme-transparent-header-meta":"","adv-header-id-meta":"","stick-header-meta":"","header-above-stick-meta":"","header-main-stick-meta":"","header-below-stick-meta":"","astra-migrate-meta-layouts":"default","ast-page-background-enabled":"default","ast-page-background-meta":{"desktop":{"background-color":"var(--ast-global-color-5)","background-image":"","background-repeat":"repeat","background-position":"center center","background-size":"auto","background-attachment":"scroll","background-type":"","background-media":"","overlay-type":"","overlay-color":"","overlay-opacity":"","overlay-gradient":""},"tablet":{"background-color":"","background-image":"","background-repeat":"repeat","background-position":"center center","background-size":"auto","background-attachment":"scroll","background-type":"","background-media":"","overlay-type":"","overlay-color":"","overlay-opacity":"","overlay-gradient":""},"mobile":{"background-color":"","background-image":"","background-repeat":"repeat","background-position":"center center","background-size":"auto","background-attachment":"scroll","background-type":"","background-media":"","overlay-type":"","overlay-color":"","overlay-opacity":"","overlay-gradient":""}},"ast-content-background-meta":{"desktop":{"background-color":"var(--ast-global-color-4)","background-image":"","background-repeat":"repeat","background-position":"center center","background-size":"auto","background-attachment":"scroll","background-type":"","background-media":"","overlay-type":"","overlay-color":"","overlay-opacity":"","overlay-gradient":""},"tablet":{"background-color":"var(--ast-global-color-4)","background-image":"","background-repeat":"repeat","background-position":"center center","background-size":"auto","background-attachment":"scroll","background-type":"","background-media":"","overlay-type":"","overlay-color":"","overlay-opacity":"","overlay-gradient":""},"mobile":{"background-color":"var(--ast-global-color-4)","background-image":"","background-repeat":"repeat","background-position":"center center","background-size":"auto","background-attachment":"scroll","background-type":"","background-media":"","overlay-type":"","overlay-color":"","overlay-opacity":"","overlay-gradient":""}}},"product_brand":[],"product_cat":[16,626],"product_tag":[547,183,548],"class_list":{"0":"post-1671","1":"product","2":"type-product","3":"status-publish","4":"has-post-thumbnail","6":"product_cat-tout","7":"product_cat-degraissant-graisse-cuite","8":"product_tag-decapant-fours-et-friteuses","9":"product_tag-hygiene-et-nature","10":"product_tag-pro-graissor","11":"desktop-align-left","12":"tablet-align-left","13":"mobile-align-left","15":"first","16":"instock","17":"shipping-taxable","18":"product-type-simple"},"acf":[],"_links":{"self":[{"href":"https:\/\/sabatie-produits-entretien.fr\/fr\/wp-json\/wp\/v2\/product\/1671","targetHints":{"allow":["GET"]}}],"collection":[{"href":"https:\/\/sabatie-produits-entretien.fr\/fr\/wp-json\/wp\/v2\/product"}],"about":[{"href":"https:\/\/sabatie-produits-entretien.fr\/fr\/wp-json\/wp\/v2\/types\/product"}],"replies":[{"embeddable":true,"href":"https:\/\/sabatie-produits-entretien.fr\/fr\/wp-json\/wp\/v2\/comments?post=1671"}],"wp:featuredmedia":[{"embeddable":true,"href":"https:\/\/sabatie-produits-entretien.fr\/fr\/wp-json\/wp\/v2\/media\/1719"}],"wp:attachment":[{"href":"https:\/\/sabatie-produits-entretien.fr\/fr\/wp-json\/wp\/v2\/media?parent=1671"}],"wp:term":[{"taxonomy":"product_brand","embeddable":true,"href":"https:\/\/sabatie-produits-entretien.fr\/fr\/wp-json\/wp\/v2\/product_brand?post=1671"},{"taxonomy":"product_cat","embeddable":true,"href":"https:\/\/sabatie-produits-entretien.fr\/fr\/wp-json\/wp\/v2\/product_cat?post=1671"},{"taxonomy":"product_tag","embeddable":true,"href":"https:\/\/sabatie-produits-entretien.fr\/fr\/wp-json\/wp\/v2\/product_tag?post=1671"}],"curies":[{"name":"wp","href":"https:\/\/api.w.org\/{rel}","templated":true}]}}