{"id":1695,"date":"2025-05-05T08:57:42","date_gmt":"2025-05-05T06:57:42","guid":{"rendered":"http:\/\/localhost\/sabatiesarl\/?post_type=product&#038;p=1695"},"modified":"2025-06-11T13:39:51","modified_gmt":"2025-06-11T11:39:51","slug":"02092-idos-medispray-desinfectant-sr-surfaces-mains-virucide-750-ml","status":"publish","type":"product","link":"https:\/\/sabatie-produits-entretien.fr\/fr\/produit\/02092-idos-medispray-desinfectant-sr-surfaces-mains-virucide-750-ml\/","title":{"rendered":"02092 IDOS MEDISPRAY D\u00e9sinfectant SR Surfaces &amp; Mains Virucide 750 ml"},"content":{"rendered":"<h2>IDOS MEDISPRAY Virucide D\u00e9sinfectant rapide Pr\u00eat \u00e0 l&#8217;emploi pour surfaces et mains Sans rin\u00e7age<\/h2>\n<p>&nbsp;<\/p>\n<h3>D\u00e9sinfection de toutes surfaces lavables en milieu m\u00e9dical<\/h3>\n<h3><\/h3>\n<h3>D\u00e9sinfection rapide actif en 30 secondes, notamment sur le coronavirus<\/h3>\n<p>&nbsp;<\/p>\n<h4>IDOS MEDISPRAY est un d\u00e9sinfectant pr\u00eat \u00e0 l&#8217;emploi \u00e0 base d\u2019alcool (h\u00f4pitaux, cliniques, maisons de retraite, cr\u00e8ches, etc&#8230;)<\/h4>\n<h4>Pour la d\u00e9sinfection des surfaces lavables.<\/h4>\n<h4>Pour la d\u00e9sinfection des mains.<\/h4>\n<h4><\/h4>\n<p>&nbsp;<\/p>\n<h4><strong>PROPRI\u00c9T\u00c9S<\/p>\n<p><\/strong><\/h4>\n<h4>Bact\u00e9ricide \u00a0 \u00a0 \u00a0 \u00a0 \u00a0 :\u00a0 EN13727, EN1500<\/h4>\n<h4>Mycobact\u00e9ricide \u00a0 :\u00a0 EN14348<\/h4>\n<h4>Levuricide \u00a0 \u00a0 \u00a0 \u00a0 \u00a0 \u00a0 :\u00a0 EN13624<\/h4>\n<h4>Virucides\u00a0\u00a0\u00a0\u00a0\u00a0\u00a0\u00a0\u00a0\u00a0\u00a0\u00a0\u00a0\u00a0\u00a0 :\u00a0 EN14476+A1\u00a0 CORONAVIRUS, BVDV,<\/h4>\n<h4>\u00a0 \u00a0 \u00a0 \u00a0 \u00a0 \u00a0 \u00a0 \u00a0 \u00a0 \u00a0 \u00a0 \u00a0\u00a0 \u00a0 \u00a0\u00a0 \u00a0\u00a0\u00a0 ROTAVIRUS, NOROVIRUS<\/h4>\n<h4><\/h4>\n<p>&nbsp;<\/p>\n<ul>\n<li>\n<h4><em>Agr\u00e9e Contact Alimentaire<\/em><\/h4>\n<\/li>\n<\/ul>\n<h4><\/h4>\n<p>&nbsp;<\/p>\n<h4><strong>CONDITIONNEMENT<\/p>\n<p><\/strong><\/h4>\n<ul>\n<li>\n<h4>Pulv\u00e9risateur Spray de 750 ml<\/h4>\n<\/li>\n<li>\n<h4>Carton de 6 x 750 ml<\/h4>\n<\/li>\n<\/ul>\n<h4><\/h4>\n<p>&nbsp;<\/p>\n<ul>\n<li><a href=\"https:\/\/sabatie-produits-entretien.fr\/fr\/wp-content\/uploads\/2021\/11\/IDOS-MEDISPRAY-FT-02092.pdf\" target=\"_blank\" rel=\"noopener noreferrer\">FICHE TECHNIQUE<\/a><\/li>\n<li><a href=\"https:\/\/sabatie-produits-entretien.fr\/fr\/wp-content\/uploads\/2025\/03\/FS-02092-IDOS-MEDISPRAY.pdf\" target=\"_blank\" rel=\"noopener\">FICHE DE SECURITE<\/a><\/li>\n<\/ul>\n","protected":false},"excerpt":{"rendered":"<p>IDOS MEDISPRAY Virucide D\u00e9sinfectant rapide Pr\u00eat \u00e0 l&#8217;emploi pour surfaces et mains Sans rin\u00e7age &nbsp; D\u00e9sinfection de toutes surfaces lavables [&hellip;]<\/p>\n","protected":false},"featured_media":1724,"comment_status":"closed","ping_status":"closed","template":"","meta":{"_acf_changed":false,"site-sidebar-layout":"default","site-content-layout":"","ast-site-content-layout":"default","site-content-style":"default","site-sidebar-style":"default","ast-global-header-display":"","ast-banner-title-visibility":"","ast-main-header-display":"","ast-hfb-above-header-display":"","ast-hfb-below-header-display":"","ast-hfb-mobile-header-display":"","site-post-title":"","ast-breadcrumbs-content":"","ast-featured-img":"","footer-sml-layout":"","ast-disable-related-posts":"","theme-transparent-header-meta":"","adv-header-id-meta":"","stick-header-meta":"","header-above-stick-meta":"","header-main-stick-meta":"","header-below-stick-meta":"","astra-migrate-meta-layouts":"default","ast-page-background-enabled":"default","ast-page-background-meta":{"desktop":{"background-color":"var(--ast-global-color-5)","background-image":"","background-repeat":"repeat","background-position":"center center","background-size":"auto","background-attachment":"scroll","background-type":"","background-media":"","overlay-type":"","overlay-color":"","overlay-opacity":"","overlay-gradient":""},"tablet":{"background-color":"","background-image":"","background-repeat":"repeat","background-position":"center center","background-size":"auto","background-attachment":"scroll","background-type":"","background-media":"","overlay-type":"","overlay-color":"","overlay-opacity":"","overlay-gradient":""},"mobile":{"background-color":"","background-image":"","background-repeat":"repeat","background-position":"center center","background-size":"auto","background-attachment":"scroll","background-type":"","background-media":"","overlay-type":"","overlay-color":"","overlay-opacity":"","overlay-gradient":""}},"ast-content-background-meta":{"desktop":{"background-color":"var(--ast-global-color-4)","background-image":"","background-repeat":"repeat","background-position":"center center","background-size":"auto","background-attachment":"scroll","background-type":"","background-media":"","overlay-type":"","overlay-color":"","overlay-opacity":"","overlay-gradient":""},"tablet":{"background-color":"var(--ast-global-color-4)","background-image":"","background-repeat":"repeat","background-position":"center center","background-size":"auto","background-attachment":"scroll","background-type":"","background-media":"","overlay-type":"","overlay-color":"","overlay-opacity":"","overlay-gradient":""},"mobile":{"background-color":"var(--ast-global-color-4)","background-image":"","background-repeat":"repeat","background-position":"center center","background-size":"auto","background-attachment":"scroll","background-type":"","background-media":"","overlay-type":"","overlay-color":"","overlay-opacity":"","overlay-gradient":""}}},"product_brand":[],"product_cat":[643,645,16],"product_tag":[554,231,555,556,153],"class_list":{"0":"post-1695","1":"product","2":"type-product","3":"status-publish","4":"has-post-thumbnail","6":"product_cat-hygiene-mains-et-corps","7":"product_cat-savons-mains-desinfectant","8":"product_cat-tout","9":"product_tag-idos-medispray-elcopharma","10":"product_tag-medical","11":"product_tag-pret-a-lemploi","12":"product_tag-spray-desinfectant-surfaces-et-mains","13":"product_tag-virucide","14":"desktop-align-left","15":"tablet-align-left","16":"mobile-align-left","18":"first","19":"instock","20":"virtual","21":"product-type-simple"},"acf":[],"_links":{"self":[{"href":"https:\/\/sabatie-produits-entretien.fr\/fr\/wp-json\/wp\/v2\/product\/1695","targetHints":{"allow":["GET"]}}],"collection":[{"href":"https:\/\/sabatie-produits-entretien.fr\/fr\/wp-json\/wp\/v2\/product"}],"about":[{"href":"https:\/\/sabatie-produits-entretien.fr\/fr\/wp-json\/wp\/v2\/types\/product"}],"replies":[{"embeddable":true,"href":"https:\/\/sabatie-produits-entretien.fr\/fr\/wp-json\/wp\/v2\/comments?post=1695"}],"wp:featuredmedia":[{"embeddable":true,"href":"https:\/\/sabatie-produits-entretien.fr\/fr\/wp-json\/wp\/v2\/media\/1724"}],"wp:attachment":[{"href":"https:\/\/sabatie-produits-entretien.fr\/fr\/wp-json\/wp\/v2\/media?parent=1695"}],"wp:term":[{"taxonomy":"product_brand","embeddable":true,"href":"https:\/\/sabatie-produits-entretien.fr\/fr\/wp-json\/wp\/v2\/product_brand?post=1695"},{"taxonomy":"product_cat","embeddable":true,"href":"https:\/\/sabatie-produits-entretien.fr\/fr\/wp-json\/wp\/v2\/product_cat?post=1695"},{"taxonomy":"product_tag","embeddable":true,"href":"https:\/\/sabatie-produits-entretien.fr\/fr\/wp-json\/wp\/v2\/product_tag?post=1695"}],"curies":[{"name":"wp","href":"https:\/\/api.w.org\/{rel}","templated":true}]}}