{"id":1696,"date":"2025-05-05T08:57:42","date_gmt":"2025-05-05T06:57:42","guid":{"rendered":"http:\/\/localhost\/sabatiesarl\/?post_type=product&#038;p=1696"},"modified":"2025-06-11T02:06:41","modified_gmt":"2025-06-11T00:06:41","slug":"18a903-dyacil-v-nettoyant-bactericide-virucide-pae-ecocert-750-ml","status":"publish","type":"product","link":"https:\/\/sabatie-produits-entretien.fr\/fr\/produit\/18a903-dyacil-v-nettoyant-bactericide-virucide-pae-ecocert-750-ml\/","title":{"rendered":"18A903 DYACIL V Nettoyant Bact\u00e9ricide Virucide PAE Ecocert 750 ml"},"content":{"rendered":"<h2>DYACIL V Nettoyant Bact\u00e9ricide de surface Virucide Pr\u00eat \u00e0 l&#8217;emploi Ecocert<\/h2>\n<p>&nbsp;<\/p>\n<ul>\n<li>\n<h3>Bact\u00e9ricide et Virucide<\/h3>\n<\/li>\n<li>\n<h3>2 en 1 : nettoie et d\u00e9sinfecte<\/h3>\n<\/li>\n<li>\n<h3>98.4% des ingr\u00e9dients sont d\u2019origine min\u00e9rale ou v\u00e9g\u00e9tale<\/h3>\n<\/li>\n<\/ul>\n<h4><\/h4>\n<p>&nbsp;<\/p>\n<h4>UTILISATION<\/h4>\n<h4>Dyacil V est un pr\u00eat \u00e0 l\u2019emploi pour le nettoyage et la d\u00e9sinfection simultan\u00e9s des surfaces et petits objets (\u00e9vier, poubelles, carrelage, plan de travail, r\u00e9frig\u00e9rateur, cong\u00e9lateur, planche \u00e0 d\u00e9couper, sols\u2026), en particulier en industries alimentaire et dans les cuisines collectives (restaurants, cantines, etc.) pour les murs, portes, chambres froides, chariots, r\u00e9frig\u00e9rateurs, comptoirs, mat\u00e9riels\u2026 Il d\u00e9truit de nombreux germes et pr\u00e9vient le risque de contamination.<\/p>\n<p>Sans colorant, sans allerg\u00e8ne.<\/h4>\n<ul>\n<li>\n<h4><strong><em>Agr\u00e9e Contact Alimentaire<\/em><\/strong><\/h4>\n<\/li>\n<\/ul>\n<h4><\/h4>\n<p>&nbsp;<\/p>\n<h4>PROPRI\u00c9T\u00c9S<\/h4>\n<h4>Aspect \u00a0 \u00a0 \u00a0 \u00a0 \u00a0 \u00a0 \u00a0 \u00a0 :\u00a0 liquide limpide<\/h4>\n<h4>pH pur \u00e0 20\u00b0C \u00a0 \u00a0 :\u00a0 8<\/h4>\n<h4>Couleur\u00a0\u00a0\u00a0\u00a0\u00a0\u00a0\u00a0\u00a0\u00a0\u00a0\u00a0\u00a0\u00a0\u00a0 :\u00a0 incolore<\/h4>\n<h4>Parfum \u00a0 \u00a0 \u00a0 \u00a0 \u00a0 \u00a0 \u00a0\u00a0 :\u00a0 sans<\/h4>\n<h4>BACTERICIDE\u00a0 :\u00a0 EN13697<\/h4>\n<h4>VIRUCIDE\u00a0\u00a0\u00a0\u00a0\u00a0\u00a0\u00a0\u00a0 :\u00a0 EN14476<\/h4>\n<h4><\/h4>\n<p>&nbsp;<\/p>\n<h4>CONDITIONNEMENT<\/h4>\n<ul>\n<li>\n<h4>spray de 750 ml<\/h4>\n<\/li>\n<li>\n<h4>carton de 12 x 750 ml<\/h4>\n<\/li>\n<\/ul>\n<p>&nbsp;<\/p>\n<ul>\n<li><a href=\"https:\/\/sabatie-produits-entretien.fr\/fr\/wp-content\/uploads\/2021\/11\/FT-18A903-DYACIL_V-750-ml.pdf\" target=\"_blank\" rel=\"noopener noreferrer\">FICHE TECHNIQUE<\/a><\/li>\n<li><a href=\"https:\/\/sabatie-produits-entretien.fr\/fr\/wp-content\/uploads\/2021\/11\/FDS-18A903-Dyacil_V-750-ml.pdf\" target=\"_blank\" rel=\"noopener noreferrer\">FICHE DE SECURITE<\/a><\/li>\n<\/ul>\n","protected":false},"excerpt":{"rendered":"<p>DYACIL V Nettoyant Bact\u00e9ricide de surface Virucide Pr\u00eat \u00e0 l&#8217;emploi Ecocert &nbsp; Bact\u00e9ricide et Virucide 2 en 1 : nettoie [&hellip;]<\/p>\n","protected":false},"featured_media":1725,"comment_status":"closed","ping_status":"closed","template":"","meta":{"_acf_changed":false,"site-sidebar-layout":"default","site-content-layout":"","ast-site-content-layout":"default","site-content-style":"default","site-sidebar-style":"default","ast-global-header-display":"","ast-banner-title-visibility":"","ast-main-header-display":"","ast-hfb-above-header-display":"","ast-hfb-below-header-display":"","ast-hfb-mobile-header-display":"","site-post-title":"","ast-breadcrumbs-content":"","ast-featured-img":"","footer-sml-layout":"","ast-disable-related-posts":"","theme-transparent-header-meta":"","adv-header-id-meta":"","stick-header-meta":"","header-above-stick-meta":"","header-main-stick-meta":"","header-below-stick-meta":"","astra-migrate-meta-layouts":"default","ast-page-background-enabled":"default","ast-page-background-meta":{"desktop":{"background-color":"var(--ast-global-color-5)","background-image":"","background-repeat":"repeat","background-position":"center center","background-size":"auto","background-attachment":"scroll","background-type":"","background-media":"","overlay-type":"","overlay-color":"","overlay-opacity":"","overlay-gradient":""},"tablet":{"background-color":"","background-image":"","background-repeat":"repeat","background-position":"center center","background-size":"auto","background-attachment":"scroll","background-type":"","background-media":"","overlay-type":"","overlay-color":"","overlay-opacity":"","overlay-gradient":""},"mobile":{"background-color":"","background-image":"","background-repeat":"repeat","background-position":"center center","background-size":"auto","background-attachment":"scroll","background-type":"","background-media":"","overlay-type":"","overlay-color":"","overlay-opacity":"","overlay-gradient":""}},"ast-content-background-meta":{"desktop":{"background-color":"var(--ast-global-color-4)","background-image":"","background-repeat":"repeat","background-position":"center center","background-size":"auto","background-attachment":"scroll","background-type":"","background-media":"","overlay-type":"","overlay-color":"","overlay-opacity":"","overlay-gradient":""},"tablet":{"background-color":"var(--ast-global-color-4)","background-image":"","background-repeat":"repeat","background-position":"center center","background-size":"auto","background-attachment":"scroll","background-type":"","background-media":"","overlay-type":"","overlay-color":"","overlay-opacity":"","overlay-gradient":""},"mobile":{"background-color":"var(--ast-global-color-4)","background-image":"","background-repeat":"repeat","background-position":"center center","background-size":"auto","background-attachment":"scroll","background-type":"","background-media":"","overlay-type":"","overlay-color":"","overlay-opacity":"","overlay-gradient":""}}},"product_brand":[],"product_cat":[16,624,681],"product_tag":[557,558,559,555,153],"class_list":{"0":"post-1696","1":"product","2":"type-product","3":"status-publish","4":"has-post-thumbnail","6":"product_cat-tout","7":"product_cat-degraissant-desinfectant","8":"product_cat-produits-ecocert-issu-de-lagriculture-biologique","9":"product_tag-dyacil-v-hygiene-nature","10":"product_tag-ecocert","11":"product_tag-nettoyant-bactericide-desinfectant-de-surface","12":"product_tag-pret-a-lemploi","13":"product_tag-virucide","14":"desktop-align-left","15":"tablet-align-left","16":"mobile-align-left","18":"first","19":"instock","20":"virtual","21":"product-type-simple"},"acf":[],"_links":{"self":[{"href":"https:\/\/sabatie-produits-entretien.fr\/fr\/wp-json\/wp\/v2\/product\/1696","targetHints":{"allow":["GET"]}}],"collection":[{"href":"https:\/\/sabatie-produits-entretien.fr\/fr\/wp-json\/wp\/v2\/product"}],"about":[{"href":"https:\/\/sabatie-produits-entretien.fr\/fr\/wp-json\/wp\/v2\/types\/product"}],"replies":[{"embeddable":true,"href":"https:\/\/sabatie-produits-entretien.fr\/fr\/wp-json\/wp\/v2\/comments?post=1696"}],"wp:featuredmedia":[{"embeddable":true,"href":"https:\/\/sabatie-produits-entretien.fr\/fr\/wp-json\/wp\/v2\/media\/1725"}],"wp:attachment":[{"href":"https:\/\/sabatie-produits-entretien.fr\/fr\/wp-json\/wp\/v2\/media?parent=1696"}],"wp:term":[{"taxonomy":"product_brand","embeddable":true,"href":"https:\/\/sabatie-produits-entretien.fr\/fr\/wp-json\/wp\/v2\/product_brand?post=1696"},{"taxonomy":"product_cat","embeddable":true,"href":"https:\/\/sabatie-produits-entretien.fr\/fr\/wp-json\/wp\/v2\/product_cat?post=1696"},{"taxonomy":"product_tag","embeddable":true,"href":"https:\/\/sabatie-produits-entretien.fr\/fr\/wp-json\/wp\/v2\/product_tag?post=1696"}],"curies":[{"name":"wp","href":"https:\/\/api.w.org\/{rel}","templated":true}]}}