{"id":1697,"date":"2025-05-05T08:57:42","date_gmt":"2025-05-05T06:57:42","guid":{"rendered":"http:\/\/localhost\/sabatiesarl\/?post_type=product&#038;p=1697"},"modified":"2025-05-05T08:58:05","modified_gmt":"2025-05-05T06:58:05","slug":"124297-lingettes-epaisses-desinfectantes-pack-100-u","status":"publish","type":"product","link":"https:\/\/sabatie-produits-entretien.fr\/fr\/produit\/124297-lingettes-epaisses-desinfectantes-pack-100-u\/","title":{"rendered":"124297 LINGETTES \u00c9paisses D\u00e9sinfectantes Pack 100 u"},"content":{"rendered":"<h2>LINGETTES \u00c9PAISSES\u00a0 NETTOYANTES\u00a0 D\u00c9SINFECTANTES\u00a0 MEDWIPES<\/h2>\n<h3>LINGETTES NETTOYANTES D\u00c9SINFECTANTES POUR SURFACES, PETIT MAT\u00c9RIEL, DISPOSITIFS M\u00c9DICAUX.<\/h3>\n<ul>\n<li>\n<h4>Lingettes en fibres biod\u00e9gradables<\/h4>\n<\/li>\n<li>\n<h4>Emballage recyclable<\/h4>\n<\/li>\n<li>\n<h4>Formule sans alcool<\/h4>\n<\/li>\n<li>\n<h4>Sans parfum<\/h4>\n<\/li>\n<\/ul>\n<h3><\/h3>\n<p>&nbsp;<\/p>\n<h4>Nettoyage et d\u00e9sinfection des :<\/h4>\n<h4>&#8211; Surfaces dures non poreuses en milieu m\u00e9dical, collectivit\u00e9s ou lieux accueillant du public (poign\u00e9es de portes, tables, chaises, toilettes\u2026).<\/h4>\n<h4>&#8211; Surfaces dures non poreuses des dispositifs m\u00e9dicaux non critiques (lits m\u00e9dicalis\u00e9s, monitoring, connectiques&#8230;).<\/h4>\n<h4><\/h4>\n<h4><strong><em>Aucun pictogramme de danger<\/em><\/strong><\/h4>\n<p>&nbsp;<\/p>\n<h4>Propri\u00e9t\u00e9s microbiologiques :<\/h4>\n<p><strong>BACT\u00c9RICIDE \u00a0 \u00a0 \u00a0\u00a0<\/strong> : \u00a0 EN1276*, EN13727**, EN13697**, EN16615** 5 min<\/p>\n<p><strong>LEVURICIDE \u00a0 \u00a0 \u00a0 \u00a0\u00a0\u00a0 :\u00a0 <\/strong>EN1650*, EN13624**, EN13697**, EN16615** 5 min<\/p>\n<p><strong>ACTIF SUR VIRUS :\u00a0 <\/strong>EN14476** sur Vaccinia, Herp\u00e8s, PRV, BVDV, Coronavirus, HIV, Rotavirus, Adenovirus, Norovirus.\u00a0\u00a0\u00a0 EN16777** sur Vaccinia, Norovirus, Adenovirus 5 min.<\/p>\n<h6><\/h6>\n<p>&nbsp;<\/p>\n<h4>Conditionnement :<\/h4>\n<ul>\n<li>Format de lingette : 180 x 200 mm<\/li>\n<li>Pack de 100 lingettes \u00e9paisses<\/li>\n<li>Carton de 6 Packs<\/li>\n<\/ul>\n<p>&nbsp;<\/p>\n<ul>\n<li><a href=\"https:\/\/sabatie-produits-entretien.fr\/fr\/wp-content\/uploads\/2024\/06\/FT-124297-Lingette-D\u00e9sinf-100-u-FT-MEDWIPES.pdf\" target=\"_blank\" rel=\"noopener noreferrer\">FICHE TECHNIQUE<\/a><\/li>\n<li><a href=\"https:\/\/sabatie-produits-entretien.fr\/fr\/wp-content\/uploads\/2024\/06\/FDS-124297-Lingette-D\u00e9sinf-100-u-FDS-MEDWIPES.pdf\" target=\"_blank\" rel=\"noopener noreferrer\">FICHE DE SECURITE<\/a><\/li>\n<\/ul>\n","protected":false},"excerpt":{"rendered":"<p>LINGETTES \u00c9PAISSES\u00a0 NETTOYANTES\u00a0 D\u00c9SINFECTANTES\u00a0 MEDWIPES LINGETTES NETTOYANTES D\u00c9SINFECTANTES POUR SURFACES, PETIT MAT\u00c9RIEL, DISPOSITIFS M\u00c9DICAUX. Lingettes en fibres biod\u00e9gradables Emballage recyclable [&hellip;]<\/p>\n","protected":false},"featured_media":1726,"comment_status":"open","ping_status":"closed","template":"","meta":{"_acf_changed":false,"site-sidebar-layout":"default","site-content-layout":"","ast-site-content-layout":"default","site-content-style":"default","site-sidebar-style":"default","ast-global-header-display":"","ast-banner-title-visibility":"","ast-main-header-display":"","ast-hfb-above-header-display":"","ast-hfb-below-header-display":"","ast-hfb-mobile-header-display":"","site-post-title":"","ast-breadcrumbs-content":"","ast-featured-img":"","footer-sml-layout":"","ast-disable-related-posts":"","theme-transparent-header-meta":"","adv-header-id-meta":"","stick-header-meta":"","header-above-stick-meta":"","header-main-stick-meta":"","header-below-stick-meta":"","astra-migrate-meta-layouts":"default","ast-page-background-enabled":"default","ast-page-background-meta":{"desktop":{"background-color":"var(--ast-global-color-5)","background-image":"","background-repeat":"repeat","background-position":"center center","background-size":"auto","background-attachment":"scroll","background-type":"","background-media":"","overlay-type":"","overlay-color":"","overlay-opacity":"","overlay-gradient":""},"tablet":{"background-color":"","background-image":"","background-repeat":"repeat","background-position":"center center","background-size":"auto","background-attachment":"scroll","background-type":"","background-media":"","overlay-type":"","overlay-color":"","overlay-opacity":"","overlay-gradient":""},"mobile":{"background-color":"","background-image":"","background-repeat":"repeat","background-position":"center center","background-size":"auto","background-attachment":"scroll","background-type":"","background-media":"","overlay-type":"","overlay-color":"","overlay-opacity":"","overlay-gradient":""}},"ast-content-background-meta":{"desktop":{"background-color":"var(--ast-global-color-4)","background-image":"","background-repeat":"repeat","background-position":"center center","background-size":"auto","background-attachment":"scroll","background-type":"","background-media":"","overlay-type":"","overlay-color":"","overlay-opacity":"","overlay-gradient":""},"tablet":{"background-color":"var(--ast-global-color-4)","background-image":"","background-repeat":"repeat","background-position":"center center","background-size":"auto","background-attachment":"scroll","background-type":"","background-media":"","overlay-type":"","overlay-color":"","overlay-opacity":"","overlay-gradient":""},"mobile":{"background-color":"var(--ast-global-color-4)","background-image":"","background-repeat":"repeat","background-position":"center center","background-size":"auto","background-attachment":"scroll","background-type":"","background-media":"","overlay-type":"","overlay-color":"","overlay-opacity":"","overlay-gradient":""}}},"product_brand":[],"product_cat":[16],"product_tag":[560,167],"class_list":{"0":"post-1697","1":"product","2":"type-product","3":"status-publish","4":"has-post-thumbnail","6":"product_cat-tout","7":"product_tag-lingettes-epaisses-nettoyantes-desinfectantes-medwipes","8":"product_tag-steridis","9":"desktop-align-left","10":"tablet-align-left","11":"mobile-align-left","13":"first","14":"instock","15":"virtual","16":"product-type-simple"},"acf":[],"_links":{"self":[{"href":"https:\/\/sabatie-produits-entretien.fr\/fr\/wp-json\/wp\/v2\/product\/1697","targetHints":{"allow":["GET"]}}],"collection":[{"href":"https:\/\/sabatie-produits-entretien.fr\/fr\/wp-json\/wp\/v2\/product"}],"about":[{"href":"https:\/\/sabatie-produits-entretien.fr\/fr\/wp-json\/wp\/v2\/types\/product"}],"replies":[{"embeddable":true,"href":"https:\/\/sabatie-produits-entretien.fr\/fr\/wp-json\/wp\/v2\/comments?post=1697"}],"wp:featuredmedia":[{"embeddable":true,"href":"https:\/\/sabatie-produits-entretien.fr\/fr\/wp-json\/wp\/v2\/media\/1726"}],"wp:attachment":[{"href":"https:\/\/sabatie-produits-entretien.fr\/fr\/wp-json\/wp\/v2\/media?parent=1697"}],"wp:term":[{"taxonomy":"product_brand","embeddable":true,"href":"https:\/\/sabatie-produits-entretien.fr\/fr\/wp-json\/wp\/v2\/product_brand?post=1697"},{"taxonomy":"product_cat","embeddable":true,"href":"https:\/\/sabatie-produits-entretien.fr\/fr\/wp-json\/wp\/v2\/product_cat?post=1697"},{"taxonomy":"product_tag","embeddable":true,"href":"https:\/\/sabatie-produits-entretien.fr\/fr\/wp-json\/wp\/v2\/product_tag?post=1697"}],"curies":[{"name":"wp","href":"https:\/\/api.w.org\/{rel}","templated":true}]}}