{"id":1699,"date":"2025-05-05T08:57:42","date_gmt":"2025-05-05T06:57:42","guid":{"rendered":"http:\/\/localhost\/sabatiesarl\/?post_type=product&#038;p=1699"},"modified":"2025-11-05T10:49:45","modified_gmt":"2025-11-05T09:49:45","slug":"18a551-granor-v-lessive-linge-desinfectante-virucide-ecocert-5-l","status":"publish","type":"product","link":"https:\/\/sabatie-produits-entretien.fr\/fr\/produit\/18a551-granor-v-lessive-linge-desinfectante-virucide-ecocert-5-l\/","title":{"rendered":"18A551 GRANOR V LESSIVE LINGE D\u00c9SINFECTANTE VIRUCIDE ECOCERT 5 L"},"content":{"rendered":"<h2>GRANOR V LESSIVE LINGE D\u00c9SINFECTANTE VIRUCIDE ECOCERT<\/h2>\n<h3>Lessive bact\u00e9ricide et virucide<\/h3>\n<p>&nbsp;<\/p>\n<ul>\n<li>\n<h4>Lave et d\u00e9sinfecte &#8211; Efficace sur Coronavirus<\/h4>\n<\/li>\n<li>\n<h4>Lavage machine et main, tous types de linge<\/h4>\n<\/li>\n<li>\n<h4>99,7% du total des ingr\u00e9dients sont d\u2019origine v\u00e9g\u00e9tale ou min\u00e9rale<\/h4>\n<\/li>\n<\/ul>\n<p>&nbsp;<\/p>\n<h4><\/h4>\n<h4>Bact\u00e9ricide et virucide, cette lessive nettoie et d\u00e9truit 99.9% des bact\u00e9ries et des virus envelopp\u00e9s dont les coronavirus. Elle est efficace d\u00e8s 40\u00b0C sur tout le linge blanc et color\u00e9 : sous-v\u00eatements, v\u00eatements de sport, linge de b\u00e9b\u00e9\/enfants, linge de maison, masques en tissus, textiles en contact avec les animaux\u2026 m\u00eame le linge ne supportant pas les hautes temp\u00e9ratures (synth\u00e9tiques).<\/h4>\n<h4>Sa formule a \u00e9t\u00e9 test\u00e9e en laboratoire de microbiologie et dans un institut de Recherche sur l\u2019entretien et le Nettoyage, elle prend soin de votre linge* : ne grisaille pas et ne d\u00e9grade ni les fibres ni les couleurs et procure d&rsquo;excellents r\u00e9sultats gr\u00e2ce \u00e0 sa haute concentration en tensio-actifs.<\/h4>\n<h4>Elle \u00e9limine les mauvaises odeurs et apporte une agr\u00e9able fraicheur.<\/h4>\n<p>&nbsp;<\/p>\n<h4>PROPRI\u00c9T\u00c9S<\/h4>\n<ul>\n<li>Aspect \u00a0 \u00a0 :\u00a0 gel limpide<\/li>\n<li>Couleur \u00a0 :\u00a0 incolore \u00e0 jaune p\u00e2le<\/li>\n<li>Parfum \u00a0\u00a0 :\u00a0 Rafra\u00eechissant (eucalyptus)<\/li>\n<li>pH 20\u00b0C\u00a0 :\u00a0 2 ( \u00b1 0,5)<\/li>\n<\/ul>\n<p>&nbsp;<\/p>\n<h4>CONDITIONNEMENT<\/h4>\n<ul>\n<li>bidon de 5 L<\/li>\n<li>carton de 2 x 5 L<\/li>\n<\/ul>\n<p>&nbsp;<\/p>\n<ul>\n<li><a href=\"https:\/\/sabatie-produits-entretien.fr\/fr\/wp-content\/uploads\/2025\/01\/FT_-18A551-GRANOR_V_DESINFECTANT_5L.pdf\" target=\"_blank\" rel=\"noopener noreferrer\">FICHE TECHNIQUE<\/a><\/li>\n<li><a href=\"https:\/\/sabatie-produits-entretien.fr\/fr\/wp-content\/uploads\/2025\/01\/FDS_-18A551-GRANOR_V_DESINFECTANT-377081-5.pdf\" target=\"_blank\" rel=\"noopener noreferrer\">FICHE DE SECURITE<\/a><\/li>\n<\/ul>\n","protected":false},"excerpt":{"rendered":"<p><img decoding=\"async\" class=\"alignnone wp-image-1535\" src=\"https:\/\/sabatie-produits-entretien.fr\/fr\/wp-content\/uploads\/2017\/04\/ECOCERT_LOGO2-200x200.png\" alt=\"\" width=\"118\" height=\"118\" \/><\/p>\n","protected":false},"featured_media":1728,"comment_status":"closed","ping_status":"closed","template":"","meta":{"_acf_changed":false,"site-sidebar-layout":"default","site-content-layout":"","ast-site-content-layout":"default","site-content-style":"default","site-sidebar-style":"default","ast-global-header-display":"","ast-banner-title-visibility":"","ast-main-header-display":"","ast-hfb-above-header-display":"","ast-hfb-below-header-display":"","ast-hfb-mobile-header-display":"","site-post-title":"","ast-breadcrumbs-content":"","ast-featured-img":"","footer-sml-layout":"","ast-disable-related-posts":"","theme-transparent-header-meta":"","adv-header-id-meta":"","stick-header-meta":"","header-above-stick-meta":"","header-main-stick-meta":"","header-below-stick-meta":"","astra-migrate-meta-layouts":"default","ast-page-background-enabled":"default","ast-page-background-meta":{"desktop":{"background-color":"var(--ast-global-color-5)","background-image":"","background-repeat":"repeat","background-position":"center center","background-size":"auto","background-attachment":"scroll","background-type":"","background-media":"","overlay-type":"","overlay-color":"","overlay-opacity":"","overlay-gradient":""},"tablet":{"background-color":"","background-image":"","background-repeat":"repeat","background-position":"center center","background-size":"auto","background-attachment":"scroll","background-type":"","background-media":"","overlay-type":"","overlay-color":"","overlay-opacity":"","overlay-gradient":""},"mobile":{"background-color":"","background-image":"","background-repeat":"repeat","background-position":"center center","background-size":"auto","background-attachment":"scroll","background-type":"","background-media":"","overlay-type":"","overlay-color":"","overlay-opacity":"","overlay-gradient":""}},"ast-content-background-meta":{"desktop":{"background-color":"var(--ast-global-color-4)","background-image":"","background-repeat":"repeat","background-position":"center center","background-size":"auto","background-attachment":"scroll","background-type":"","background-media":"","overlay-type":"","overlay-color":"","overlay-opacity":"","overlay-gradient":""},"tablet":{"background-color":"var(--ast-global-color-4)","background-image":"","background-repeat":"repeat","background-position":"center center","background-size":"auto","background-attachment":"scroll","background-type":"","background-media":"","overlay-type":"","overlay-color":"","overlay-opacity":"","overlay-gradient":""},"mobile":{"background-color":"var(--ast-global-color-4)","background-image":"","background-repeat":"repeat","background-position":"center center","background-size":"auto","background-attachment":"scroll","background-type":"","background-media":"","overlay-type":"","overlay-color":"","overlay-opacity":"","overlay-gradient":""}}},"product_brand":[],"product_cat":[16,614,616,681],"product_tag":[564,183,565,566],"class_list":{"0":"post-1699","1":"product","2":"type-product","3":"status-publish","4":"has-post-thumbnail","6":"product_cat-tout","7":"product_cat-entretien-du-linge","8":"product_cat-lessive-liquide","9":"product_cat-produits-ecocert-issu-de-lagriculture-biologique","10":"product_tag-granor-v-desinfectant","11":"product_tag-hygiene-et-nature","12":"product_tag-lessive-desinfectante","13":"product_tag-lessive-linge-bactericide-virucide-ecocert","14":"desktop-align-left","15":"tablet-align-left","16":"mobile-align-left","18":"first","19":"instock","20":"virtual","21":"product-type-simple"},"acf":[],"_links":{"self":[{"href":"https:\/\/sabatie-produits-entretien.fr\/fr\/wp-json\/wp\/v2\/product\/1699","targetHints":{"allow":["GET"]}}],"collection":[{"href":"https:\/\/sabatie-produits-entretien.fr\/fr\/wp-json\/wp\/v2\/product"}],"about":[{"href":"https:\/\/sabatie-produits-entretien.fr\/fr\/wp-json\/wp\/v2\/types\/product"}],"replies":[{"embeddable":true,"href":"https:\/\/sabatie-produits-entretien.fr\/fr\/wp-json\/wp\/v2\/comments?post=1699"}],"wp:featuredmedia":[{"embeddable":true,"href":"https:\/\/sabatie-produits-entretien.fr\/fr\/wp-json\/wp\/v2\/media\/1728"}],"wp:attachment":[{"href":"https:\/\/sabatie-produits-entretien.fr\/fr\/wp-json\/wp\/v2\/media?parent=1699"}],"wp:term":[{"taxonomy":"product_brand","embeddable":true,"href":"https:\/\/sabatie-produits-entretien.fr\/fr\/wp-json\/wp\/v2\/product_brand?post=1699"},{"taxonomy":"product_cat","embeddable":true,"href":"https:\/\/sabatie-produits-entretien.fr\/fr\/wp-json\/wp\/v2\/product_cat?post=1699"},{"taxonomy":"product_tag","embeddable":true,"href":"https:\/\/sabatie-produits-entretien.fr\/fr\/wp-json\/wp\/v2\/product_tag?post=1699"}],"curies":[{"name":"wp","href":"https:\/\/api.w.org\/{rel}","templated":true}]}}