{"id":1701,"date":"2025-05-05T08:57:42","date_gmt":"2025-05-05T06:57:42","guid":{"rendered":"http:\/\/localhost\/sabatiesarl\/?post_type=product&#038;p=1701"},"modified":"2025-06-11T02:05:54","modified_gmt":"2025-06-11T00:05:54","slug":"18a071-desinfectant-alimentaire-virucide-sans-rincage-ecocert-bidon-5-l","status":"publish","type":"product","link":"https:\/\/sabatie-produits-entretien.fr\/fr\/produit\/18a071-desinfectant-alimentaire-virucide-sans-rincage-ecocert-bidon-5-l\/","title":{"rendered":"18A071 D\u00c9SINFECTANT ALIMENTAIRE VIRUCIDE Sans rin\u00e7age Ecocert Bidon 5 L"},"content":{"rendered":"<h3>D\u00c9SINFECTANT ALIMENTAIRE VIRUCIDE Sans rin\u00e7age \u00c9COLOGIQUE<\/p>\n<p>D\u00e9sinfection surfaces et mat\u00e9riels<\/h3>\n<p>&nbsp;<\/p>\n<h4><strong>UTILISATION<\/strong><\/h4>\n<h4>D\u00e9sinfect\u2019Alim SR Ecologique permet la d\u00e9sinfection rapide des surfaces et du mat\u00e9riel pouvant entrer en contact avec les denr\u00e9es alimentaires sans n\u00e9cessit\u00e9 de rin\u00e7age.<\/h4>\n<h4>Produit Bact\u00e9ricide et Levuricide, Virucide selon la norme EN 14476<\/p>\n<p>Id\u00e9al pour la restauration collective, les laboratoires, les cr\u00e8ches.<\/h4>\n<h4>Produit pr\u00eat \u00e0 l\u2019emploi. Ne pas diluer.<\/h4>\n<h4><em>Conforme \u00e0 l\u2019arr\u00eat\u00e9 minist\u00e9riel du 8 septembre 1999 relatif aux produits de nettoyage du mat\u00e9riel pouvant se trouver au contact des denr\u00e9es alimentaires.<\/em><\/h4>\n<p>&nbsp;<\/p>\n<h4><strong>PROPRI\u00c9T\u00c9S<\/strong><\/h4>\n<ul>\n<li>Aspect \u00a0\u00a0\u00a0 \u00a0 \u00a0\u00a0 : liquide fluide Densit\u00e9 : 0.880 \u00b1 0,5<\/li>\n<li>Composition : entre autres : \u00e9thanol, eau, d\u00e9naturants.<\/li>\n<li>98% du total des ingr\u00e9dients sont d\u2019origine naturelle.<\/li>\n<\/ul>\n<p>&nbsp;<\/p>\n<h4><strong>CONDITIONNEMENT<\/strong><\/h4>\n<ul>\n<li>bidon de 5 litres<\/li>\n<li>carton de 2 x 5 L<\/li>\n<\/ul>\n<p>&nbsp;<\/p>\n<ul>\n<li><a href=\"https:\/\/sabatie-produits-entretien.fr\/fr\/wp-content\/uploads\/2022\/02\/FT-18A07-DESINFECT_ALIM_V-750ml.pdf\" target=\"_blank\" rel=\"noopener noreferrer\">FICHE TECHNIQUE<\/a><\/li>\n<li><a href=\"https:\/\/sabatie-produits-entretien.fr\/fr\/wp-content\/uploads\/2022\/02\/FDS-18A07-DESINFECTALIM_V-750ml.pdf\" target=\"_blank\" rel=\"noopener noreferrer\">FICHE DE SECURITE<\/a><\/li>\n<\/ul>\n","protected":false},"excerpt":{"rendered":"<h4>D\u00e9sinfectant surfaces et mat\u00e9riels<\/h4>\n<h3>Produit pr\u00eat \u00e0 l&#8217;emploi<\/h3>\n<h4><\/h4>\n<p><img decoding=\"async\" class=\"alignnone size-thumbnail wp-image-1535\" src=\"http:\/\/sabatie-produits-entretien.fr\/fr\/wp-content\/uploads\/2017\/04\/ECOCERT_LOGO2-200x200.png\" alt=\"\" width=\"200\" height=\"200\" \/><\/p>\n","protected":false},"featured_media":1730,"comment_status":"closed","ping_status":"closed","template":"","meta":{"_acf_changed":false,"site-sidebar-layout":"default","site-content-layout":"","ast-site-content-layout":"default","site-content-style":"default","site-sidebar-style":"default","ast-global-header-display":"","ast-banner-title-visibility":"","ast-main-header-display":"","ast-hfb-above-header-display":"","ast-hfb-below-header-display":"","ast-hfb-mobile-header-display":"","site-post-title":"","ast-breadcrumbs-content":"","ast-featured-img":"","footer-sml-layout":"","ast-disable-related-posts":"","theme-transparent-header-meta":"","adv-header-id-meta":"","stick-header-meta":"","header-above-stick-meta":"","header-main-stick-meta":"","header-below-stick-meta":"","astra-migrate-meta-layouts":"default","ast-page-background-enabled":"default","ast-page-background-meta":{"desktop":{"background-color":"var(--ast-global-color-5)","background-image":"","background-repeat":"repeat","background-position":"center center","background-size":"auto","background-attachment":"scroll","background-type":"","background-media":"","overlay-type":"","overlay-color":"","overlay-opacity":"","overlay-gradient":""},"tablet":{"background-color":"","background-image":"","background-repeat":"repeat","background-position":"center center","background-size":"auto","background-attachment":"scroll","background-type":"","background-media":"","overlay-type":"","overlay-color":"","overlay-opacity":"","overlay-gradient":""},"mobile":{"background-color":"","background-image":"","background-repeat":"repeat","background-position":"center center","background-size":"auto","background-attachment":"scroll","background-type":"","background-media":"","overlay-type":"","overlay-color":"","overlay-opacity":"","overlay-gradient":""}},"ast-content-background-meta":{"desktop":{"background-color":"var(--ast-global-color-4)","background-image":"","background-repeat":"repeat","background-position":"center center","background-size":"auto","background-attachment":"scroll","background-type":"","background-media":"","overlay-type":"","overlay-color":"","overlay-opacity":"","overlay-gradient":""},"tablet":{"background-color":"var(--ast-global-color-4)","background-image":"","background-repeat":"repeat","background-position":"center center","background-size":"auto","background-attachment":"scroll","background-type":"","background-media":"","overlay-type":"","overlay-color":"","overlay-opacity":"","overlay-gradient":""},"mobile":{"background-color":"var(--ast-global-color-4)","background-image":"","background-repeat":"repeat","background-position":"center center","background-size":"auto","background-attachment":"scroll","background-type":"","background-media":"","overlay-type":"","overlay-color":"","overlay-opacity":"","overlay-gradient":""}}},"product_brand":[],"product_cat":[16,627,681],"product_tag":[513,514,215,153],"class_list":{"0":"post-1701","1":"product","2":"type-product","3":"status-publish","4":"has-post-thumbnail","6":"product_cat-tout","7":"product_cat-desinfectant","8":"product_cat-produits-ecocert-issu-de-lagriculture-biologique","9":"product_tag-desinfectalim-sr-ecologique-ecocert","10":"product_tag-desinfectant-alimentaire-sans-rincage-ecologique","11":"product_tag-hygiene-nature","12":"product_tag-virucide","13":"desktop-align-left","14":"tablet-align-left","15":"mobile-align-left","17":"first","18":"instock","19":"virtual","20":"product-type-simple"},"acf":[],"_links":{"self":[{"href":"https:\/\/sabatie-produits-entretien.fr\/fr\/wp-json\/wp\/v2\/product\/1701","targetHints":{"allow":["GET"]}}],"collection":[{"href":"https:\/\/sabatie-produits-entretien.fr\/fr\/wp-json\/wp\/v2\/product"}],"about":[{"href":"https:\/\/sabatie-produits-entretien.fr\/fr\/wp-json\/wp\/v2\/types\/product"}],"replies":[{"embeddable":true,"href":"https:\/\/sabatie-produits-entretien.fr\/fr\/wp-json\/wp\/v2\/comments?post=1701"}],"wp:featuredmedia":[{"embeddable":true,"href":"https:\/\/sabatie-produits-entretien.fr\/fr\/wp-json\/wp\/v2\/media\/1730"}],"wp:attachment":[{"href":"https:\/\/sabatie-produits-entretien.fr\/fr\/wp-json\/wp\/v2\/media?parent=1701"}],"wp:term":[{"taxonomy":"product_brand","embeddable":true,"href":"https:\/\/sabatie-produits-entretien.fr\/fr\/wp-json\/wp\/v2\/product_brand?post=1701"},{"taxonomy":"product_cat","embeddable":true,"href":"https:\/\/sabatie-produits-entretien.fr\/fr\/wp-json\/wp\/v2\/product_cat?post=1701"},{"taxonomy":"product_tag","embeddable":true,"href":"https:\/\/sabatie-produits-entretien.fr\/fr\/wp-json\/wp\/v2\/product_tag?post=1701"}],"curies":[{"name":"wp","href":"https:\/\/api.w.org\/{rel}","templated":true}]}}