{"id":1702,"date":"2025-05-05T08:57:42","date_gmt":"2025-05-05T06:57:42","guid":{"rendered":"http:\/\/localhost\/sabatiesarl\/?post_type=product&#038;p=1702"},"modified":"2025-06-11T10:29:00","modified_gmt":"2025-06-11T08:29:00","slug":"1512-aerosol-insecticide-rampants-750-ml","status":"publish","type":"product","link":"https:\/\/sabatie-produits-entretien.fr\/fr\/produit\/1512-aerosol-insecticide-rampants-750-ml\/","title":{"rendered":"1512 A\u00c9ROSOL INSECTICIDE RAMPANTS 750 ml"},"content":{"rendered":"<h2>A\u00c9ROSOL INSECTICIDE\u00a0 RAMPANTS 750 ml<\/h2>\n<p>&nbsp;<\/p>\n<h3><strong>Permet d\u2019\u00e9liminer efficacement les insectes rampants.<\/strong><\/p>\n<p><strong>R\u00e9manence importante<\/strong><\/p>\n<p><strong>Non accoutumance des insectes<\/strong><\/h3>\n<p>&nbsp;<\/p>\n<p><strong>APPLICATION :<\/strong><\/p>\n<p>Destin\u00e9 \u00e0 d\u00e9truire tous les insectes rampants : cafards, araign\u00e9es, blattes, punaises, fourmis, puces etc\u2026<\/p>\n<p>Ne tache pas, ne d\u00e9t\u00e9riore pas les tissus, rev\u00eatements, moquettes.<\/p>\n<p>&nbsp;<\/p>\n<p><strong>LIEUX D\u2019UTILISATION :<\/strong><\/p>\n<ul>\n<li>Entreprises de propret\u00e9<\/li>\n<li>Collectivit\u00e9s<\/li>\n<li>Professionnels de la d\u00e9sinsectisation<\/li>\n<li>H\u00f4tellerie, campings<\/li>\n<li>Centres de loisirs<\/li>\n<\/ul>\n<p>&nbsp;<\/p>\n<p><strong>MODE D&rsquo;EMPLOI :<\/strong><\/p>\n<p>Agiter avant l&#8217;emploi.<\/p>\n<p>Pulv\u00e9riser \u00e0 une distance de 30 cm sur les lieux de passage des insectes : canalisations, orifices, plinthes, derri\u00e8re les meubles, encadrements de portes, etc.<\/p>\n<p>Ventiler la pi\u00e8ce 15 minutes apr\u00e8s la pulv\u00e9risation.<\/p>\n<p>Ne pas vaporiser dans l&rsquo;atmosph\u00e8re.<\/p>\n<p>\u00c9viter de fumer pendant l&rsquo;utilisation<\/p>\n<p>&nbsp;<\/p>\n<p><strong>CONDITIONNEMENT :<\/strong><\/p>\n<ul>\n<li>A\u00e9rosol de 750 ml<\/li>\n<li>Carton de 12 x 750 ml<\/li>\n<\/ul>\n<p>&nbsp;<\/p>\n<ul>\n<li><a href=\"https:\/\/sabatie-produits-entretien.fr\/fr\/wp-content\/uploads\/2024\/02\/FT-1512-INSECTICIDE-RAMPANTS-.pdf\" target=\"_blank\" rel=\"noopener noreferrer\">FICHE TECHNIQUE<\/a><\/li>\n<li><a href=\"https:\/\/sabatie-produits-entretien.fr\/fr\/wp-content\/uploads\/2024\/02\/FDS-1512-AER-INSECTICIDE-RAMPANTS-.pdf\" target=\"_blank\" rel=\"noopener noreferrer\">FICHE DE SECURITE<\/a><\/li>\n<\/ul>\n","protected":false},"excerpt":{"rendered":"<p>A\u00c9ROSOL INSECTICIDE\u00a0 RAMPANTS 750 ml &nbsp; Permet d\u2019\u00e9liminer efficacement les insectes rampants. R\u00e9manence importante Non accoutumance des insectes &nbsp; APPLICATION [&hellip;]<\/p>\n","protected":false},"featured_media":1731,"comment_status":"closed","ping_status":"closed","template":"","meta":{"_acf_changed":false,"site-sidebar-layout":"default","site-content-layout":"","ast-site-content-layout":"default","site-content-style":"default","site-sidebar-style":"default","ast-global-header-display":"","ast-banner-title-visibility":"","ast-main-header-display":"","ast-hfb-above-header-display":"","ast-hfb-below-header-display":"","ast-hfb-mobile-header-display":"","site-post-title":"","ast-breadcrumbs-content":"","ast-featured-img":"","footer-sml-layout":"","ast-disable-related-posts":"","theme-transparent-header-meta":"","adv-header-id-meta":"","stick-header-meta":"","header-above-stick-meta":"","header-main-stick-meta":"","header-below-stick-meta":"","astra-migrate-meta-layouts":"default","ast-page-background-enabled":"default","ast-page-background-meta":{"desktop":{"background-color":"var(--ast-global-color-5)","background-image":"","background-repeat":"repeat","background-position":"center center","background-size":"auto","background-attachment":"scroll","background-type":"","background-media":"","overlay-type":"","overlay-color":"","overlay-opacity":"","overlay-gradient":""},"tablet":{"background-color":"","background-image":"","background-repeat":"repeat","background-position":"center center","background-size":"auto","background-attachment":"scroll","background-type":"","background-media":"","overlay-type":"","overlay-color":"","overlay-opacity":"","overlay-gradient":""},"mobile":{"background-color":"","background-image":"","background-repeat":"repeat","background-position":"center center","background-size":"auto","background-attachment":"scroll","background-type":"","background-media":"","overlay-type":"","overlay-color":"","overlay-opacity":"","overlay-gradient":""}},"ast-content-background-meta":{"desktop":{"background-color":"var(--ast-global-color-4)","background-image":"","background-repeat":"repeat","background-position":"center center","background-size":"auto","background-attachment":"scroll","background-type":"","background-media":"","overlay-type":"","overlay-color":"","overlay-opacity":"","overlay-gradient":""},"tablet":{"background-color":"var(--ast-global-color-4)","background-image":"","background-repeat":"repeat","background-position":"center center","background-size":"auto","background-attachment":"scroll","background-type":"","background-media":"","overlay-type":"","overlay-color":"","overlay-opacity":"","overlay-gradient":""},"mobile":{"background-color":"var(--ast-global-color-4)","background-image":"","background-repeat":"repeat","background-position":"center center","background-size":"auto","background-attachment":"scroll","background-type":"","background-media":"","overlay-type":"","overlay-color":"","overlay-opacity":"","overlay-gradient":""}}},"product_brand":[],"product_cat":[16,633],"product_tag":[570,571,572],"class_list":{"0":"post-1702","1":"product","2":"type-product","3":"status-publish","4":"has-post-thumbnail","6":"product_cat-tout","7":"product_cat-insecticide","8":"product_tag-aer-insecticide-rampants-puck-750-ml","9":"product_tag-aerosol-rampants","10":"product_tag-sico","11":"desktop-align-left","12":"tablet-align-left","13":"mobile-align-left","15":"first","16":"instock","17":"virtual","18":"product-type-simple"},"acf":[],"_links":{"self":[{"href":"https:\/\/sabatie-produits-entretien.fr\/fr\/wp-json\/wp\/v2\/product\/1702","targetHints":{"allow":["GET"]}}],"collection":[{"href":"https:\/\/sabatie-produits-entretien.fr\/fr\/wp-json\/wp\/v2\/product"}],"about":[{"href":"https:\/\/sabatie-produits-entretien.fr\/fr\/wp-json\/wp\/v2\/types\/product"}],"replies":[{"embeddable":true,"href":"https:\/\/sabatie-produits-entretien.fr\/fr\/wp-json\/wp\/v2\/comments?post=1702"}],"wp:featuredmedia":[{"embeddable":true,"href":"https:\/\/sabatie-produits-entretien.fr\/fr\/wp-json\/wp\/v2\/media\/1731"}],"wp:attachment":[{"href":"https:\/\/sabatie-produits-entretien.fr\/fr\/wp-json\/wp\/v2\/media?parent=1702"}],"wp:term":[{"taxonomy":"product_brand","embeddable":true,"href":"https:\/\/sabatie-produits-entretien.fr\/fr\/wp-json\/wp\/v2\/product_brand?post=1702"},{"taxonomy":"product_cat","embeddable":true,"href":"https:\/\/sabatie-produits-entretien.fr\/fr\/wp-json\/wp\/v2\/product_cat?post=1702"},{"taxonomy":"product_tag","embeddable":true,"href":"https:\/\/sabatie-produits-entretien.fr\/fr\/wp-json\/wp\/v2\/product_tag?post=1702"}],"curies":[{"name":"wp","href":"https:\/\/api.w.org\/{rel}","templated":true}]}}