{"id":1705,"date":"2025-05-05T08:57:42","date_gmt":"2025-05-05T06:57:42","guid":{"rendered":"http:\/\/localhost\/sabatiesarl\/?post_type=product&#038;p=1705"},"modified":"2025-06-11T10:33:23","modified_gmt":"2025-06-11T08:33:23","slug":"15095-laque-insecticide-volants-et-rampants-king-bidon-5-litres","status":"publish","type":"product","link":"https:\/\/sabatie-produits-entretien.fr\/fr\/produit\/15095-laque-insecticide-volants-et-rampants-king-bidon-5-litres\/","title":{"rendered":"15095 LAQUE INSECTICIDE VOLANTS ET RAMPANTS KING bidon 5 litres"},"content":{"rendered":"<h2>\u00a0INSECTICIDE VOLANTS ET RAMPANTS 5L KING<\/h2>\n<ul>\n<li>Pi\u00e8ge et \u00e9limine tous les insectes rampants et volants.<\/li>\n<li>Pr\u00eat \u00e0 l\u2019emploi<\/li>\n<li>Curatif et pr\u00e9ventif<\/li>\n<li>Efficace contre tous insectes rampants et volants<\/li>\n<\/ul>\n<p>&nbsp;<\/p>\n<p>Pi\u00e8ge et \u00e9limine tous les insectes rampants (fourmis, cafards, blattes, araign\u00e9es, punaises, puces, poux) les insectes volants : mouches, moustiques, gu\u00eapes\u2026<\/p>\n<p>Insecticide r\u00e9manent et \u00e0 effet choc (agit par contact et ingestion). Pr\u00e9vu pour prot\u00e9ger les divers locaux et l&rsquo;habitat pendant au moins 6 mois \u00e0 l&rsquo;ext\u00e9rieur et 12 mois \u00e0 l&rsquo;int\u00e9rieur.<\/p>\n<p>C&rsquo;est un insecticide surpuissant de traitement curatif et pr\u00e9ventif.<\/p>\n<p>Il permet de traiter les lieux de passage et les cachettes o\u00f9 se reproduisent et pondent les insectes ind\u00e9sirables et d&rsquo;obtenir ainsi leur destruction radicale.<\/p>\n<p>Par la pr\u00e9sence d&rsquo;une r\u00e9sine sp\u00e9cifique, il est dot\u00e9 d&rsquo;une grande r\u00e9sistance aux nettoyages. Produit pr\u00eat \u00e0 l&#8217;emploi ; insoluble dans l&rsquo;eau.<\/p>\n<p>&nbsp;<\/p>\n<p>&nbsp;<\/p>\n<p>LIEUX D\u2019UTILISATION<\/p>\n<ul>\n<li>\u00a0Entreprises de propret\u00e9<\/li>\n<li>\u00a0Collectivit\u00e9s<\/li>\n<li>\u00a0Professionnels de la d\u00e9sinsectisation<\/li>\n<li>H\u00f4tellerie, campings<\/li>\n<li>\u00a0Centres de loisirs<\/li>\n<\/ul>\n<p>&nbsp;<\/p>\n<p>&nbsp;<\/p>\n<p>&nbsp;<\/p>\n<p>CONDITIONNEMENT <strong>:<\/strong><\/p>\n<ul>\n<li>bidon de\u00a0 5 litres<\/li>\n<li>Carton\u00a0 4 x 5 litres<\/li>\n<\/ul>\n<p>&nbsp;<\/p>\n<ul>\n<li><a href=\"https:\/\/sabatie-produits-entretien.fr\/fr\/wp-content\/uploads\/2024\/06\/15095-FT-INSECTICIDE-VOLANTS-RAMPANS-5L-.pdf\" target=\"_blank\" rel=\"noopener noreferrer\">FICHE TECHNIQUE<\/a><\/li>\n<li><a href=\"https:\/\/sabatie-produits-entretien.fr\/fr\/wp-content\/uploads\/2024\/06\/15095-FDS-INSECTICIDE-VOLANTS-ET-RAMPANTS-5L-.pdf\" target=\"_blank\" rel=\"noopener noreferrer\">FICHE DE SECURITE<\/a><\/li>\n<\/ul>\n","protected":false},"excerpt":{"rendered":"<p>\u00a0INSECTICIDE VOLANTS ET RAMPANTS 5L KING Pi\u00e8ge et \u00e9limine tous les insectes rampants et volants. Pr\u00eat \u00e0 l\u2019emploi Curatif et [&hellip;]<\/p>\n","protected":false},"featured_media":1734,"comment_status":"closed","ping_status":"closed","template":"","meta":{"_acf_changed":false,"site-sidebar-layout":"default","site-content-layout":"","ast-site-content-layout":"default","site-content-style":"default","site-sidebar-style":"default","ast-global-header-display":"","ast-banner-title-visibility":"","ast-main-header-display":"","ast-hfb-above-header-display":"","ast-hfb-below-header-display":"","ast-hfb-mobile-header-display":"","site-post-title":"","ast-breadcrumbs-content":"","ast-featured-img":"","footer-sml-layout":"","ast-disable-related-posts":"","theme-transparent-header-meta":"","adv-header-id-meta":"","stick-header-meta":"","header-above-stick-meta":"","header-main-stick-meta":"","header-below-stick-meta":"","astra-migrate-meta-layouts":"default","ast-page-background-enabled":"default","ast-page-background-meta":{"desktop":{"background-color":"var(--ast-global-color-5)","background-image":"","background-repeat":"repeat","background-position":"center center","background-size":"auto","background-attachment":"scroll","background-type":"","background-media":"","overlay-type":"","overlay-color":"","overlay-opacity":"","overlay-gradient":""},"tablet":{"background-color":"","background-image":"","background-repeat":"repeat","background-position":"center center","background-size":"auto","background-attachment":"scroll","background-type":"","background-media":"","overlay-type":"","overlay-color":"","overlay-opacity":"","overlay-gradient":""},"mobile":{"background-color":"","background-image":"","background-repeat":"repeat","background-position":"center center","background-size":"auto","background-attachment":"scroll","background-type":"","background-media":"","overlay-type":"","overlay-color":"","overlay-opacity":"","overlay-gradient":""}},"ast-content-background-meta":{"desktop":{"background-color":"var(--ast-global-color-4)","background-image":"","background-repeat":"repeat","background-position":"center center","background-size":"auto","background-attachment":"scroll","background-type":"","background-media":"","overlay-type":"","overlay-color":"","overlay-opacity":"","overlay-gradient":""},"tablet":{"background-color":"var(--ast-global-color-4)","background-image":"","background-repeat":"repeat","background-position":"center center","background-size":"auto","background-attachment":"scroll","background-type":"","background-media":"","overlay-type":"","overlay-color":"","overlay-opacity":"","overlay-gradient":""},"mobile":{"background-color":"var(--ast-global-color-4)","background-image":"","background-repeat":"repeat","background-position":"center center","background-size":"auto","background-attachment":"scroll","background-type":"","background-media":"","overlay-type":"","overlay-color":"","overlay-opacity":"","overlay-gradient":""}}},"product_brand":[],"product_cat":[16,633],"product_tag":[577,572],"class_list":{"0":"post-1705","1":"product","2":"type-product","3":"status-publish","4":"has-post-thumbnail","6":"product_cat-tout","7":"product_cat-insecticide","8":"product_tag-insecticide-volants-et-rampants-king","9":"product_tag-sico","10":"desktop-align-left","11":"tablet-align-left","12":"mobile-align-left","14":"first","15":"instock","16":"virtual","17":"product-type-simple"},"acf":[],"_links":{"self":[{"href":"https:\/\/sabatie-produits-entretien.fr\/fr\/wp-json\/wp\/v2\/product\/1705","targetHints":{"allow":["GET"]}}],"collection":[{"href":"https:\/\/sabatie-produits-entretien.fr\/fr\/wp-json\/wp\/v2\/product"}],"about":[{"href":"https:\/\/sabatie-produits-entretien.fr\/fr\/wp-json\/wp\/v2\/types\/product"}],"replies":[{"embeddable":true,"href":"https:\/\/sabatie-produits-entretien.fr\/fr\/wp-json\/wp\/v2\/comments?post=1705"}],"wp:featuredmedia":[{"embeddable":true,"href":"https:\/\/sabatie-produits-entretien.fr\/fr\/wp-json\/wp\/v2\/media\/1734"}],"wp:attachment":[{"href":"https:\/\/sabatie-produits-entretien.fr\/fr\/wp-json\/wp\/v2\/media?parent=1705"}],"wp:term":[{"taxonomy":"product_brand","embeddable":true,"href":"https:\/\/sabatie-produits-entretien.fr\/fr\/wp-json\/wp\/v2\/product_brand?post=1705"},{"taxonomy":"product_cat","embeddable":true,"href":"https:\/\/sabatie-produits-entretien.fr\/fr\/wp-json\/wp\/v2\/product_cat?post=1705"},{"taxonomy":"product_tag","embeddable":true,"href":"https:\/\/sabatie-produits-entretien.fr\/fr\/wp-json\/wp\/v2\/product_tag?post=1705"}],"curies":[{"name":"wp","href":"https:\/\/api.w.org\/{rel}","templated":true}]}}