{"id":1708,"date":"2025-05-05T08:57:42","date_gmt":"2025-05-05T06:57:42","guid":{"rendered":"http:\/\/localhost\/sabatiesarl\/?post_type=product&#038;p=1708"},"modified":"2025-06-11T01:50:58","modified_gmt":"2025-06-10T23:50:58","slug":"39061-nettoyant-desinfectant-sol-surface-framboisine-5-l","status":"publish","type":"product","link":"https:\/\/sabatie-produits-entretien.fr\/fr\/produit\/39061-nettoyant-desinfectant-sol-surface-framboisine-5-l\/","title":{"rendered":"39061 NETTOYANT DESINFECTANT SOL SURFACE FRAMBOISINE 5 L"},"content":{"rendered":"<h2>Lavant sols Framboisine est un d\u00e9tergent d\u00e9sodorisant d\u00e9sinfectant bact\u00e9ricide,\u00a0 levuricide et virucide, tr\u00e8s longue r\u00e9manence, pour tous types de sols et de surfaces lavables<\/h2>\n<p>&nbsp;<\/p>\n<h4>UTILISATION<\/h4>\n<ul>\n<li>\u00a0Sp\u00e9cialement \u00e9tudi\u00e9 pour le nettoyage en milieu professionnel, h\u00f4pitaux, cliniques, maisons de retraite, \u00e9tablissements scolaires, collectivit\u00e9s, caf\u00e9s, h\u00f4tel, restaurants, industries &#8230;<\/li>\n<li>Pour tous types de sols et de surface lavables y compris les sols prot\u00e9g\u00e9s par une \u00e9mulsion . PH neutre.<\/li>\n<li>Ne n\u00e9cessite pas de rin\u00e7age, mais un rin\u00e7age \u00e0 l&rsquo;eau claire est obligatoire dans le cadre du contact alimentaire<\/li>\n<\/ul>\n<p>&nbsp;<\/p>\n<h4>MODE D&rsquo;EMPLOI ET DOSAGE<\/h4>\n<ul>\n<li>Dosage de 0.5 \u00e0 1 % selon le degr\u00e9 de salissures<\/li>\n<li>Dosage pour une action d\u00e9sinfectante: voir fiche technique<\/li>\n<li>Sans rin\u00e7age, sauf si contact avec les denr\u00e9es alimentaires<\/li>\n<\/ul>\n<h4><\/h4>\n<p>&nbsp;<\/p>\n<h4>NORMES<\/h4>\n<ul>\n<li>EN 1276<\/li>\n<li>EN 13697 Bact\u00e9ricide<\/li>\n<li>EN 1650 Levuricide<\/li>\n<li>EN 13697 Levuricide<\/li>\n<li>EN 14476+A2 virucide<\/li>\n<\/ul>\n<p>&nbsp;<\/p>\n<h4>PROPRI\u00c9T\u00c9S<\/h4>\n<ul>\n<li>Aspect : liquide<\/li>\n<li>Odeur : Framboise<\/li>\n<\/ul>\n<p>&nbsp;<\/p>\n<h4>CONDITIONNEMENT<\/h4>\n<ul>\n<li>bidon de 5 L<\/li>\n<li>carton de 4 x 5 L<\/li>\n<\/ul>\n<p>&nbsp;<\/p>\n<p>&nbsp;<\/p>\n<ul>\n<li><a href=\"https:\/\/sabatie-produits-entretien.fr\/fr\/wp-content\/uploads\/2025\/02\/FT-39061-lavspfrbe3dlrfrend-5l.pdf\" target=\"_blank\" rel=\"noopener\">FICHE TECHNIQUE<\/a><\/li>\n<li><a href=\"https:\/\/sabatie-produits-entretien.fr\/fr\/wp-content\/uploads\/2025\/02\/FDS-3906-39061-DOSETTE-NET-DESIN-REMANENT-FRAMBOISINE-3DLR-DOSETTE.pdf\" target=\"_blank\" rel=\"noopener\">FICHE DE SECURITE<\/a><\/li>\n<\/ul>\n","protected":false},"excerpt":{"rendered":"<p>Lavant sols Framboisine est un d\u00e9tergent d\u00e9sodorisant d\u00e9sinfectant bact\u00e9ricide,\u00a0 levuricide et virucide, tr\u00e8s longue r\u00e9manence, pour tous types de sols [&hellip;]<\/p>\n","protected":false},"featured_media":1737,"comment_status":"closed","ping_status":"closed","template":"","meta":{"_acf_changed":false,"site-sidebar-layout":"default","site-content-layout":"","ast-site-content-layout":"default","site-content-style":"default","site-sidebar-style":"default","ast-global-header-display":"","ast-banner-title-visibility":"","ast-main-header-display":"","ast-hfb-above-header-display":"","ast-hfb-below-header-display":"","ast-hfb-mobile-header-display":"","site-post-title":"","ast-breadcrumbs-content":"","ast-featured-img":"","footer-sml-layout":"","ast-disable-related-posts":"","theme-transparent-header-meta":"","adv-header-id-meta":"","stick-header-meta":"","header-above-stick-meta":"","header-main-stick-meta":"","header-below-stick-meta":"","astra-migrate-meta-layouts":"default","ast-page-background-enabled":"default","ast-page-background-meta":{"desktop":{"background-color":"var(--ast-global-color-5)","background-image":"","background-repeat":"repeat","background-position":"center center","background-size":"auto","background-attachment":"scroll","background-type":"","background-media":"","overlay-type":"","overlay-color":"","overlay-opacity":"","overlay-gradient":""},"tablet":{"background-color":"","background-image":"","background-repeat":"repeat","background-position":"center center","background-size":"auto","background-attachment":"scroll","background-type":"","background-media":"","overlay-type":"","overlay-color":"","overlay-opacity":"","overlay-gradient":""},"mobile":{"background-color":"","background-image":"","background-repeat":"repeat","background-position":"center center","background-size":"auto","background-attachment":"scroll","background-type":"","background-media":"","overlay-type":"","overlay-color":"","overlay-opacity":"","overlay-gradient":""}},"ast-content-background-meta":{"desktop":{"background-color":"var(--ast-global-color-4)","background-image":"","background-repeat":"repeat","background-position":"center center","background-size":"auto","background-attachment":"scroll","background-type":"","background-media":"","overlay-type":"","overlay-color":"","overlay-opacity":"","overlay-gradient":""},"tablet":{"background-color":"var(--ast-global-color-4)","background-image":"","background-repeat":"repeat","background-position":"center center","background-size":"auto","background-attachment":"scroll","background-type":"","background-media":"","overlay-type":"","overlay-color":"","overlay-opacity":"","overlay-gradient":""},"mobile":{"background-color":"var(--ast-global-color-4)","background-image":"","background-repeat":"repeat","background-position":"center center","background-size":"auto","background-attachment":"scroll","background-type":"","background-media":"","overlay-type":"","overlay-color":"","overlay-opacity":"","overlay-gradient":""}}},"product_brand":[],"product_cat":[16,673],"product_tag":[229,581,209,582,583],"class_list":{"0":"post-1708","1":"product","2":"type-product","3":"status-publish","4":"has-post-thumbnail","6":"product_cat-tout","7":"product_cat-nettoyants-sols-desinfectants","8":"product_tag-desinfectant","9":"product_tag-desodorisant","10":"product_tag-detergent-nettoyant-sols-surfaces","11":"product_tag-framboisine","12":"product_tag-levuricide-et-virucide","13":"desktop-align-left","14":"tablet-align-left","15":"mobile-align-left","17":"first","18":"instock","19":"virtual","20":"product-type-simple"},"acf":[],"_links":{"self":[{"href":"https:\/\/sabatie-produits-entretien.fr\/fr\/wp-json\/wp\/v2\/product\/1708","targetHints":{"allow":["GET"]}}],"collection":[{"href":"https:\/\/sabatie-produits-entretien.fr\/fr\/wp-json\/wp\/v2\/product"}],"about":[{"href":"https:\/\/sabatie-produits-entretien.fr\/fr\/wp-json\/wp\/v2\/types\/product"}],"replies":[{"embeddable":true,"href":"https:\/\/sabatie-produits-entretien.fr\/fr\/wp-json\/wp\/v2\/comments?post=1708"}],"wp:featuredmedia":[{"embeddable":true,"href":"https:\/\/sabatie-produits-entretien.fr\/fr\/wp-json\/wp\/v2\/media\/1737"}],"wp:attachment":[{"href":"https:\/\/sabatie-produits-entretien.fr\/fr\/wp-json\/wp\/v2\/media?parent=1708"}],"wp:term":[{"taxonomy":"product_brand","embeddable":true,"href":"https:\/\/sabatie-produits-entretien.fr\/fr\/wp-json\/wp\/v2\/product_brand?post=1708"},{"taxonomy":"product_cat","embeddable":true,"href":"https:\/\/sabatie-produits-entretien.fr\/fr\/wp-json\/wp\/v2\/product_cat?post=1708"},{"taxonomy":"product_tag","embeddable":true,"href":"https:\/\/sabatie-produits-entretien.fr\/fr\/wp-json\/wp\/v2\/product_tag?post=1708"}],"curies":[{"name":"wp","href":"https:\/\/api.w.org\/{rel}","templated":true}]}}