{"id":4530,"date":"2025-11-14T16:45:56","date_gmt":"2025-11-14T15:45:56","guid":{"rendered":"https:\/\/sabatie-produits-entretien.fr\/fr\/?post_type=product&#038;p=4530"},"modified":"2025-12-13T11:47:23","modified_gmt":"2025-12-13T10:47:23","slug":"0310-menage-surpuissant-le-vrai-bidon-5-l","status":"publish","type":"product","link":"https:\/\/sabatie-produits-entretien.fr\/fr\/produit\/0310-menage-surpuissant-le-vrai-bidon-5-l\/","title":{"rendered":"0310 M\u00c9NAGE SURPUISSANT &#8211; LE VRAI &#8211;  BIDON 5 L"},"content":{"rendered":"<h2><a href=\"https:\/\/sabatie-produits-entretien.fr\/fr\/wp-content\/uploads\/2025\/11\/photo-fabrication-francaise.png\"><br \/>\n<img decoding=\"async\" class=\"wp-image-4529 alignright\" src=\"https:\/\/sabatie-produits-entretien.fr\/fr\/wp-content\/uploads\/2025\/11\/photo-fabrication-francaise.png\" alt=\"\" width=\"146\" height=\"118\" \/><\/a>M\u00c9NAGE SURPUISSANT &#8211; LE VRAI PROFESSIONNEL<\/h2>\n<h2>Formule ultra concentr\u00e9e, id\u00e9ale pour nettoyer et d\u00e9graisser sans mousser.<\/h2>\n<p>&nbsp;<\/p>\n<p>Le Vrai Professionnel M\u00e9nage Surpuissant nettoie et d\u00e9graisse, sans mousser, toutes les surfaces lavables non prot\u00e9g\u00e9es, tout en laissant un parfum frais et agr\u00e9able.<br \/>\nIl s\u2019utilise en collectivit\u00e9s, caf\u00e9s, h\u00f4tels, restaurants et h\u00f4tellerie de plein air et en secteurs tertiaires (bureaux, salles, halls).<br \/>\nApte au contact alimentaire apr\u00e8s rin\u00e7age \u00e0 l\u2019eau potable (conforme \u00e0 l\u2019arr\u00eat\u00e9 du 19\/12\/2013).<\/p>\n<p>Convient aux entreprises de propret\u00e9, personnels d\u2019entretien, services g\u00e9n\u00e9raux, syndics d\u2019immeuble.<\/p>\n<p>&nbsp;<\/p>\n<h4>UTILISATION<\/h4>\n<ul>\n<li>\u00c9limine les huiles organiques et les graisses<\/li>\n<li>Odorise durablement<\/li>\n<li>Dilution possible en eau froide, ti\u00e8de et chaude<\/li>\n<\/ul>\n<p>&nbsp;<\/p>\n<h4>PROPRI\u00c9T\u00c9S<\/h4>\n<ul>\n<li>aspect\u00a0 :\u00a0 liquide opalescent<\/li>\n<li>couleur\u00a0 :\u00a0 verte<\/li>\n<li>senteur\u00a0 :\u00a0 Pin des Landes<\/li>\n<li>pH \u00e0 l&rsquo;\u00e9tat pur\u00a0 :\u00a0 10,2\/10,5<\/li>\n<li>pH dilution : 10 (base eau douce, TH7,9\u00b0f)<\/li>\n<\/ul>\n<p>&nbsp;<\/p>\n<h4>CONDITIONNEMENT<\/h4>\n<ul>\n<li>bidon de 5 litres<\/li>\n<li>carton de 4 x 5 litres<\/li>\n<\/ul>\n<p>&nbsp;<\/p>\n<ul>\n<li><a href=\"https:\/\/sabatie-produits-entretien.fr\/fr\/wp-content\/uploads\/2025\/11\/FT-0310-lvp-menage-surpuissant-2.pdf\" target=\"_blank\" rel=\"noopener\">FICHE TECHNIQUE<\/a><\/li>\n<li><a href=\"https:\/\/sabatie-produits-entretien.fr\/fr\/wp-content\/uploads\/2025\/11\/fds-0310-21138-58068-03962-019373.pdf\" target=\"_blank\" rel=\"noopener\">FICHE DE SECURITE<\/a><\/li>\n<\/ul>\n<p>&nbsp;<\/p>\n","protected":false},"excerpt":{"rendered":"<p>M\u00c9NAGE SURPUISSANT &#8211; LE VRAI PROFESSIONNEL Formule ultra concentr\u00e9e, id\u00e9ale pour nettoyer et d\u00e9graisser sans mousser. &nbsp; Le Vrai Professionnel [&hellip;]<\/p>\n","protected":false},"featured_media":4526,"comment_status":"closed","ping_status":"closed","template":"","meta":{"_acf_changed":false,"site-sidebar-layout":"default","site-content-layout":"","ast-site-content-layout":"default","site-content-style":"default","site-sidebar-style":"default","ast-global-header-display":"","ast-banner-title-visibility":"","ast-main-header-display":"","ast-hfb-above-header-display":"","ast-hfb-below-header-display":"","ast-hfb-mobile-header-display":"","site-post-title":"","ast-breadcrumbs-content":"","ast-featured-img":"","footer-sml-layout":"","ast-disable-related-posts":"","theme-transparent-header-meta":"default","adv-header-id-meta":"","stick-header-meta":"","header-above-stick-meta":"","header-main-stick-meta":"","header-below-stick-meta":"","astra-migrate-meta-layouts":"set","ast-page-background-enabled":"default","ast-page-background-meta":{"desktop":{"background-color":"var(--ast-global-color-5)","background-image":"","background-repeat":"repeat","background-position":"center center","background-size":"auto","background-attachment":"scroll","background-type":"","background-media":"","overlay-type":"","overlay-color":"","overlay-opacity":"","overlay-gradient":""},"tablet":{"background-color":"","background-image":"","background-repeat":"repeat","background-position":"center center","background-size":"auto","background-attachment":"scroll","background-type":"","background-media":"","overlay-type":"","overlay-color":"","overlay-opacity":"","overlay-gradient":""},"mobile":{"background-color":"","background-image":"","background-repeat":"repeat","background-position":"center center","background-size":"auto","background-attachment":"scroll","background-type":"","background-media":"","overlay-type":"","overlay-color":"","overlay-opacity":"","overlay-gradient":""}},"ast-content-background-meta":{"desktop":{"background-color":"var(--ast-global-color-4)","background-image":"","background-repeat":"repeat","background-position":"center center","background-size":"auto","background-attachment":"scroll","background-type":"","background-media":"","overlay-type":"","overlay-color":"","overlay-opacity":"","overlay-gradient":""},"tablet":{"background-color":"var(--ast-global-color-4)","background-image":"","background-repeat":"repeat","background-position":"center center","background-size":"auto","background-attachment":"scroll","background-type":"","background-media":"","overlay-type":"","overlay-color":"","overlay-opacity":"","overlay-gradient":""},"mobile":{"background-color":"var(--ast-global-color-4)","background-image":"","background-repeat":"repeat","background-position":"center center","background-size":"auto","background-attachment":"scroll","background-type":"","background-media":"","overlay-type":"","overlay-color":"","overlay-opacity":"","overlay-gradient":""}}},"product_brand":[],"product_cat":[16,674,672],"product_tag":[707,709,708],"class_list":{"0":"post-4530","1":"product","2":"type-product","3":"status-publish","4":"has-post-thumbnail","6":"product_cat-tout","7":"product_cat-nettoyage-des-sols","8":"product_cat-nettoyants-sols","9":"product_tag-actio-pin","10":"product_tag-le-vrai-professionnel","11":"product_tag-menage-surpuissant-sols","12":"desktop-align-left","13":"tablet-align-left","14":"mobile-align-left","16":"first","17":"instock","18":"virtual","19":"product-type-simple"},"acf":[],"_links":{"self":[{"href":"https:\/\/sabatie-produits-entretien.fr\/fr\/wp-json\/wp\/v2\/product\/4530","targetHints":{"allow":["GET"]}}],"collection":[{"href":"https:\/\/sabatie-produits-entretien.fr\/fr\/wp-json\/wp\/v2\/product"}],"about":[{"href":"https:\/\/sabatie-produits-entretien.fr\/fr\/wp-json\/wp\/v2\/types\/product"}],"replies":[{"embeddable":true,"href":"https:\/\/sabatie-produits-entretien.fr\/fr\/wp-json\/wp\/v2\/comments?post=4530"}],"wp:featuredmedia":[{"embeddable":true,"href":"https:\/\/sabatie-produits-entretien.fr\/fr\/wp-json\/wp\/v2\/media\/4526"}],"wp:attachment":[{"href":"https:\/\/sabatie-produits-entretien.fr\/fr\/wp-json\/wp\/v2\/media?parent=4530"}],"wp:term":[{"taxonomy":"product_brand","embeddable":true,"href":"https:\/\/sabatie-produits-entretien.fr\/fr\/wp-json\/wp\/v2\/product_brand?post=4530"},{"taxonomy":"product_cat","embeddable":true,"href":"https:\/\/sabatie-produits-entretien.fr\/fr\/wp-json\/wp\/v2\/product_cat?post=4530"},{"taxonomy":"product_tag","embeddable":true,"href":"https:\/\/sabatie-produits-entretien.fr\/fr\/wp-json\/wp\/v2\/product_tag?post=4530"}],"curies":[{"name":"wp","href":"https:\/\/api.w.org\/{rel}","templated":true}]}}