{"id":945,"date":"2025-05-05T08:49:32","date_gmt":"2025-05-05T06:49:32","guid":{"rendered":"http:\/\/localhost\/sabatiesarl\/?post_type=product&#038;p=945"},"modified":"2025-06-11T10:38:06","modified_gmt":"2025-06-11T08:38:06","slug":"4002-papier-toilette-blanc-ecolabel-3-plis-colis-72-petits-rouleaux","status":"publish","type":"product","link":"https:\/\/sabatie-produits-entretien.fr\/fr\/produit\/4002-papier-toilette-blanc-ecolabel-3-plis-colis-72-petits-rouleaux\/","title":{"rendered":"4002 PAPIER TOILETTE BLANC \u00c9COLABEL 3 plis colis 72 petits rouleaux"},"content":{"rendered":"<h3>PAPIER TOILETTE BLANC Celtex \u00c9COLABEL 3 plis colis 72 petits rouleaux de 250 feuilles<\/h3>\n<p>&nbsp;<\/p>\n<p>DIMENSIONS DU ROULEAU :<\/p>\n<ul>\n<li>longueur\u00a0 :\u00a0 30 m<\/li>\n<li>diam\u00e8tre\u00a0 :\u00a0 11,8 cm<\/li>\n<li>diam\u00e8tre du mandrin : 4,5 cm<\/li>\n<\/ul>\n<p>DIMENSIONS DE LA FEUILLE :<\/p>\n<ul>\n<li>longueur\u00a0 :\u00a0 12 cm<\/li>\n<li>largeur\u00a0 :\u00a0 9,8 cm<\/li>\n<\/ul>\n<p>\u00c9PAISSEUR\u00a0 :\u00a0 3 plis<\/p>\n<p>NOMBRE DE FEUILLES\u00a0 :\u00a0 250<\/p>\n<p>COULEUR\u00a0 :\u00a0 Blanc<\/p>\n<p>MATI\u00c8RE\u00a0 :\u00a0 Cellulose 100 %<\/p>\n<p>GRAMMAGE\u00a0 :\u00a0 15,6 g\/m\u00b2<\/p>\n<p>CONDITIONNEMENT<\/p>\n<ul>\n<li>colis de 9 paquets de 8 rouleaux<\/li>\n<\/ul>\n<p>&nbsp;<\/p>\n<ul>\n<li><a href=\"http:\/\/sabatie-produits-entretien.fr\/fr\/wp-content\/uploads\/2017\/04\/C11200.pdf\" target=\"_blank\" rel=\"noopener\">FICHE TECHNIQUE<\/a><\/li>\n<\/ul>\n<p>&nbsp;<\/p>\n<ul>\n<li><em><strong>Nous vous proposons \u00e9galement le Distributeur adapt\u00e9 ( R\u00e9f\u00e9rence : 1045 )<\/strong><\/em><\/li>\n<\/ul>\n","protected":false},"excerpt":{"rendered":"<h3>PAPIER TOILETTE BLANC \u00c9COLABEL 3 plis colis 72 petits rouleaux de 250 feuilles<\/h3>\n<p><img decoding=\"async\" class=\"alignnone size-thumbnail wp-image-941\" src=\"http:\/\/sabatie-produits-entretien.fr\/fr\/wp-content\/uploads\/2017\/03\/Logo-ecolabel-SABATIE-150x150.png\" alt=\"\" width=\"150\" height=\"150\" \/><\/p>\n","protected":false},"featured_media":940,"comment_status":"closed","ping_status":"closed","template":"","meta":{"_acf_changed":false,"site-sidebar-layout":"default","site-content-layout":"","ast-site-content-layout":"default","site-content-style":"default","site-sidebar-style":"default","ast-global-header-display":"","ast-banner-title-visibility":"","ast-main-header-display":"","ast-hfb-above-header-display":"","ast-hfb-below-header-display":"","ast-hfb-mobile-header-display":"","site-post-title":"","ast-breadcrumbs-content":"","ast-featured-img":"","footer-sml-layout":"","ast-disable-related-posts":"","theme-transparent-header-meta":"default","adv-header-id-meta":"","stick-header-meta":"","header-above-stick-meta":"","header-main-stick-meta":"","header-below-stick-meta":"","astra-migrate-meta-layouts":"set","ast-page-background-enabled":"default","ast-page-background-meta":{"desktop":{"background-color":"var(--ast-global-color-5)","background-image":"","background-repeat":"repeat","background-position":"center center","background-size":"auto","background-attachment":"scroll","background-type":"","background-media":"","overlay-type":"","overlay-color":"","overlay-opacity":"","overlay-gradient":""},"tablet":{"background-color":"","background-image":"","background-repeat":"repeat","background-position":"center center","background-size":"auto","background-attachment":"scroll","background-type":"","background-media":"","overlay-type":"","overlay-color":"","overlay-opacity":"","overlay-gradient":""},"mobile":{"background-color":"","background-image":"","background-repeat":"repeat","background-position":"center center","background-size":"auto","background-attachment":"scroll","background-type":"","background-media":"","overlay-type":"","overlay-color":"","overlay-opacity":"","overlay-gradient":""}},"ast-content-background-meta":{"desktop":{"background-color":"var(--ast-global-color-4)","background-image":"","background-repeat":"repeat","background-position":"center center","background-size":"auto","background-attachment":"scroll","background-type":"","background-media":"","overlay-type":"","overlay-color":"","overlay-opacity":"","overlay-gradient":""},"tablet":{"background-color":"var(--ast-global-color-4)","background-image":"","background-repeat":"repeat","background-position":"center center","background-size":"auto","background-attachment":"scroll","background-type":"","background-media":"","overlay-type":"","overlay-color":"","overlay-opacity":"","overlay-gradient":""},"mobile":{"background-color":"var(--ast-global-color-4)","background-image":"","background-repeat":"repeat","background-position":"center center","background-size":"auto","background-attachment":"scroll","background-type":"","background-media":"","overlay-type":"","overlay-color":"","overlay-opacity":"","overlay-gradient":""}}},"product_brand":[],"product_cat":[16,607,679],"product_tag":[23,24,25,26,27,28,29],"class_list":{"0":"post-945","1":"product","2":"type-product","3":"status-publish","4":"has-post-thumbnail","6":"product_cat-tout","7":"product_cat-papier-hygienique-distributeur","8":"product_cat-produit-ecolabel-essuyage-papier","9":"product_tag-celtex","10":"product_tag-distributeur","11":"product_tag-hygiene","12":"product_tag-papier","13":"product_tag-papier-hygienique","14":"product_tag-papier-toilette","15":"product_tag-papier-wc","16":"desktop-align-left","17":"tablet-align-left","18":"mobile-align-left","20":"first","21":"instock","22":"virtual","23":"product-type-simple"},"acf":[],"_links":{"self":[{"href":"https:\/\/sabatie-produits-entretien.fr\/fr\/wp-json\/wp\/v2\/product\/945","targetHints":{"allow":["GET"]}}],"collection":[{"href":"https:\/\/sabatie-produits-entretien.fr\/fr\/wp-json\/wp\/v2\/product"}],"about":[{"href":"https:\/\/sabatie-produits-entretien.fr\/fr\/wp-json\/wp\/v2\/types\/product"}],"replies":[{"embeddable":true,"href":"https:\/\/sabatie-produits-entretien.fr\/fr\/wp-json\/wp\/v2\/comments?post=945"}],"wp:featuredmedia":[{"embeddable":true,"href":"https:\/\/sabatie-produits-entretien.fr\/fr\/wp-json\/wp\/v2\/media\/940"}],"wp:attachment":[{"href":"https:\/\/sabatie-produits-entretien.fr\/fr\/wp-json\/wp\/v2\/media?parent=945"}],"wp:term":[{"taxonomy":"product_brand","embeddable":true,"href":"https:\/\/sabatie-produits-entretien.fr\/fr\/wp-json\/wp\/v2\/product_brand?post=945"},{"taxonomy":"product_cat","embeddable":true,"href":"https:\/\/sabatie-produits-entretien.fr\/fr\/wp-json\/wp\/v2\/product_cat?post=945"},{"taxonomy":"product_tag","embeddable":true,"href":"https:\/\/sabatie-produits-entretien.fr\/fr\/wp-json\/wp\/v2\/product_tag?post=945"}],"curies":[{"name":"wp","href":"https:\/\/api.w.org\/{rel}","templated":true}]}}