{"id":956,"date":"2025-05-05T08:49:33","date_gmt":"2025-05-05T06:49:33","guid":{"rendered":"http:\/\/localhost\/sabatiesarl\/?post_type=product&#038;p=956"},"modified":"2025-11-05T10:48:37","modified_gmt":"2025-11-05T09:48:37","slug":"42105-lessive-poudre-linge-ecolabel-sac-10-kg","status":"publish","type":"product","link":"https:\/\/sabatie-produits-entretien.fr\/fr\/produit\/42105-lessive-poudre-linge-ecolabel-sac-10-kg\/","title":{"rendered":"42105 LESSIVE POUDRE LINGE \u00c9COLABEL sac 10 kg"},"content":{"rendered":"<div id=\"pbi-part1\">\n<div id=\"idTab1\" class=\"rte\">\n<div id=\"pbi-part1\">\n<h2 class=\"rte\">LESSIVE POUDRE LINGE \u00c9COLABEL<\/h2>\n<div class=\"rte\"><\/div>\n<h3 id=\"idTab1\" class=\"rte\">Lessive poudre concentr\u00e9e \u00c9colabel efficace sur tous les textiles blanc et couleurs tout en respectant l&rsquo;environnement.<\/h3>\n<h3 class=\"rte\">Formul\u00e9e \u00e0 base d&rsquo;enzymes pour un r\u00e9sultat impeccable m\u00eame \u00e0 basses temp\u00e9ratures.<\/h3>\n<h3 class=\"rte\">\u00c9limine les taches les plus difficiles.<\/h3>\n<h3 class=\"rte\">Conserve la blancheur du linge, respecte les fibres et les couleurs.<\/h3>\n<h3 class=\"rte\">Sans phosphate ni z\u00e9olite.<\/h3>\n<h3 class=\"rte\">\u00c9limine les taches les plus difficiles : sang, sauce, huile, caf\u00e9, th\u00e9, &#8230;<\/h3>\n<h3 class=\"rte\">Sans parfum.<\/h3>\n<p>&nbsp;<\/p>\n<\/div>\n<\/div>\n<div class=\"rte\">\n<h4>CONDITIONNEMENT<\/h4>\n<ul>\n<li>sac de 10 kg<\/li>\n<\/ul>\n<p>&nbsp;<\/p>\n<\/div>\n<\/div>\n<ul>\n<li><a href=\"http:\/\/sabatie-produits-entretien.fr\/fr\/wp-content\/uploads\/2017\/07\/FT-42105-ACTION-VERTE.pdf\" target=\"_blank\" rel=\"noopener noreferrer\">FICHE TECHNIQUE<\/a><\/li>\n<li><a href=\"http:\/\/sabatie-produits-entretien.fr\/fr\/wp-content\/uploads\/2017\/07\/FDS-42105-lessive-poudre-10kg.pdf\" target=\"_blank\" rel=\"noopener noreferrer\">FICHE DE SECURITE<\/a><\/li>\n<\/ul>\n","protected":false},"excerpt":{"rendered":"<h3>Action Verte<\/h3>\n<h3>Concentr\u00e9e \u00c9cologique<\/h3>\n<h4>\u2022 Efficace sur tous les textiles blancs et couleurs<\/p>\n<p>\u2022 Formul\u00e9e \u00e0 base d\u2019enzymes pour un r\u00e9sultat impeccable m\u00eame \u00e0 basses temp\u00e9ratures<\/p>\n<p>\u2022 \u00c9limine les taches les plus difficiles<\/p>\n<p>\u2022 Conserve la blancheur du linge, respecte les fibres et les couleurs<\/p>\n<p>\u2022 Sans phosphate, ni z\u00e9olite<\/h4>\n<p><img decoding=\"async\" class=\"alignnone size-thumbnail wp-image-941\" src=\"http:\/\/sabatie-produits-entretien.fr\/fr\/wp-content\/uploads\/2017\/03\/Logo-ecolabel-SABATIE-200x200.png\" alt=\"\" width=\"200\" height=\"200\" \/><\/p>\n","protected":false},"featured_media":984,"comment_status":"closed","ping_status":"closed","template":"","meta":{"_acf_changed":false,"site-sidebar-layout":"default","site-content-layout":"","ast-site-content-layout":"default","site-content-style":"default","site-sidebar-style":"default","ast-global-header-display":"","ast-banner-title-visibility":"","ast-main-header-display":"","ast-hfb-above-header-display":"","ast-hfb-below-header-display":"","ast-hfb-mobile-header-display":"","site-post-title":"","ast-breadcrumbs-content":"","ast-featured-img":"","footer-sml-layout":"","ast-disable-related-posts":"","theme-transparent-header-meta":"","adv-header-id-meta":"","stick-header-meta":"","header-above-stick-meta":"","header-main-stick-meta":"","header-below-stick-meta":"","astra-migrate-meta-layouts":"default","ast-page-background-enabled":"default","ast-page-background-meta":{"desktop":{"background-color":"var(--ast-global-color-5)","background-image":"","background-repeat":"repeat","background-position":"center center","background-size":"auto","background-attachment":"scroll","background-type":"","background-media":"","overlay-type":"","overlay-color":"","overlay-opacity":"","overlay-gradient":""},"tablet":{"background-color":"","background-image":"","background-repeat":"repeat","background-position":"center center","background-size":"auto","background-attachment":"scroll","background-type":"","background-media":"","overlay-type":"","overlay-color":"","overlay-opacity":"","overlay-gradient":""},"mobile":{"background-color":"","background-image":"","background-repeat":"repeat","background-position":"center center","background-size":"auto","background-attachment":"scroll","background-type":"","background-media":"","overlay-type":"","overlay-color":"","overlay-opacity":"","overlay-gradient":""}},"ast-content-background-meta":{"desktop":{"background-color":"var(--ast-global-color-4)","background-image":"","background-repeat":"repeat","background-position":"center center","background-size":"auto","background-attachment":"scroll","background-type":"","background-media":"","overlay-type":"","overlay-color":"","overlay-opacity":"","overlay-gradient":""},"tablet":{"background-color":"var(--ast-global-color-4)","background-image":"","background-repeat":"repeat","background-position":"center center","background-size":"auto","background-attachment":"scroll","background-type":"","background-media":"","overlay-type":"","overlay-color":"","overlay-opacity":"","overlay-gradient":""},"mobile":{"background-color":"var(--ast-global-color-4)","background-image":"","background-repeat":"repeat","background-position":"center center","background-size":"auto","background-attachment":"scroll","background-type":"","background-media":"","overlay-type":"","overlay-color":"","overlay-opacity":"","overlay-gradient":""}}},"product_brand":[],"product_cat":[16,614,615,680],"product_tag":[62],"class_list":{"0":"post-956","1":"product","2":"type-product","3":"status-publish","4":"has-post-thumbnail","6":"product_cat-tout","7":"product_cat-entretien-du-linge","8":"product_cat-lessive-en-poudre-et-pastille-linge","9":"product_cat-produits-ecolabel","10":"product_tag-lessive-poudre-linge-concentree-ecolabel-action-verte","11":"desktop-align-left","12":"tablet-align-left","13":"mobile-align-left","15":"first","16":"instock","17":"virtual","18":"product-type-simple"},"acf":[],"_links":{"self":[{"href":"https:\/\/sabatie-produits-entretien.fr\/fr\/wp-json\/wp\/v2\/product\/956","targetHints":{"allow":["GET"]}}],"collection":[{"href":"https:\/\/sabatie-produits-entretien.fr\/fr\/wp-json\/wp\/v2\/product"}],"about":[{"href":"https:\/\/sabatie-produits-entretien.fr\/fr\/wp-json\/wp\/v2\/types\/product"}],"replies":[{"embeddable":true,"href":"https:\/\/sabatie-produits-entretien.fr\/fr\/wp-json\/wp\/v2\/comments?post=956"}],"wp:featuredmedia":[{"embeddable":true,"href":"https:\/\/sabatie-produits-entretien.fr\/fr\/wp-json\/wp\/v2\/media\/984"}],"wp:attachment":[{"href":"https:\/\/sabatie-produits-entretien.fr\/fr\/wp-json\/wp\/v2\/media?parent=956"}],"wp:term":[{"taxonomy":"product_brand","embeddable":true,"href":"https:\/\/sabatie-produits-entretien.fr\/fr\/wp-json\/wp\/v2\/product_brand?post=956"},{"taxonomy":"product_cat","embeddable":true,"href":"https:\/\/sabatie-produits-entretien.fr\/fr\/wp-json\/wp\/v2\/product_cat?post=956"},{"taxonomy":"product_tag","embeddable":true,"href":"https:\/\/sabatie-produits-entretien.fr\/fr\/wp-json\/wp\/v2\/product_tag?post=956"}],"curies":[{"name":"wp","href":"https:\/\/api.w.org\/{rel}","templated":true}]}}