{"id":971,"date":"2025-05-05T08:49:34","date_gmt":"2025-05-05T06:49:34","guid":{"rendered":"http:\/\/localhost\/sabatiesarl\/?post_type=product&#038;p=971"},"modified":"2025-06-11T01:47:22","modified_gmt":"2025-06-10T23:47:22","slug":"1815-boule-inox-60-grs-lot-10-u","status":"publish","type":"product","link":"https:\/\/sabatie-produits-entretien.fr\/fr\/produit\/1815-boule-inox-60-grs-lot-10-u\/","title":{"rendered":"1815 BOULE INOX  60 grs  lot 10 u"},"content":{"rendered":"<h2>BOULE INOX\u00a0 60 grs<\/h2>\n<h4>la\u00a0<strong>Boule Inox <\/strong>est un tampon \u00e0 r\u00e9curer en acier inoxydable\u00a0:<\/h4>\n<ul>\n<li>\n<h4><strong>Solide et efficace\u00a0<\/strong>: le ruban en acier inoxydable ne rouille pas et s\u2019utilise pour toute la vaisselle (casseroles, plats, verres, \u2026).<\/h4>\n<\/li>\n<li>\n<h4><strong>Ne raye pas\u00a0<\/strong>et permet de multiples utilisations\u00a0: cuisines, ateliers, garages\u2026<\/h4>\n<\/li>\n<li>\n<h4><strong>Maniable\u00a0<\/strong>: \u00e9pouse toutes les formes.<\/h4>\n<\/li>\n<li>\n<h4><strong>Hygi\u00e9nique\u00a0<\/strong>: facile \u00e0 nettoyer et ne garde pas les odeurs (inodore apr\u00e8s usage).<\/h4>\n<\/li>\n<li>\n<h4><strong>Dure 10 fois plus longtemps qu&rsquo;une boule classique\u00a0<\/strong>: \u00e9conomique, elle ne se d\u00e9sagr\u00e8ge pas, ne laisse pas de particules m\u00e9talliques.<\/h4>\n<\/li>\n<li>\n<h4>Poids : 60 grs<\/h4>\n<\/li>\n<\/ul>\n<h4><\/h4>\n<h4>CONDITIONNEMENT<\/h4>\n<ul>\n<li>lot de 10 u<\/li>\n<\/ul>\n<p>&nbsp;<\/p>\n<ul>\n<li><a href=\"http:\/\/sabatie-produits-entretien.fr\/fr\/wp-content\/uploads\/2017\/05\/950901-02-10-SPIRALES-INOX-60G-FT-08.10.2015.pdf\" target=\"_blank\" rel=\"noopener noreferrer\">FICHE TECHNIQUE<\/a><\/li>\n<\/ul>\n","protected":false},"excerpt":{"rendered":"<h4>la\u00a0<strong>Boule Inox <\/strong>est un tampon \u00e0 r\u00e9curer en acier inoxydable\u00a0:<\/h4>\n<ul>\n<li>\n<h4><strong>Solide et efficace\u00a0<\/strong>: le ruban en acier inoxydable ne rouille pas et s\u2019utilise pour toute la vaisselle (casseroles, plats, verres, \u2026).<\/h4>\n<\/li>\n<li>\n<h4><strong>Ne raye pas\u00a0<\/strong>et permet de multiples utilisations\u00a0: cuisines, ateliers, garages\u2026<\/h4>\n<\/li>\n<li>\n<h4><strong>Maniable\u00a0<\/strong>: \u00e9pouse toutes les formes.<\/h4>\n<\/li>\n<li>\n<h4><strong>Hygi\u00e9nique\u00a0<\/strong>: facile \u00e0 nettoyer et ne garde pas les odeurs (inodore apr\u00e8s usage).<\/h4>\n<\/li>\n<li>\n<h4><strong>Dure 10 fois plus longtemps qu&rsquo;une boule classique\u00a0<\/strong>: \u00e9conomique, elle ne se d\u00e9sagr\u00e8ge pas, ne laisse pas de particules m\u00e9talliques.<\/h4>\n<\/li>\n<\/ul>\n","protected":false},"featured_media":1017,"comment_status":"closed","ping_status":"closed","template":"","meta":{"_acf_changed":false,"site-sidebar-layout":"default","site-content-layout":"","ast-site-content-layout":"default","site-content-style":"default","site-sidebar-style":"default","ast-global-header-display":"","ast-banner-title-visibility":"","ast-main-header-display":"","ast-hfb-above-header-display":"","ast-hfb-below-header-display":"","ast-hfb-mobile-header-display":"","site-post-title":"","ast-breadcrumbs-content":"","ast-featured-img":"","footer-sml-layout":"","ast-disable-related-posts":"","theme-transparent-header-meta":"","adv-header-id-meta":"","stick-header-meta":"","header-above-stick-meta":"","header-main-stick-meta":"","header-below-stick-meta":"","astra-migrate-meta-layouts":"default","ast-page-background-enabled":"default","ast-page-background-meta":{"desktop":{"background-color":"var(--ast-global-color-5)","background-image":"","background-repeat":"repeat","background-position":"center center","background-size":"auto","background-attachment":"scroll","background-type":"","background-media":"","overlay-type":"","overlay-color":"","overlay-opacity":"","overlay-gradient":""},"tablet":{"background-color":"","background-image":"","background-repeat":"repeat","background-position":"center center","background-size":"auto","background-attachment":"scroll","background-type":"","background-media":"","overlay-type":"","overlay-color":"","overlay-opacity":"","overlay-gradient":""},"mobile":{"background-color":"","background-image":"","background-repeat":"repeat","background-position":"center center","background-size":"auto","background-attachment":"scroll","background-type":"","background-media":"","overlay-type":"","overlay-color":"","overlay-opacity":"","overlay-gradient":""}},"ast-content-background-meta":{"desktop":{"background-color":"var(--ast-global-color-4)","background-image":"","background-repeat":"repeat","background-position":"center center","background-size":"auto","background-attachment":"scroll","background-type":"","background-media":"","overlay-type":"","overlay-color":"","overlay-opacity":"","overlay-gradient":""},"tablet":{"background-color":"var(--ast-global-color-4)","background-image":"","background-repeat":"repeat","background-position":"center center","background-size":"auto","background-attachment":"scroll","background-type":"","background-media":"","overlay-type":"","overlay-color":"","overlay-opacity":"","overlay-gradient":""},"mobile":{"background-color":"var(--ast-global-color-4)","background-image":"","background-repeat":"repeat","background-position":"center center","background-size":"auto","background-attachment":"scroll","background-type":"","background-media":"","overlay-type":"","overlay-color":"","overlay-opacity":"","overlay-gradient":""}}},"product_brand":[],"product_cat":[16,668],"product_tag":[87],"class_list":{"0":"post-971","1":"product","2":"type-product","3":"status-publish","4":"has-post-thumbnail","6":"product_cat-tout","7":"product_cat-recurants","8":"product_tag-boule-inox-60-grs","9":"desktop-align-left","10":"tablet-align-left","11":"mobile-align-left","13":"first","14":"instock","15":"virtual","16":"product-type-simple"},"acf":[],"_links":{"self":[{"href":"https:\/\/sabatie-produits-entretien.fr\/fr\/wp-json\/wp\/v2\/product\/971","targetHints":{"allow":["GET"]}}],"collection":[{"href":"https:\/\/sabatie-produits-entretien.fr\/fr\/wp-json\/wp\/v2\/product"}],"about":[{"href":"https:\/\/sabatie-produits-entretien.fr\/fr\/wp-json\/wp\/v2\/types\/product"}],"replies":[{"embeddable":true,"href":"https:\/\/sabatie-produits-entretien.fr\/fr\/wp-json\/wp\/v2\/comments?post=971"}],"wp:featuredmedia":[{"embeddable":true,"href":"https:\/\/sabatie-produits-entretien.fr\/fr\/wp-json\/wp\/v2\/media\/1017"}],"wp:attachment":[{"href":"https:\/\/sabatie-produits-entretien.fr\/fr\/wp-json\/wp\/v2\/media?parent=971"}],"wp:term":[{"taxonomy":"product_brand","embeddable":true,"href":"https:\/\/sabatie-produits-entretien.fr\/fr\/wp-json\/wp\/v2\/product_brand?post=971"},{"taxonomy":"product_cat","embeddable":true,"href":"https:\/\/sabatie-produits-entretien.fr\/fr\/wp-json\/wp\/v2\/product_cat?post=971"},{"taxonomy":"product_tag","embeddable":true,"href":"https:\/\/sabatie-produits-entretien.fr\/fr\/wp-json\/wp\/v2\/product_tag?post=971"}],"curies":[{"name":"wp","href":"https:\/\/api.w.org\/{rel}","templated":true}]}}