{"id":974,"date":"2025-05-05T08:49:34","date_gmt":"2025-05-05T06:49:34","guid":{"rendered":"http:\/\/localhost\/sabatiesarl\/?post_type=product&#038;p=974"},"modified":"2025-06-11T01:41:49","modified_gmt":"2025-06-10T23:41:49","slug":"0912-lavette-microfibre-bleu-non-tissee-40x38-lot-de-5","status":"publish","type":"product","link":"https:\/\/sabatie-produits-entretien.fr\/fr\/produit\/0912-lavette-microfibre-bleu-non-tissee-40x38-lot-de-5\/","title":{"rendered":"0912 LAVETTE MICROFIBRE BLEU NON TISS\u00c9E 40&#215;38  lot de 5"},"content":{"rendered":"<h2>LAVETTE MICROFIBRE BLEU NON TISS\u00c9E 40&#215;38<\/h2>\n<p>&nbsp;<\/p>\n<h3>Toutes Surfaces<\/h3>\n<p>&nbsp;<\/p>\n<h3>Lavette non tiss\u00e9e, tr\u00e8s r\u00e9sistante et efficace sur toutes surfaces, m\u00eame d\u00e9licates, ne laissant aucune trace ni peluche, ne se d\u00e9chire pas.<\/h3>\n<h3 class=\"texte\">La\u00a0lavette en microfibre est id\u00e9ale pour\u00a0absorber, elle d\u00e9tache parfaitement\u00a0les surfaces vitr\u00e9es. Sa force m\u00e9canique permet d&rsquo;avoir un effet d\u00e9tergent 2 fois plus efficace. \u00a0Pratique, elle est lavable en machine.<\/h3>\n<p>&nbsp;<\/p>\n<h4 class=\"texte\">Sa mati\u00e8re en microfibre pr\u00e9sente de nombreux avantages\u00a0:<\/h4>\n<ul>\n<li>\n<h4 class=\"texte\">humide, elle est id\u00e9ale pour\u00a0d\u00e9sincruster la salet\u00e9\u00a0tenace et\u00a0d\u00e9graisser\u00a0toutes les surfaces,<\/h4>\n<\/li>\n<li>\n<h4 class=\"texte\">s\u00e8che, son pouvoir \u00e9lectrostatique est parfait pour\u00a0d\u00e9poussi\u00e9rer\u00a0toutes les surfaces,<\/h4>\n<\/li>\n<li>\n<h4 class=\"texte\">douce, elle\u00a0nettoie en profondeur\u00a0sans rayer les surfaces,<\/h4>\n<\/li>\n<li>\n<h4 class=\"texte\">\u00e9cologique, elle est efficace m\u00eame sans ajout de d\u00e9tergent et\u00a0peut \u00eatre lav\u00e9e jusqu&rsquo;\u00e0 300 fois en machine\u00a0sans assouplissant ni eau de javel.<\/h4>\n<\/li>\n<\/ul>\n<h4><\/h4>\n<p>&nbsp;<\/p>\n<ul>\n<li>\n<h4>Dimensions : 40 x 38 cm<\/h4>\n<\/li>\n<\/ul>\n<h4><\/h4>\n<p>&nbsp;<\/p>\n<ul>\n<li>\n<h4>Conditionnement\u00a0 :\u00a0 lot de 5 u<\/h4>\n<\/li>\n<\/ul>\n<h4><\/h4>\n<p>&nbsp;<\/p>\n<h4>Couleurs\u00a0 :<\/h4>\n<ul>\n<li>\n<h4>bleu \u00a0\u00a0 \u00a0 r\u00e9f : 0912<\/h4>\n<\/li>\n<li>\n<h4>rouge \u00a0 r\u00e9f : 0911<\/h4>\n<\/li>\n<li>\n<h4>vert\u00a0 \u00a0 \u00a0 r\u00e9f : 0910<\/h4>\n<\/li>\n<li>\n<h4>jaune \u00a0 r\u00e9f : 0913<\/h4>\n<\/li>\n<\/ul>\n<p>&nbsp;<\/p>\n<ul>\n<li><a href=\"http:\/\/sabatie-produits-entretien.fr\/fr\/wp-content\/uploads\/2017\/05\/FT-0912-Micro-Fibre-Non-Tiss\u00e9-bleu-130-gm\u00b2.pdf\" target=\"_blank\" rel=\"noopener noreferrer\">FICHE TECHNIQUE<\/a><\/li>\n<\/ul>\n","protected":false},"excerpt":{"rendered":"<h2>Toutes Surfaces<\/h2>\n<h3>Lavette non tiss\u00e9e, tr\u00e8s r\u00e9sistante et efficace sur toutes surfaces, m\u00eame d\u00e9licates, ne laissant aucune trace ni peluche, ne se d\u00e9chire pas.<\/h3>\n<h3 class=\"texte\">La\u00a0lavette en microfibre est id\u00e9ale pour\u00a0absorber, elle d\u00e9tache parfaitement\u00a0les surfaces vitr\u00e9es. Sa force m\u00e9canique permet d&rsquo;avoir un effet d\u00e9tergent 2 fois plus efficace. \u00a0Pratique, elle est lavable en machine.<\/h3>\n","protected":false},"featured_media":1020,"comment_status":"closed","ping_status":"closed","template":"","meta":{"_acf_changed":false,"site-sidebar-layout":"default","site-content-layout":"","ast-site-content-layout":"default","site-content-style":"default","site-sidebar-style":"default","ast-global-header-display":"","ast-banner-title-visibility":"","ast-main-header-display":"","ast-hfb-above-header-display":"","ast-hfb-below-header-display":"","ast-hfb-mobile-header-display":"","site-post-title":"","ast-breadcrumbs-content":"","ast-featured-img":"","footer-sml-layout":"","ast-disable-related-posts":"","theme-transparent-header-meta":"","adv-header-id-meta":"","stick-header-meta":"","header-above-stick-meta":"","header-main-stick-meta":"","header-below-stick-meta":"","astra-migrate-meta-layouts":"default","ast-page-background-enabled":"default","ast-page-background-meta":{"desktop":{"background-color":"var(--ast-global-color-5)","background-image":"","background-repeat":"repeat","background-position":"center center","background-size":"auto","background-attachment":"scroll","background-type":"","background-media":"","overlay-type":"","overlay-color":"","overlay-opacity":"","overlay-gradient":""},"tablet":{"background-color":"","background-image":"","background-repeat":"repeat","background-position":"center center","background-size":"auto","background-attachment":"scroll","background-type":"","background-media":"","overlay-type":"","overlay-color":"","overlay-opacity":"","overlay-gradient":""},"mobile":{"background-color":"","background-image":"","background-repeat":"repeat","background-position":"center center","background-size":"auto","background-attachment":"scroll","background-type":"","background-media":"","overlay-type":"","overlay-color":"","overlay-opacity":"","overlay-gradient":""}},"ast-content-background-meta":{"desktop":{"background-color":"var(--ast-global-color-4)","background-image":"","background-repeat":"repeat","background-position":"center center","background-size":"auto","background-attachment":"scroll","background-type":"","background-media":"","overlay-type":"","overlay-color":"","overlay-opacity":"","overlay-gradient":""},"tablet":{"background-color":"var(--ast-global-color-4)","background-image":"","background-repeat":"repeat","background-position":"center center","background-size":"auto","background-attachment":"scroll","background-type":"","background-media":"","overlay-type":"","overlay-color":"","overlay-opacity":"","overlay-gradient":""},"mobile":{"background-color":"var(--ast-global-color-4)","background-image":"","background-repeat":"repeat","background-position":"center center","background-size":"auto","background-attachment":"scroll","background-type":"","background-media":"","overlay-type":"","overlay-color":"","overlay-opacity":"","overlay-gradient":""}}},"product_brand":[],"product_cat":[16,665],"product_tag":[93],"class_list":{"0":"post-974","1":"product","2":"type-product","3":"status-publish","4":"has-post-thumbnail","6":"product_cat-tout","7":"product_cat-microfibres","8":"product_tag-lavette-microfibre-bleu-non-tissee-40x38","9":"desktop-align-left","10":"tablet-align-left","11":"mobile-align-left","13":"first","14":"instock","15":"virtual","16":"product-type-simple"},"acf":[],"_links":{"self":[{"href":"https:\/\/sabatie-produits-entretien.fr\/fr\/wp-json\/wp\/v2\/product\/974","targetHints":{"allow":["GET"]}}],"collection":[{"href":"https:\/\/sabatie-produits-entretien.fr\/fr\/wp-json\/wp\/v2\/product"}],"about":[{"href":"https:\/\/sabatie-produits-entretien.fr\/fr\/wp-json\/wp\/v2\/types\/product"}],"replies":[{"embeddable":true,"href":"https:\/\/sabatie-produits-entretien.fr\/fr\/wp-json\/wp\/v2\/comments?post=974"}],"wp:featuredmedia":[{"embeddable":true,"href":"https:\/\/sabatie-produits-entretien.fr\/fr\/wp-json\/wp\/v2\/media\/1020"}],"wp:attachment":[{"href":"https:\/\/sabatie-produits-entretien.fr\/fr\/wp-json\/wp\/v2\/media?parent=974"}],"wp:term":[{"taxonomy":"product_brand","embeddable":true,"href":"https:\/\/sabatie-produits-entretien.fr\/fr\/wp-json\/wp\/v2\/product_brand?post=974"},{"taxonomy":"product_cat","embeddable":true,"href":"https:\/\/sabatie-produits-entretien.fr\/fr\/wp-json\/wp\/v2\/product_cat?post=974"},{"taxonomy":"product_tag","embeddable":true,"href":"https:\/\/sabatie-produits-entretien.fr\/fr\/wp-json\/wp\/v2\/product_tag?post=974"}],"curies":[{"name":"wp","href":"https:\/\/api.w.org\/{rel}","templated":true}]}}