{"id":993,"date":"2025-05-05T08:49:55","date_gmt":"2025-05-05T06:49:55","guid":{"rendered":"http:\/\/localhost\/sabatiesarl\/?post_type=product&#038;p=993"},"modified":"2025-06-11T01:42:04","modified_gmt":"2025-06-10T23:42:04","slug":"0914-carre-grattant-microfibre-gris","status":"publish","type":"product","link":"https:\/\/sabatie-produits-entretien.fr\/fr\/produit\/0914-carre-grattant-microfibre-gris\/","title":{"rendered":"0914 CARRE GRATTANT MICROFIBRE GRIS"},"content":{"rendered":"<h2>CARRE GRATTANT MICROFIBRE GRIS<\/h2>\n<p>&nbsp;<\/p>\n<h2>Double face<\/h2>\n<h3>Ne raye pas<\/h3>\n<h3>C\u00f4t\u00e9 grattant\u00a0 :\u00a0 pour les \u00e9viers, po\u00eales, baignoires,<\/p>\n<p>pare-douches, etc&#8230;<\/h3>\n<h3>C\u00f4t\u00e9 doux\u00a0\u00a0\u00a0\u00a0\u00a0 :\u00a0 absorbant pour les plans de travail et lavabos.<\/h3>\n<h3>L&rsquo;outil favori de l&rsquo;HORECA (h\u00f4tels, restaurants, caf\u00e9s) remplace parfaitement les boules inox en toute hygi\u00e8ne.<\/h3>\n<p>&nbsp;<\/p>\n<h3>Passe en Lave-vaisselle apr\u00e8s travail.<\/h3>\n<p>&nbsp;<\/p>\n<ul>\n<li>\n<h3>Dimensions : 28 x 28 cm<\/h3>\n<\/li>\n<\/ul>\n<h3><\/h3>\n<ul>\n<li>\n<h3>Conditionnement\u00a0 :\u00a0 l&rsquo;unit\u00e9<\/h3>\n<\/li>\n<\/ul>\n<p>&nbsp;<\/p>\n<ul>\n<li><a href=\"http:\/\/sabatie-produits-entretien.fr\/fr\/wp-content\/uploads\/2017\/05\/Fiche-technique-0914-615.520.126-carr\u00e9-grattant.pdf\" target=\"_blank\" rel=\"noopener noreferrer\">FICHE TECHNIQUE<\/a><\/li>\n<\/ul>\n","protected":false},"excerpt":{"rendered":"<h2>Double face<\/h2>\n<h3>Ne raye pas<\/h3>\n<h3>C\u00f4t\u00e9 grattant\u00a0 :\u00a0 pour les \u00e9viers, po\u00eales, baignoires,<\/p>\n<p>pare-douches, etc&#8230;<\/h3>\n<h3>C\u00f4t\u00e9 doux \u00a0\u00a0\u00a0\u00a0 :\u00a0 absorbant pour les plans de travail et lavabos.<\/h3>\n<h3>L&rsquo;outil favori de l&rsquo;HORECA (h\u00f4tels, restaurants, caf\u00e9s) remplace parfaitement les boules inox en toute hygi\u00e8ne.<\/h3>\n","protected":false},"featured_media":1023,"comment_status":"closed","ping_status":"closed","template":"","meta":{"_acf_changed":false,"site-sidebar-layout":"default","site-content-layout":"","ast-site-content-layout":"default","site-content-style":"default","site-sidebar-style":"default","ast-global-header-display":"","ast-banner-title-visibility":"","ast-main-header-display":"","ast-hfb-above-header-display":"","ast-hfb-below-header-display":"","ast-hfb-mobile-header-display":"","site-post-title":"","ast-breadcrumbs-content":"","ast-featured-img":"","footer-sml-layout":"","ast-disable-related-posts":"","theme-transparent-header-meta":"","adv-header-id-meta":"","stick-header-meta":"","header-above-stick-meta":"","header-main-stick-meta":"","header-below-stick-meta":"","astra-migrate-meta-layouts":"default","ast-page-background-enabled":"default","ast-page-background-meta":{"desktop":{"background-color":"var(--ast-global-color-5)","background-image":"","background-repeat":"repeat","background-position":"center center","background-size":"auto","background-attachment":"scroll","background-type":"","background-media":"","overlay-type":"","overlay-color":"","overlay-opacity":"","overlay-gradient":""},"tablet":{"background-color":"","background-image":"","background-repeat":"repeat","background-position":"center center","background-size":"auto","background-attachment":"scroll","background-type":"","background-media":"","overlay-type":"","overlay-color":"","overlay-opacity":"","overlay-gradient":""},"mobile":{"background-color":"","background-image":"","background-repeat":"repeat","background-position":"center center","background-size":"auto","background-attachment":"scroll","background-type":"","background-media":"","overlay-type":"","overlay-color":"","overlay-opacity":"","overlay-gradient":""}},"ast-content-background-meta":{"desktop":{"background-color":"var(--ast-global-color-4)","background-image":"","background-repeat":"repeat","background-position":"center center","background-size":"auto","background-attachment":"scroll","background-type":"","background-media":"","overlay-type":"","overlay-color":"","overlay-opacity":"","overlay-gradient":""},"tablet":{"background-color":"var(--ast-global-color-4)","background-image":"","background-repeat":"repeat","background-position":"center center","background-size":"auto","background-attachment":"scroll","background-type":"","background-media":"","overlay-type":"","overlay-color":"","overlay-opacity":"","overlay-gradient":""},"mobile":{"background-color":"var(--ast-global-color-4)","background-image":"","background-repeat":"repeat","background-position":"center center","background-size":"auto","background-attachment":"scroll","background-type":"","background-media":"","overlay-type":"","overlay-color":"","overlay-opacity":"","overlay-gradient":""}}},"product_brand":[],"product_cat":[16,665],"product_tag":[98],"class_list":{"0":"post-993","1":"product","2":"type-product","3":"status-publish","4":"has-post-thumbnail","6":"product_cat-tout","7":"product_cat-microfibres","8":"product_tag-carre-grattant-microfibre-gris","9":"desktop-align-left","10":"tablet-align-left","11":"mobile-align-left","13":"first","14":"instock","15":"virtual","16":"product-type-simple"},"acf":[],"_links":{"self":[{"href":"https:\/\/sabatie-produits-entretien.fr\/fr\/wp-json\/wp\/v2\/product\/993","targetHints":{"allow":["GET"]}}],"collection":[{"href":"https:\/\/sabatie-produits-entretien.fr\/fr\/wp-json\/wp\/v2\/product"}],"about":[{"href":"https:\/\/sabatie-produits-entretien.fr\/fr\/wp-json\/wp\/v2\/types\/product"}],"replies":[{"embeddable":true,"href":"https:\/\/sabatie-produits-entretien.fr\/fr\/wp-json\/wp\/v2\/comments?post=993"}],"wp:featuredmedia":[{"embeddable":true,"href":"https:\/\/sabatie-produits-entretien.fr\/fr\/wp-json\/wp\/v2\/media\/1023"}],"wp:attachment":[{"href":"https:\/\/sabatie-produits-entretien.fr\/fr\/wp-json\/wp\/v2\/media?parent=993"}],"wp:term":[{"taxonomy":"product_brand","embeddable":true,"href":"https:\/\/sabatie-produits-entretien.fr\/fr\/wp-json\/wp\/v2\/product_brand?post=993"},{"taxonomy":"product_cat","embeddable":true,"href":"https:\/\/sabatie-produits-entretien.fr\/fr\/wp-json\/wp\/v2\/product_cat?post=993"},{"taxonomy":"product_tag","embeddable":true,"href":"https:\/\/sabatie-produits-entretien.fr\/fr\/wp-json\/wp\/v2\/product_tag?post=993"}],"curies":[{"name":"wp","href":"https:\/\/api.w.org\/{rel}","templated":true}]}}