{"id":994,"date":"2025-05-05T08:49:55","date_gmt":"2025-05-05T06:49:55","guid":{"rendered":"http:\/\/localhost\/sabatiesarl\/?post_type=product&#038;p=994"},"modified":"2025-06-11T01:43:08","modified_gmt":"2025-06-10T23:43:08","slug":"09142-eponge-grattante-microfibre-bi-face-grise","status":"publish","type":"product","link":"https:\/\/sabatie-produits-entretien.fr\/fr\/produit\/09142-eponge-grattante-microfibre-bi-face-grise\/","title":{"rendered":"09142 \u00c9PONGE GRATTANTE MICROFIBRE BI-FACE GRISE"},"content":{"rendered":"<h2>\u00c9PONGE GRATTANTE MICROFIBRE BI-FACE GRISE<\/h2>\n<p>&nbsp;<\/p>\n<h3>Id\u00e9al pour r\u00e9curer efficacement les \u00e9viers de cuisine, la vaisselle, les po\u00eales les plus fragiles, la fa\u00efence, plan de travail, les marques de calcaire sur pare-douches, les baignoires, les lavabos&#8230; Sans rayer.<\/h3>\n<p>&nbsp;<\/p>\n<h4>Contient une face grattante et une face absorbante.<\/h4>\n<h4>La face grattante de l&rsquo;\u00e9ponge vous permet de d\u00e9sincruster plus facilement la salet\u00e9.<\/h4>\n<h4>A une tr\u00e8s bonne prise.<\/h4>\n<h4>Peut absorber jusqu&rsquo;\u00e0 5 fois son poids.<\/h4>\n<h4>Peut passer au lave-vaisselle apr\u00e8s travail.<\/h4>\n<h4>Sinon, lavage en machine (jusqu&rsquo;\u00e0 150 fois \u00e0 30\u00b0 ou 60\u00b0). Pas d&rsquo;adoucissant.<\/h4>\n<h4>\u00c9viter le s\u00e8che-linge.<\/h4>\n<h4>Recommandation\u00a0: ne pas frotter l&rsquo;inox.<\/h4>\n<p>&nbsp;<\/p>\n<ul>\n<li>\n<h4>Dimensions : 13 x 9 cm \u2013 \u00e9paisseur : 2,5 cm<\/h4>\n<\/li>\n<\/ul>\n<h4><\/h4>\n<p>&nbsp;<\/p>\n<ul>\n<li>\n<h4>Conditionnement\u00a0 :\u00a0 l&rsquo;unit\u00e9<\/h4>\n<\/li>\n<\/ul>\n<p>&nbsp;<\/p>\n<p>&nbsp;<\/p>\n<ul>\n<li><a href=\"http:\/\/sabatie-produits-entretien.fr\/fr\/wp-content\/uploads\/2017\/05\/Fiche-technique-09142\u00e9ponge-grattante-bi-faces-615.520.125.pdf\" target=\"_blank\" rel=\"noopener noreferrer\">FICHE TECHNIQUE<\/a><\/li>\n<\/ul>\n","protected":false},"excerpt":{"rendered":"<h3>Id\u00e9al pour r\u00e9curer efficacement les \u00e9viers de cuisine, la vaisselle, les po\u00eales les plus fragiles, la fa\u00efence, plan de travail, les marques de calcaire sur pare-douches, les baignoires, les lavabos&#8230; Sans rayer.<\/h3>\n<h3>Contient une face grattante et une face absorbante.<\/h3>\n<h3>La face grattante de l&rsquo;\u00e9ponge vous permet de d\u00e9sincruster plus facilement la salet\u00e9.<\/h3>\n","protected":false},"featured_media":1024,"comment_status":"closed","ping_status":"closed","template":"","meta":{"_acf_changed":false,"site-sidebar-layout":"default","site-content-layout":"","ast-site-content-layout":"default","site-content-style":"default","site-sidebar-style":"default","ast-global-header-display":"","ast-banner-title-visibility":"","ast-main-header-display":"","ast-hfb-above-header-display":"","ast-hfb-below-header-display":"","ast-hfb-mobile-header-display":"","site-post-title":"","ast-breadcrumbs-content":"","ast-featured-img":"","footer-sml-layout":"","ast-disable-related-posts":"","theme-transparent-header-meta":"","adv-header-id-meta":"","stick-header-meta":"","header-above-stick-meta":"","header-main-stick-meta":"","header-below-stick-meta":"","astra-migrate-meta-layouts":"default","ast-page-background-enabled":"default","ast-page-background-meta":{"desktop":{"background-color":"var(--ast-global-color-5)","background-image":"","background-repeat":"repeat","background-position":"center center","background-size":"auto","background-attachment":"scroll","background-type":"","background-media":"","overlay-type":"","overlay-color":"","overlay-opacity":"","overlay-gradient":""},"tablet":{"background-color":"","background-image":"","background-repeat":"repeat","background-position":"center center","background-size":"auto","background-attachment":"scroll","background-type":"","background-media":"","overlay-type":"","overlay-color":"","overlay-opacity":"","overlay-gradient":""},"mobile":{"background-color":"","background-image":"","background-repeat":"repeat","background-position":"center center","background-size":"auto","background-attachment":"scroll","background-type":"","background-media":"","overlay-type":"","overlay-color":"","overlay-opacity":"","overlay-gradient":""}},"ast-content-background-meta":{"desktop":{"background-color":"var(--ast-global-color-4)","background-image":"","background-repeat":"repeat","background-position":"center center","background-size":"auto","background-attachment":"scroll","background-type":"","background-media":"","overlay-type":"","overlay-color":"","overlay-opacity":"","overlay-gradient":""},"tablet":{"background-color":"var(--ast-global-color-4)","background-image":"","background-repeat":"repeat","background-position":"center center","background-size":"auto","background-attachment":"scroll","background-type":"","background-media":"","overlay-type":"","overlay-color":"","overlay-opacity":"","overlay-gradient":""},"mobile":{"background-color":"var(--ast-global-color-4)","background-image":"","background-repeat":"repeat","background-position":"center center","background-size":"auto","background-attachment":"scroll","background-type":"","background-media":"","overlay-type":"","overlay-color":"","overlay-opacity":"","overlay-gradient":""}}},"product_brand":[],"product_cat":[16,665],"product_tag":[99],"class_list":{"0":"post-994","1":"product","2":"type-product","3":"status-publish","4":"has-post-thumbnail","6":"product_cat-tout","7":"product_cat-microfibres","8":"product_tag-eponge-grattante-microfibre-bi-face-grise","9":"desktop-align-left","10":"tablet-align-left","11":"mobile-align-left","13":"first","14":"instock","15":"virtual","16":"product-type-simple"},"acf":[],"_links":{"self":[{"href":"https:\/\/sabatie-produits-entretien.fr\/fr\/wp-json\/wp\/v2\/product\/994","targetHints":{"allow":["GET"]}}],"collection":[{"href":"https:\/\/sabatie-produits-entretien.fr\/fr\/wp-json\/wp\/v2\/product"}],"about":[{"href":"https:\/\/sabatie-produits-entretien.fr\/fr\/wp-json\/wp\/v2\/types\/product"}],"replies":[{"embeddable":true,"href":"https:\/\/sabatie-produits-entretien.fr\/fr\/wp-json\/wp\/v2\/comments?post=994"}],"wp:featuredmedia":[{"embeddable":true,"href":"https:\/\/sabatie-produits-entretien.fr\/fr\/wp-json\/wp\/v2\/media\/1024"}],"wp:attachment":[{"href":"https:\/\/sabatie-produits-entretien.fr\/fr\/wp-json\/wp\/v2\/media?parent=994"}],"wp:term":[{"taxonomy":"product_brand","embeddable":true,"href":"https:\/\/sabatie-produits-entretien.fr\/fr\/wp-json\/wp\/v2\/product_brand?post=994"},{"taxonomy":"product_cat","embeddable":true,"href":"https:\/\/sabatie-produits-entretien.fr\/fr\/wp-json\/wp\/v2\/product_cat?post=994"},{"taxonomy":"product_tag","embeddable":true,"href":"https:\/\/sabatie-produits-entretien.fr\/fr\/wp-json\/wp\/v2\/product_tag?post=994"}],"curies":[{"name":"wp","href":"https:\/\/api.w.org\/{rel}","templated":true}]}}